{"id":633,"date":"2024-04-26T07:11:05","date_gmt":"2024-04-26T07:11:05","guid":{"rendered":"http:\/\/vacportal:8080\/800-liter-container\/"},"modified":"2025-09-21T15:34:34","modified_gmt":"2025-09-21T15:34:34","slug":"800-liter-container","status":"publish","type":"page","link":"https:\/\/www.vacportal.com\/fr\/accessoires-installations-aspiration\/preseparateur\/800-liter-container\/","title":{"rendered":"Conteneurs 800 litres"},"content":{"rendered":"\n<p><\/p>\n<div class=\"prodlist\">\n\n\n        <!--            <div>--><!--<\/div>-->\n\n                        <div class='uk-grid' uk-grid>\n\n                <div class=\"uk-width-1-3@m\">\n                    <div>\n                                                    <img decoding=\"async\" src=\"https:\/\/www.vacportal.com\/wp-content\/themes\/vacportal\/assets\/images\/products\/B000230-Vorabscheider-Container.jpg\" title=\"Pr\u00e9-s\u00e9parateur de copeaux VCS-800-A\" alt=\"Pr\u00e9-s\u00e9parateur de copeaux VCS-800-A\" class=\"prodimg\" style=\"width:auto;max-height:500px;\" \/>\n                        \n                                                    <div style=\"font-size:13px;max-width: 600px;\"><ul><li>Pr\u00e9-s\u00e9parateur pour copeaux ou peluches.<\/li><li> Pr\u00e9-s\u00e9parateur pour conteneurs de 800 litres VCS-800-B.<\/li><\/ul><\/div>\n                                            <\/div>\n                <\/div>\n\n\n\n\n                    <div class=\"uk-width-2-3@m \">\n                        \n                                \n\n                <div class=\"box productlistclick\" role=\"link\" tabindex=\"0\"  data-href=\"https:\/\/www.vacportal.com\/fr\/accessoires-installations-aspiration\/pre-separateur-de-copeaux-vcs-800-a\/\">\n\n\n                    <h2 class=\"listcattitle\">\n                        <a href=\"https:\/\/www.vacportal.com\/fr\/accessoires-installations-aspiration\/pre-separateur-de-copeaux-vcs-800-a\/\"\n                           title=\"Pr\u00e9-s\u00e9parateur de copeaux VCS-800-A\">Pr\u00e9-s\u00e9parateur de copeaux VCS-800-A<\/a>\n                    <\/h2>\n\n                    <div class=\"spec-list\">\n                        <ul><\/ul>\n                    <\/div>\n\n                    <div>\n                        <a href=\"https:\/\/www.vacportal.com\/fr\/accessoires-installations-aspiration\/pre-separateur-de-copeaux-vcs-800-a\/\"\n                           class=\"customapp_startpage_link_02\"\n                           title=\"Pr\u00e9-s\u00e9parateur de copeaux VCS-800-A\"><i class=\"fa fa-arrow-circle-right\"><\/i>vers Pr\u00e9-s\u00e9parateur de copeaux VCS-800-A<\/a>\n                    <\/div>\n\n                <\/div>\n                            \n        \n\n                                \n\n                <div class=\"box productlistclick\" role=\"link\" tabindex=\"0\"  data-href=\"https:\/\/www.vacportal.com\/fr\/accessoires-installations-aspiration\/conteneur-vcs-800-b\/\">\n\n\n                    <h2 class=\"listcattitle\">\n                        <a href=\"https:\/\/www.vacportal.com\/fr\/accessoires-installations-aspiration\/conteneur-vcs-800-b\/\"\n                           title=\"Conteneur  VCS-800-B\">Conteneur  VCS-800-B<\/a>\n                    <\/h2>\n\n                    <div class=\"spec-list\">\n                        <ul><\/ul>\n                    <\/div>\n\n                    <div>\n                        <a href=\"https:\/\/www.vacportal.com\/fr\/accessoires-installations-aspiration\/conteneur-vcs-800-b\/\"\n                           class=\"customapp_startpage_link_02\"\n                           title=\"Conteneur  VCS-800-B\"><i class=\"fa fa-arrow-circle-right\"><\/i>vers Conteneur  VCS-800-B<\/a>\n                    <\/div>\n\n                <\/div>\n                            \n        \n        <\/div><!-- End Grid -->\n\n\n<\/div><!-- End Prodlist -->\n\n\n    <div class=\"contactbox\">\n        <div style=\"flex-grow:8;padding:20px;\">\n            T\u00e9l\u00e9phonez-nous sans engagement ou \u00e9crivez-nous un e-mail afin que nous puissions vous conseiller!\n            <br><br><b>Nous vous aidons volontiers.<\/b><br><br>T\u00e9l. +41 43 243 30 00<br>E-mail:            <script>document.write('<a class=\\\"contbox\\\" href=\\\"mailto:' + 'sales' + '@' + 'vacportal.com' +'\\\">' + 'sales' + '@' + 'vacportal.com' + '<\/a>');<\/script>\n        <\/div>\n\n        <div class=\"buttonarea\" style=\"flex-grow:2;padding:20px;text-align:right;\">\n            <button class=\"contactbutton\" onclick=\"window.location.href = '\/kontakt\/'\">FORMULAIRE DE CONTACT<\/button>\n        <\/div>\n    <\/div>\n\n\n\n\n","protected":false},"excerpt":{"rendered":"","protected":false},"author":1,"featured_media":0,"parent":878,"menu_order":0,"comment_status":"closed","ping_status":"closed","template":"","meta":{"footnotes":""},"class_list":["post-633","page","type-page","status-publish","hentry"],"yoast_head":"<!-- This site is optimized with the Yoast SEO Premium plugin v27.1 (Yoast SEO v27.1.1) - https:\/\/yoast.com\/product\/yoast-seo-premium-wordpress\/ -->\n<title>Conteneurs 800 litres - Vacportal<\/title>\n<meta name=\"description\" content=\"Vacportal\" \/>\n<meta name=\"robots\" content=\"index, follow, max-snippet:-1, max-image-preview:large, max-video-preview:-1\" \/>\n<link rel=\"canonical\" href=\"https:\/\/www.vacportal.com\/fr\/accessoires-installations-aspiration\/preseparateur\/800-liter-container\/\" \/>\n<meta property=\"og:locale\" content=\"fr_FR\" \/>\n<meta property=\"og:type\" content=\"article\" \/>\n<meta property=\"og:title\" content=\"Conteneurs 800 litres\" \/>\n<meta property=\"og:description\" content=\"Vacportal\" \/>\n<meta property=\"og:url\" content=\"https:\/\/www.vacportal.com\/fr\/accessoires-installations-aspiration\/preseparateur\/800-liter-container\/\" \/>\n<meta property=\"og:site_name\" content=\"Vacportal\" \/>\n<meta property=\"article:modified_time\" content=\"2025-09-21T15:34:34+00:00\" \/>\n<meta name=\"twitter:card\" content=\"summary_large_image\" \/>\n<script type=\"application\/ld+json\" class=\"yoast-schema-graph\">{\"@context\":\"https:\/\/schema.org\",\"@graph\":[{\"@type\":\"WebPage\",\"@id\":\"https:\/\/www.vacportal.com\/fr\/accessoires-installations-aspiration\/preseparateur\/800-liter-container\/\",\"url\":\"https:\/\/www.vacportal.com\/fr\/accessoires-installations-aspiration\/preseparateur\/800-liter-container\/\",\"name\":\"Conteneurs 800 litres - Vacportal\",\"isPartOf\":{\"@id\":\"https:\/\/www.vacportal.com\/fr\/#website\"},\"datePublished\":\"2024-04-26T07:11:05+00:00\",\"dateModified\":\"2025-09-21T15:34:34+00:00\",\"description\":\"Vacportal\",\"breadcrumb\":{\"@id\":\"https:\/\/www.vacportal.com\/fr\/accessoires-installations-aspiration\/preseparateur\/800-liter-container\/#breadcrumb\"},\"inLanguage\":\"fr-FR\",\"potentialAction\":[{\"@type\":\"ReadAction\",\"target\":[\"https:\/\/www.vacportal.com\/fr\/accessoires-installations-aspiration\/preseparateur\/800-liter-container\/\"]}]},{\"@type\":\"BreadcrumbList\",\"@id\":\"https:\/\/www.vacportal.com\/fr\/accessoires-installations-aspiration\/preseparateur\/800-liter-container\/#breadcrumb\",\"itemListElement\":[{\"@type\":\"ListItem\",\"position\":1,\"name\":\"Home\",\"item\":\"https:\/\/www.vacportal.com\/fr\/\"},{\"@type\":\"ListItem\",\"position\":2,\"name\":\"Accessoires pour installations d\u2019aspiration et aspirateurs industriels\",\"item\":\"https:\/\/www.vacportal.com\/fr\/accessoires-installations-aspiration\/\"},{\"@type\":\"ListItem\",\"position\":3,\"name\":\"Pr\u00e9s\u00e9parateur\",\"item\":\"https:\/\/www.vacportal.com\/fr\/accessoires-installations-aspiration\/preseparateur\/\"},{\"@type\":\"ListItem\",\"position\":4,\"name\":\"Conteneurs 800 litres\"}]},{\"@type\":\"WebSite\",\"@id\":\"https:\/\/www.vacportal.com\/fr\/#website\",\"url\":\"https:\/\/www.vacportal.com\/fr\/\",\"name\":\"Vacportal AG\",\"description\":\"Industrielle Absauganlagen und Industriesauger\",\"publisher\":{\"@id\":\"https:\/\/www.vacportal.com\/fr\/#organization\"},\"alternateName\":\"Vacportal\",\"potentialAction\":[{\"@type\":\"SearchAction\",\"target\":{\"@type\":\"EntryPoint\",\"urlTemplate\":\"https:\/\/www.vacportal.com\/fr\/?s={search_term_string}\"},\"query-input\":{\"@type\":\"PropertyValueSpecification\",\"valueRequired\":true,\"valueName\":\"search_term_string\"}}],\"inLanguage\":\"fr-FR\"},{\"@type\":\"Organization\",\"@id\":\"https:\/\/www.vacportal.com\/fr\/#organization\",\"name\":\"Vacportal AG\",\"url\":\"https:\/\/www.vacportal.com\/fr\/\",\"logo\":{\"@type\":\"ImageObject\",\"inLanguage\":\"fr-FR\",\"@id\":\"https:\/\/www.vacportal.com\/fr\/#\/schema\/logo\/image\/\",\"url\":\"https:\/\/www.vacportal.com\/wp-content\/uploads\/Vacportal-Logo_2024_de.png\",\"contentUrl\":\"https:\/\/www.vacportal.com\/wp-content\/uploads\/Vacportal-Logo_2024_de.png\",\"width\":946,\"height\":446,\"caption\":\"Vacportal AG\"},\"image\":{\"@id\":\"https:\/\/www.vacportal.com\/fr\/#\/schema\/logo\/image\/\"}}]}<\/script>\n<!-- \/ Yoast SEO Premium plugin. -->","yoast_head_json":{"title":"Conteneurs 800 litres - Vacportal","description":"Vacportal","robots":{"index":"index","follow":"follow","max-snippet":"max-snippet:-1","max-image-preview":"max-image-preview:large","max-video-preview":"max-video-preview:-1"},"canonical":"https:\/\/www.vacportal.com\/fr\/accessoires-installations-aspiration\/preseparateur\/800-liter-container\/","og_locale":"fr_FR","og_type":"article","og_title":"Conteneurs 800 litres","og_description":"Vacportal","og_url":"https:\/\/www.vacportal.com\/fr\/accessoires-installations-aspiration\/preseparateur\/800-liter-container\/","og_site_name":"Vacportal","article_modified_time":"2025-09-21T15:34:34+00:00","twitter_card":"summary_large_image","schema":{"@context":"https:\/\/schema.org","@graph":[{"@type":"WebPage","@id":"https:\/\/www.vacportal.com\/fr\/accessoires-installations-aspiration\/preseparateur\/800-liter-container\/","url":"https:\/\/www.vacportal.com\/fr\/accessoires-installations-aspiration\/preseparateur\/800-liter-container\/","name":"Conteneurs 800 litres - Vacportal","isPartOf":{"@id":"https:\/\/www.vacportal.com\/fr\/#website"},"datePublished":"2024-04-26T07:11:05+00:00","dateModified":"2025-09-21T15:34:34+00:00","description":"Vacportal","breadcrumb":{"@id":"https:\/\/www.vacportal.com\/fr\/accessoires-installations-aspiration\/preseparateur\/800-liter-container\/#breadcrumb"},"inLanguage":"fr-FR","potentialAction":[{"@type":"ReadAction","target":["https:\/\/www.vacportal.com\/fr\/accessoires-installations-aspiration\/preseparateur\/800-liter-container\/"]}]},{"@type":"BreadcrumbList","@id":"https:\/\/www.vacportal.com\/fr\/accessoires-installations-aspiration\/preseparateur\/800-liter-container\/#breadcrumb","itemListElement":[{"@type":"ListItem","position":1,"name":"Home","item":"https:\/\/www.vacportal.com\/fr\/"},{"@type":"ListItem","position":2,"name":"Accessoires pour installations d\u2019aspiration et aspirateurs industriels","item":"https:\/\/www.vacportal.com\/fr\/accessoires-installations-aspiration\/"},{"@type":"ListItem","position":3,"name":"Pr\u00e9s\u00e9parateur","item":"https:\/\/www.vacportal.com\/fr\/accessoires-installations-aspiration\/preseparateur\/"},{"@type":"ListItem","position":4,"name":"Conteneurs 800 litres"}]},{"@type":"WebSite","@id":"https:\/\/www.vacportal.com\/fr\/#website","url":"https:\/\/www.vacportal.com\/fr\/","name":"Vacportal AG","description":"Industrielle Absauganlagen und Industriesauger","publisher":{"@id":"https:\/\/www.vacportal.com\/fr\/#organization"},"alternateName":"Vacportal","potentialAction":[{"@type":"SearchAction","target":{"@type":"EntryPoint","urlTemplate":"https:\/\/www.vacportal.com\/fr\/?s={search_term_string}"},"query-input":{"@type":"PropertyValueSpecification","valueRequired":true,"valueName":"search_term_string"}}],"inLanguage":"fr-FR"},{"@type":"Organization","@id":"https:\/\/www.vacportal.com\/fr\/#organization","name":"Vacportal AG","url":"https:\/\/www.vacportal.com\/fr\/","logo":{"@type":"ImageObject","inLanguage":"fr-FR","@id":"https:\/\/www.vacportal.com\/fr\/#\/schema\/logo\/image\/","url":"https:\/\/www.vacportal.com\/wp-content\/uploads\/Vacportal-Logo_2024_de.png","contentUrl":"https:\/\/www.vacportal.com\/wp-content\/uploads\/Vacportal-Logo_2024_de.png","width":946,"height":446,"caption":"Vacportal AG"},"image":{"@id":"https:\/\/www.vacportal.com\/fr\/#\/schema\/logo\/image\/"}}]}},"_links":{"self":[{"href":"https:\/\/www.vacportal.com\/fr\/wp-json\/wp\/v2\/pages\/633","targetHints":{"allow":["GET"]}}],"collection":[{"href":"https:\/\/www.vacportal.com\/fr\/wp-json\/wp\/v2\/pages"}],"about":[{"href":"https:\/\/www.vacportal.com\/fr\/wp-json\/wp\/v2\/types\/page"}],"author":[{"embeddable":true,"href":"https:\/\/www.vacportal.com\/fr\/wp-json\/wp\/v2\/users\/1"}],"replies":[{"embeddable":true,"href":"https:\/\/www.vacportal.com\/fr\/wp-json\/wp\/v2\/comments?post=633"}],"version-history":[{"count":0,"href":"https:\/\/www.vacportal.com\/fr\/wp-json\/wp\/v2\/pages\/633\/revisions"}],"up":[{"embeddable":true,"href":"https:\/\/www.vacportal.com\/fr\/wp-json\/wp\/v2\/pages\/878"}],"wp:attachment":[{"href":"https:\/\/www.vacportal.com\/fr\/wp-json\/wp\/v2\/media?parent=633"}],"curies":[{"name":"wp","href":"https:\/\/api.w.org\/{rel}","templated":true}]}}