{"id":638,"date":"2024-04-15T16:46:52","date_gmt":"2024-04-15T16:46:52","guid":{"rendered":"http:\/\/vacportal:8080\/absauganlagen-und-industriesauger-mieten\/"},"modified":"2024-12-20T16:46:00","modified_gmt":"2024-12-20T16:46:00","slug":"installation-aspiration-location","status":"publish","type":"page","link":"https:\/\/www.vacportal.com\/fr\/installation-aspiration-location\/","title":{"rendered":"Location d\u2019installations d\u2019aspiration et d\u2019aspirateurs industriels"},"content":{"rendered":"\n<p>Vous avez besoin d\u2019une installation d\u2019aspiration pour un projet et vous posez donc la question suivante: faut-il plut\u00f4t acheter ou louer une telle installation?<\/p>\n\n\n\n<p>Pour prendre votre d\u00e9cision, vous devriez consid\u00e9rer deux crit\u00e8res:<\/p>\n\n\n\n<ul class=\"wp-block-list\">\n<li>La dur\u00e9e d\u2019utilisation de l\u2019installation d\u2019aspiration<\/li>\n\n\n\n<li>La n\u00e9cessit\u00e9 de proc\u00e9der \u00e0 des tests pour d\u00e9finir l\u2019installation d\u2019aspiration optimale<\/li>\n<\/ul>\n\n\n\n<p><\/p>\n\n\n\n<h2 class=\"wp-block-heading\">Une installation d\u2019aspiration pour une courte dur\u00e9e d\u2019utilisation<\/h2>\n\n\n\n<p>Avez-vous besoin d\u2019une <a href=\"https:\/\/www.vacportal.com\/fr\/installations-aspiration\/\">installation d\u2019aspiration<\/a> pour une p\u00e9riode courte, par exemple sur un chantier ou pour mener un test? Dans ce cas, nous vous proposons aussi une solution individuelle.<\/p>\n\n\n\n<p>Nous vous louons des installations d\u2019aspiration pour vous \u00e9viter d\u2019avoir \u00e0 les acheter, ce qui vous permet d\u2019\u00e9conomiser des frais. La location est judicieuse si la dur\u00e9e d\u2019utilisation de l\u2019installation d\u2019aspiration est limit\u00e9e.<br><a><\/a><\/p>\n\n\n\n<h2 class=\"wp-block-heading\">Installation de test<\/h2>\n\n\n\n<p>Vous aimeriez louer une <a href=\"https:\/\/www.vacportal.com\/fr\/installations-aspiration\/\">installation d\u2019aspiration<\/a> ou un <a href=\"https:\/\/www.vacportal.com\/fr\/aspirateurs-industriels\/\">aspirateur industriel<\/a> avant d\u2019acheter un tel appareil? Aucun probl\u00e8me. La location pay\u00e9e sera d\u00e9duite du prix d\u2019achat du mod\u00e8le choisi.<\/p>\n\n\n\n<p>La location d\u2019une installation de test a plusieurs avantages:<\/p>\n\n\n\n<ul class=\"wp-block-list\">\n<li>Les installations de location sont souvent \u00e9quip\u00e9es de convertisseurs de fr\u00e9quence. Cela vous permet d\u2019ajuster la puissance en fonction des exigences. De cette mani\u00e8re, vous \u00eates en mesure d\u2019\u00e9valuer pr\u00e9cis\u00e9ment la puissance n\u00e9cessaire. Vous pourrez ainsi plus ais\u00e9ment atteindre l\u2019optimum lors de votre achat ult\u00e9rieur.<\/li>\n\n\n\n<li>Un appareil lou\u00e9 permet d\u2019accumuler les exp\u00e9riences. Celles-ci vous aident \u00e0 r\u00e9pondre aux questions encore en suspens sur la n\u00e9cessit\u00e9 de certaines options.<\/li>\n<\/ul>\n\n\n\n<p>Vous avez des questions concernant les \u00e9quipements disponibles \u00e0 la location et les conditions ?<\/p>\n\n\n\n<p>Avez-vous des questions au sujet des appareils \u00e0 louer disponibles et des conditions? Nous sommes \u00e0 votre disposition.<br><a><\/a><\/p>\n\n\n\n<h2 class=\"wp-block-heading\">Location d&rsquo;aspirateurs de chantier<\/h2>\n\n\n\n<p>Pour vos chantiers, nous louons \u00e9galement des installations d&rsquo;aspiration.<br>Un site web s\u00e9par\u00e9 de Vacportal vous informe sur les d\u00e9tails.<\/p>\n\n\n\n<p>Entrez : <a href=\"https:\/\/www.bauabsaugung-mieten.ch\">www.bauabsaugung-mieten.ch<\/a><\/p>\n\n\n\n<h2 class=\"wp-block-heading\">Conditions<\/h2>\n\n\n\n<p>Vous avez des questions concernant les \u00e9quipements disponibles \u00e0 la location et les conditions ?<\/p>\n\n\n\n<p>Appelez-nous sans engagement ou envoyez-nous un e-mail pour obtenir des conseils. Nous sommes \u00e0 votre disposition.<\/p>\n\n\n\n\n    <div class=\"contactbox\">\n        <div style=\"flex-grow:8;padding:20px;\">\n            T\u00e9l\u00e9phonez-nous sans engagement ou \u00e9crivez-nous un e-mail afin que nous puissions vous conseiller!\n            <br><br><b>Nous vous aidons volontiers.<\/b><br><br>T\u00e9l. +41 43 243 30 00<br>E-mail:            <script>document.write('<a class=\\\"contbox\\\" href=\\\"mailto:' + 'sales' + '@' + 'vacportal.com' +'\\\">' + 'sales' + '@' + 'vacportal.com' + '<\/a>');<\/script>\n        <\/div>\n\n        <div class=\"buttonarea\" style=\"flex-grow:2;padding:20px;text-align:right;\">\n            <button class=\"contactbutton\" onclick=\"window.location.href = '\/kontakt\/'\">FORMULAIRE DE CONTACT<\/button>\n        <\/div>\n    <\/div>\n\n\n\n\n\n\n\n<p><\/p>\n","protected":false},"excerpt":{"rendered":"<p>Vous avez besoin d\u2019une installation d\u2019aspiration pour un projet et vous posez donc la question suivante: faut-il plut\u00f4t acheter ou louer une telle installation? Pour prendre votre d\u00e9cision, vous devriez consid\u00e9rer deux crit\u00e8res: Une installation d\u2019aspiration pour une courte dur\u00e9e d\u2019utilisation Avez-vous besoin d\u2019une installation d\u2019aspiration pour une p\u00e9riode courte, par exemple sur un chantier [&hellip;]<\/p>\n","protected":false},"author":1,"featured_media":631,"parent":0,"menu_order":0,"comment_status":"closed","ping_status":"closed","template":"","meta":{"footnotes":""},"class_list":["post-638","page","type-page","status-publish","has-post-thumbnail","hentry"],"yoast_head":"<!-- This site is optimized with the Yoast SEO Premium plugin v27.1 (Yoast SEO v27.1.1) - https:\/\/yoast.com\/product\/yoast-seo-premium-wordpress\/ -->\n<title>Location d\u2019installations d\u2019aspiration et d\u2019aspirateurs industriels - Vacportal<\/title>\n<meta name=\"description\" content=\"Vacportal\" \/>\n<meta name=\"robots\" content=\"index, follow, max-snippet:-1, max-image-preview:large, max-video-preview:-1\" \/>\n<link rel=\"canonical\" href=\"https:\/\/www.vacportal.com\/fr\/installation-aspiration-location\/\" \/>\n<meta property=\"og:locale\" content=\"fr_FR\" \/>\n<meta property=\"og:type\" content=\"article\" \/>\n<meta property=\"og:title\" content=\"Location d\u2019installations d\u2019aspiration et d\u2019aspirateurs industriels\" \/>\n<meta property=\"og:description\" content=\"Vacportal\" \/>\n<meta property=\"og:url\" content=\"https:\/\/www.vacportal.com\/fr\/installation-aspiration-location\/\" \/>\n<meta property=\"og:site_name\" content=\"Vacportal\" \/>\n<meta property=\"article:modified_time\" content=\"2024-12-20T16:46:00+00:00\" \/>\n<meta property=\"og:image\" content=\"https:\/\/www.vacportal.com\/wp-content\/uploads\/2024\/04\/Vermietung-Absauganlagen-Industriesauger.jpg\" \/>\n\t<meta property=\"og:image:width\" content=\"2560\" \/>\n\t<meta property=\"og:image:height\" content=\"480\" \/>\n\t<meta property=\"og:image:type\" content=\"image\/jpeg\" \/>\n<meta name=\"twitter:card\" content=\"summary_large_image\" \/>\n<meta name=\"twitter:label1\" content=\"Dur\u00e9e de lecture estim\u00e9e\" \/>\n\t<meta name=\"twitter:data1\" content=\"2 minutes\" \/>\n<script type=\"application\/ld+json\" class=\"yoast-schema-graph\">{\"@context\":\"https:\/\/schema.org\",\"@graph\":[{\"@type\":\"WebPage\",\"@id\":\"https:\/\/www.vacportal.com\/fr\/installation-aspiration-location\/\",\"url\":\"https:\/\/www.vacportal.com\/fr\/installation-aspiration-location\/\",\"name\":\"Location d\u2019installations d\u2019aspiration et d\u2019aspirateurs industriels - Vacportal\",\"isPartOf\":{\"@id\":\"https:\/\/www.vacportal.com\/fr\/#website\"},\"primaryImageOfPage\":{\"@id\":\"https:\/\/www.vacportal.com\/fr\/installation-aspiration-location\/#primaryimage\"},\"image\":{\"@id\":\"https:\/\/www.vacportal.com\/fr\/installation-aspiration-location\/#primaryimage\"},\"thumbnailUrl\":\"https:\/\/www.vacportal.com\/wp-content\/uploads\/2024\/04\/Vermietung-Absauganlagen-Industriesauger.jpg\",\"datePublished\":\"2024-04-15T16:46:52+00:00\",\"dateModified\":\"2024-12-20T16:46:00+00:00\",\"description\":\"Vacportal\",\"breadcrumb\":{\"@id\":\"https:\/\/www.vacportal.com\/fr\/installation-aspiration-location\/#breadcrumb\"},\"inLanguage\":\"fr-FR\",\"potentialAction\":[{\"@type\":\"ReadAction\",\"target\":[\"https:\/\/www.vacportal.com\/fr\/installation-aspiration-location\/\"]}]},{\"@type\":\"ImageObject\",\"inLanguage\":\"fr-FR\",\"@id\":\"https:\/\/www.vacportal.com\/fr\/installation-aspiration-location\/#primaryimage\",\"url\":\"https:\/\/www.vacportal.com\/wp-content\/uploads\/2024\/04\/Vermietung-Absauganlagen-Industriesauger.jpg\",\"contentUrl\":\"https:\/\/www.vacportal.com\/wp-content\/uploads\/2024\/04\/Vermietung-Absauganlagen-Industriesauger.jpg\",\"width\":2560,\"height\":480,\"caption\":\"Absauganlagen und Industriesauger mieten\"},{\"@type\":\"BreadcrumbList\",\"@id\":\"https:\/\/www.vacportal.com\/fr\/installation-aspiration-location\/#breadcrumb\",\"itemListElement\":[{\"@type\":\"ListItem\",\"position\":1,\"name\":\"Home\",\"item\":\"https:\/\/www.vacportal.com\/fr\/\"},{\"@type\":\"ListItem\",\"position\":2,\"name\":\"Location d\u2019installations d\u2019aspiration et d\u2019aspirateurs industriels\"}]},{\"@type\":\"WebSite\",\"@id\":\"https:\/\/www.vacportal.com\/fr\/#website\",\"url\":\"https:\/\/www.vacportal.com\/fr\/\",\"name\":\"Vacportal AG\",\"description\":\"Industrielle Absauganlagen und Industriesauger\",\"publisher\":{\"@id\":\"https:\/\/www.vacportal.com\/fr\/#organization\"},\"alternateName\":\"Vacportal\",\"potentialAction\":[{\"@type\":\"SearchAction\",\"target\":{\"@type\":\"EntryPoint\",\"urlTemplate\":\"https:\/\/www.vacportal.com\/fr\/?s={search_term_string}\"},\"query-input\":{\"@type\":\"PropertyValueSpecification\",\"valueRequired\":true,\"valueName\":\"search_term_string\"}}],\"inLanguage\":\"fr-FR\"},{\"@type\":\"Organization\",\"@id\":\"https:\/\/www.vacportal.com\/fr\/#organization\",\"name\":\"Vacportal AG\",\"url\":\"https:\/\/www.vacportal.com\/fr\/\",\"logo\":{\"@type\":\"ImageObject\",\"inLanguage\":\"fr-FR\",\"@id\":\"https:\/\/www.vacportal.com\/fr\/#\/schema\/logo\/image\/\",\"url\":\"https:\/\/www.vacportal.com\/wp-content\/uploads\/Vacportal-Logo_2024_de.png\",\"contentUrl\":\"https:\/\/www.vacportal.com\/wp-content\/uploads\/Vacportal-Logo_2024_de.png\",\"width\":946,\"height\":446,\"caption\":\"Vacportal AG\"},\"image\":{\"@id\":\"https:\/\/www.vacportal.com\/fr\/#\/schema\/logo\/image\/\"}}]}<\/script>\n<!-- \/ Yoast SEO Premium plugin. -->","yoast_head_json":{"title":"Location d\u2019installations d\u2019aspiration et d\u2019aspirateurs industriels - Vacportal","description":"Vacportal","robots":{"index":"index","follow":"follow","max-snippet":"max-snippet:-1","max-image-preview":"max-image-preview:large","max-video-preview":"max-video-preview:-1"},"canonical":"https:\/\/www.vacportal.com\/fr\/installation-aspiration-location\/","og_locale":"fr_FR","og_type":"article","og_title":"Location d\u2019installations d\u2019aspiration et d\u2019aspirateurs industriels","og_description":"Vacportal","og_url":"https:\/\/www.vacportal.com\/fr\/installation-aspiration-location\/","og_site_name":"Vacportal","article_modified_time":"2024-12-20T16:46:00+00:00","og_image":[{"width":2560,"height":480,"url":"https:\/\/www.vacportal.com\/wp-content\/uploads\/2024\/04\/Vermietung-Absauganlagen-Industriesauger.jpg","type":"image\/jpeg"}],"twitter_card":"summary_large_image","twitter_misc":{"Dur\u00e9e de lecture estim\u00e9e":"2 minutes"},"schema":{"@context":"https:\/\/schema.org","@graph":[{"@type":"WebPage","@id":"https:\/\/www.vacportal.com\/fr\/installation-aspiration-location\/","url":"https:\/\/www.vacportal.com\/fr\/installation-aspiration-location\/","name":"Location d\u2019installations d\u2019aspiration et d\u2019aspirateurs industriels - Vacportal","isPartOf":{"@id":"https:\/\/www.vacportal.com\/fr\/#website"},"primaryImageOfPage":{"@id":"https:\/\/www.vacportal.com\/fr\/installation-aspiration-location\/#primaryimage"},"image":{"@id":"https:\/\/www.vacportal.com\/fr\/installation-aspiration-location\/#primaryimage"},"thumbnailUrl":"https:\/\/www.vacportal.com\/wp-content\/uploads\/2024\/04\/Vermietung-Absauganlagen-Industriesauger.jpg","datePublished":"2024-04-15T16:46:52+00:00","dateModified":"2024-12-20T16:46:00+00:00","description":"Vacportal","breadcrumb":{"@id":"https:\/\/www.vacportal.com\/fr\/installation-aspiration-location\/#breadcrumb"},"inLanguage":"fr-FR","potentialAction":[{"@type":"ReadAction","target":["https:\/\/www.vacportal.com\/fr\/installation-aspiration-location\/"]}]},{"@type":"ImageObject","inLanguage":"fr-FR","@id":"https:\/\/www.vacportal.com\/fr\/installation-aspiration-location\/#primaryimage","url":"https:\/\/www.vacportal.com\/wp-content\/uploads\/2024\/04\/Vermietung-Absauganlagen-Industriesauger.jpg","contentUrl":"https:\/\/www.vacportal.com\/wp-content\/uploads\/2024\/04\/Vermietung-Absauganlagen-Industriesauger.jpg","width":2560,"height":480,"caption":"Absauganlagen und Industriesauger mieten"},{"@type":"BreadcrumbList","@id":"https:\/\/www.vacportal.com\/fr\/installation-aspiration-location\/#breadcrumb","itemListElement":[{"@type":"ListItem","position":1,"name":"Home","item":"https:\/\/www.vacportal.com\/fr\/"},{"@type":"ListItem","position":2,"name":"Location d\u2019installations d\u2019aspiration et d\u2019aspirateurs industriels"}]},{"@type":"WebSite","@id":"https:\/\/www.vacportal.com\/fr\/#website","url":"https:\/\/www.vacportal.com\/fr\/","name":"Vacportal AG","description":"Industrielle Absauganlagen und Industriesauger","publisher":{"@id":"https:\/\/www.vacportal.com\/fr\/#organization"},"alternateName":"Vacportal","potentialAction":[{"@type":"SearchAction","target":{"@type":"EntryPoint","urlTemplate":"https:\/\/www.vacportal.com\/fr\/?s={search_term_string}"},"query-input":{"@type":"PropertyValueSpecification","valueRequired":true,"valueName":"search_term_string"}}],"inLanguage":"fr-FR"},{"@type":"Organization","@id":"https:\/\/www.vacportal.com\/fr\/#organization","name":"Vacportal AG","url":"https:\/\/www.vacportal.com\/fr\/","logo":{"@type":"ImageObject","inLanguage":"fr-FR","@id":"https:\/\/www.vacportal.com\/fr\/#\/schema\/logo\/image\/","url":"https:\/\/www.vacportal.com\/wp-content\/uploads\/Vacportal-Logo_2024_de.png","contentUrl":"https:\/\/www.vacportal.com\/wp-content\/uploads\/Vacportal-Logo_2024_de.png","width":946,"height":446,"caption":"Vacportal AG"},"image":{"@id":"https:\/\/www.vacportal.com\/fr\/#\/schema\/logo\/image\/"}}]}},"_links":{"self":[{"href":"https:\/\/www.vacportal.com\/fr\/wp-json\/wp\/v2\/pages\/638","targetHints":{"allow":["GET"]}}],"collection":[{"href":"https:\/\/www.vacportal.com\/fr\/wp-json\/wp\/v2\/pages"}],"about":[{"href":"https:\/\/www.vacportal.com\/fr\/wp-json\/wp\/v2\/types\/page"}],"author":[{"embeddable":true,"href":"https:\/\/www.vacportal.com\/fr\/wp-json\/wp\/v2\/users\/1"}],"replies":[{"embeddable":true,"href":"https:\/\/www.vacportal.com\/fr\/wp-json\/wp\/v2\/comments?post=638"}],"version-history":[{"count":0,"href":"https:\/\/www.vacportal.com\/fr\/wp-json\/wp\/v2\/pages\/638\/revisions"}],"wp:featuredmedia":[{"embeddable":true,"href":"https:\/\/www.vacportal.com\/fr\/wp-json\/wp\/v2\/media\/631"}],"wp:attachment":[{"href":"https:\/\/www.vacportal.com\/fr\/wp-json\/wp\/v2\/media?parent=638"}],"curies":[{"name":"wp","href":"https:\/\/api.w.org\/{rel}","templated":true}]}}