{"id":642,"date":"2024-04-15T16:46:41","date_gmt":"2024-04-15T16:46:41","guid":{"rendered":"http:\/\/vacportal:8080\/service-fur-absauganlagen-und-industriesauger\/"},"modified":"2024-12-20T16:45:22","modified_gmt":"2024-12-20T16:45:22","slug":"service-installations-aspiration","status":"publish","type":"page","link":"https:\/\/www.vacportal.com\/fr\/service-installations-aspiration\/","title":{"rendered":"Service pour les installations d\u2019aspiration et les aspirateurs industriels"},"content":{"rendered":"\n<p>Pour une exploitation continue et sans pannes de vos <a href=\"https:\/\/www.vacportal.com\/fr\/installations-aspiration\/\">installations d\u2019aspiration<\/a> et de vos <a href=\"https:\/\/www.vacportal.com\/fr\/aspirateurs-industriels\/\">aspirateurs industriels<\/a>, Vacportal r\u00e9alise des services et de r\u00e9visions pour garantir leur longue dur\u00e9e de vie.<br><\/p>\n\n\n\n<h2 class=\"wp-block-heading\">Service<\/h2>\n\n\n\n<p>Un service r\u00e9gulier et la maintenance s\u00e9rieuse des installations sont une garantie pour qui souhaite une production continue et sans pannes, dans le cadre d\u2019une exploitation s\u00e9curis\u00e9e.<\/p>\n\n\n\n<p>Les installations d\u2019aspiration et les aspirateurs industriels veillent \u00e0 ce que la poussi\u00e8re nocive pour la sant\u00e9 soit aspir\u00e9e et filtr\u00e9e de fa\u00e7on s\u00fbre. Du moins en th\u00e9orie. Si les appareils ne sont pas entretenus r\u00e9guli\u00e8rement et de mani\u00e8re fiable, l\u2019\u00e9tat des machines risque de se d\u00e9grader avec le temps. La puissance diminue, l\u2019\u00e9tat du filtre se d\u00e9t\u00e9riore, et la quantit\u00e9 de poussi\u00e8re qui parvient malgr\u00e9 tout \u00e0 s\u2019\u00e9chapper de l\u2019installation augmente. En fin de compte, la qualit\u00e9 de l\u2019air s\u2019en ressent.<\/p>\n\n\n\n<p>En effectuant les travaux de service n\u00e9cessaire, Vacportal assure l\u2019exploitation des appareils.<br>Nos sp\u00e9cialistes contr\u00f4lent et r\u00e9parent ou remplacent tout, ou presque: puissance d\u2019aspiration, cartouches de filtre, dispositif de d\u00e9colmatage, pneumatique, capteurs, \u00e9tanch\u00e9it\u00e9 et moteurs, rien n\u2019\u00e9chappe \u00e0 leur attention.<\/p>\n\n\n\n<p>Ce faisant, l\u2019exploitation s\u00fbre et continue de l\u2019appareil est garantie. Les aspirateurs industriels et les installations d\u2019aspiration continent de filtrer l\u2019air efficacement, cr\u00e9ant un environnement s\u00fbr.<\/p>\n\n\n\n<p>Nous proposons \u00e9galement ce service pour les appareils d\u2019autres marques!<\/p>\n\n\n\n<p>Suivant l\u2019utilisation et le domaine dans lequel elle a lieu, nous vous proposons des prestations adapt\u00e9es.<a><\/a><\/p>\n\n\n\n<h2 class=\"wp-block-heading\">Contrat de service<\/h2>\n\n\n\n<p>Le stress est omnipr\u00e9sent, votre agenda croule sous les rendez-vous et vous devez malgr\u00e9 tout garder une vue g\u00e9n\u00e9rale de la situation. Vous n\u2019avez pas envie d\u2019avoir, en plus, \u00e0 penser aux services n\u00e9cessaires? Nous nous en occupons pour vous!<\/p>\n\n\n\n<p>Nos contrats de service s\u2019adaptent individuellement \u00e0 vos besoins et peuvent comprendre les travaux suivants:<\/p>\n\n\n\n<ul class=\"wp-block-list\">\n<li>Contr\u00f4les<\/li>\n\n\n\n<li>Service<\/li>\n\n\n\n<li>R\u00e9parations<\/li>\n<\/ul>\n\n\n\n<p><\/p>\n\n\n\n<h2 class=\"wp-block-heading\">R\u00e9visions<\/h2>\n\n\n\n<p>Les r\u00e9visions prolongent la dur\u00e9e de vie d\u2019une installation d\u2019aspiration. Nous pouvons nous occuper de la r\u00e9vision de nombreuses installations et prolonger ainsi leur dur\u00e9e de vie. Nous r\u00e9visons aussi les appareils d\u2019autres fabricants!<\/p>\n\n\n\n<p>D\u00e9couvrez nos solutions avantageuses. Votre installation d\u2019aspiration est enlev\u00e9e, r\u00e9vis\u00e9e et rapport\u00e9e chez vous.<\/p>\n\n\n\n<p>Elle fonctionne ainsi \u00e0 nouveau de mani\u00e8re s\u00fbre et fiable pendant les ann\u00e9es qui viennent.<\/p>\n\n\n\n\n    <div class=\"contactbox\">\n        <div style=\"flex-grow:8;padding:20px;\">\n            T\u00e9l\u00e9phonez-nous sans engagement ou \u00e9crivez-nous un e-mail afin que nous puissions vous conseiller!\n            <br><br><b>Nous vous aidons volontiers.<\/b><br><br>T\u00e9l. +41 43 243 30 00<br>E-mail:            <script>document.write('<a class=\\\"contbox\\\" href=\\\"mailto:' + 'sales' + '@' + 'vacportal.com' +'\\\">' + 'sales' + '@' + 'vacportal.com' + '<\/a>');<\/script>\n        <\/div>\n\n        <div class=\"buttonarea\" style=\"flex-grow:2;padding:20px;text-align:right;\">\n            <button class=\"contactbutton\" onclick=\"window.location.href = '\/kontakt\/'\">FORMULAIRE DE CONTACT<\/button>\n        <\/div>\n    <\/div>\n\n\n\n\n","protected":false},"excerpt":{"rendered":"<p>Pour une exploitation continue et sans pannes de vos installations d\u2019aspiration et de vos aspirateurs industriels, Vacportal r\u00e9alise des services et de r\u00e9visions pour garantir leur longue dur\u00e9e de vie. Service Un service r\u00e9gulier et la maintenance s\u00e9rieuse des installations sont une garantie pour qui souhaite une production continue et sans pannes, dans le cadre [&hellip;]<\/p>\n","protected":false},"author":1,"featured_media":630,"parent":0,"menu_order":0,"comment_status":"closed","ping_status":"closed","template":"","meta":{"footnotes":""},"class_list":["post-642","page","type-page","status-publish","has-post-thumbnail","hentry"],"yoast_head":"<!-- This site is optimized with the Yoast SEO Premium plugin v27.1 (Yoast SEO v27.1.1) - https:\/\/yoast.com\/product\/yoast-seo-premium-wordpress\/ -->\n<title>Service pour les installations d\u2019aspiration et les aspirateurs industriels - Vacportal<\/title>\n<meta name=\"description\" content=\"Vacportal\" \/>\n<meta name=\"robots\" content=\"index, follow, max-snippet:-1, max-image-preview:large, max-video-preview:-1\" \/>\n<link rel=\"canonical\" href=\"https:\/\/www.vacportal.com\/fr\/service-installations-aspiration\/\" \/>\n<meta property=\"og:locale\" content=\"fr_FR\" \/>\n<meta property=\"og:type\" content=\"article\" \/>\n<meta property=\"og:title\" content=\"Service pour les installations d\u2019aspiration et les aspirateurs industriels\" \/>\n<meta property=\"og:description\" content=\"Vacportal\" \/>\n<meta property=\"og:url\" content=\"https:\/\/www.vacportal.com\/fr\/service-installations-aspiration\/\" \/>\n<meta property=\"og:site_name\" content=\"Vacportal\" \/>\n<meta property=\"article:modified_time\" content=\"2024-12-20T16:45:22+00:00\" \/>\n<meta property=\"og:image\" content=\"https:\/\/www.vacportal.com\/wp-content\/uploads\/2024\/04\/Service-Absauganlagen-Industriesauger.jpg\" \/>\n\t<meta property=\"og:image:width\" content=\"2560\" \/>\n\t<meta property=\"og:image:height\" content=\"480\" \/>\n\t<meta property=\"og:image:type\" content=\"image\/jpeg\" \/>\n<meta name=\"twitter:card\" content=\"summary_large_image\" \/>\n<meta name=\"twitter:label1\" content=\"Dur\u00e9e de lecture estim\u00e9e\" \/>\n\t<meta name=\"twitter:data1\" content=\"3 minutes\" \/>\n<script type=\"application\/ld+json\" class=\"yoast-schema-graph\">{\"@context\":\"https:\/\/schema.org\",\"@graph\":[{\"@type\":\"WebPage\",\"@id\":\"https:\/\/www.vacportal.com\/fr\/service-installations-aspiration\/\",\"url\":\"https:\/\/www.vacportal.com\/fr\/service-installations-aspiration\/\",\"name\":\"Service pour les installations d\u2019aspiration et les aspirateurs industriels - Vacportal\",\"isPartOf\":{\"@id\":\"https:\/\/www.vacportal.com\/fr\/#website\"},\"primaryImageOfPage\":{\"@id\":\"https:\/\/www.vacportal.com\/fr\/service-installations-aspiration\/#primaryimage\"},\"image\":{\"@id\":\"https:\/\/www.vacportal.com\/fr\/service-installations-aspiration\/#primaryimage\"},\"thumbnailUrl\":\"https:\/\/www.vacportal.com\/wp-content\/uploads\/2024\/04\/Service-Absauganlagen-Industriesauger.jpg\",\"datePublished\":\"2024-04-15T16:46:41+00:00\",\"dateModified\":\"2024-12-20T16:45:22+00:00\",\"description\":\"Vacportal\",\"breadcrumb\":{\"@id\":\"https:\/\/www.vacportal.com\/fr\/service-installations-aspiration\/#breadcrumb\"},\"inLanguage\":\"fr-FR\",\"potentialAction\":[{\"@type\":\"ReadAction\",\"target\":[\"https:\/\/www.vacportal.com\/fr\/service-installations-aspiration\/\"]}]},{\"@type\":\"ImageObject\",\"inLanguage\":\"fr-FR\",\"@id\":\"https:\/\/www.vacportal.com\/fr\/service-installations-aspiration\/#primaryimage\",\"url\":\"https:\/\/www.vacportal.com\/wp-content\/uploads\/2024\/04\/Service-Absauganlagen-Industriesauger.jpg\",\"contentUrl\":\"https:\/\/www.vacportal.com\/wp-content\/uploads\/2024\/04\/Service-Absauganlagen-Industriesauger.jpg\",\"width\":2560,\"height\":480,\"caption\":\"Wir bieten Service zu unseren Absauganlagen und Industriesaugern\"},{\"@type\":\"BreadcrumbList\",\"@id\":\"https:\/\/www.vacportal.com\/fr\/service-installations-aspiration\/#breadcrumb\",\"itemListElement\":[{\"@type\":\"ListItem\",\"position\":1,\"name\":\"Home\",\"item\":\"https:\/\/www.vacportal.com\/fr\/\"},{\"@type\":\"ListItem\",\"position\":2,\"name\":\"Service pour les installations d\u2019aspiration et les aspirateurs industriels\"}]},{\"@type\":\"WebSite\",\"@id\":\"https:\/\/www.vacportal.com\/fr\/#website\",\"url\":\"https:\/\/www.vacportal.com\/fr\/\",\"name\":\"Vacportal AG\",\"description\":\"Industrielle Absauganlagen und Industriesauger\",\"publisher\":{\"@id\":\"https:\/\/www.vacportal.com\/fr\/#organization\"},\"alternateName\":\"Vacportal\",\"potentialAction\":[{\"@type\":\"SearchAction\",\"target\":{\"@type\":\"EntryPoint\",\"urlTemplate\":\"https:\/\/www.vacportal.com\/fr\/?s={search_term_string}\"},\"query-input\":{\"@type\":\"PropertyValueSpecification\",\"valueRequired\":true,\"valueName\":\"search_term_string\"}}],\"inLanguage\":\"fr-FR\"},{\"@type\":\"Organization\",\"@id\":\"https:\/\/www.vacportal.com\/fr\/#organization\",\"name\":\"Vacportal AG\",\"url\":\"https:\/\/www.vacportal.com\/fr\/\",\"logo\":{\"@type\":\"ImageObject\",\"inLanguage\":\"fr-FR\",\"@id\":\"https:\/\/www.vacportal.com\/fr\/#\/schema\/logo\/image\/\",\"url\":\"https:\/\/www.vacportal.com\/wp-content\/uploads\/Vacportal-Logo_2024_de.png\",\"contentUrl\":\"https:\/\/www.vacportal.com\/wp-content\/uploads\/Vacportal-Logo_2024_de.png\",\"width\":946,\"height\":446,\"caption\":\"Vacportal AG\"},\"image\":{\"@id\":\"https:\/\/www.vacportal.com\/fr\/#\/schema\/logo\/image\/\"}}]}<\/script>\n<!-- \/ Yoast SEO Premium plugin. -->","yoast_head_json":{"title":"Service pour les installations d\u2019aspiration et les aspirateurs industriels - Vacportal","description":"Vacportal","robots":{"index":"index","follow":"follow","max-snippet":"max-snippet:-1","max-image-preview":"max-image-preview:large","max-video-preview":"max-video-preview:-1"},"canonical":"https:\/\/www.vacportal.com\/fr\/service-installations-aspiration\/","og_locale":"fr_FR","og_type":"article","og_title":"Service pour les installations d\u2019aspiration et les aspirateurs industriels","og_description":"Vacportal","og_url":"https:\/\/www.vacportal.com\/fr\/service-installations-aspiration\/","og_site_name":"Vacportal","article_modified_time":"2024-12-20T16:45:22+00:00","og_image":[{"width":2560,"height":480,"url":"https:\/\/www.vacportal.com\/wp-content\/uploads\/2024\/04\/Service-Absauganlagen-Industriesauger.jpg","type":"image\/jpeg"}],"twitter_card":"summary_large_image","twitter_misc":{"Dur\u00e9e de lecture estim\u00e9e":"3 minutes"},"schema":{"@context":"https:\/\/schema.org","@graph":[{"@type":"WebPage","@id":"https:\/\/www.vacportal.com\/fr\/service-installations-aspiration\/","url":"https:\/\/www.vacportal.com\/fr\/service-installations-aspiration\/","name":"Service pour les installations d\u2019aspiration et les aspirateurs industriels - Vacportal","isPartOf":{"@id":"https:\/\/www.vacportal.com\/fr\/#website"},"primaryImageOfPage":{"@id":"https:\/\/www.vacportal.com\/fr\/service-installations-aspiration\/#primaryimage"},"image":{"@id":"https:\/\/www.vacportal.com\/fr\/service-installations-aspiration\/#primaryimage"},"thumbnailUrl":"https:\/\/www.vacportal.com\/wp-content\/uploads\/2024\/04\/Service-Absauganlagen-Industriesauger.jpg","datePublished":"2024-04-15T16:46:41+00:00","dateModified":"2024-12-20T16:45:22+00:00","description":"Vacportal","breadcrumb":{"@id":"https:\/\/www.vacportal.com\/fr\/service-installations-aspiration\/#breadcrumb"},"inLanguage":"fr-FR","potentialAction":[{"@type":"ReadAction","target":["https:\/\/www.vacportal.com\/fr\/service-installations-aspiration\/"]}]},{"@type":"ImageObject","inLanguage":"fr-FR","@id":"https:\/\/www.vacportal.com\/fr\/service-installations-aspiration\/#primaryimage","url":"https:\/\/www.vacportal.com\/wp-content\/uploads\/2024\/04\/Service-Absauganlagen-Industriesauger.jpg","contentUrl":"https:\/\/www.vacportal.com\/wp-content\/uploads\/2024\/04\/Service-Absauganlagen-Industriesauger.jpg","width":2560,"height":480,"caption":"Wir bieten Service zu unseren Absauganlagen und Industriesaugern"},{"@type":"BreadcrumbList","@id":"https:\/\/www.vacportal.com\/fr\/service-installations-aspiration\/#breadcrumb","itemListElement":[{"@type":"ListItem","position":1,"name":"Home","item":"https:\/\/www.vacportal.com\/fr\/"},{"@type":"ListItem","position":2,"name":"Service pour les installations d\u2019aspiration et les aspirateurs industriels"}]},{"@type":"WebSite","@id":"https:\/\/www.vacportal.com\/fr\/#website","url":"https:\/\/www.vacportal.com\/fr\/","name":"Vacportal AG","description":"Industrielle Absauganlagen und Industriesauger","publisher":{"@id":"https:\/\/www.vacportal.com\/fr\/#organization"},"alternateName":"Vacportal","potentialAction":[{"@type":"SearchAction","target":{"@type":"EntryPoint","urlTemplate":"https:\/\/www.vacportal.com\/fr\/?s={search_term_string}"},"query-input":{"@type":"PropertyValueSpecification","valueRequired":true,"valueName":"search_term_string"}}],"inLanguage":"fr-FR"},{"@type":"Organization","@id":"https:\/\/www.vacportal.com\/fr\/#organization","name":"Vacportal AG","url":"https:\/\/www.vacportal.com\/fr\/","logo":{"@type":"ImageObject","inLanguage":"fr-FR","@id":"https:\/\/www.vacportal.com\/fr\/#\/schema\/logo\/image\/","url":"https:\/\/www.vacportal.com\/wp-content\/uploads\/Vacportal-Logo_2024_de.png","contentUrl":"https:\/\/www.vacportal.com\/wp-content\/uploads\/Vacportal-Logo_2024_de.png","width":946,"height":446,"caption":"Vacportal AG"},"image":{"@id":"https:\/\/www.vacportal.com\/fr\/#\/schema\/logo\/image\/"}}]}},"_links":{"self":[{"href":"https:\/\/www.vacportal.com\/fr\/wp-json\/wp\/v2\/pages\/642","targetHints":{"allow":["GET"]}}],"collection":[{"href":"https:\/\/www.vacportal.com\/fr\/wp-json\/wp\/v2\/pages"}],"about":[{"href":"https:\/\/www.vacportal.com\/fr\/wp-json\/wp\/v2\/types\/page"}],"author":[{"embeddable":true,"href":"https:\/\/www.vacportal.com\/fr\/wp-json\/wp\/v2\/users\/1"}],"replies":[{"embeddable":true,"href":"https:\/\/www.vacportal.com\/fr\/wp-json\/wp\/v2\/comments?post=642"}],"version-history":[{"count":0,"href":"https:\/\/www.vacportal.com\/fr\/wp-json\/wp\/v2\/pages\/642\/revisions"}],"wp:featuredmedia":[{"embeddable":true,"href":"https:\/\/www.vacportal.com\/fr\/wp-json\/wp\/v2\/media\/630"}],"wp:attachment":[{"href":"https:\/\/www.vacportal.com\/fr\/wp-json\/wp\/v2\/media?parent=642"}],"curies":[{"name":"wp","href":"https:\/\/api.w.org\/{rel}","templated":true}]}}