{"id":646,"date":"2024-04-15T16:46:28","date_gmt":"2024-04-15T16:46:28","guid":{"rendered":"http:\/\/vacportal:8080\/beratung-und-verkauf\/"},"modified":"2024-12-20T16:44:55","modified_gmt":"2024-12-20T16:44:55","slug":"conseils-vente","status":"publish","type":"page","link":"https:\/\/www.vacportal.com\/fr\/conseils-vente\/","title":{"rendered":"Conseils et vente"},"content":{"rendered":"\n<p>Bien entendu, nous conseillons nos clients avant l\u2019achat de nos appareils Vacportal, de mani\u00e8re tant fiable que comp\u00e9tente.<\/p>\n\n\n\n<p><a href=\"https:\/\/www.vacportal.com\/fr\/aspirateurs-industriels\/\">Les aspirateurs industriels<\/a> et les <a href=\"https:\/\/www.vacportal.com\/fr\/installations-aspiration\/\">installations d\u2019aspiration<\/a> ne sont qu\u2019une moiti\u00e9 du succ\u00e8s. L\u2019autre est au moins tout aussi importante: il s\u2019agit de l\u2019analyse, de la planification et de la r\u00e9alisation correctes, selon vos d\u00e9sirs.<br><\/p>\n\n\n\n<h2 class=\"wp-block-heading\">Analyse de la th\u00e9matique d\u2019aspiration<\/h2>\n\n\n\n<p>Nous \u00e9tablissons avec vous, sur la base des informations r\u00e9colt\u00e9es, une image d\u2019ensemble de la solution \u00e0 apporter \u00e0 votre th\u00e9matique d\u2019aspiration.<\/p>\n\n\n\n<p>Des questions possibles pour analyser en profondeur les caract\u00e9ristiques de l\u2019installation d\u2019aspiration id\u00e9ale sont les suivantes:<\/p>\n\n\n\n<ul class=\"wp-block-list\">\n<li>Comment est produite la mati\u00e8re \u00e0 aspirer?<\/li>\n\n\n\n<li>Quelles sont ses caract\u00e9ristiques?<\/li>\n\n\n\n<li>A quelle quantit\u00e9 de mati\u00e8re \u00e0 aspirer faut-il s\u2019attendre chaque heure?<\/li>\n\n\n\n<li>Comment se pr\u00e9sente en d\u00e9tail la situation sur place?<\/li>\n\n\n\n<li>Dispose-t-on de plans ou de photos?<\/li>\n\n\n\n<li>etc.<\/li>\n<\/ul>\n\n\n\n<p><\/p>\n\n\n\n<h2 class=\"wp-block-heading\">Planification du point d\u2019aspiration<\/h2>\n\n\n\n<p>Plus la planification en amont est minutieuse, plus grand sera le succ\u00e8s de l\u2019installation d\u2019aspiration. Ici aussi, nous visons cet objectif avec vous.<\/p>\n\n\n\n<p>Apr\u00e8s l\u2019analyse r\u00e9alis\u00e9e avec votre collaboration, nous planifions l\u2019installation. Cette deuxi\u00e8me \u00e9tape est tr\u00e8s importante est joue un r\u00f4le d\u00e9terminant pour le succ\u00e8s du projet. Profitez de nos longues ann\u00e9es d\u2019exp\u00e9rience et de nos prestations!<\/p>\n\n\n\n<p>Nous avons toutes les cartes en main pour concevoir avec vous la solution optimale d\u2019un point de vue technique.<\/p>\n\n\n\n<p>L\u2019aspiration sera ainsi optimale et vos souhaits exauc\u00e9s sur toute la ligne.<\/p>\n\n\n\n<p>Une fois l\u2019analyse termin\u00e9e et le projet planifi\u00e9, nous vous soumettons une offre.<br><a><\/a><\/p>\n\n\n\n<h2 class=\"wp-block-heading\">R\u00e9alisation<\/h2>\n\n\n\n<h3 class=\"wp-block-heading\">Vous avez besoin de soutien pour installer votre appareil d\u2019aspiration?<\/h3>\n\n\n\n<p>Nous vous aidons avec plaisir sur place en assumant les t\u00e2ches suivantes:<\/p>\n\n\n\n<ul class=\"wp-block-list\">\n<li>Installation de l\u2019installation d\u2019aspiration ou de l\u2019aspirateur industriel<\/li>\n\n\n\n<li>Installation de conduites et de bras d\u2019aspiration<\/li>\n\n\n\n<li>Mise en place de la buse d\u2019aspiration<\/li>\n<\/ul>\n\n\n\n<h3 class=\"wp-block-heading\">Vous souhaitez effectuer l\u2019installation vous-m\u00eame?<\/h3>\n\n\n\n<p>Pas de probl\u00e8me.<\/p>\n\n\n\n<ul class=\"wp-block-list\">\n<li>Les appareils Vacportal sont souvent install\u00e9s par les clients eux-m\u00eames. De bons techniciens n\u2019ont en principe pas de peine \u00e0 mener cette t\u00e2che \u00e0 bien.<\/li>\n\n\n\n<li>Avez-vous encore des questions au sujet de l\u2019installation?<\/li>\n<\/ul>\n\n\n\n<p>Nous vous conseillons volontiers.<\/p>\n\n\n\n\n    <div class=\"contactbox\">\n        <div style=\"flex-grow:8;padding:20px;\">\n            T\u00e9l\u00e9phonez-nous sans engagement ou \u00e9crivez-nous un e-mail afin que nous puissions vous conseiller!\n            <br><br><b>Nous vous aidons volontiers.<\/b><br><br>T\u00e9l. +41 43 243 30 00<br>E-mail:            <script>document.write('<a class=\\\"contbox\\\" href=\\\"mailto:' + 'sales' + '@' + 'vacportal.com' +'\\\">' + 'sales' + '@' + 'vacportal.com' + '<\/a>');<\/script>\n        <\/div>\n\n        <div class=\"buttonarea\" style=\"flex-grow:2;padding:20px;text-align:right;\">\n            <button class=\"contactbutton\" onclick=\"window.location.href = '\/kontakt\/'\">FORMULAIRE DE CONTACT<\/button>\n        <\/div>\n    <\/div>\n\n\n\n\n","protected":false},"excerpt":{"rendered":"<p>Bien entendu, nous conseillons nos clients avant l\u2019achat de nos appareils Vacportal, de mani\u00e8re tant fiable que comp\u00e9tente. Les aspirateurs industriels et les installations d\u2019aspiration ne sont qu\u2019une moiti\u00e9 du succ\u00e8s. L\u2019autre est au moins tout aussi importante: il s\u2019agit de l\u2019analyse, de la planification et de la r\u00e9alisation correctes, selon vos d\u00e9sirs. Analyse de [&hellip;]<\/p>\n","protected":false},"author":1,"featured_media":629,"parent":0,"menu_order":0,"comment_status":"closed","ping_status":"closed","template":"","meta":{"footnotes":""},"class_list":["post-646","page","type-page","status-publish","has-post-thumbnail","hentry"],"yoast_head":"<!-- This site is optimized with the Yoast SEO Premium plugin v27.1 (Yoast SEO v27.1.1) - https:\/\/yoast.com\/product\/yoast-seo-premium-wordpress\/ -->\n<title>Conseils et vente - Vacportal<\/title>\n<meta name=\"description\" content=\"Vacportal\" \/>\n<meta name=\"robots\" content=\"index, follow, max-snippet:-1, max-image-preview:large, max-video-preview:-1\" \/>\n<link rel=\"canonical\" href=\"https:\/\/www.vacportal.com\/fr\/conseils-vente\/\" \/>\n<meta property=\"og:locale\" content=\"fr_FR\" \/>\n<meta property=\"og:type\" content=\"article\" \/>\n<meta property=\"og:title\" content=\"Conseils et vente\" \/>\n<meta property=\"og:description\" content=\"Vacportal\" \/>\n<meta property=\"og:url\" content=\"https:\/\/www.vacportal.com\/fr\/conseils-vente\/\" \/>\n<meta property=\"og:site_name\" content=\"Vacportal\" \/>\n<meta property=\"article:modified_time\" content=\"2024-12-20T16:44:55+00:00\" \/>\n<meta property=\"og:image\" content=\"https:\/\/www.vacportal.com\/wp-content\/uploads\/2024\/04\/Beratung-Verkauf-Absauganlagen-Industriesauger.jpg\" \/>\n\t<meta property=\"og:image:width\" content=\"2560\" \/>\n\t<meta property=\"og:image:height\" content=\"480\" \/>\n\t<meta property=\"og:image:type\" content=\"image\/jpeg\" \/>\n<meta name=\"twitter:card\" content=\"summary_large_image\" \/>\n<meta name=\"twitter:label1\" content=\"Dur\u00e9e de lecture estim\u00e9e\" \/>\n\t<meta name=\"twitter:data1\" content=\"3 minutes\" \/>\n<script type=\"application\/ld+json\" class=\"yoast-schema-graph\">{\"@context\":\"https:\/\/schema.org\",\"@graph\":[{\"@type\":\"WebPage\",\"@id\":\"https:\/\/www.vacportal.com\/fr\/conseils-vente\/\",\"url\":\"https:\/\/www.vacportal.com\/fr\/conseils-vente\/\",\"name\":\"Conseils et vente - Vacportal\",\"isPartOf\":{\"@id\":\"https:\/\/www.vacportal.com\/fr\/#website\"},\"primaryImageOfPage\":{\"@id\":\"https:\/\/www.vacportal.com\/fr\/conseils-vente\/#primaryimage\"},\"image\":{\"@id\":\"https:\/\/www.vacportal.com\/fr\/conseils-vente\/#primaryimage\"},\"thumbnailUrl\":\"https:\/\/www.vacportal.com\/wp-content\/uploads\/2024\/04\/Beratung-Verkauf-Absauganlagen-Industriesauger.jpg\",\"datePublished\":\"2024-04-15T16:46:28+00:00\",\"dateModified\":\"2024-12-20T16:44:55+00:00\",\"description\":\"Vacportal\",\"breadcrumb\":{\"@id\":\"https:\/\/www.vacportal.com\/fr\/conseils-vente\/#breadcrumb\"},\"inLanguage\":\"fr-FR\",\"potentialAction\":[{\"@type\":\"ReadAction\",\"target\":[\"https:\/\/www.vacportal.com\/fr\/conseils-vente\/\"]}]},{\"@type\":\"ImageObject\",\"inLanguage\":\"fr-FR\",\"@id\":\"https:\/\/www.vacportal.com\/fr\/conseils-vente\/#primaryimage\",\"url\":\"https:\/\/www.vacportal.com\/wp-content\/uploads\/2024\/04\/Beratung-Verkauf-Absauganlagen-Industriesauger.jpg\",\"contentUrl\":\"https:\/\/www.vacportal.com\/wp-content\/uploads\/2024\/04\/Beratung-Verkauf-Absauganlagen-Industriesauger.jpg\",\"width\":2560,\"height\":480,\"caption\":\"Beratung und Verkauf von Absauganlagen und Industriesauger\"},{\"@type\":\"BreadcrumbList\",\"@id\":\"https:\/\/www.vacportal.com\/fr\/conseils-vente\/#breadcrumb\",\"itemListElement\":[{\"@type\":\"ListItem\",\"position\":1,\"name\":\"Home\",\"item\":\"https:\/\/www.vacportal.com\/fr\/\"},{\"@type\":\"ListItem\",\"position\":2,\"name\":\"Conseils et vente\"}]},{\"@type\":\"WebSite\",\"@id\":\"https:\/\/www.vacportal.com\/fr\/#website\",\"url\":\"https:\/\/www.vacportal.com\/fr\/\",\"name\":\"Vacportal AG\",\"description\":\"Industrielle Absauganlagen und Industriesauger\",\"publisher\":{\"@id\":\"https:\/\/www.vacportal.com\/fr\/#organization\"},\"alternateName\":\"Vacportal\",\"potentialAction\":[{\"@type\":\"SearchAction\",\"target\":{\"@type\":\"EntryPoint\",\"urlTemplate\":\"https:\/\/www.vacportal.com\/fr\/?s={search_term_string}\"},\"query-input\":{\"@type\":\"PropertyValueSpecification\",\"valueRequired\":true,\"valueName\":\"search_term_string\"}}],\"inLanguage\":\"fr-FR\"},{\"@type\":\"Organization\",\"@id\":\"https:\/\/www.vacportal.com\/fr\/#organization\",\"name\":\"Vacportal AG\",\"url\":\"https:\/\/www.vacportal.com\/fr\/\",\"logo\":{\"@type\":\"ImageObject\",\"inLanguage\":\"fr-FR\",\"@id\":\"https:\/\/www.vacportal.com\/fr\/#\/schema\/logo\/image\/\",\"url\":\"https:\/\/www.vacportal.com\/wp-content\/uploads\/Vacportal-Logo_2024_de.png\",\"contentUrl\":\"https:\/\/www.vacportal.com\/wp-content\/uploads\/Vacportal-Logo_2024_de.png\",\"width\":946,\"height\":446,\"caption\":\"Vacportal AG\"},\"image\":{\"@id\":\"https:\/\/www.vacportal.com\/fr\/#\/schema\/logo\/image\/\"}}]}<\/script>\n<!-- \/ Yoast SEO Premium plugin. -->","yoast_head_json":{"title":"Conseils et vente - Vacportal","description":"Vacportal","robots":{"index":"index","follow":"follow","max-snippet":"max-snippet:-1","max-image-preview":"max-image-preview:large","max-video-preview":"max-video-preview:-1"},"canonical":"https:\/\/www.vacportal.com\/fr\/conseils-vente\/","og_locale":"fr_FR","og_type":"article","og_title":"Conseils et vente","og_description":"Vacportal","og_url":"https:\/\/www.vacportal.com\/fr\/conseils-vente\/","og_site_name":"Vacportal","article_modified_time":"2024-12-20T16:44:55+00:00","og_image":[{"width":2560,"height":480,"url":"https:\/\/www.vacportal.com\/wp-content\/uploads\/2024\/04\/Beratung-Verkauf-Absauganlagen-Industriesauger.jpg","type":"image\/jpeg"}],"twitter_card":"summary_large_image","twitter_misc":{"Dur\u00e9e de lecture estim\u00e9e":"3 minutes"},"schema":{"@context":"https:\/\/schema.org","@graph":[{"@type":"WebPage","@id":"https:\/\/www.vacportal.com\/fr\/conseils-vente\/","url":"https:\/\/www.vacportal.com\/fr\/conseils-vente\/","name":"Conseils et vente - Vacportal","isPartOf":{"@id":"https:\/\/www.vacportal.com\/fr\/#website"},"primaryImageOfPage":{"@id":"https:\/\/www.vacportal.com\/fr\/conseils-vente\/#primaryimage"},"image":{"@id":"https:\/\/www.vacportal.com\/fr\/conseils-vente\/#primaryimage"},"thumbnailUrl":"https:\/\/www.vacportal.com\/wp-content\/uploads\/2024\/04\/Beratung-Verkauf-Absauganlagen-Industriesauger.jpg","datePublished":"2024-04-15T16:46:28+00:00","dateModified":"2024-12-20T16:44:55+00:00","description":"Vacportal","breadcrumb":{"@id":"https:\/\/www.vacportal.com\/fr\/conseils-vente\/#breadcrumb"},"inLanguage":"fr-FR","potentialAction":[{"@type":"ReadAction","target":["https:\/\/www.vacportal.com\/fr\/conseils-vente\/"]}]},{"@type":"ImageObject","inLanguage":"fr-FR","@id":"https:\/\/www.vacportal.com\/fr\/conseils-vente\/#primaryimage","url":"https:\/\/www.vacportal.com\/wp-content\/uploads\/2024\/04\/Beratung-Verkauf-Absauganlagen-Industriesauger.jpg","contentUrl":"https:\/\/www.vacportal.com\/wp-content\/uploads\/2024\/04\/Beratung-Verkauf-Absauganlagen-Industriesauger.jpg","width":2560,"height":480,"caption":"Beratung und Verkauf von Absauganlagen und Industriesauger"},{"@type":"BreadcrumbList","@id":"https:\/\/www.vacportal.com\/fr\/conseils-vente\/#breadcrumb","itemListElement":[{"@type":"ListItem","position":1,"name":"Home","item":"https:\/\/www.vacportal.com\/fr\/"},{"@type":"ListItem","position":2,"name":"Conseils et vente"}]},{"@type":"WebSite","@id":"https:\/\/www.vacportal.com\/fr\/#website","url":"https:\/\/www.vacportal.com\/fr\/","name":"Vacportal AG","description":"Industrielle Absauganlagen und Industriesauger","publisher":{"@id":"https:\/\/www.vacportal.com\/fr\/#organization"},"alternateName":"Vacportal","potentialAction":[{"@type":"SearchAction","target":{"@type":"EntryPoint","urlTemplate":"https:\/\/www.vacportal.com\/fr\/?s={search_term_string}"},"query-input":{"@type":"PropertyValueSpecification","valueRequired":true,"valueName":"search_term_string"}}],"inLanguage":"fr-FR"},{"@type":"Organization","@id":"https:\/\/www.vacportal.com\/fr\/#organization","name":"Vacportal AG","url":"https:\/\/www.vacportal.com\/fr\/","logo":{"@type":"ImageObject","inLanguage":"fr-FR","@id":"https:\/\/www.vacportal.com\/fr\/#\/schema\/logo\/image\/","url":"https:\/\/www.vacportal.com\/wp-content\/uploads\/Vacportal-Logo_2024_de.png","contentUrl":"https:\/\/www.vacportal.com\/wp-content\/uploads\/Vacportal-Logo_2024_de.png","width":946,"height":446,"caption":"Vacportal AG"},"image":{"@id":"https:\/\/www.vacportal.com\/fr\/#\/schema\/logo\/image\/"}}]}},"_links":{"self":[{"href":"https:\/\/www.vacportal.com\/fr\/wp-json\/wp\/v2\/pages\/646","targetHints":{"allow":["GET"]}}],"collection":[{"href":"https:\/\/www.vacportal.com\/fr\/wp-json\/wp\/v2\/pages"}],"about":[{"href":"https:\/\/www.vacportal.com\/fr\/wp-json\/wp\/v2\/types\/page"}],"author":[{"embeddable":true,"href":"https:\/\/www.vacportal.com\/fr\/wp-json\/wp\/v2\/users\/1"}],"replies":[{"embeddable":true,"href":"https:\/\/www.vacportal.com\/fr\/wp-json\/wp\/v2\/comments?post=646"}],"version-history":[{"count":0,"href":"https:\/\/www.vacportal.com\/fr\/wp-json\/wp\/v2\/pages\/646\/revisions"}],"wp:featuredmedia":[{"embeddable":true,"href":"https:\/\/www.vacportal.com\/fr\/wp-json\/wp\/v2\/media\/629"}],"wp:attachment":[{"href":"https:\/\/www.vacportal.com\/fr\/wp-json\/wp\/v2\/media?parent=646"}],"curies":[{"name":"wp","href":"https:\/\/api.w.org\/{rel}","templated":true}]}}