{"id":650,"date":"2024-04-15T10:32:13","date_gmt":"2024-04-15T10:32:13","guid":{"rendered":"http:\/\/vacportal:8080\/schieber-manuell\/"},"modified":"2025-09-21T15:13:26","modified_gmt":"2025-09-21T15:13:26","slug":"vanne-a-guillotine-manuelle","status":"publish","type":"page","link":"https:\/\/www.vacportal.com\/fr\/accessoires-installations-aspiration\/vanne-a-guillotine\/vanne-a-guillotine-manuelle\/","title":{"rendered":"Vanne \u00e0 guillotine manuelle"},"content":{"rendered":"\n<p>Vanne \u00e0 guillotine en m\u00e9tal galvanis\u00e9 de \u00d8 25 &#8211; 250 mm et vis de blocage pour un ajustement en continu. Les vannes permettent de commander et de r\u00e9guler plusieurs points d&rsquo;aspiration avec une seule installation d&rsquo;aspiration.<\/p>\n<div class=\"prodlist\">\n\n\n        <!--            <div>--><!--<\/div>-->\n\n                        <div class='uk-grid' uk-grid>\n\n                <div class=\"uk-width-1-3@m\">\n                    <div>\n                                                    <img decoding=\"async\" src=\"https:\/\/www.vacportal.com\/wp-content\/themes\/vacportal\/assets\/images\/products\/B000171.jpg\" title=\"Vanne \u00e0 guillotine \u00d8 25\" alt=\"Vanne \u00e0 guillotine \u00d8 25\" class=\"prodimg\" \/>\n                        \n                                            <\/div>\n                <\/div>\n\n\n\n\n                    <div class=\"uk-width-2-3@m \">\n                        \n                                \n\n                <div class=\"box productlistclick\" role=\"link\" tabindex=\"0\"  data-href=\"https:\/\/www.vacportal.com\/fr\/accessoires-installations-aspiration\/vanne-a-guillotine-reglage-d25\/\">\n\n\n                    <h2 class=\"listcattitle\">\n                        <a href=\"https:\/\/www.vacportal.com\/fr\/accessoires-installations-aspiration\/vanne-a-guillotine-reglage-d25\/\"\n                           title=\"Vanne \u00e0 guillotine \u00d8 25\">Vanne \u00e0 guillotine \u00d8 25<\/a>\n                    <\/h2>\n\n                    <div class=\"spec-list\">\n                        <ul><\/ul>\n                    <\/div>\n\n                    <div>\n                        <a href=\"https:\/\/www.vacportal.com\/fr\/accessoires-installations-aspiration\/vanne-a-guillotine-reglage-d25\/\"\n                           class=\"customapp_startpage_link_02\"\n                           title=\"Vanne \u00e0 guillotine \u00d8 25\"><i class=\"fa fa-arrow-circle-right\"><\/i>vers Vanne \u00e0 guillotine \u00d8 25<\/a>\n                    <\/div>\n\n                <\/div>\n                            \n        \n\n                                \n\n                <div class=\"box productlistclick\" role=\"link\" tabindex=\"0\"  data-href=\"https:\/\/www.vacportal.com\/fr\/accessoires-installations-aspiration\/vanne-a-guillotine-reglage-d30\/\">\n\n\n                    <h2 class=\"listcattitle\">\n                        <a href=\"https:\/\/www.vacportal.com\/fr\/accessoires-installations-aspiration\/vanne-a-guillotine-reglage-d30\/\"\n                           title=\"Vanne \u00e0 guillotine \u00d8 30\">Vanne \u00e0 guillotine \u00d8 30<\/a>\n                    <\/h2>\n\n                    <div class=\"spec-list\">\n                        <ul><\/ul>\n                    <\/div>\n\n                    <div>\n                        <a href=\"https:\/\/www.vacportal.com\/fr\/accessoires-installations-aspiration\/vanne-a-guillotine-reglage-d30\/\"\n                           class=\"customapp_startpage_link_02\"\n                           title=\"Vanne \u00e0 guillotine \u00d8 30\"><i class=\"fa fa-arrow-circle-right\"><\/i>vers Vanne \u00e0 guillotine \u00d8 30<\/a>\n                    <\/div>\n\n                <\/div>\n                            \n        \n\n                                \n\n                <div class=\"box productlistclick\" role=\"link\" tabindex=\"0\"  data-href=\"https:\/\/www.vacportal.com\/fr\/accessoires-installations-aspiration\/vanne-a-guillotine-reglage-d40\/\">\n\n\n                    <h2 class=\"listcattitle\">\n                        <a href=\"https:\/\/www.vacportal.com\/fr\/accessoires-installations-aspiration\/vanne-a-guillotine-reglage-d40\/\"\n                           title=\"Vanne \u00e0 guillotine \u00d8 40\">Vanne \u00e0 guillotine \u00d8 40<\/a>\n                    <\/h2>\n\n                    <div class=\"spec-list\">\n                        <ul><\/ul>\n                    <\/div>\n\n                    <div>\n                        <a href=\"https:\/\/www.vacportal.com\/fr\/accessoires-installations-aspiration\/vanne-a-guillotine-reglage-d40\/\"\n                           class=\"customapp_startpage_link_02\"\n                           title=\"Vanne \u00e0 guillotine \u00d8 40\"><i class=\"fa fa-arrow-circle-right\"><\/i>vers Vanne \u00e0 guillotine \u00d8 40<\/a>\n                    <\/div>\n\n                <\/div>\n                            \n        \n\n                                \n\n                <div class=\"box productlistclick\" role=\"link\" tabindex=\"0\"  data-href=\"https:\/\/www.vacportal.com\/fr\/accessoires-installations-aspiration\/vanne-a-guillotine-reglage-d50\/\">\n\n\n                    <h2 class=\"listcattitle\">\n                        <a href=\"https:\/\/www.vacportal.com\/fr\/accessoires-installations-aspiration\/vanne-a-guillotine-reglage-d50\/\"\n                           title=\"Vanne \u00e0 guillotine \u00d8 50\">Vanne \u00e0 guillotine \u00d8 50<\/a>\n                    <\/h2>\n\n                    <div class=\"spec-list\">\n                        <ul><\/ul>\n                    <\/div>\n\n                    <div>\n                        <a href=\"https:\/\/www.vacportal.com\/fr\/accessoires-installations-aspiration\/vanne-a-guillotine-reglage-d50\/\"\n                           class=\"customapp_startpage_link_02\"\n                           title=\"Vanne \u00e0 guillotine \u00d8 50\"><i class=\"fa fa-arrow-circle-right\"><\/i>vers Vanne \u00e0 guillotine \u00d8 50<\/a>\n                    <\/div>\n\n                <\/div>\n                            \n        \n\n                                \n\n                <div class=\"box productlistclick\" role=\"link\" tabindex=\"0\"  data-href=\"https:\/\/www.vacportal.com\/fr\/accessoires-installations-aspiration\/vanne-a-guillotine-reglage-d60\/\">\n\n\n                    <h2 class=\"listcattitle\">\n                        <a href=\"https:\/\/www.vacportal.com\/fr\/accessoires-installations-aspiration\/vanne-a-guillotine-reglage-d60\/\"\n                           title=\"Vanne \u00e0 guillotine \u00d8 60\">Vanne \u00e0 guillotine \u00d8 60<\/a>\n                    <\/h2>\n\n                    <div class=\"spec-list\">\n                        <ul><\/ul>\n                    <\/div>\n\n                    <div>\n                        <a href=\"https:\/\/www.vacportal.com\/fr\/accessoires-installations-aspiration\/vanne-a-guillotine-reglage-d60\/\"\n                           class=\"customapp_startpage_link_02\"\n                           title=\"Vanne \u00e0 guillotine \u00d8 60\"><i class=\"fa fa-arrow-circle-right\"><\/i>vers Vanne \u00e0 guillotine \u00d8 60<\/a>\n                    <\/div>\n\n                <\/div>\n                            \n        \n\n                                \n\n                <div class=\"box productlistclick\" role=\"link\" tabindex=\"0\"  data-href=\"https:\/\/www.vacportal.com\/fr\/accessoires-installations-aspiration\/vanne-a-guillotine-reglage-d70\/\">\n\n\n                    <h2 class=\"listcattitle\">\n                        <a href=\"https:\/\/www.vacportal.com\/fr\/accessoires-installations-aspiration\/vanne-a-guillotine-reglage-d70\/\"\n                           title=\"Vanne \u00e0 guillotine \u00d8 70\">Vanne \u00e0 guillotine \u00d8 70<\/a>\n                    <\/h2>\n\n                    <div class=\"spec-list\">\n                        <ul><\/ul>\n                    <\/div>\n\n                    <div>\n                        <a href=\"https:\/\/www.vacportal.com\/fr\/accessoires-installations-aspiration\/vanne-a-guillotine-reglage-d70\/\"\n                           class=\"customapp_startpage_link_02\"\n                           title=\"Vanne \u00e0 guillotine \u00d8 70\"><i class=\"fa fa-arrow-circle-right\"><\/i>vers Vanne \u00e0 guillotine \u00d8 70<\/a>\n                    <\/div>\n\n                <\/div>\n                            \n        \n        <\/div><!-- End Grid -->\n\n\n<\/div><!-- End Prodlist -->\n\n\n    <div class=\"contactbox\">\n        <div style=\"flex-grow:8;padding:20px;\">\n            T\u00e9l\u00e9phonez-nous sans engagement ou \u00e9crivez-nous un e-mail afin que nous puissions vous conseiller!\n            <br><br><b>Nous vous aidons volontiers.<\/b><br><br>T\u00e9l. +41 43 243 30 00<br>E-mail:            <script>document.write('<a class=\\\"contbox\\\" href=\\\"mailto:' + 'sales' + '@' + 'vacportal.com' +'\\\">' + 'sales' + '@' + 'vacportal.com' + '<\/a>');<\/script>\n        <\/div>\n\n        <div class=\"buttonarea\" style=\"flex-grow:2;padding:20px;text-align:right;\">\n            <button class=\"contactbutton\" onclick=\"window.location.href = '\/kontakt\/'\">FORMULAIRE DE CONTACT<\/button>\n        <\/div>\n    <\/div>\n\n\n\n\n","protected":false},"excerpt":{"rendered":"<p>Vanne \u00e0 guillotine en m\u00e9tal galvanis\u00e9 de \u00d8 25 &#8211; 250 mm et vis de blocage pour un ajustement en continu. Les vannes permettent de commander et de r\u00e9guler plusieurs points d&rsquo;aspiration avec une seule installation d&rsquo;aspiration.<\/p>\n","protected":false},"author":1,"featured_media":602,"parent":791,"menu_order":0,"comment_status":"closed","ping_status":"closed","template":"","meta":{"footnotes":""},"class_list":["post-650","page","type-page","status-publish","has-post-thumbnail","hentry"],"yoast_head":"<!-- This site is optimized with the Yoast SEO Premium plugin v27.1 (Yoast SEO v27.1.1) - https:\/\/yoast.com\/product\/yoast-seo-premium-wordpress\/ -->\n<title>Vanne \u00e0 guillotine manuelle - Vacportal<\/title>\n<meta name=\"description\" content=\"Vacportal\" \/>\n<meta name=\"robots\" content=\"index, follow, max-snippet:-1, max-image-preview:large, max-video-preview:-1\" \/>\n<link rel=\"canonical\" href=\"https:\/\/www.vacportal.com\/fr\/accessoires-installations-aspiration\/vanne-a-guillotine\/vanne-a-guillotine-manuelle\/\" \/>\n<meta property=\"og:locale\" content=\"fr_FR\" \/>\n<meta property=\"og:type\" content=\"article\" \/>\n<meta property=\"og:title\" content=\"Vanne \u00e0 guillotine manuelle\" \/>\n<meta property=\"og:description\" content=\"Vacportal\" \/>\n<meta property=\"og:url\" content=\"https:\/\/www.vacportal.com\/fr\/accessoires-installations-aspiration\/vanne-a-guillotine\/vanne-a-guillotine-manuelle\/\" \/>\n<meta property=\"og:site_name\" content=\"Vacportal\" \/>\n<meta property=\"article:modified_time\" content=\"2025-09-21T15:13:26+00:00\" \/>\n<meta property=\"og:image\" content=\"https:\/\/www.vacportal.com\/wp-content\/uploads\/2024\/04\/Industriesauger-Zubehoer.jpg\" \/>\n\t<meta property=\"og:image:width\" content=\"2560\" \/>\n\t<meta property=\"og:image:height\" content=\"480\" \/>\n\t<meta property=\"og:image:type\" content=\"image\/jpeg\" \/>\n<meta name=\"twitter:card\" content=\"summary_large_image\" \/>\n<script type=\"application\/ld+json\" class=\"yoast-schema-graph\">{\"@context\":\"https:\/\/schema.org\",\"@graph\":[{\"@type\":\"WebPage\",\"@id\":\"https:\/\/www.vacportal.com\/fr\/accessoires-installations-aspiration\/vanne-a-guillotine\/vanne-a-guillotine-manuelle\/\",\"url\":\"https:\/\/www.vacportal.com\/fr\/accessoires-installations-aspiration\/vanne-a-guillotine\/vanne-a-guillotine-manuelle\/\",\"name\":\"Vanne \u00e0 guillotine manuelle - Vacportal\",\"isPartOf\":{\"@id\":\"https:\/\/www.vacportal.com\/fr\/#website\"},\"primaryImageOfPage\":{\"@id\":\"https:\/\/www.vacportal.com\/fr\/accessoires-installations-aspiration\/vanne-a-guillotine\/vanne-a-guillotine-manuelle\/#primaryimage\"},\"image\":{\"@id\":\"https:\/\/www.vacportal.com\/fr\/accessoires-installations-aspiration\/vanne-a-guillotine\/vanne-a-guillotine-manuelle\/#primaryimage\"},\"thumbnailUrl\":\"https:\/\/www.vacportal.com\/wp-content\/uploads\/2024\/04\/Industriesauger-Zubehoer.jpg\",\"datePublished\":\"2024-04-15T10:32:13+00:00\",\"dateModified\":\"2025-09-21T15:13:26+00:00\",\"description\":\"Vacportal\",\"breadcrumb\":{\"@id\":\"https:\/\/www.vacportal.com\/fr\/accessoires-installations-aspiration\/vanne-a-guillotine\/vanne-a-guillotine-manuelle\/#breadcrumb\"},\"inLanguage\":\"fr-FR\",\"potentialAction\":[{\"@type\":\"ReadAction\",\"target\":[\"https:\/\/www.vacportal.com\/fr\/accessoires-installations-aspiration\/vanne-a-guillotine\/vanne-a-guillotine-manuelle\/\"]}]},{\"@type\":\"ImageObject\",\"inLanguage\":\"fr-FR\",\"@id\":\"https:\/\/www.vacportal.com\/fr\/accessoires-installations-aspiration\/vanne-a-guillotine\/vanne-a-guillotine-manuelle\/#primaryimage\",\"url\":\"https:\/\/www.vacportal.com\/wp-content\/uploads\/2024\/04\/Industriesauger-Zubehoer.jpg\",\"contentUrl\":\"https:\/\/www.vacportal.com\/wp-content\/uploads\/2024\/04\/Industriesauger-Zubehoer.jpg\",\"width\":2560,\"height\":480},{\"@type\":\"BreadcrumbList\",\"@id\":\"https:\/\/www.vacportal.com\/fr\/accessoires-installations-aspiration\/vanne-a-guillotine\/vanne-a-guillotine-manuelle\/#breadcrumb\",\"itemListElement\":[{\"@type\":\"ListItem\",\"position\":1,\"name\":\"Home\",\"item\":\"https:\/\/www.vacportal.com\/fr\/\"},{\"@type\":\"ListItem\",\"position\":2,\"name\":\"Accessoires pour installations d\u2019aspiration et aspirateurs industriels\",\"item\":\"https:\/\/www.vacportal.com\/fr\/accessoires-installations-aspiration\/\"},{\"@type\":\"ListItem\",\"position\":3,\"name\":\"Vanne \u00e0 guillotine\",\"item\":\"https:\/\/www.vacportal.com\/fr\/accessoires-installations-aspiration\/vanne-a-guillotine\/\"},{\"@type\":\"ListItem\",\"position\":4,\"name\":\"Vanne \u00e0 guillotine manuelle\"}]},{\"@type\":\"WebSite\",\"@id\":\"https:\/\/www.vacportal.com\/fr\/#website\",\"url\":\"https:\/\/www.vacportal.com\/fr\/\",\"name\":\"Vacportal AG\",\"description\":\"Industrielle Absauganlagen und Industriesauger\",\"publisher\":{\"@id\":\"https:\/\/www.vacportal.com\/fr\/#organization\"},\"alternateName\":\"Vacportal\",\"potentialAction\":[{\"@type\":\"SearchAction\",\"target\":{\"@type\":\"EntryPoint\",\"urlTemplate\":\"https:\/\/www.vacportal.com\/fr\/?s={search_term_string}\"},\"query-input\":{\"@type\":\"PropertyValueSpecification\",\"valueRequired\":true,\"valueName\":\"search_term_string\"}}],\"inLanguage\":\"fr-FR\"},{\"@type\":\"Organization\",\"@id\":\"https:\/\/www.vacportal.com\/fr\/#organization\",\"name\":\"Vacportal AG\",\"url\":\"https:\/\/www.vacportal.com\/fr\/\",\"logo\":{\"@type\":\"ImageObject\",\"inLanguage\":\"fr-FR\",\"@id\":\"https:\/\/www.vacportal.com\/fr\/#\/schema\/logo\/image\/\",\"url\":\"https:\/\/www.vacportal.com\/wp-content\/uploads\/Vacportal-Logo_2024_de.png\",\"contentUrl\":\"https:\/\/www.vacportal.com\/wp-content\/uploads\/Vacportal-Logo_2024_de.png\",\"width\":946,\"height\":446,\"caption\":\"Vacportal AG\"},\"image\":{\"@id\":\"https:\/\/www.vacportal.com\/fr\/#\/schema\/logo\/image\/\"}}]}<\/script>\n<!-- \/ Yoast SEO Premium plugin. -->","yoast_head_json":{"title":"Vanne \u00e0 guillotine manuelle - Vacportal","description":"Vacportal","robots":{"index":"index","follow":"follow","max-snippet":"max-snippet:-1","max-image-preview":"max-image-preview:large","max-video-preview":"max-video-preview:-1"},"canonical":"https:\/\/www.vacportal.com\/fr\/accessoires-installations-aspiration\/vanne-a-guillotine\/vanne-a-guillotine-manuelle\/","og_locale":"fr_FR","og_type":"article","og_title":"Vanne \u00e0 guillotine manuelle","og_description":"Vacportal","og_url":"https:\/\/www.vacportal.com\/fr\/accessoires-installations-aspiration\/vanne-a-guillotine\/vanne-a-guillotine-manuelle\/","og_site_name":"Vacportal","article_modified_time":"2025-09-21T15:13:26+00:00","og_image":[{"width":2560,"height":480,"url":"https:\/\/www.vacportal.com\/wp-content\/uploads\/2024\/04\/Industriesauger-Zubehoer.jpg","type":"image\/jpeg"}],"twitter_card":"summary_large_image","schema":{"@context":"https:\/\/schema.org","@graph":[{"@type":"WebPage","@id":"https:\/\/www.vacportal.com\/fr\/accessoires-installations-aspiration\/vanne-a-guillotine\/vanne-a-guillotine-manuelle\/","url":"https:\/\/www.vacportal.com\/fr\/accessoires-installations-aspiration\/vanne-a-guillotine\/vanne-a-guillotine-manuelle\/","name":"Vanne \u00e0 guillotine manuelle - Vacportal","isPartOf":{"@id":"https:\/\/www.vacportal.com\/fr\/#website"},"primaryImageOfPage":{"@id":"https:\/\/www.vacportal.com\/fr\/accessoires-installations-aspiration\/vanne-a-guillotine\/vanne-a-guillotine-manuelle\/#primaryimage"},"image":{"@id":"https:\/\/www.vacportal.com\/fr\/accessoires-installations-aspiration\/vanne-a-guillotine\/vanne-a-guillotine-manuelle\/#primaryimage"},"thumbnailUrl":"https:\/\/www.vacportal.com\/wp-content\/uploads\/2024\/04\/Industriesauger-Zubehoer.jpg","datePublished":"2024-04-15T10:32:13+00:00","dateModified":"2025-09-21T15:13:26+00:00","description":"Vacportal","breadcrumb":{"@id":"https:\/\/www.vacportal.com\/fr\/accessoires-installations-aspiration\/vanne-a-guillotine\/vanne-a-guillotine-manuelle\/#breadcrumb"},"inLanguage":"fr-FR","potentialAction":[{"@type":"ReadAction","target":["https:\/\/www.vacportal.com\/fr\/accessoires-installations-aspiration\/vanne-a-guillotine\/vanne-a-guillotine-manuelle\/"]}]},{"@type":"ImageObject","inLanguage":"fr-FR","@id":"https:\/\/www.vacportal.com\/fr\/accessoires-installations-aspiration\/vanne-a-guillotine\/vanne-a-guillotine-manuelle\/#primaryimage","url":"https:\/\/www.vacportal.com\/wp-content\/uploads\/2024\/04\/Industriesauger-Zubehoer.jpg","contentUrl":"https:\/\/www.vacportal.com\/wp-content\/uploads\/2024\/04\/Industriesauger-Zubehoer.jpg","width":2560,"height":480},{"@type":"BreadcrumbList","@id":"https:\/\/www.vacportal.com\/fr\/accessoires-installations-aspiration\/vanne-a-guillotine\/vanne-a-guillotine-manuelle\/#breadcrumb","itemListElement":[{"@type":"ListItem","position":1,"name":"Home","item":"https:\/\/www.vacportal.com\/fr\/"},{"@type":"ListItem","position":2,"name":"Accessoires pour installations d\u2019aspiration et aspirateurs industriels","item":"https:\/\/www.vacportal.com\/fr\/accessoires-installations-aspiration\/"},{"@type":"ListItem","position":3,"name":"Vanne \u00e0 guillotine","item":"https:\/\/www.vacportal.com\/fr\/accessoires-installations-aspiration\/vanne-a-guillotine\/"},{"@type":"ListItem","position":4,"name":"Vanne \u00e0 guillotine manuelle"}]},{"@type":"WebSite","@id":"https:\/\/www.vacportal.com\/fr\/#website","url":"https:\/\/www.vacportal.com\/fr\/","name":"Vacportal AG","description":"Industrielle Absauganlagen und Industriesauger","publisher":{"@id":"https:\/\/www.vacportal.com\/fr\/#organization"},"alternateName":"Vacportal","potentialAction":[{"@type":"SearchAction","target":{"@type":"EntryPoint","urlTemplate":"https:\/\/www.vacportal.com\/fr\/?s={search_term_string}"},"query-input":{"@type":"PropertyValueSpecification","valueRequired":true,"valueName":"search_term_string"}}],"inLanguage":"fr-FR"},{"@type":"Organization","@id":"https:\/\/www.vacportal.com\/fr\/#organization","name":"Vacportal AG","url":"https:\/\/www.vacportal.com\/fr\/","logo":{"@type":"ImageObject","inLanguage":"fr-FR","@id":"https:\/\/www.vacportal.com\/fr\/#\/schema\/logo\/image\/","url":"https:\/\/www.vacportal.com\/wp-content\/uploads\/Vacportal-Logo_2024_de.png","contentUrl":"https:\/\/www.vacportal.com\/wp-content\/uploads\/Vacportal-Logo_2024_de.png","width":946,"height":446,"caption":"Vacportal AG"},"image":{"@id":"https:\/\/www.vacportal.com\/fr\/#\/schema\/logo\/image\/"}}]}},"_links":{"self":[{"href":"https:\/\/www.vacportal.com\/fr\/wp-json\/wp\/v2\/pages\/650","targetHints":{"allow":["GET"]}}],"collection":[{"href":"https:\/\/www.vacportal.com\/fr\/wp-json\/wp\/v2\/pages"}],"about":[{"href":"https:\/\/www.vacportal.com\/fr\/wp-json\/wp\/v2\/types\/page"}],"author":[{"embeddable":true,"href":"https:\/\/www.vacportal.com\/fr\/wp-json\/wp\/v2\/users\/1"}],"replies":[{"embeddable":true,"href":"https:\/\/www.vacportal.com\/fr\/wp-json\/wp\/v2\/comments?post=650"}],"version-history":[{"count":0,"href":"https:\/\/www.vacportal.com\/fr\/wp-json\/wp\/v2\/pages\/650\/revisions"}],"up":[{"embeddable":true,"href":"https:\/\/www.vacportal.com\/fr\/wp-json\/wp\/v2\/pages\/791"}],"wp:featuredmedia":[{"embeddable":true,"href":"https:\/\/www.vacportal.com\/fr\/wp-json\/wp\/v2\/media\/602"}],"wp:attachment":[{"href":"https:\/\/www.vacportal.com\/fr\/wp-json\/wp\/v2\/media?parent=650"}],"curies":[{"name":"wp","href":"https:\/\/api.w.org\/{rel}","templated":true}]}}