{"id":663,"date":"2024-03-31T11:11:11","date_gmt":"2024-03-31T11:11:11","guid":{"rendered":"http:\/\/vacportal:8080\/absauganlagen-fur-den-heimgebrauch\/"},"modified":"2024-12-20T16:44:08","modified_gmt":"2024-12-20T16:44:08","slug":"installations-aspiration-particuliers","status":"publish","type":"page","link":"https:\/\/www.vacportal.com\/fr\/installations-aspiration-pour-chaque-secteur\/installations-aspiration-particuliers\/","title":{"rendered":"Installations d\u2019aspiration pour l\u2019utilisation \u00e0 domicile"},"content":{"rendered":"\n<p>La production r\u00e9alis\u00e9e \u00e0 titre de loisir est plus importante qu\u2019il n\u2019y para\u00eet. On trouve un atelier dans bon nombre de caves ou de garages, et les travaux r\u00e9alis\u00e9s chez les particuliers sont aussi vari\u00e9s que leurs auteurs. Des machines et appareils de toute sorte produisent de la poussi\u00e8re et des copeaux. Les machines et le mobilier en prennent pour leur grade et les travaux de nettoyage une fois le travail termin\u00e9 sont p\u00e9nibles.<\/p>\n\n\n\n<p>Souvent, l\u2019aspirateur industriel vendu dans les magasins de bricolage ne suffit pas pour ce genre d\u2019utilisation. C\u2019est pourquoi une installation d\u2019aspiration Vacportal de la <a href=\"https:\/\/www.vacportal.com\/fr\/installations-aspiration\/installations-aspiration-serie-sv600\/\">s\u00e9rie SV600<\/a>, v\u00e9ritable mod\u00e8le de polyvalence, est souvent utilis\u00e9e dans ce contexte.<\/p>\n\n\n\n<p>Que ce soit pour souder, poncer, coller, scier, sabler ou plus encore, la SV600 offre toujours la possibilit\u00e9 de relever les d\u00e9fis de mani\u00e8re optimale.<\/p>\n\n\n\n<p>L\u2019atelier et le mat\u00e9riel restent propres et la t\u00e2che fastidieuse de nettoyage appartient au pass\u00e9.<br><a><\/a><\/p>\n\n\n\n<h2 class=\"wp-block-heading\">Installations d\u2019aspiration pour r\u00e9novations ou transformations<\/h2>\n\n\n\n<p><strong>N\u2019oubliez pas: le probl\u00e8me peut \u00eatre r\u00e9solu!<\/strong><\/p>\n\n\n\n<p>Qui ne s\u2019est jamais retrouv\u00e9 confront\u00e9 \u00e0 cette situation? Les travaux de r\u00e9novation occasionnent forc\u00e9ment une grande quantit\u00e9 de poussi\u00e8re, que ce soit parce qu\u2019un mur doit \u00eatre abattu, des surfaces ponc\u00e9es, des \u00e9l\u00e9ments sci\u00e9s ou des trous perc\u00e9s.<\/p>\n\n\n\n<p>Et la poussi\u00e8re ne se d\u00e9pose pas seulement dans la pi\u00e8ce o\u00f9 se d\u00e9roulent les travaux, mais aussi dans les pi\u00e8ces habit\u00e9es, c\u2019est-\u00e0-dire partout o\u00f9 elle n\u2019est assur\u00e9ment pas la bienvenue. Une porte ferm\u00e9e n\u2019est pas herm\u00e9tique. Pour s\u2019assurer une bonne visibilit\u00e9, l\u2019ouvrier doit ouvrir la fen\u00eatre. La situation de surpression occasionn\u00e9e ainsi permet \u00e0 la poussi\u00e8re de passer la porte et les fissures existantes pour se disperser dans les autres pi\u00e8ces.<br>Le travail de nettoyage n\u00e9cessaire est alors de taille et d\u2019autres appareils pr\u00e9cieux peuvent \u00eatre endommag\u00e9s, \u00e0 l\u2019image des appareils photo ou des ordinateurs.<\/p>\n\n\n\n<p>Une installation d\u2019aspiration peut contribuer \u00e0 d\u00e9samorcer la situation. Avec un mod\u00e8le de Vacportal, les pi\u00e8ces \u00e0 r\u00e9nover sont transform\u00e9es en une zone de pression n\u00e9gative. L\u2019air est aspir\u00e9 dans la pi\u00e8ce \u00e0 r\u00e9nover, dont la porte est ferm\u00e9e. La poussi\u00e8re n\u2019a alors plus la possibilit\u00e9 de se disperser dans l\u2019espace d\u2019habitation.<\/p>\n\n\n\n<p>Le propri\u00e9taire a toutefois rarement l\u2019intention d\u2019acqu\u00e9rir une installation d\u2019aspiration juste pour les travaux de r\u00e9novation. C\u2019est pourquoi Vacportal loue \u00e9galement ses appareils. Ces installations d\u2019aspiration aspirent sans probl\u00e8me la poussi\u00e8re produite par les travaux et assurent la puissance d\u2019aspiration n\u00e9cessaire.<\/p>\n\n\n\n<p><a href=\"https:\/\/www.vacportal.com\/fr\/installation-aspiration-location\/\">Louer une installation d&rsquo;aspiration<\/a><\/p>\n\n\n\n\n    <div class=\"contactbox\">\n        <div style=\"flex-grow:8;padding:20px;\">\n            T\u00e9l\u00e9phonez-nous sans engagement ou \u00e9crivez-nous un e-mail afin que nous puissions vous conseiller!\n            <br><br><b>Nous vous aidons volontiers.<\/b><br><br>T\u00e9l. +41 43 243 30 00<br>E-mail:            <script>document.write('<a class=\\\"contbox\\\" href=\\\"mailto:' + 'sales' + '@' + 'vacportal.com' +'\\\">' + 'sales' + '@' + 'vacportal.com' + '<\/a>');<\/script>\n        <\/div>\n\n        <div class=\"buttonarea\" style=\"flex-grow:2;padding:20px;text-align:right;\">\n            <button class=\"contactbutton\" onclick=\"window.location.href = '\/kontakt\/'\">FORMULAIRE DE CONTACT<\/button>\n        <\/div>\n    <\/div>\n\n\n\n\n\n\n\n<p><\/p>\n","protected":false},"excerpt":{"rendered":"<p>La production r\u00e9alis\u00e9e \u00e0 titre de loisir est plus importante qu\u2019il n\u2019y para\u00eet. On trouve un atelier dans bon nombre de caves ou de garages, et les travaux r\u00e9alis\u00e9s chez les particuliers sont aussi vari\u00e9s que leurs auteurs. Des machines et appareils de toute sorte produisent de la poussi\u00e8re et des copeaux. Les machines et [&hellip;]<\/p>\n","protected":false},"author":1,"featured_media":627,"parent":812,"menu_order":0,"comment_status":"closed","ping_status":"closed","template":"","meta":{"footnotes":""},"class_list":["post-663","page","type-page","status-publish","has-post-thumbnail","hentry"],"yoast_head":"<!-- This site is optimized with the Yoast SEO Premium plugin v27.1 (Yoast SEO v27.1.1) - https:\/\/yoast.com\/product\/yoast-seo-premium-wordpress\/ -->\n<title>Installations d\u2019aspiration pour l\u2019utilisation \u00e0 domicile - Vacportal<\/title>\n<meta name=\"description\" content=\"Vacportal\" \/>\n<meta name=\"robots\" content=\"index, follow, max-snippet:-1, max-image-preview:large, max-video-preview:-1\" \/>\n<link rel=\"canonical\" href=\"https:\/\/www.vacportal.com\/fr\/installations-aspiration-pour-chaque-secteur\/installations-aspiration-particuliers\/\" \/>\n<meta property=\"og:locale\" content=\"fr_FR\" \/>\n<meta property=\"og:type\" content=\"article\" \/>\n<meta property=\"og:title\" content=\"Installations d\u2019aspiration pour l\u2019utilisation \u00e0 domicile\" \/>\n<meta property=\"og:description\" content=\"Vacportal\" \/>\n<meta property=\"og:url\" content=\"https:\/\/www.vacportal.com\/fr\/installations-aspiration-pour-chaque-secteur\/installations-aspiration-particuliers\/\" \/>\n<meta property=\"og:site_name\" content=\"Vacportal\" \/>\n<meta property=\"article:modified_time\" content=\"2024-12-20T16:44:08+00:00\" \/>\n<meta property=\"og:image\" content=\"https:\/\/www.vacportal.com\/wp-content\/uploads\/2024\/04\/Industriesauger-Heimwerker.jpg\" \/>\n\t<meta property=\"og:image:width\" content=\"2560\" \/>\n\t<meta property=\"og:image:height\" content=\"480\" \/>\n\t<meta property=\"og:image:type\" content=\"image\/jpeg\" \/>\n<meta name=\"twitter:card\" content=\"summary_large_image\" \/>\n<meta name=\"twitter:label1\" content=\"Dur\u00e9e de lecture estim\u00e9e\" \/>\n\t<meta name=\"twitter:data1\" content=\"3 minutes\" \/>\n<script type=\"application\/ld+json\" class=\"yoast-schema-graph\">{\"@context\":\"https:\/\/schema.org\",\"@graph\":[{\"@type\":\"WebPage\",\"@id\":\"https:\/\/www.vacportal.com\/fr\/installations-aspiration-pour-chaque-secteur\/installations-aspiration-particuliers\/\",\"url\":\"https:\/\/www.vacportal.com\/fr\/installations-aspiration-pour-chaque-secteur\/installations-aspiration-particuliers\/\",\"name\":\"Installations d\u2019aspiration pour l\u2019utilisation \u00e0 domicile - Vacportal\",\"isPartOf\":{\"@id\":\"https:\/\/www.vacportal.com\/fr\/#website\"},\"primaryImageOfPage\":{\"@id\":\"https:\/\/www.vacportal.com\/fr\/installations-aspiration-pour-chaque-secteur\/installations-aspiration-particuliers\/#primaryimage\"},\"image\":{\"@id\":\"https:\/\/www.vacportal.com\/fr\/installations-aspiration-pour-chaque-secteur\/installations-aspiration-particuliers\/#primaryimage\"},\"thumbnailUrl\":\"https:\/\/www.vacportal.com\/wp-content\/uploads\/2024\/04\/Industriesauger-Heimwerker.jpg\",\"datePublished\":\"2024-03-31T11:11:11+00:00\",\"dateModified\":\"2024-12-20T16:44:08+00:00\",\"description\":\"Vacportal\",\"breadcrumb\":{\"@id\":\"https:\/\/www.vacportal.com\/fr\/installations-aspiration-pour-chaque-secteur\/installations-aspiration-particuliers\/#breadcrumb\"},\"inLanguage\":\"fr-FR\",\"potentialAction\":[{\"@type\":\"ReadAction\",\"target\":[\"https:\/\/www.vacportal.com\/fr\/installations-aspiration-pour-chaque-secteur\/installations-aspiration-particuliers\/\"]}]},{\"@type\":\"ImageObject\",\"inLanguage\":\"fr-FR\",\"@id\":\"https:\/\/www.vacportal.com\/fr\/installations-aspiration-pour-chaque-secteur\/installations-aspiration-particuliers\/#primaryimage\",\"url\":\"https:\/\/www.vacportal.com\/wp-content\/uploads\/2024\/04\/Industriesauger-Heimwerker.jpg\",\"contentUrl\":\"https:\/\/www.vacportal.com\/wp-content\/uploads\/2024\/04\/Industriesauger-Heimwerker.jpg\",\"width\":2560,\"height\":480,\"caption\":\"Absauganlagen und Industriesauger f\u00fcr den Heimgebrauch und Heimwerker\"},{\"@type\":\"BreadcrumbList\",\"@id\":\"https:\/\/www.vacportal.com\/fr\/installations-aspiration-pour-chaque-secteur\/installations-aspiration-particuliers\/#breadcrumb\",\"itemListElement\":[{\"@type\":\"ListItem\",\"position\":1,\"name\":\"Home\",\"item\":\"https:\/\/www.vacportal.com\/fr\/\"},{\"@type\":\"ListItem\",\"position\":2,\"name\":\"Des installations d\u2019aspiration pour chaque secteur\",\"item\":\"https:\/\/www.vacportal.com\/fr\/installations-aspiration-pour-chaque-secteur\/\"},{\"@type\":\"ListItem\",\"position\":3,\"name\":\"Installations d\u2019aspiration pour l\u2019utilisation \u00e0 domicile\"}]},{\"@type\":\"WebSite\",\"@id\":\"https:\/\/www.vacportal.com\/fr\/#website\",\"url\":\"https:\/\/www.vacportal.com\/fr\/\",\"name\":\"Vacportal AG\",\"description\":\"Industrielle Absauganlagen und Industriesauger\",\"publisher\":{\"@id\":\"https:\/\/www.vacportal.com\/fr\/#organization\"},\"alternateName\":\"Vacportal\",\"potentialAction\":[{\"@type\":\"SearchAction\",\"target\":{\"@type\":\"EntryPoint\",\"urlTemplate\":\"https:\/\/www.vacportal.com\/fr\/?s={search_term_string}\"},\"query-input\":{\"@type\":\"PropertyValueSpecification\",\"valueRequired\":true,\"valueName\":\"search_term_string\"}}],\"inLanguage\":\"fr-FR\"},{\"@type\":\"Organization\",\"@id\":\"https:\/\/www.vacportal.com\/fr\/#organization\",\"name\":\"Vacportal AG\",\"url\":\"https:\/\/www.vacportal.com\/fr\/\",\"logo\":{\"@type\":\"ImageObject\",\"inLanguage\":\"fr-FR\",\"@id\":\"https:\/\/www.vacportal.com\/fr\/#\/schema\/logo\/image\/\",\"url\":\"https:\/\/www.vacportal.com\/wp-content\/uploads\/Vacportal-Logo_2024_de.png\",\"contentUrl\":\"https:\/\/www.vacportal.com\/wp-content\/uploads\/Vacportal-Logo_2024_de.png\",\"width\":946,\"height\":446,\"caption\":\"Vacportal AG\"},\"image\":{\"@id\":\"https:\/\/www.vacportal.com\/fr\/#\/schema\/logo\/image\/\"}}]}<\/script>\n<!-- \/ Yoast SEO Premium plugin. -->","yoast_head_json":{"title":"Installations d\u2019aspiration pour l\u2019utilisation \u00e0 domicile - Vacportal","description":"Vacportal","robots":{"index":"index","follow":"follow","max-snippet":"max-snippet:-1","max-image-preview":"max-image-preview:large","max-video-preview":"max-video-preview:-1"},"canonical":"https:\/\/www.vacportal.com\/fr\/installations-aspiration-pour-chaque-secteur\/installations-aspiration-particuliers\/","og_locale":"fr_FR","og_type":"article","og_title":"Installations d\u2019aspiration pour l\u2019utilisation \u00e0 domicile","og_description":"Vacportal","og_url":"https:\/\/www.vacportal.com\/fr\/installations-aspiration-pour-chaque-secteur\/installations-aspiration-particuliers\/","og_site_name":"Vacportal","article_modified_time":"2024-12-20T16:44:08+00:00","og_image":[{"width":2560,"height":480,"url":"https:\/\/www.vacportal.com\/wp-content\/uploads\/2024\/04\/Industriesauger-Heimwerker.jpg","type":"image\/jpeg"}],"twitter_card":"summary_large_image","twitter_misc":{"Dur\u00e9e de lecture estim\u00e9e":"3 minutes"},"schema":{"@context":"https:\/\/schema.org","@graph":[{"@type":"WebPage","@id":"https:\/\/www.vacportal.com\/fr\/installations-aspiration-pour-chaque-secteur\/installations-aspiration-particuliers\/","url":"https:\/\/www.vacportal.com\/fr\/installations-aspiration-pour-chaque-secteur\/installations-aspiration-particuliers\/","name":"Installations d\u2019aspiration pour l\u2019utilisation \u00e0 domicile - Vacportal","isPartOf":{"@id":"https:\/\/www.vacportal.com\/fr\/#website"},"primaryImageOfPage":{"@id":"https:\/\/www.vacportal.com\/fr\/installations-aspiration-pour-chaque-secteur\/installations-aspiration-particuliers\/#primaryimage"},"image":{"@id":"https:\/\/www.vacportal.com\/fr\/installations-aspiration-pour-chaque-secteur\/installations-aspiration-particuliers\/#primaryimage"},"thumbnailUrl":"https:\/\/www.vacportal.com\/wp-content\/uploads\/2024\/04\/Industriesauger-Heimwerker.jpg","datePublished":"2024-03-31T11:11:11+00:00","dateModified":"2024-12-20T16:44:08+00:00","description":"Vacportal","breadcrumb":{"@id":"https:\/\/www.vacportal.com\/fr\/installations-aspiration-pour-chaque-secteur\/installations-aspiration-particuliers\/#breadcrumb"},"inLanguage":"fr-FR","potentialAction":[{"@type":"ReadAction","target":["https:\/\/www.vacportal.com\/fr\/installations-aspiration-pour-chaque-secteur\/installations-aspiration-particuliers\/"]}]},{"@type":"ImageObject","inLanguage":"fr-FR","@id":"https:\/\/www.vacportal.com\/fr\/installations-aspiration-pour-chaque-secteur\/installations-aspiration-particuliers\/#primaryimage","url":"https:\/\/www.vacportal.com\/wp-content\/uploads\/2024\/04\/Industriesauger-Heimwerker.jpg","contentUrl":"https:\/\/www.vacportal.com\/wp-content\/uploads\/2024\/04\/Industriesauger-Heimwerker.jpg","width":2560,"height":480,"caption":"Absauganlagen und Industriesauger f\u00fcr den Heimgebrauch und Heimwerker"},{"@type":"BreadcrumbList","@id":"https:\/\/www.vacportal.com\/fr\/installations-aspiration-pour-chaque-secteur\/installations-aspiration-particuliers\/#breadcrumb","itemListElement":[{"@type":"ListItem","position":1,"name":"Home","item":"https:\/\/www.vacportal.com\/fr\/"},{"@type":"ListItem","position":2,"name":"Des installations d\u2019aspiration pour chaque secteur","item":"https:\/\/www.vacportal.com\/fr\/installations-aspiration-pour-chaque-secteur\/"},{"@type":"ListItem","position":3,"name":"Installations d\u2019aspiration pour l\u2019utilisation \u00e0 domicile"}]},{"@type":"WebSite","@id":"https:\/\/www.vacportal.com\/fr\/#website","url":"https:\/\/www.vacportal.com\/fr\/","name":"Vacportal AG","description":"Industrielle Absauganlagen und Industriesauger","publisher":{"@id":"https:\/\/www.vacportal.com\/fr\/#organization"},"alternateName":"Vacportal","potentialAction":[{"@type":"SearchAction","target":{"@type":"EntryPoint","urlTemplate":"https:\/\/www.vacportal.com\/fr\/?s={search_term_string}"},"query-input":{"@type":"PropertyValueSpecification","valueRequired":true,"valueName":"search_term_string"}}],"inLanguage":"fr-FR"},{"@type":"Organization","@id":"https:\/\/www.vacportal.com\/fr\/#organization","name":"Vacportal AG","url":"https:\/\/www.vacportal.com\/fr\/","logo":{"@type":"ImageObject","inLanguage":"fr-FR","@id":"https:\/\/www.vacportal.com\/fr\/#\/schema\/logo\/image\/","url":"https:\/\/www.vacportal.com\/wp-content\/uploads\/Vacportal-Logo_2024_de.png","contentUrl":"https:\/\/www.vacportal.com\/wp-content\/uploads\/Vacportal-Logo_2024_de.png","width":946,"height":446,"caption":"Vacportal AG"},"image":{"@id":"https:\/\/www.vacportal.com\/fr\/#\/schema\/logo\/image\/"}}]}},"_links":{"self":[{"href":"https:\/\/www.vacportal.com\/fr\/wp-json\/wp\/v2\/pages\/663","targetHints":{"allow":["GET"]}}],"collection":[{"href":"https:\/\/www.vacportal.com\/fr\/wp-json\/wp\/v2\/pages"}],"about":[{"href":"https:\/\/www.vacportal.com\/fr\/wp-json\/wp\/v2\/types\/page"}],"author":[{"embeddable":true,"href":"https:\/\/www.vacportal.com\/fr\/wp-json\/wp\/v2\/users\/1"}],"replies":[{"embeddable":true,"href":"https:\/\/www.vacportal.com\/fr\/wp-json\/wp\/v2\/comments?post=663"}],"version-history":[{"count":0,"href":"https:\/\/www.vacportal.com\/fr\/wp-json\/wp\/v2\/pages\/663\/revisions"}],"up":[{"embeddable":true,"href":"https:\/\/www.vacportal.com\/fr\/wp-json\/wp\/v2\/pages\/812"}],"wp:featuredmedia":[{"embeddable":true,"href":"https:\/\/www.vacportal.com\/fr\/wp-json\/wp\/v2\/media\/627"}],"wp:attachment":[{"href":"https:\/\/www.vacportal.com\/fr\/wp-json\/wp\/v2\/media?parent=663"}],"curies":[{"name":"wp","href":"https:\/\/api.w.org\/{rel}","templated":true}]}}