{"id":667,"date":"2024-03-31T11:10:47","date_gmt":"2024-03-31T11:10:47","guid":{"rendered":"http:\/\/vacportal:8080\/absauganlagen-fur-die-automobilindustrie\/"},"modified":"2024-12-20T16:43:28","modified_gmt":"2024-12-20T16:43:28","slug":"installations-aspiration-industrie-automobile","status":"publish","type":"page","link":"https:\/\/www.vacportal.com\/fr\/installations-aspiration-pour-chaque-secteur\/installations-aspiration-industrie-automobile\/","title":{"rendered":"Installations d\u2019aspiration pour l\u2019industrie automobile"},"content":{"rendered":"\n<p>Dans l\u2019industrie automobile, les installations d\u2019aspiration et les aspirateurs industriels sont utilis\u00e9s de mani\u00e8re tr\u00e8s vari\u00e9e. Depuis les sous-traitants jusqu\u2019aux constructeurs, chaque \u00e9tape de travail doit permettre d\u2019obtenir un produit hygi\u00e9nique et parfait.<\/p>\n\n\n\n<p>Qu\u2019il s\u2019agisse de produire des tableaux de bord, si\u00e8ges, syst\u00e8mes de freinage, dispositifs \u00e9lectroniques, ventilations, inscriptions ou plus encore, les produits doivent rester toujours parfaitement propres durant les travaux de fraisage, de collage ou de nettoyage. Un d\u00e9fi relev\u00e9 avec les produits de Vacportal.<\/p>\n\n\n\n<p>Le taux d\u2019erreurs peut ainsi \u00eatre fortement diminu\u00e9, tandis que la qualit\u00e9 et la productivit\u00e9 augmentent sensiblement.<br><a><\/a><\/p>\n\n\n\n<h2 class=\"wp-block-heading\">Nettoyage de canaux de ventilation<\/h2>\n\n\n\n<p>Lors de travaux de soudage ou de collage, la dispersion de fibres et de r\u00e9sidus n\u2019est pas exclue. our assurer la satisfaction \u00e9lev\u00e9e des clients d\u2019une part et garantir la qualit\u00e9 d\u2019autre part, les canaux des produits sont nettoy\u00e9s \u00e0 l\u2019aide d\u2019une installation d\u2019aspiration de la <a href=\"https:\/\/www.vacportal.com\/fr\/installations-aspiration\/installations-aspiration-serie-sv600\/\">s\u00e9rie SV600<\/a>. De cette mani\u00e8re, le processus de nettoyage permet d\u2019en retirer les fibres et autres r\u00e9sidus.<\/p>\n\n\n\n<p>Malgr\u00e9 les dimensions compactes de l\u2019installation, le convertisseur de fr\u00e9quence permet de produire un d\u00e9bit volumique \u00e9lev\u00e9 et un vide d\u2019air important.<\/p>\n\n\n\n<p>L\u2019installation d\u2019aspiration de la s\u00e9rie SV600 est id\u00e9ale pour une exploitation continue et ne demande aucune attention de la part du service de maintenance de l\u2019entreprise, hormis la vidange occasionnelle du tiroir.<br><a><\/a><\/p>\n\n\n\n<h2 class=\"wp-block-heading\">Production de phares<\/h2>\n\n\n\n<p>Les pi\u00e8ces entrant dans la composition des phares, \u00e0 l\u2019image du r\u00e9flecteur, sont usin\u00e9es \u00e0 peine sorties de la machine de moulage par injection. Ici, le probl\u00e8me est souvent que les pi\u00e8ces sont \u00e9lectrostatiques et qu\u2019elles attirent les copeaux et la poussi\u00e8re, difficiles \u00e0 \u00e9liminer par la suite.<\/p>\n\n\n\n<p>Avec une installation d\u2019aspiration de <a href=\"https:\/\/www.vacportal.com\/fr\/installations-aspiration\/installations-aspiration-serie-s2v600\/\">type S2V600<\/a>, des valeurs impressionnantes peuvent \u00eatre atteintes, comme une pression statique n\u00e9gative de 80 mbar coupl\u00e9e \u00e0 un d\u00e9bit volumique maximal jusqu\u2019\u00e0 2300 m3\/h.<\/p>\n\n\n\n<p>Cette performance permet de profiter d\u2019une puissance d\u2019aspiration exceptionnellement \u00e9lev\u00e9e, aussi avec des tuyaux de diam\u00e8tres \u00e0 partir de \u00d8 80 mm. Un tuyau de taille relativement r\u00e9duite permet ainsi d\u2019obtenir un puissance importante au niveau de la buse d\u2019aspiration.<\/p>\n\n\n\n<p>Gr\u00e2ce \u00e0 la vitesse de l\u2019air \u00e9lev\u00e9e ainsi obtenue, les copeaux de fraisage et de per\u00e7age sont intercept\u00e9s et aspir\u00e9s directement. Les pi\u00e8ces \u00e0 travailler peuvent alors \u00eatre transmises au processus suivant libres de poussi\u00e8re et de copeaux.<\/p>\n\n\n\n\n    <div class=\"contactbox\">\n        <div style=\"flex-grow:8;padding:20px;\">\n            T\u00e9l\u00e9phonez-nous sans engagement ou \u00e9crivez-nous un e-mail afin que nous puissions vous conseiller!\n            <br><br><b>Nous vous aidons volontiers.<\/b><br><br>T\u00e9l. +41 43 243 30 00<br>E-mail:            <script>document.write('<a class=\\\"contbox\\\" href=\\\"mailto:' + 'sales' + '@' + 'vacportal.com' +'\\\">' + 'sales' + '@' + 'vacportal.com' + '<\/a>');<\/script>\n        <\/div>\n\n        <div class=\"buttonarea\" style=\"flex-grow:2;padding:20px;text-align:right;\">\n            <button class=\"contactbutton\" onclick=\"window.location.href = '\/kontakt\/'\">FORMULAIRE DE CONTACT<\/button>\n        <\/div>\n    <\/div>\n\n\n\n\n","protected":false},"excerpt":{"rendered":"<p>Dans l\u2019industrie automobile, les installations d\u2019aspiration et les aspirateurs industriels sont utilis\u00e9s de mani\u00e8re tr\u00e8s vari\u00e9e. Depuis les sous-traitants jusqu\u2019aux constructeurs, chaque \u00e9tape de travail doit permettre d\u2019obtenir un produit hygi\u00e9nique et parfait. Qu\u2019il s\u2019agisse de produire des tableaux de bord, si\u00e8ges, syst\u00e8mes de freinage, dispositifs \u00e9lectroniques, ventilations, inscriptions ou plus encore, les produits doivent [&hellip;]<\/p>\n","protected":false},"author":1,"featured_media":626,"parent":812,"menu_order":0,"comment_status":"closed","ping_status":"closed","template":"","meta":{"footnotes":""},"class_list":["post-667","page","type-page","status-publish","has-post-thumbnail","hentry"],"yoast_head":"<!-- This site is optimized with the Yoast SEO Premium plugin v27.1 (Yoast SEO v27.1.1) - https:\/\/yoast.com\/product\/yoast-seo-premium-wordpress\/ -->\n<title>Installations d\u2019aspiration pour l\u2019industrie automobile - Vacportal<\/title>\n<meta name=\"description\" content=\"Vacportal\" \/>\n<meta name=\"robots\" content=\"index, follow, max-snippet:-1, max-image-preview:large, max-video-preview:-1\" \/>\n<link rel=\"canonical\" href=\"https:\/\/www.vacportal.com\/fr\/installations-aspiration-pour-chaque-secteur\/installations-aspiration-industrie-automobile\/\" \/>\n<meta property=\"og:locale\" content=\"fr_FR\" \/>\n<meta property=\"og:type\" content=\"article\" \/>\n<meta property=\"og:title\" content=\"Installations d\u2019aspiration pour l\u2019industrie automobile\" \/>\n<meta property=\"og:description\" content=\"Vacportal\" \/>\n<meta property=\"og:url\" content=\"https:\/\/www.vacportal.com\/fr\/installations-aspiration-pour-chaque-secteur\/installations-aspiration-industrie-automobile\/\" \/>\n<meta property=\"og:site_name\" content=\"Vacportal\" \/>\n<meta property=\"article:modified_time\" content=\"2024-12-20T16:43:28+00:00\" \/>\n<meta property=\"og:image\" content=\"https:\/\/www.vacportal.com\/wp-content\/uploads\/2024\/04\/Automobilindustrie-Absauganlagen.jpg\" \/>\n\t<meta property=\"og:image:width\" content=\"2560\" \/>\n\t<meta property=\"og:image:height\" content=\"480\" \/>\n\t<meta property=\"og:image:type\" content=\"image\/jpeg\" \/>\n<meta name=\"twitter:card\" content=\"summary_large_image\" \/>\n<meta name=\"twitter:label1\" content=\"Dur\u00e9e de lecture estim\u00e9e\" \/>\n\t<meta name=\"twitter:data1\" content=\"3 minutes\" \/>\n<script type=\"application\/ld+json\" class=\"yoast-schema-graph\">{\"@context\":\"https:\/\/schema.org\",\"@graph\":[{\"@type\":\"WebPage\",\"@id\":\"https:\/\/www.vacportal.com\/fr\/installations-aspiration-pour-chaque-secteur\/installations-aspiration-industrie-automobile\/\",\"url\":\"https:\/\/www.vacportal.com\/fr\/installations-aspiration-pour-chaque-secteur\/installations-aspiration-industrie-automobile\/\",\"name\":\"Installations d\u2019aspiration pour l\u2019industrie automobile - Vacportal\",\"isPartOf\":{\"@id\":\"https:\/\/www.vacportal.com\/fr\/#website\"},\"primaryImageOfPage\":{\"@id\":\"https:\/\/www.vacportal.com\/fr\/installations-aspiration-pour-chaque-secteur\/installations-aspiration-industrie-automobile\/#primaryimage\"},\"image\":{\"@id\":\"https:\/\/www.vacportal.com\/fr\/installations-aspiration-pour-chaque-secteur\/installations-aspiration-industrie-automobile\/#primaryimage\"},\"thumbnailUrl\":\"https:\/\/www.vacportal.com\/wp-content\/uploads\/2024\/04\/Automobilindustrie-Absauganlagen.jpg\",\"datePublished\":\"2024-03-31T11:10:47+00:00\",\"dateModified\":\"2024-12-20T16:43:28+00:00\",\"description\":\"Vacportal\",\"breadcrumb\":{\"@id\":\"https:\/\/www.vacportal.com\/fr\/installations-aspiration-pour-chaque-secteur\/installations-aspiration-industrie-automobile\/#breadcrumb\"},\"inLanguage\":\"fr-FR\",\"potentialAction\":[{\"@type\":\"ReadAction\",\"target\":[\"https:\/\/www.vacportal.com\/fr\/installations-aspiration-pour-chaque-secteur\/installations-aspiration-industrie-automobile\/\"]}]},{\"@type\":\"ImageObject\",\"inLanguage\":\"fr-FR\",\"@id\":\"https:\/\/www.vacportal.com\/fr\/installations-aspiration-pour-chaque-secteur\/installations-aspiration-industrie-automobile\/#primaryimage\",\"url\":\"https:\/\/www.vacportal.com\/wp-content\/uploads\/2024\/04\/Automobilindustrie-Absauganlagen.jpg\",\"contentUrl\":\"https:\/\/www.vacportal.com\/wp-content\/uploads\/2024\/04\/Automobilindustrie-Absauganlagen.jpg\",\"width\":2560,\"height\":480,\"caption\":\"Absauganlagen und Industriesauger f\u00fcr die Automobilindustrie\"},{\"@type\":\"BreadcrumbList\",\"@id\":\"https:\/\/www.vacportal.com\/fr\/installations-aspiration-pour-chaque-secteur\/installations-aspiration-industrie-automobile\/#breadcrumb\",\"itemListElement\":[{\"@type\":\"ListItem\",\"position\":1,\"name\":\"Home\",\"item\":\"https:\/\/www.vacportal.com\/fr\/\"},{\"@type\":\"ListItem\",\"position\":2,\"name\":\"Des installations d\u2019aspiration pour chaque secteur\",\"item\":\"https:\/\/www.vacportal.com\/fr\/installations-aspiration-pour-chaque-secteur\/\"},{\"@type\":\"ListItem\",\"position\":3,\"name\":\"Installations d\u2019aspiration pour l\u2019industrie automobile\"}]},{\"@type\":\"WebSite\",\"@id\":\"https:\/\/www.vacportal.com\/fr\/#website\",\"url\":\"https:\/\/www.vacportal.com\/fr\/\",\"name\":\"Vacportal AG\",\"description\":\"Industrielle Absauganlagen und Industriesauger\",\"publisher\":{\"@id\":\"https:\/\/www.vacportal.com\/fr\/#organization\"},\"alternateName\":\"Vacportal\",\"potentialAction\":[{\"@type\":\"SearchAction\",\"target\":{\"@type\":\"EntryPoint\",\"urlTemplate\":\"https:\/\/www.vacportal.com\/fr\/?s={search_term_string}\"},\"query-input\":{\"@type\":\"PropertyValueSpecification\",\"valueRequired\":true,\"valueName\":\"search_term_string\"}}],\"inLanguage\":\"fr-FR\"},{\"@type\":\"Organization\",\"@id\":\"https:\/\/www.vacportal.com\/fr\/#organization\",\"name\":\"Vacportal AG\",\"url\":\"https:\/\/www.vacportal.com\/fr\/\",\"logo\":{\"@type\":\"ImageObject\",\"inLanguage\":\"fr-FR\",\"@id\":\"https:\/\/www.vacportal.com\/fr\/#\/schema\/logo\/image\/\",\"url\":\"https:\/\/www.vacportal.com\/wp-content\/uploads\/Vacportal-Logo_2024_de.png\",\"contentUrl\":\"https:\/\/www.vacportal.com\/wp-content\/uploads\/Vacportal-Logo_2024_de.png\",\"width\":946,\"height\":446,\"caption\":\"Vacportal AG\"},\"image\":{\"@id\":\"https:\/\/www.vacportal.com\/fr\/#\/schema\/logo\/image\/\"}}]}<\/script>\n<!-- \/ Yoast SEO Premium plugin. -->","yoast_head_json":{"title":"Installations d\u2019aspiration pour l\u2019industrie automobile - Vacportal","description":"Vacportal","robots":{"index":"index","follow":"follow","max-snippet":"max-snippet:-1","max-image-preview":"max-image-preview:large","max-video-preview":"max-video-preview:-1"},"canonical":"https:\/\/www.vacportal.com\/fr\/installations-aspiration-pour-chaque-secteur\/installations-aspiration-industrie-automobile\/","og_locale":"fr_FR","og_type":"article","og_title":"Installations d\u2019aspiration pour l\u2019industrie automobile","og_description":"Vacportal","og_url":"https:\/\/www.vacportal.com\/fr\/installations-aspiration-pour-chaque-secteur\/installations-aspiration-industrie-automobile\/","og_site_name":"Vacportal","article_modified_time":"2024-12-20T16:43:28+00:00","og_image":[{"width":2560,"height":480,"url":"https:\/\/www.vacportal.com\/wp-content\/uploads\/2024\/04\/Automobilindustrie-Absauganlagen.jpg","type":"image\/jpeg"}],"twitter_card":"summary_large_image","twitter_misc":{"Dur\u00e9e de lecture estim\u00e9e":"3 minutes"},"schema":{"@context":"https:\/\/schema.org","@graph":[{"@type":"WebPage","@id":"https:\/\/www.vacportal.com\/fr\/installations-aspiration-pour-chaque-secteur\/installations-aspiration-industrie-automobile\/","url":"https:\/\/www.vacportal.com\/fr\/installations-aspiration-pour-chaque-secteur\/installations-aspiration-industrie-automobile\/","name":"Installations d\u2019aspiration pour l\u2019industrie automobile - Vacportal","isPartOf":{"@id":"https:\/\/www.vacportal.com\/fr\/#website"},"primaryImageOfPage":{"@id":"https:\/\/www.vacportal.com\/fr\/installations-aspiration-pour-chaque-secteur\/installations-aspiration-industrie-automobile\/#primaryimage"},"image":{"@id":"https:\/\/www.vacportal.com\/fr\/installations-aspiration-pour-chaque-secteur\/installations-aspiration-industrie-automobile\/#primaryimage"},"thumbnailUrl":"https:\/\/www.vacportal.com\/wp-content\/uploads\/2024\/04\/Automobilindustrie-Absauganlagen.jpg","datePublished":"2024-03-31T11:10:47+00:00","dateModified":"2024-12-20T16:43:28+00:00","description":"Vacportal","breadcrumb":{"@id":"https:\/\/www.vacportal.com\/fr\/installations-aspiration-pour-chaque-secteur\/installations-aspiration-industrie-automobile\/#breadcrumb"},"inLanguage":"fr-FR","potentialAction":[{"@type":"ReadAction","target":["https:\/\/www.vacportal.com\/fr\/installations-aspiration-pour-chaque-secteur\/installations-aspiration-industrie-automobile\/"]}]},{"@type":"ImageObject","inLanguage":"fr-FR","@id":"https:\/\/www.vacportal.com\/fr\/installations-aspiration-pour-chaque-secteur\/installations-aspiration-industrie-automobile\/#primaryimage","url":"https:\/\/www.vacportal.com\/wp-content\/uploads\/2024\/04\/Automobilindustrie-Absauganlagen.jpg","contentUrl":"https:\/\/www.vacportal.com\/wp-content\/uploads\/2024\/04\/Automobilindustrie-Absauganlagen.jpg","width":2560,"height":480,"caption":"Absauganlagen und Industriesauger f\u00fcr die Automobilindustrie"},{"@type":"BreadcrumbList","@id":"https:\/\/www.vacportal.com\/fr\/installations-aspiration-pour-chaque-secteur\/installations-aspiration-industrie-automobile\/#breadcrumb","itemListElement":[{"@type":"ListItem","position":1,"name":"Home","item":"https:\/\/www.vacportal.com\/fr\/"},{"@type":"ListItem","position":2,"name":"Des installations d\u2019aspiration pour chaque secteur","item":"https:\/\/www.vacportal.com\/fr\/installations-aspiration-pour-chaque-secteur\/"},{"@type":"ListItem","position":3,"name":"Installations d\u2019aspiration pour l\u2019industrie automobile"}]},{"@type":"WebSite","@id":"https:\/\/www.vacportal.com\/fr\/#website","url":"https:\/\/www.vacportal.com\/fr\/","name":"Vacportal AG","description":"Industrielle Absauganlagen und Industriesauger","publisher":{"@id":"https:\/\/www.vacportal.com\/fr\/#organization"},"alternateName":"Vacportal","potentialAction":[{"@type":"SearchAction","target":{"@type":"EntryPoint","urlTemplate":"https:\/\/www.vacportal.com\/fr\/?s={search_term_string}"},"query-input":{"@type":"PropertyValueSpecification","valueRequired":true,"valueName":"search_term_string"}}],"inLanguage":"fr-FR"},{"@type":"Organization","@id":"https:\/\/www.vacportal.com\/fr\/#organization","name":"Vacportal AG","url":"https:\/\/www.vacportal.com\/fr\/","logo":{"@type":"ImageObject","inLanguage":"fr-FR","@id":"https:\/\/www.vacportal.com\/fr\/#\/schema\/logo\/image\/","url":"https:\/\/www.vacportal.com\/wp-content\/uploads\/Vacportal-Logo_2024_de.png","contentUrl":"https:\/\/www.vacportal.com\/wp-content\/uploads\/Vacportal-Logo_2024_de.png","width":946,"height":446,"caption":"Vacportal AG"},"image":{"@id":"https:\/\/www.vacportal.com\/fr\/#\/schema\/logo\/image\/"}}]}},"_links":{"self":[{"href":"https:\/\/www.vacportal.com\/fr\/wp-json\/wp\/v2\/pages\/667","targetHints":{"allow":["GET"]}}],"collection":[{"href":"https:\/\/www.vacportal.com\/fr\/wp-json\/wp\/v2\/pages"}],"about":[{"href":"https:\/\/www.vacportal.com\/fr\/wp-json\/wp\/v2\/types\/page"}],"author":[{"embeddable":true,"href":"https:\/\/www.vacportal.com\/fr\/wp-json\/wp\/v2\/users\/1"}],"replies":[{"embeddable":true,"href":"https:\/\/www.vacportal.com\/fr\/wp-json\/wp\/v2\/comments?post=667"}],"version-history":[{"count":0,"href":"https:\/\/www.vacportal.com\/fr\/wp-json\/wp\/v2\/pages\/667\/revisions"}],"up":[{"embeddable":true,"href":"https:\/\/www.vacportal.com\/fr\/wp-json\/wp\/v2\/pages\/812"}],"wp:featuredmedia":[{"embeddable":true,"href":"https:\/\/www.vacportal.com\/fr\/wp-json\/wp\/v2\/media\/626"}],"wp:attachment":[{"href":"https:\/\/www.vacportal.com\/fr\/wp-json\/wp\/v2\/media?parent=667"}],"curies":[{"name":"wp","href":"https:\/\/api.w.org\/{rel}","templated":true}]}}