{"id":671,"date":"2024-03-31T11:10:24","date_gmt":"2024-03-31T11:10:24","guid":{"rendered":"http:\/\/vacportal:8080\/absauganlagen-fur-die-lebensmittelindustrie\/"},"modified":"2024-12-20T16:43:03","modified_gmt":"2024-12-20T16:43:03","slug":"installations-aspiration-industrie-alimentaire","status":"publish","type":"page","link":"https:\/\/www.vacportal.com\/fr\/installations-aspiration-pour-chaque-secteur\/installations-aspiration-industrie-alimentaire\/","title":{"rendered":"Installations d\u2019aspiration pour l\u2019industrie alimentaire"},"content":{"rendered":"\n<p>Diff\u00e9rents processus provoquent de la poussi\u00e8re, des fragments et des d\u00e9chets ou ces processus visent \u00e0 emballer de la marchandise proprement. Dans pareils cas, nos clients ont volontiers recours aux installations d\u2019aspiration Vacportal des <a href=\"https:\/\/www.vacportal.com\/fr\/installations-aspiration\/installations-aspiration-serie-sv600\/\">s\u00e9ries SV600<\/a> et <a href=\"https:\/\/www.vacportal.com\/fr\/installations-aspiration\/installations-aspiration-serie-rv600\/\">RV600<\/a>.<\/p>\n\n\n\n<p>Ces appareils sont \u00e9quip\u00e9s de grandes surfaces de filtres et restent propres gr\u00e2ce aux dispositifs de d\u00e9colmatage tr\u00e8s efficaces, garantissant un flux d\u2019air constant au point d\u2019aspiration. La surveillance du filtre d\u00e9clenche automatiquement le d\u00e9colmatage d\u00e8s qu\u2019il est n\u00e9cessaire.<\/p>\n\n\n\n<p>Optimis\u00e9e gr\u00e2ce \u00e0 des puissances d\u2019aspiration, des d\u00e9bits volumiques ou des niveaux de pression n\u00e9gative variables, l\u2019installation d\u2019aspiration peut \u00eatre adapt\u00e9e aux besoins des clients.<br>Les installations d\u2019aspiration peuvent \u00eatre enclench\u00e9es et d\u00e9clench\u00e9es sur place ou, si cela est souhait\u00e9, par l\u2019interm\u00e9diaire des diff\u00e9rentes commandes des machines. Une surveillance par alarme peut par ailleurs aussi \u00eatre assur\u00e9e au moyen d\u2019un contact libre de potentiel.<\/p>\n\n\n\n<p>La productivit\u00e9 des diff\u00e9rentes \u00e9tapes de processus est accrue par l\u2019am\u00e9lioration des conditions d\u2019hygi\u00e8ne, tandis que la qualit\u00e9 et le degr\u00e9 d\u2019automatisation sont augment\u00e9s. La maintenance se limite \u00e0 un minimum et les installations peuvent sans probl\u00e8me fonctionner en continu.<br><a><\/a><\/p>\n\n\n\n<p>Exemples d\u2019utilisation avec les installations d\u2019aspiration des <a href=\"https:\/\/www.vacportal.com\/fr\/installations-aspiration\/installations-aspiration-serie-sv600\/\">s\u00e9ries SV600<\/a> et <a href=\"https:\/\/www.vacportal.com\/fr\/installations-aspiration\/installations-aspiration-serie-rv600\/\">RV600<\/a>:<\/p>\n\n\n\n<ul class=\"wp-block-list\">\n<li>Nettoyage de tapis ou de cha\u00eenes de transport<\/li>\n\n\n\n<li>Nettoyage de plateformes de transport<\/li>\n\n\n\n<li>Aspiration de poussi\u00e8re dans les installations de remplissage<\/li>\n\n\n\n<li>Aspiration de fragments et de mat\u00e9riaux non conformes dans les installations d\u2019emballage<\/li>\n<\/ul>\n\n\n\n<p>Suivant l\u2019appareil, l\u2019ex\u00e9cution standard suffit. En cas de besoin, elle peut cependant \u00eatre compl\u00e9t\u00e9e de configurations suppl\u00e9mentaires:<\/p>\n\n\n\n<ul class=\"wp-block-list\">\n<li>Ex\u00e9cution inoxydable<\/li>\n\n\n\n<li>Bras d\u2019aspiration FDA<\/li>\n\n\n\n<li>Filtre en t\u00e9flon pour substances collantes<\/li>\n\n\n\n<li>Filtres \u00e0 particules en suspension HEPA H10 \u2013 H13<\/li>\n\n\n\n<li>Tuyaux FDA<\/li>\n\n\n\n<li>Vannes de r\u00e9gulation<\/li>\n\n\n\n<li>Commandes sur place et externes<\/li>\n\n\n\n<li>Surveillance des filtres pour leur d\u00e9colmatage<\/li>\n<\/ul>\n\n\n\n<p><a><\/a><\/p>\n\n\n\n<h2 class=\"wp-block-heading\">Tapis de transport<\/h2>\n\n\n\n<p>Les poussi\u00e8res et les fragments se d\u00e9posent volontiers sur les tapis de transport.<br>Des buses d\u2019aspiration avec des vitesses d\u2019air aussi \u00e9lev\u00e9es que possible sont n\u00e9cessaires pour de telles applications et \u00e9liminer ce genre de d\u00e9p\u00f4ts.<br>Une pression n\u00e9gative importante est indispensable pour obtenir des vitesses de l\u2019air importantes.<\/p>\n\n\n\n<p>Les installations d\u2019aspiration des <a href=\"https:\/\/www.vacportal.com\/fr\/installations-aspiration\/installations-aspiration-serie-sv600\/\">types SV600<\/a> et <a href=\"https:\/\/www.vacportal.com\/fr\/installations-aspiration\/installations-aspiration-serie-s2v600\/\">S2V600<\/a>, \u00e9quip\u00e9es de convertisseur de fr\u00e9quence, assurent des d\u00e9bits volum\u00e9triques et un vide d\u2019air important gr\u00e2ce \u00e0 leurs moteurs.<\/p>\n\n\n\n<p>Les impuret\u00e9s sont ainsi \u00e9limin\u00e9es de fa\u00e7on efficace, tandis que la qualit\u00e9 et la cadence augmentent.<br><a><\/a><\/p>\n\n\n\n<h2 class=\"wp-block-heading\">Installations d\u2019aspiration pour syst\u00e8mes de remplissage dans l\u2019industrie alimentaire<\/h2>\n\n\n\n<p>Lorsque les poudres et produits alimentaires sont remplis ou reconditionn\u00e9s, la formation de poussi\u00e8re est incontournable. Les fines poussi\u00e8res sont probl\u00e9matiques puisqu\u2019elles se dispersent dans la halle de production avant de se d\u00e9poser sur les machines.<\/p>\n\n\n\n<p>Ces poussi\u00e8res sont souvent aspir\u00e9es par les installations de Vacportal de la <a href=\"https:\/\/www.vacportal.com\/fr\/installations-aspiration\/installations-aspiration-serie-rv600\/\">s\u00e9rie RV600<\/a>. Il n\u2019est en outre pas rare que ces installations soient \u00e9quip\u00e9es d\u2019un bras d\u2019aspiration.<\/p>\n\n\n\n<p>Plus la poussi\u00e8re est fine est plus le filtre est mis \u00e0 contribution. Les installations d\u2019aspiration de la s\u00e9rie RV600 sont \u00e9quip\u00e9es de filtres de grandes surfaces et d\u2019un dispositif de d\u00e9colmatage efficace.<\/p>\n\n\n\n<p>Une puissance d\u2019aspiration continue est ainsi assur\u00e9e et permet d\u2019aspirer la poussi\u00e8re avec une efficacit\u00e9 constante.<\/p>\n\n\n\n<p>Votre installation d\u2019aspiration peut \u00eatre configur\u00e9e de la mani\u00e8re suivante:<\/p>\n\n\n\n<ul class=\"wp-block-list\">\n<li>Puissance d\u2019aspiration ajustable avec convertisseur de fr\u00e9quence<\/li>\n\n\n\n<li>Ex\u00e9cution inoxydable<\/li>\n\n\n\n<li>Bras d\u2019aspiration FDA<\/li>\n\n\n\n<li>Filtre en t\u00e9flon pour substances collantes<\/li>\n\n\n\n<li>Filtres \u00e0 particules en suspension HEPA H10 \u2013 H13 pour un r\u00e9sultat maximal<\/li>\n<\/ul>\n\n\n\n<p>Pour vous, l\u2019essentiel est de savoir ce qui suit: le type SV600 convient \u00e9galement si le d\u00e9veloppement de poussi\u00e8re est peu cons\u00e9quent.<\/p>\n\n\n\n\n    <div class=\"contactbox\">\n        <div style=\"flex-grow:8;padding:20px;\">\n            T\u00e9l\u00e9phonez-nous sans engagement ou \u00e9crivez-nous un e-mail afin que nous puissions vous conseiller!\n            <br><br><b>Nous vous aidons volontiers.<\/b><br><br>T\u00e9l. +41 43 243 30 00<br>E-mail:            <script>document.write('<a class=\\\"contbox\\\" href=\\\"mailto:' + 'sales' + '@' + 'vacportal.com' +'\\\">' + 'sales' + '@' + 'vacportal.com' + '<\/a>');<\/script>\n        <\/div>\n\n        <div class=\"buttonarea\" style=\"flex-grow:2;padding:20px;text-align:right;\">\n            <button class=\"contactbutton\" onclick=\"window.location.href = '\/kontakt\/'\">FORMULAIRE DE CONTACT<\/button>\n        <\/div>\n    <\/div>\n\n\n\n\n","protected":false},"excerpt":{"rendered":"<p>Diff\u00e9rents processus provoquent de la poussi\u00e8re, des fragments et des d\u00e9chets ou ces processus visent \u00e0 emballer de la marchandise proprement. Dans pareils cas, nos clients ont volontiers recours aux installations d\u2019aspiration Vacportal des s\u00e9ries SV600 et RV600. Ces appareils sont \u00e9quip\u00e9s de grandes surfaces de filtres et restent propres gr\u00e2ce aux dispositifs de d\u00e9colmatage [&hellip;]<\/p>\n","protected":false},"author":1,"featured_media":625,"parent":812,"menu_order":0,"comment_status":"closed","ping_status":"closed","template":"","meta":{"footnotes":""},"class_list":["post-671","page","type-page","status-publish","has-post-thumbnail","hentry"],"yoast_head":"<!-- This site is optimized with the Yoast SEO Premium plugin v27.1 (Yoast SEO v27.1.1) - https:\/\/yoast.com\/product\/yoast-seo-premium-wordpress\/ -->\n<title>Installations d\u2019aspiration pour l\u2019industrie alimentaire - Vacportal<\/title>\n<meta name=\"description\" content=\"Vacportal\" \/>\n<meta name=\"robots\" content=\"index, follow, max-snippet:-1, max-image-preview:large, max-video-preview:-1\" \/>\n<link rel=\"canonical\" href=\"https:\/\/www.vacportal.com\/fr\/installations-aspiration-pour-chaque-secteur\/installations-aspiration-industrie-alimentaire\/\" \/>\n<meta property=\"og:locale\" content=\"fr_FR\" \/>\n<meta property=\"og:type\" content=\"article\" \/>\n<meta property=\"og:title\" content=\"Installations d\u2019aspiration pour l\u2019industrie alimentaire\" \/>\n<meta property=\"og:description\" content=\"Vacportal\" \/>\n<meta property=\"og:url\" content=\"https:\/\/www.vacportal.com\/fr\/installations-aspiration-pour-chaque-secteur\/installations-aspiration-industrie-alimentaire\/\" \/>\n<meta property=\"og:site_name\" content=\"Vacportal\" \/>\n<meta property=\"article:modified_time\" content=\"2024-12-20T16:43:03+00:00\" \/>\n<meta property=\"og:image\" content=\"https:\/\/www.vacportal.com\/wp-content\/uploads\/2024\/04\/Lebensmittelindustrie-Absauganlagen.jpg\" \/>\n\t<meta property=\"og:image:width\" content=\"2560\" \/>\n\t<meta property=\"og:image:height\" content=\"480\" \/>\n\t<meta property=\"og:image:type\" content=\"image\/jpeg\" \/>\n<meta name=\"twitter:card\" content=\"summary_large_image\" \/>\n<meta name=\"twitter:label1\" content=\"Dur\u00e9e de lecture estim\u00e9e\" \/>\n\t<meta name=\"twitter:data1\" content=\"4 minutes\" \/>\n<script type=\"application\/ld+json\" class=\"yoast-schema-graph\">{\"@context\":\"https:\/\/schema.org\",\"@graph\":[{\"@type\":\"WebPage\",\"@id\":\"https:\/\/www.vacportal.com\/fr\/installations-aspiration-pour-chaque-secteur\/installations-aspiration-industrie-alimentaire\/\",\"url\":\"https:\/\/www.vacportal.com\/fr\/installations-aspiration-pour-chaque-secteur\/installations-aspiration-industrie-alimentaire\/\",\"name\":\"Installations d\u2019aspiration pour l\u2019industrie alimentaire - Vacportal\",\"isPartOf\":{\"@id\":\"https:\/\/www.vacportal.com\/fr\/#website\"},\"primaryImageOfPage\":{\"@id\":\"https:\/\/www.vacportal.com\/fr\/installations-aspiration-pour-chaque-secteur\/installations-aspiration-industrie-alimentaire\/#primaryimage\"},\"image\":{\"@id\":\"https:\/\/www.vacportal.com\/fr\/installations-aspiration-pour-chaque-secteur\/installations-aspiration-industrie-alimentaire\/#primaryimage\"},\"thumbnailUrl\":\"https:\/\/www.vacportal.com\/wp-content\/uploads\/2024\/04\/Lebensmittelindustrie-Absauganlagen.jpg\",\"datePublished\":\"2024-03-31T11:10:24+00:00\",\"dateModified\":\"2024-12-20T16:43:03+00:00\",\"description\":\"Vacportal\",\"breadcrumb\":{\"@id\":\"https:\/\/www.vacportal.com\/fr\/installations-aspiration-pour-chaque-secteur\/installations-aspiration-industrie-alimentaire\/#breadcrumb\"},\"inLanguage\":\"fr-FR\",\"potentialAction\":[{\"@type\":\"ReadAction\",\"target\":[\"https:\/\/www.vacportal.com\/fr\/installations-aspiration-pour-chaque-secteur\/installations-aspiration-industrie-alimentaire\/\"]}]},{\"@type\":\"ImageObject\",\"inLanguage\":\"fr-FR\",\"@id\":\"https:\/\/www.vacportal.com\/fr\/installations-aspiration-pour-chaque-secteur\/installations-aspiration-industrie-alimentaire\/#primaryimage\",\"url\":\"https:\/\/www.vacportal.com\/wp-content\/uploads\/2024\/04\/Lebensmittelindustrie-Absauganlagen.jpg\",\"contentUrl\":\"https:\/\/www.vacportal.com\/wp-content\/uploads\/2024\/04\/Lebensmittelindustrie-Absauganlagen.jpg\",\"width\":2560,\"height\":480,\"caption\":\"Absauganlagen und Industriesauger f\u00fcr die Lebensmittelindustrie\"},{\"@type\":\"BreadcrumbList\",\"@id\":\"https:\/\/www.vacportal.com\/fr\/installations-aspiration-pour-chaque-secteur\/installations-aspiration-industrie-alimentaire\/#breadcrumb\",\"itemListElement\":[{\"@type\":\"ListItem\",\"position\":1,\"name\":\"Home\",\"item\":\"https:\/\/www.vacportal.com\/fr\/\"},{\"@type\":\"ListItem\",\"position\":2,\"name\":\"Des installations d\u2019aspiration pour chaque secteur\",\"item\":\"https:\/\/www.vacportal.com\/fr\/installations-aspiration-pour-chaque-secteur\/\"},{\"@type\":\"ListItem\",\"position\":3,\"name\":\"Installations d\u2019aspiration pour l\u2019industrie alimentaire\"}]},{\"@type\":\"WebSite\",\"@id\":\"https:\/\/www.vacportal.com\/fr\/#website\",\"url\":\"https:\/\/www.vacportal.com\/fr\/\",\"name\":\"Vacportal AG\",\"description\":\"Industrielle Absauganlagen und Industriesauger\",\"publisher\":{\"@id\":\"https:\/\/www.vacportal.com\/fr\/#organization\"},\"alternateName\":\"Vacportal\",\"potentialAction\":[{\"@type\":\"SearchAction\",\"target\":{\"@type\":\"EntryPoint\",\"urlTemplate\":\"https:\/\/www.vacportal.com\/fr\/?s={search_term_string}\"},\"query-input\":{\"@type\":\"PropertyValueSpecification\",\"valueRequired\":true,\"valueName\":\"search_term_string\"}}],\"inLanguage\":\"fr-FR\"},{\"@type\":\"Organization\",\"@id\":\"https:\/\/www.vacportal.com\/fr\/#organization\",\"name\":\"Vacportal AG\",\"url\":\"https:\/\/www.vacportal.com\/fr\/\",\"logo\":{\"@type\":\"ImageObject\",\"inLanguage\":\"fr-FR\",\"@id\":\"https:\/\/www.vacportal.com\/fr\/#\/schema\/logo\/image\/\",\"url\":\"https:\/\/www.vacportal.com\/wp-content\/uploads\/Vacportal-Logo_2024_de.png\",\"contentUrl\":\"https:\/\/www.vacportal.com\/wp-content\/uploads\/Vacportal-Logo_2024_de.png\",\"width\":946,\"height\":446,\"caption\":\"Vacportal AG\"},\"image\":{\"@id\":\"https:\/\/www.vacportal.com\/fr\/#\/schema\/logo\/image\/\"}}]}<\/script>\n<!-- \/ Yoast SEO Premium plugin. -->","yoast_head_json":{"title":"Installations d\u2019aspiration pour l\u2019industrie alimentaire - Vacportal","description":"Vacportal","robots":{"index":"index","follow":"follow","max-snippet":"max-snippet:-1","max-image-preview":"max-image-preview:large","max-video-preview":"max-video-preview:-1"},"canonical":"https:\/\/www.vacportal.com\/fr\/installations-aspiration-pour-chaque-secteur\/installations-aspiration-industrie-alimentaire\/","og_locale":"fr_FR","og_type":"article","og_title":"Installations d\u2019aspiration pour l\u2019industrie alimentaire","og_description":"Vacportal","og_url":"https:\/\/www.vacportal.com\/fr\/installations-aspiration-pour-chaque-secteur\/installations-aspiration-industrie-alimentaire\/","og_site_name":"Vacportal","article_modified_time":"2024-12-20T16:43:03+00:00","og_image":[{"width":2560,"height":480,"url":"https:\/\/www.vacportal.com\/wp-content\/uploads\/2024\/04\/Lebensmittelindustrie-Absauganlagen.jpg","type":"image\/jpeg"}],"twitter_card":"summary_large_image","twitter_misc":{"Dur\u00e9e de lecture estim\u00e9e":"4 minutes"},"schema":{"@context":"https:\/\/schema.org","@graph":[{"@type":"WebPage","@id":"https:\/\/www.vacportal.com\/fr\/installations-aspiration-pour-chaque-secteur\/installations-aspiration-industrie-alimentaire\/","url":"https:\/\/www.vacportal.com\/fr\/installations-aspiration-pour-chaque-secteur\/installations-aspiration-industrie-alimentaire\/","name":"Installations d\u2019aspiration pour l\u2019industrie alimentaire - Vacportal","isPartOf":{"@id":"https:\/\/www.vacportal.com\/fr\/#website"},"primaryImageOfPage":{"@id":"https:\/\/www.vacportal.com\/fr\/installations-aspiration-pour-chaque-secteur\/installations-aspiration-industrie-alimentaire\/#primaryimage"},"image":{"@id":"https:\/\/www.vacportal.com\/fr\/installations-aspiration-pour-chaque-secteur\/installations-aspiration-industrie-alimentaire\/#primaryimage"},"thumbnailUrl":"https:\/\/www.vacportal.com\/wp-content\/uploads\/2024\/04\/Lebensmittelindustrie-Absauganlagen.jpg","datePublished":"2024-03-31T11:10:24+00:00","dateModified":"2024-12-20T16:43:03+00:00","description":"Vacportal","breadcrumb":{"@id":"https:\/\/www.vacportal.com\/fr\/installations-aspiration-pour-chaque-secteur\/installations-aspiration-industrie-alimentaire\/#breadcrumb"},"inLanguage":"fr-FR","potentialAction":[{"@type":"ReadAction","target":["https:\/\/www.vacportal.com\/fr\/installations-aspiration-pour-chaque-secteur\/installations-aspiration-industrie-alimentaire\/"]}]},{"@type":"ImageObject","inLanguage":"fr-FR","@id":"https:\/\/www.vacportal.com\/fr\/installations-aspiration-pour-chaque-secteur\/installations-aspiration-industrie-alimentaire\/#primaryimage","url":"https:\/\/www.vacportal.com\/wp-content\/uploads\/2024\/04\/Lebensmittelindustrie-Absauganlagen.jpg","contentUrl":"https:\/\/www.vacportal.com\/wp-content\/uploads\/2024\/04\/Lebensmittelindustrie-Absauganlagen.jpg","width":2560,"height":480,"caption":"Absauganlagen und Industriesauger f\u00fcr die Lebensmittelindustrie"},{"@type":"BreadcrumbList","@id":"https:\/\/www.vacportal.com\/fr\/installations-aspiration-pour-chaque-secteur\/installations-aspiration-industrie-alimentaire\/#breadcrumb","itemListElement":[{"@type":"ListItem","position":1,"name":"Home","item":"https:\/\/www.vacportal.com\/fr\/"},{"@type":"ListItem","position":2,"name":"Des installations d\u2019aspiration pour chaque secteur","item":"https:\/\/www.vacportal.com\/fr\/installations-aspiration-pour-chaque-secteur\/"},{"@type":"ListItem","position":3,"name":"Installations d\u2019aspiration pour l\u2019industrie alimentaire"}]},{"@type":"WebSite","@id":"https:\/\/www.vacportal.com\/fr\/#website","url":"https:\/\/www.vacportal.com\/fr\/","name":"Vacportal AG","description":"Industrielle Absauganlagen und Industriesauger","publisher":{"@id":"https:\/\/www.vacportal.com\/fr\/#organization"},"alternateName":"Vacportal","potentialAction":[{"@type":"SearchAction","target":{"@type":"EntryPoint","urlTemplate":"https:\/\/www.vacportal.com\/fr\/?s={search_term_string}"},"query-input":{"@type":"PropertyValueSpecification","valueRequired":true,"valueName":"search_term_string"}}],"inLanguage":"fr-FR"},{"@type":"Organization","@id":"https:\/\/www.vacportal.com\/fr\/#organization","name":"Vacportal AG","url":"https:\/\/www.vacportal.com\/fr\/","logo":{"@type":"ImageObject","inLanguage":"fr-FR","@id":"https:\/\/www.vacportal.com\/fr\/#\/schema\/logo\/image\/","url":"https:\/\/www.vacportal.com\/wp-content\/uploads\/Vacportal-Logo_2024_de.png","contentUrl":"https:\/\/www.vacportal.com\/wp-content\/uploads\/Vacportal-Logo_2024_de.png","width":946,"height":446,"caption":"Vacportal AG"},"image":{"@id":"https:\/\/www.vacportal.com\/fr\/#\/schema\/logo\/image\/"}}]}},"_links":{"self":[{"href":"https:\/\/www.vacportal.com\/fr\/wp-json\/wp\/v2\/pages\/671","targetHints":{"allow":["GET"]}}],"collection":[{"href":"https:\/\/www.vacportal.com\/fr\/wp-json\/wp\/v2\/pages"}],"about":[{"href":"https:\/\/www.vacportal.com\/fr\/wp-json\/wp\/v2\/types\/page"}],"author":[{"embeddable":true,"href":"https:\/\/www.vacportal.com\/fr\/wp-json\/wp\/v2\/users\/1"}],"replies":[{"embeddable":true,"href":"https:\/\/www.vacportal.com\/fr\/wp-json\/wp\/v2\/comments?post=671"}],"version-history":[{"count":0,"href":"https:\/\/www.vacportal.com\/fr\/wp-json\/wp\/v2\/pages\/671\/revisions"}],"up":[{"embeddable":true,"href":"https:\/\/www.vacportal.com\/fr\/wp-json\/wp\/v2\/pages\/812"}],"wp:featuredmedia":[{"embeddable":true,"href":"https:\/\/www.vacportal.com\/fr\/wp-json\/wp\/v2\/media\/625"}],"wp:attachment":[{"href":"https:\/\/www.vacportal.com\/fr\/wp-json\/wp\/v2\/media?parent=671"}],"curies":[{"name":"wp","href":"https:\/\/api.w.org\/{rel}","templated":true}]}}