{"id":675,"date":"2024-03-31T11:10:00","date_gmt":"2024-03-31T11:10:00","guid":{"rendered":"http:\/\/vacportal:8080\/absauganlage-fur-die-pharmaindustrie\/"},"modified":"2024-12-20T16:42:10","modified_gmt":"2024-12-20T16:42:10","slug":"installations-aspiration-industrie-pharmaceutique","status":"publish","type":"page","link":"https:\/\/www.vacportal.com\/fr\/installations-aspiration-pour-chaque-secteur\/installations-aspiration-industrie-pharmaceutique\/","title":{"rendered":"Installations d\u2019aspiration pour l\u2019industrie pharmaceutique"},"content":{"rendered":"\n<p>Dans l\u2019industrie pharmaceutique, les installations d\u2019aspiration et les aspirateurs industriels sont omnipr\u00e9sents. On les trouve notamment aux emplacements suivants:<\/p>\n\n\n\n<ul class=\"wp-block-list\">\n<li>Installations de conditionnement<\/li>\n\n\n\n<li>Installations de m\u00e9lange<\/li>\n\n\n\n<li>Presses \u00e0 comprim\u00e9s<\/li>\n\n\n\n<li>Ebarbage des comprim\u00e9s<\/li>\n\n\n\n<li>Installations d\u2019emballage<\/li>\n<\/ul>\n\n\n\n<p>Vos avantages \u00e0 utiliser les installations d\u2019aspiration de Vacportal:<\/p>\n\n\n\n<ul class=\"wp-block-list\">\n<li>Produits exempts de poussi\u00e8re<\/li>\n\n\n\n<li>Qualit\u00e9 optimale des produits<\/li>\n\n\n\n<li>Machines fonctionnant sans pannes<\/li>\n\n\n\n<li>R\u00e9duction de la maintenance<\/li>\n\n\n\n<li>Hausse notable de l\u2019efficacit\u00e9<\/li>\n<\/ul>\n\n\n\n<p><a><\/a><\/p>\n\n\n\n<h2 class=\"wp-block-heading\">Aspirateurs industriels pour installations de remplissage<\/h2>\n\n\n\n<p>Lorsque des bo\u00eetes, des sachets ou des flacons sont remplis de substances pharmaceutiques, la poussi\u00e8re est in\u00e9vitable. Ces poussi\u00e8res pharmaceutiques sont souvent aspir\u00e9es avec les aspirateurs industriels de la <a href=\"https:\/\/www.vacportal.com\/fr\/aspirateurs-industriels\/aspirateurs-industriels-serie-st600\/\">s\u00e9rie ST600<\/a>.<\/p>\n\n\n\n<p>De cette mani\u00e8re, les machines et les produits restent propres. En outre, la production se d\u00e9roule sans interruptions ni pannes.<\/p>\n\n\n\n<p>Suivant les mat\u00e9riaux \u00e0 aspirer, les aspirateurs industriels sont fabriqu\u00e9s en m\u00e9tal inoxydable. Les filtres principaux ou secondaires disponibles en option, notamment en t\u00e9flon ou HEPA, peuvent toujours \u00eatre compos\u00e9s selon les directives du client.<br><a><\/a><\/p>\n\n\n\n<h2 class=\"wp-block-heading\">Appareils d\u2019aspiration pour les installations de remplissage de capsules<\/h2>\n\n\n\n<p>Lorsqu\u2019il s\u2019agit de remplir des capsules, la poussi\u00e8re est produite \u00e0 diff\u00e9rentes stations de la ligne de production. Dans ce cas, ce sont surtout les aspirateurs industriels de la <a href=\"https:\/\/www.vacportal.com\/fr\/aspirateurs-industriels\/aspirateurs-industriels-serie-st600\/\">s\u00e9rie ST600<\/a> qui entrent en jeu. Ces aspirateurs industriels sont disponibles avec un d\u00e9bit volumique qui peut atteindre 620 m3\/h et sont comme pr\u00e9destin\u00e9s \u00e0 ce genre de travaux gr\u00e2ce \u00e0 leur cartouche filtrante. En guise d\u2019alternative, <a href=\"https:\/\/www.vacportal.com\/fr\/installations-aspiration\/installations-aspiration-serie-s2v600\/\">l\u2019installation d\u2019aspiration S2V600<\/a> est \u00e0 disposition pour les d\u00e9bits volumiques importants.<\/p>\n\n\n\n<p>Gr\u00e2ce aux variations possibles en mati\u00e8re de moteur, il est possible de raccorder plusieurs points d\u2019aspiration et d\u2019harmoniser les d\u00e9bits volumiques.<\/p>\n\n\n\n<p>Ces appareils sont incroyablement fiables dans une exploitation 24 heures sur 24, demandent peu d\u2019entretien et contribuent ainsi \u00e0 am\u00e9liorer l\u2019efficacit\u00e9 g\u00e9n\u00e9rale.<br><a><\/a><\/p>\n\n\n\n<h2 class=\"wp-block-heading\">Installations d\u2019aspiration pour dispositifs de m\u00e9lange<\/h2>\n\n\n\n<p>De fines poussi\u00e8res sont produites lors du remplissage des installations de m\u00e9lange. Avec les installations d\u2019aspiration de la <a href=\"https:\/\/www.vacportal.com\/fr\/installations-aspiration\/installations-aspiration-serie-rv600\/\">s\u00e9rie RV600<\/a>, ces poussi\u00e8res pharmaceutiques sont aspir\u00e9es directement \u00e0 la source.<\/p>\n\n\n\n<p>Les contaminations dans l\u2019entreprise sont \u00e9vit\u00e9es et le travail de nettoyage sensiblement diminu\u00e9. Pour les substances collantes, des filtres en t\u00e9flon disponibles en option peuvent \u00eatre utilis\u00e9s.<\/p>\n\n\n\n<p>Pour garantir que seule la poussi\u00e8re et non les substances pharmaceutiques sont aspir\u00e9es, les installations d\u2019aspiration sont fr\u00e9quemment \u00e9quip\u00e9es de convertisseurs de fr\u00e9quence, permettant de r\u00e9guler la puissance. Des filtres secondaires HEPA H13 sont \u00e9galement disponibles en option.<br><a><\/a><\/p>\n\n\n\n<h2 class=\"wp-block-heading\">Installations d\u2019aspiration pour presses \u00e0 comprim\u00e9s<\/h2>\n\n\n\n<p>Suivant le type de comprim\u00e9s, le pressage engendre de la poussi\u00e8re et des \u00e9clats de produit.<br>Souvent, ces d\u00e9chets sont aspir\u00e9s en diff\u00e9rents points de la ligne de production. Les installations d\u2019aspiration de <a href=\"https:\/\/www.vacportal.com\/fr\/installations-aspiration\/installations-aspiration-serie-s2v600\/\">type S2V600<\/a> rel\u00e8vent le d\u00e9fi sans probl\u00e8me. Ces appareils produisent un vide d\u2019air important et un d\u00e9bit volumique \u00e9lev\u00e9, permettant une aspiration avec plusieurs tuyaux ou buses d\u2019aspiration en m\u00eame temps. Parfois, ils veillent parall\u00e8lement \u00e0 la propret\u00e9 de la machine d\u2019\u00e9barbage des comprim\u00e9s.<\/p>\n\n\n\n<p>Une seule installation d\u2019aspiration permet donc d\u2019exploiter plusieurs points d\u2019aspiration en m\u00eame temps. Les comprim\u00e9s et les machines sont prot\u00e9g\u00e9s de la poussi\u00e8re et la production fonctionne en continu, sans pannes.<\/p>\n\n\n\n<p>Les installations d\u2019aspiration de Vacportal sont \u00e9galement propos\u00e9es en ex\u00e9cution inoxydable. Des filtres HEPA, des sacs pour les mati\u00e8res aspir\u00e9es et bien d\u2019autres accessoires sont disponibles en option. Suivant la machine, il est bien entendu aussi possible d\u2019opter pour une installation d\u2019aspiration ou un aspirateur industriel Vacportal. Nous \u00e9valuons volontiers la meilleure solution envisageable au cours d\u2019un entretien d\u00e9taill\u00e9.<br><a><\/a><\/p>\n\n\n\n<h2 class=\"wp-block-heading\">Aspirateurs industriels pour machines \u00e0 \u00e9barber les comprim\u00e9s<\/h2>\n\n\n\n<p>Ebarbage est synonyme de production de poussi\u00e8re. Avec un aspirateur industriel de la <a href=\"https:\/\/www.vacportal.com\/fr\/aspirateurs-industriels\/aspirateurs-industriels-serie-st600\/\">s\u00e9rie ST600<\/a>, les poussi\u00e8res pharmaceutiques sont aspir\u00e9es et filtr\u00e9es directement pendant le processus d\u2019\u00e9barbage.<\/p>\n\n\n\n<p>Des produits propres simplifient la production et le conditionnement. Au final, c\u2019est la qualit\u00e9 qui en profite.<br>Un effet secondaire bienvenu est l\u2019augmentation de la productivit\u00e9. Le lieu de travail est moins poussi\u00e9reux, ce qui profite aux travailleurs comme aux machines.<\/p>\n\n\n\n<p>Souvent, les machines d\u2019\u00e9barbage sont d\u00e9j\u00e0 \u00e9quip\u00e9es de raccordements pour tuyaux. Le fabricant \u00e9met alors des recommandations en mati\u00e8re de puissance d\u2019aspiration de l\u2019installation.<br>Suivant la situation dans votre entreprise, d\u2019autres installations d\u2019aspiration peuvent entrer en ligne de compte, par exemple une installation d\u2019aspiration de <a href=\"https:\/\/www.vacportal.com\/fr\/installations-aspiration\/installations-aspiration-serie-s2v600\/\">type S2V600<\/a>.<br><\/p>\n\n\n\n<h2 class=\"wp-block-heading\">Appareils d\u2019aspiration pour installations d\u2019emballage<\/h2>\n\n\n\n<p>Les emballages sont aussi vari\u00e9s que leurs contenants: blisters, bo\u00eetes ou flacons exigent des solutions diff\u00e9rentes.<\/p>\n\n\n\n<p>Avec l\u2019assortiment d\u2019installations d\u2019aspiration et d\u2019aspirateurs industriels de Vacportal, toutes les t\u00e2ches, ou presque, peuvent \u00eatre r\u00e9solues dans ce domaine.<\/p>\n\n\n\n<ul class=\"wp-block-list\">\n<li>Aspiration ponctuelle de poussi\u00e8res<\/li>\n\n\n\n<li>T\u00e2ches de nettoyage<\/li>\n\n\n\n<li>Aspiration de produits non conformes<\/li>\n\n\n\n<li>Aspiration de morceaux d\u2019\u00e9barbage<\/li>\n\n\n\n<li>Aspiration de restes de d\u00e9coupage<\/li>\n\n\n\n<li>Aspiration de fum\u00e9es lors de gravure au laser<\/li>\n<\/ul>\n\n\n\n<p>Ces machines permettent de r\u00e9pondre aux exigences \u00e9lev\u00e9es en mati\u00e8re d\u2019emballages.<br>Le produit doit en effet \u00eatre emball\u00e9 proprement et sa protection garantie.<br>La qualit\u00e9 et l\u2019efficacit\u00e9 augmentent ainsi sensiblement.<\/p>\n\n\n\n<p>Souvent, les appareils d\u2019aspiration des s\u00e9ries SV600, S2V600 et ST600 entrent en jeu dans ce contexte.<br><a><\/a><\/p>\n\n\n\n<ul class=\"wp-block-list\">\n<li><a href=\"https:\/\/www.vacportal.com\/fr\/installations-aspiration\/installations-aspiration-serie-sv600\/\">SV600<\/a> Pour un d\u00e9bit volum\u00e9trique \u00e9lev\u00e9<\/li>\n\n\n\n<li><a href=\"https:\/\/www.vacportal.com\/fr\/installations-aspiration\/installations-aspiration-serie-s2v600\/\">S2V600<\/a> Pour un d\u00e9bit volum\u00e9trique \u00e9lev\u00e9 ET un important vide d\u2019air<\/li>\n\n\n\n<li><a href=\"https:\/\/www.vacportal.com\/fr\/aspirateurs-industriels\/aspirateurs-industriels-serie-st600\/\">ST600<\/a> Pour un important vide d\u2019air<\/li>\n<\/ul>\n\n\n\n<p>Pour une solution optimale, les circonstances et les possibilit\u00e9s doivent \u00eatre clarifi\u00e9es au pr\u00e9alable. Nous vous conseillons volontiers.<\/p>\n\n\n\n\n    <div class=\"contactbox\">\n        <div style=\"flex-grow:8;padding:20px;\">\n            T\u00e9l\u00e9phonez-nous sans engagement ou \u00e9crivez-nous un e-mail afin que nous puissions vous conseiller!\n            <br><br><b>Nous vous aidons volontiers.<\/b><br><br>T\u00e9l. +41 43 243 30 00<br>E-mail:            <script>document.write('<a class=\\\"contbox\\\" href=\\\"mailto:' + 'sales' + '@' + 'vacportal.com' +'\\\">' + 'sales' + '@' + 'vacportal.com' + '<\/a>');<\/script>\n        <\/div>\n\n        <div class=\"buttonarea\" style=\"flex-grow:2;padding:20px;text-align:right;\">\n            <button class=\"contactbutton\" onclick=\"window.location.href = '\/kontakt\/'\">FORMULAIRE DE CONTACT<\/button>\n        <\/div>\n    <\/div>\n\n\n\n\n","protected":false},"excerpt":{"rendered":"<p>Dans l\u2019industrie pharmaceutique, les installations d\u2019aspiration et les aspirateurs industriels sont omnipr\u00e9sents. On les trouve notamment aux emplacements suivants: Vos avantages \u00e0 utiliser les installations d\u2019aspiration de Vacportal: Aspirateurs industriels pour installations de remplissage Lorsque des bo\u00eetes, des sachets ou des flacons sont remplis de substances pharmaceutiques, la poussi\u00e8re est in\u00e9vitable. Ces poussi\u00e8res pharmaceutiques sont [&hellip;]<\/p>\n","protected":false},"author":1,"featured_media":624,"parent":812,"menu_order":0,"comment_status":"closed","ping_status":"closed","template":"","meta":{"footnotes":""},"class_list":["post-675","page","type-page","status-publish","has-post-thumbnail","hentry"],"yoast_head":"<!-- This site is optimized with the Yoast SEO Premium plugin v27.1 (Yoast SEO v27.1.1) - https:\/\/yoast.com\/product\/yoast-seo-premium-wordpress\/ -->\n<title>Installations d\u2019aspiration pour l\u2019industrie pharmaceutique - Vacportal<\/title>\n<meta name=\"description\" content=\"Vacportal\" \/>\n<meta name=\"robots\" content=\"index, follow, max-snippet:-1, max-image-preview:large, max-video-preview:-1\" \/>\n<link rel=\"canonical\" href=\"https:\/\/www.vacportal.com\/fr\/installations-aspiration-pour-chaque-secteur\/installations-aspiration-industrie-pharmaceutique\/\" \/>\n<meta property=\"og:locale\" content=\"fr_FR\" \/>\n<meta property=\"og:type\" content=\"article\" \/>\n<meta property=\"og:title\" content=\"Installations d\u2019aspiration pour l\u2019industrie pharmaceutique\" \/>\n<meta property=\"og:description\" content=\"Vacportal\" \/>\n<meta property=\"og:url\" content=\"https:\/\/www.vacportal.com\/fr\/installations-aspiration-pour-chaque-secteur\/installations-aspiration-industrie-pharmaceutique\/\" \/>\n<meta property=\"og:site_name\" content=\"Vacportal\" \/>\n<meta property=\"article:modified_time\" content=\"2024-12-20T16:42:10+00:00\" \/>\n<meta property=\"og:image\" content=\"https:\/\/www.vacportal.com\/wp-content\/uploads\/2024\/04\/Pharmaindustrie-Absauganlagen.jpg\" \/>\n\t<meta property=\"og:image:width\" content=\"2560\" \/>\n\t<meta property=\"og:image:height\" content=\"480\" \/>\n\t<meta property=\"og:image:type\" content=\"image\/jpeg\" \/>\n<meta name=\"twitter:card\" content=\"summary_large_image\" \/>\n<meta name=\"twitter:label1\" content=\"Dur\u00e9e de lecture estim\u00e9e\" \/>\n\t<meta name=\"twitter:data1\" content=\"5 minutes\" \/>\n<script type=\"application\/ld+json\" class=\"yoast-schema-graph\">{\"@context\":\"https:\/\/schema.org\",\"@graph\":[{\"@type\":\"WebPage\",\"@id\":\"https:\/\/www.vacportal.com\/fr\/installations-aspiration-pour-chaque-secteur\/installations-aspiration-industrie-pharmaceutique\/\",\"url\":\"https:\/\/www.vacportal.com\/fr\/installations-aspiration-pour-chaque-secteur\/installations-aspiration-industrie-pharmaceutique\/\",\"name\":\"Installations d\u2019aspiration pour l\u2019industrie pharmaceutique - Vacportal\",\"isPartOf\":{\"@id\":\"https:\/\/www.vacportal.com\/fr\/#website\"},\"primaryImageOfPage\":{\"@id\":\"https:\/\/www.vacportal.com\/fr\/installations-aspiration-pour-chaque-secteur\/installations-aspiration-industrie-pharmaceutique\/#primaryimage\"},\"image\":{\"@id\":\"https:\/\/www.vacportal.com\/fr\/installations-aspiration-pour-chaque-secteur\/installations-aspiration-industrie-pharmaceutique\/#primaryimage\"},\"thumbnailUrl\":\"https:\/\/www.vacportal.com\/wp-content\/uploads\/2024\/04\/Pharmaindustrie-Absauganlagen.jpg\",\"datePublished\":\"2024-03-31T11:10:00+00:00\",\"dateModified\":\"2024-12-20T16:42:10+00:00\",\"description\":\"Vacportal\",\"breadcrumb\":{\"@id\":\"https:\/\/www.vacportal.com\/fr\/installations-aspiration-pour-chaque-secteur\/installations-aspiration-industrie-pharmaceutique\/#breadcrumb\"},\"inLanguage\":\"fr-FR\",\"potentialAction\":[{\"@type\":\"ReadAction\",\"target\":[\"https:\/\/www.vacportal.com\/fr\/installations-aspiration-pour-chaque-secteur\/installations-aspiration-industrie-pharmaceutique\/\"]}]},{\"@type\":\"ImageObject\",\"inLanguage\":\"fr-FR\",\"@id\":\"https:\/\/www.vacportal.com\/fr\/installations-aspiration-pour-chaque-secteur\/installations-aspiration-industrie-pharmaceutique\/#primaryimage\",\"url\":\"https:\/\/www.vacportal.com\/wp-content\/uploads\/2024\/04\/Pharmaindustrie-Absauganlagen.jpg\",\"contentUrl\":\"https:\/\/www.vacportal.com\/wp-content\/uploads\/2024\/04\/Pharmaindustrie-Absauganlagen.jpg\",\"width\":2560,\"height\":480,\"caption\":\"Absauganlagen und Industriesauger f\u00fcr die Pharma-Industrie\"},{\"@type\":\"BreadcrumbList\",\"@id\":\"https:\/\/www.vacportal.com\/fr\/installations-aspiration-pour-chaque-secteur\/installations-aspiration-industrie-pharmaceutique\/#breadcrumb\",\"itemListElement\":[{\"@type\":\"ListItem\",\"position\":1,\"name\":\"Home\",\"item\":\"https:\/\/www.vacportal.com\/fr\/\"},{\"@type\":\"ListItem\",\"position\":2,\"name\":\"Des installations d\u2019aspiration pour chaque secteur\",\"item\":\"https:\/\/www.vacportal.com\/fr\/installations-aspiration-pour-chaque-secteur\/\"},{\"@type\":\"ListItem\",\"position\":3,\"name\":\"Installations d\u2019aspiration pour l\u2019industrie pharmaceutique\"}]},{\"@type\":\"WebSite\",\"@id\":\"https:\/\/www.vacportal.com\/fr\/#website\",\"url\":\"https:\/\/www.vacportal.com\/fr\/\",\"name\":\"Vacportal AG\",\"description\":\"Industrielle Absauganlagen und Industriesauger\",\"publisher\":{\"@id\":\"https:\/\/www.vacportal.com\/fr\/#organization\"},\"alternateName\":\"Vacportal\",\"potentialAction\":[{\"@type\":\"SearchAction\",\"target\":{\"@type\":\"EntryPoint\",\"urlTemplate\":\"https:\/\/www.vacportal.com\/fr\/?s={search_term_string}\"},\"query-input\":{\"@type\":\"PropertyValueSpecification\",\"valueRequired\":true,\"valueName\":\"search_term_string\"}}],\"inLanguage\":\"fr-FR\"},{\"@type\":\"Organization\",\"@id\":\"https:\/\/www.vacportal.com\/fr\/#organization\",\"name\":\"Vacportal AG\",\"url\":\"https:\/\/www.vacportal.com\/fr\/\",\"logo\":{\"@type\":\"ImageObject\",\"inLanguage\":\"fr-FR\",\"@id\":\"https:\/\/www.vacportal.com\/fr\/#\/schema\/logo\/image\/\",\"url\":\"https:\/\/www.vacportal.com\/wp-content\/uploads\/Vacportal-Logo_2024_de.png\",\"contentUrl\":\"https:\/\/www.vacportal.com\/wp-content\/uploads\/Vacportal-Logo_2024_de.png\",\"width\":946,\"height\":446,\"caption\":\"Vacportal AG\"},\"image\":{\"@id\":\"https:\/\/www.vacportal.com\/fr\/#\/schema\/logo\/image\/\"}}]}<\/script>\n<!-- \/ Yoast SEO Premium plugin. -->","yoast_head_json":{"title":"Installations d\u2019aspiration pour l\u2019industrie pharmaceutique - Vacportal","description":"Vacportal","robots":{"index":"index","follow":"follow","max-snippet":"max-snippet:-1","max-image-preview":"max-image-preview:large","max-video-preview":"max-video-preview:-1"},"canonical":"https:\/\/www.vacportal.com\/fr\/installations-aspiration-pour-chaque-secteur\/installations-aspiration-industrie-pharmaceutique\/","og_locale":"fr_FR","og_type":"article","og_title":"Installations d\u2019aspiration pour l\u2019industrie pharmaceutique","og_description":"Vacportal","og_url":"https:\/\/www.vacportal.com\/fr\/installations-aspiration-pour-chaque-secteur\/installations-aspiration-industrie-pharmaceutique\/","og_site_name":"Vacportal","article_modified_time":"2024-12-20T16:42:10+00:00","og_image":[{"width":2560,"height":480,"url":"https:\/\/www.vacportal.com\/wp-content\/uploads\/2024\/04\/Pharmaindustrie-Absauganlagen.jpg","type":"image\/jpeg"}],"twitter_card":"summary_large_image","twitter_misc":{"Dur\u00e9e de lecture estim\u00e9e":"5 minutes"},"schema":{"@context":"https:\/\/schema.org","@graph":[{"@type":"WebPage","@id":"https:\/\/www.vacportal.com\/fr\/installations-aspiration-pour-chaque-secteur\/installations-aspiration-industrie-pharmaceutique\/","url":"https:\/\/www.vacportal.com\/fr\/installations-aspiration-pour-chaque-secteur\/installations-aspiration-industrie-pharmaceutique\/","name":"Installations d\u2019aspiration pour l\u2019industrie pharmaceutique - Vacportal","isPartOf":{"@id":"https:\/\/www.vacportal.com\/fr\/#website"},"primaryImageOfPage":{"@id":"https:\/\/www.vacportal.com\/fr\/installations-aspiration-pour-chaque-secteur\/installations-aspiration-industrie-pharmaceutique\/#primaryimage"},"image":{"@id":"https:\/\/www.vacportal.com\/fr\/installations-aspiration-pour-chaque-secteur\/installations-aspiration-industrie-pharmaceutique\/#primaryimage"},"thumbnailUrl":"https:\/\/www.vacportal.com\/wp-content\/uploads\/2024\/04\/Pharmaindustrie-Absauganlagen.jpg","datePublished":"2024-03-31T11:10:00+00:00","dateModified":"2024-12-20T16:42:10+00:00","description":"Vacportal","breadcrumb":{"@id":"https:\/\/www.vacportal.com\/fr\/installations-aspiration-pour-chaque-secteur\/installations-aspiration-industrie-pharmaceutique\/#breadcrumb"},"inLanguage":"fr-FR","potentialAction":[{"@type":"ReadAction","target":["https:\/\/www.vacportal.com\/fr\/installations-aspiration-pour-chaque-secteur\/installations-aspiration-industrie-pharmaceutique\/"]}]},{"@type":"ImageObject","inLanguage":"fr-FR","@id":"https:\/\/www.vacportal.com\/fr\/installations-aspiration-pour-chaque-secteur\/installations-aspiration-industrie-pharmaceutique\/#primaryimage","url":"https:\/\/www.vacportal.com\/wp-content\/uploads\/2024\/04\/Pharmaindustrie-Absauganlagen.jpg","contentUrl":"https:\/\/www.vacportal.com\/wp-content\/uploads\/2024\/04\/Pharmaindustrie-Absauganlagen.jpg","width":2560,"height":480,"caption":"Absauganlagen und Industriesauger f\u00fcr die Pharma-Industrie"},{"@type":"BreadcrumbList","@id":"https:\/\/www.vacportal.com\/fr\/installations-aspiration-pour-chaque-secteur\/installations-aspiration-industrie-pharmaceutique\/#breadcrumb","itemListElement":[{"@type":"ListItem","position":1,"name":"Home","item":"https:\/\/www.vacportal.com\/fr\/"},{"@type":"ListItem","position":2,"name":"Des installations d\u2019aspiration pour chaque secteur","item":"https:\/\/www.vacportal.com\/fr\/installations-aspiration-pour-chaque-secteur\/"},{"@type":"ListItem","position":3,"name":"Installations d\u2019aspiration pour l\u2019industrie pharmaceutique"}]},{"@type":"WebSite","@id":"https:\/\/www.vacportal.com\/fr\/#website","url":"https:\/\/www.vacportal.com\/fr\/","name":"Vacportal AG","description":"Industrielle Absauganlagen und Industriesauger","publisher":{"@id":"https:\/\/www.vacportal.com\/fr\/#organization"},"alternateName":"Vacportal","potentialAction":[{"@type":"SearchAction","target":{"@type":"EntryPoint","urlTemplate":"https:\/\/www.vacportal.com\/fr\/?s={search_term_string}"},"query-input":{"@type":"PropertyValueSpecification","valueRequired":true,"valueName":"search_term_string"}}],"inLanguage":"fr-FR"},{"@type":"Organization","@id":"https:\/\/www.vacportal.com\/fr\/#organization","name":"Vacportal AG","url":"https:\/\/www.vacportal.com\/fr\/","logo":{"@type":"ImageObject","inLanguage":"fr-FR","@id":"https:\/\/www.vacportal.com\/fr\/#\/schema\/logo\/image\/","url":"https:\/\/www.vacportal.com\/wp-content\/uploads\/Vacportal-Logo_2024_de.png","contentUrl":"https:\/\/www.vacportal.com\/wp-content\/uploads\/Vacportal-Logo_2024_de.png","width":946,"height":446,"caption":"Vacportal AG"},"image":{"@id":"https:\/\/www.vacportal.com\/fr\/#\/schema\/logo\/image\/"}}]}},"_links":{"self":[{"href":"https:\/\/www.vacportal.com\/fr\/wp-json\/wp\/v2\/pages\/675","targetHints":{"allow":["GET"]}}],"collection":[{"href":"https:\/\/www.vacportal.com\/fr\/wp-json\/wp\/v2\/pages"}],"about":[{"href":"https:\/\/www.vacportal.com\/fr\/wp-json\/wp\/v2\/types\/page"}],"author":[{"embeddable":true,"href":"https:\/\/www.vacportal.com\/fr\/wp-json\/wp\/v2\/users\/1"}],"replies":[{"embeddable":true,"href":"https:\/\/www.vacportal.com\/fr\/wp-json\/wp\/v2\/comments?post=675"}],"version-history":[{"count":0,"href":"https:\/\/www.vacportal.com\/fr\/wp-json\/wp\/v2\/pages\/675\/revisions"}],"up":[{"embeddable":true,"href":"https:\/\/www.vacportal.com\/fr\/wp-json\/wp\/v2\/pages\/812"}],"wp:featuredmedia":[{"embeddable":true,"href":"https:\/\/www.vacportal.com\/fr\/wp-json\/wp\/v2\/media\/624"}],"wp:attachment":[{"href":"https:\/\/www.vacportal.com\/fr\/wp-json\/wp\/v2\/media?parent=675"}],"curies":[{"name":"wp","href":"https:\/\/api.w.org\/{rel}","templated":true}]}}