{"id":679,"date":"2024-03-31T11:09:37","date_gmt":"2024-03-31T11:09:37","guid":{"rendered":"http:\/\/vacportal:8080\/absauganlagen-und-industriesauger-fur-die-metallindustrie\/"},"modified":"2024-12-20T16:40:44","modified_gmt":"2024-12-20T16:40:44","slug":"installations-aspiration-industrie-metallurgique","status":"publish","type":"page","link":"https:\/\/www.vacportal.com\/fr\/installations-aspiration-pour-chaque-secteur\/installations-aspiration-industrie-metallurgique\/","title":{"rendered":"Installations d\u2019aspiration et aspirateurs industriels pour l\u2019industrie m\u00e9tallurgique"},"content":{"rendered":"\n<p>Les <a href=\"https:\/\/www.vacportal.com\/fr\/installations-aspiration\/\">installations d\u2019aspiration<\/a> et les <a href=\"https:\/\/www.vacportal.com\/fr\/aspirateurs-industriels\/\">aspirateurs industriels<\/a> entrent tr\u00e8s souvent en jeu dans l\u2019industrie m\u00e9tallurgique. Vacportal propose notamment des appareils pour les secteurs du m\u00e9tal suivants:<\/p>\n\n\n\n<ul class=\"wp-block-list\">\n<li>Serrureries<\/li>\n\n\n\n<li>Entreprises d\u2019usinage CNC<\/li>\n\n\n\n<li>Entreprises de d\u00e9colletage<\/li>\n\n\n\n<li>Entreprises de traitement des m\u00e9taux pr\u00e9cieux<\/li>\n\n\n\n<li>Ateliers m\u00e9tallurgiques<\/li>\n<\/ul>\n\n\n\n<p>Aspirations pour copeaux de tournage et de fraisage ou pour les poussi\u00e8res de pon\u00e7age, ou encore pour la r\u00e9cup\u00e9ration des m\u00e9taux nobles. Vos avantages:<\/p>\n\n\n\n<ul class=\"wp-block-list\">\n<li>Plus d\u2019efficacit\u00e9<\/li>\n\n\n\n<li>Qualit\u00e9 am\u00e9lior\u00e9e<\/li>\n\n\n\n<li>Optimisation des co\u00fbts<\/li>\n<\/ul>\n\n\n\n<p><a><\/a><\/p>\n\n\n\n<h2 class=\"wp-block-heading\">Installations d\u2019aspiration pour serrureries<\/h2>\n\n\n\n<p>Les travaux de pon\u00e7age provoquent parfois de grandes quantit\u00e9s de poussi\u00e8re dans les serrureries.<br>Gr\u00e2ce \u00e0 un vaste assortiment d\u2019installations d\u2019aspiration Vacportal, nous offrons des solutions id\u00e9ales pour aspirer la poussi\u00e8re de pon\u00e7age dans le cadre de diff\u00e9rentes applications.<\/p>\n\n\n\n<p>Nos appareils conviennent pour les ponceuses des lignes de production, \u00e0 l\u2019image des fladders, que ce soit avec des bras ou des parois d\u2019aspiration. Les installations d\u2019aspiration Vacportal filtrent la poussi\u00e8re de pon\u00e7age de mani\u00e8re optimale, de sorte que l\u2019air rejet\u00e9 dans la pi\u00e8ce est propre.<\/p>\n\n\n\n<p>Les collaborateurs sont prot\u00e9g\u00e9s des \u00e9manations des machines, tandis que ces derni\u00e8res, comme les ateliers, restent propres gr\u00e2ce aux installations d\u2019aspiration de Vacportal. Le travail de maintenance et de nettoyage est sensiblement diminu\u00e9.<a><\/a><\/p>\n\n\n\n<h2 class=\"wp-block-heading\">Installations d&rsquo;aspiration pour les entreprises de fabrication CNC<\/h2>\n\n\n\n<p>Dans le secteur d\u2019activit\u00e9s CNC, l\u2019enjeu est avant tout l\u2019efficacit\u00e9 et la qualit\u00e9.<br>Les installations d\u2019aspiration et les aspirateurs industriels de Vacportal sont souvent pr\u00e9sents dans les entreprises travaillant de cette mani\u00e8re, justement dans le but d\u2019am\u00e9liorer ces deux aspects.<br>L\u2019\u00e9limination efficace des copeaux permet en outre d\u2019\u00e9viter les interruptions de la production.<\/p>\n\n\n\n<p>A l\u2019occasion d\u2019un entretien d\u00e9taill\u00e9, nous \u00e9valuons la solution optimale pour votre application.<br><a><\/a><\/p>\n\n\n\n<h2 class=\"wp-block-heading\">Aspirateurs industriels pour entreprises de d\u00e9colletage<\/h2>\n\n\n\n<p>L\u2019aspiration doit \u00eatre ponctuelle dans le cas de petites machines. Les aspirateur industriel des <a href=\"https:\/\/www.vacportal.com\/fr\/aspirateurs-industriels\/aspirateurs-industriels-serie-p150-6litres\/\">s\u00e9ries P150<\/a> et <a href=\"https:\/\/www.vacportal.com\/fr\/aspirateurs-industriels\/aspirateurs-industriels-serie-st600\/\">ST600<\/a> conviennent \u00e0 merveille pour ce genre de travaux.<\/p>\n\n\n\n<p>Gr\u00e2ce \u00e0 l\u2019important vide d\u2019air produit, l\u2019air se d\u00e9place \u00e0 des vitesses \u00e9lev\u00e9es, aspirant efficacement les copeaux. Ces appareils sont par ailleurs con\u00e7us pour un fonctionnement permanent. L\u2019entretien de ces aspirateurs industriels est en revanche minime.<\/p>\n\n\n\n<p>Vous le savez bien: une exploitation permanente et sans pannes est gage d\u2019une production efficace.<br><a><\/a><\/p>\n\n\n\n<h2 class=\"wp-block-heading\">Aspirateurs industriels pour les entreprises de traitement des m\u00e9taux pr\u00e9cieux<\/h2>\n\n\n\n<p>Nos aspirateurs industriels Vacportal \u00e9quip\u00e9s en option de s\u00e9parateurs permettent le recyclage optimal de la poussi\u00e8re ou des copeaux de m\u00e9taux nobles.<br>Ces derniers sont en effet filtr\u00e9s et r\u00e9colt\u00e9s dans un sac en tissu. Cette m\u00e9thode rend le recyclage des m\u00e9taux pr\u00e9cieux tr\u00e8s confortable.<\/p>\n\n\n\n<p>Le travail de nettoyage et les co\u00fbts du m\u00e9tal utilis\u00e9 diminuent sensiblement.<\/p>\n\n\n\n<p><a href=\"https:\/\/www.vacportal.com\/fr\/aspirateurs-industriels\/aspirateurs-industriels-serie-p150-6litres\/\">Aspirateurs industriels de la s\u00e9rie P150<\/a><\/p>\n\n\n\n<p><a href=\"https:\/\/www.vacportal.com\/fr\/aspirateurs-industriels\/aspirateurs-industriels-serie-st600\/\">Aspirateurs industriels de la s\u00e9rie ST600<\/a><\/p>\n\n\n\n<h2 class=\"wp-block-heading\">Installations d\u2019aspiration pour ateliers m\u00e9tallurgiques<\/h2>\n\n\n\n<p>Les travaux de pon\u00e7age sont fr\u00e9quents dans les ateliers. La poussi\u00e8re se disperse dans les locaux et se d\u00e9pose sur les machines, le mat\u00e9riel et le mobilier. Souvent, nos installations d\u2019aspiration de la <a href=\"https:\/\/www.vacportal.com\/fr\/installations-aspiration\/installations-aspiration-serie-sv600\/\">s\u00e9rie SV600<\/a> sont utilis\u00e9es pour aspirer les poussi\u00e8res de pon\u00e7age.<\/p>\n\n\n\n<p>Suivant le nombre de machines produisant de la poussi\u00e8re et leur type, la puissance d\u2019aspiration peut \u00eatre adapt\u00e9e en fonction des besoins et des souhaits.<\/p>\n\n\n\n<p>Une seule installation peut ainsi permettre d\u2019aspirer un ou plusieurs postes de travail.<\/p>\n\n\n\n\n    <div class=\"contactbox\">\n        <div style=\"flex-grow:8;padding:20px;\">\n            T\u00e9l\u00e9phonez-nous sans engagement ou \u00e9crivez-nous un e-mail afin que nous puissions vous conseiller!\n            <br><br><b>Nous vous aidons volontiers.<\/b><br><br>T\u00e9l. +41 43 243 30 00<br>E-mail:            <script>document.write('<a class=\\\"contbox\\\" href=\\\"mailto:' + 'sales' + '@' + 'vacportal.com' +'\\\">' + 'sales' + '@' + 'vacportal.com' + '<\/a>');<\/script>\n        <\/div>\n\n        <div class=\"buttonarea\" style=\"flex-grow:2;padding:20px;text-align:right;\">\n            <button class=\"contactbutton\" onclick=\"window.location.href = '\/kontakt\/'\">FORMULAIRE DE CONTACT<\/button>\n        <\/div>\n    <\/div>\n\n\n\n\n","protected":false},"excerpt":{"rendered":"<p>Les installations d\u2019aspiration et les aspirateurs industriels entrent tr\u00e8s souvent en jeu dans l\u2019industrie m\u00e9tallurgique. Vacportal propose notamment des appareils pour les secteurs du m\u00e9tal suivants: Aspirations pour copeaux de tournage et de fraisage ou pour les poussi\u00e8res de pon\u00e7age, ou encore pour la r\u00e9cup\u00e9ration des m\u00e9taux nobles. Vos avantages: Installations d\u2019aspiration pour serrureries Les [&hellip;]<\/p>\n","protected":false},"author":1,"featured_media":623,"parent":812,"menu_order":0,"comment_status":"closed","ping_status":"closed","template":"","meta":{"footnotes":""},"class_list":["post-679","page","type-page","status-publish","has-post-thumbnail","hentry"],"yoast_head":"<!-- This site is optimized with the Yoast SEO Premium plugin v27.1 (Yoast SEO v27.1.1) - https:\/\/yoast.com\/product\/yoast-seo-premium-wordpress\/ -->\n<title>Installations d\u2019aspiration et aspirateurs industriels pour l\u2019industrie m\u00e9tallurgique - Vacportal<\/title>\n<meta name=\"description\" content=\"Vacportal\" \/>\n<meta name=\"robots\" content=\"index, follow, max-snippet:-1, max-image-preview:large, max-video-preview:-1\" \/>\n<link rel=\"canonical\" href=\"https:\/\/www.vacportal.com\/fr\/installations-aspiration-pour-chaque-secteur\/installations-aspiration-industrie-metallurgique\/\" \/>\n<meta property=\"og:locale\" content=\"fr_FR\" \/>\n<meta property=\"og:type\" content=\"article\" \/>\n<meta property=\"og:title\" content=\"Installations d\u2019aspiration et aspirateurs industriels pour l\u2019industrie m\u00e9tallurgique\" \/>\n<meta property=\"og:description\" content=\"Vacportal\" \/>\n<meta property=\"og:url\" content=\"https:\/\/www.vacportal.com\/fr\/installations-aspiration-pour-chaque-secteur\/installations-aspiration-industrie-metallurgique\/\" \/>\n<meta property=\"og:site_name\" content=\"Vacportal\" \/>\n<meta property=\"article:modified_time\" content=\"2024-12-20T16:40:44+00:00\" \/>\n<meta property=\"og:image\" content=\"https:\/\/www.vacportal.com\/wp-content\/uploads\/2024\/04\/Metall-Industrie-Absauganlagen.jpg\" \/>\n\t<meta property=\"og:image:width\" content=\"2560\" \/>\n\t<meta property=\"og:image:height\" content=\"480\" \/>\n\t<meta property=\"og:image:type\" content=\"image\/jpeg\" \/>\n<meta name=\"twitter:card\" content=\"summary_large_image\" \/>\n<meta name=\"twitter:label1\" content=\"Dur\u00e9e de lecture estim\u00e9e\" \/>\n\t<meta name=\"twitter:data1\" content=\"4 minutes\" \/>\n<script type=\"application\/ld+json\" class=\"yoast-schema-graph\">{\"@context\":\"https:\/\/schema.org\",\"@graph\":[{\"@type\":\"WebPage\",\"@id\":\"https:\/\/www.vacportal.com\/fr\/installations-aspiration-pour-chaque-secteur\/installations-aspiration-industrie-metallurgique\/\",\"url\":\"https:\/\/www.vacportal.com\/fr\/installations-aspiration-pour-chaque-secteur\/installations-aspiration-industrie-metallurgique\/\",\"name\":\"Installations d\u2019aspiration et aspirateurs industriels pour l\u2019industrie m\u00e9tallurgique - Vacportal\",\"isPartOf\":{\"@id\":\"https:\/\/www.vacportal.com\/fr\/#website\"},\"primaryImageOfPage\":{\"@id\":\"https:\/\/www.vacportal.com\/fr\/installations-aspiration-pour-chaque-secteur\/installations-aspiration-industrie-metallurgique\/#primaryimage\"},\"image\":{\"@id\":\"https:\/\/www.vacportal.com\/fr\/installations-aspiration-pour-chaque-secteur\/installations-aspiration-industrie-metallurgique\/#primaryimage\"},\"thumbnailUrl\":\"https:\/\/www.vacportal.com\/wp-content\/uploads\/2024\/04\/Metall-Industrie-Absauganlagen.jpg\",\"datePublished\":\"2024-03-31T11:09:37+00:00\",\"dateModified\":\"2024-12-20T16:40:44+00:00\",\"description\":\"Vacportal\",\"breadcrumb\":{\"@id\":\"https:\/\/www.vacportal.com\/fr\/installations-aspiration-pour-chaque-secteur\/installations-aspiration-industrie-metallurgique\/#breadcrumb\"},\"inLanguage\":\"fr-FR\",\"potentialAction\":[{\"@type\":\"ReadAction\",\"target\":[\"https:\/\/www.vacportal.com\/fr\/installations-aspiration-pour-chaque-secteur\/installations-aspiration-industrie-metallurgique\/\"]}]},{\"@type\":\"ImageObject\",\"inLanguage\":\"fr-FR\",\"@id\":\"https:\/\/www.vacportal.com\/fr\/installations-aspiration-pour-chaque-secteur\/installations-aspiration-industrie-metallurgique\/#primaryimage\",\"url\":\"https:\/\/www.vacportal.com\/wp-content\/uploads\/2024\/04\/Metall-Industrie-Absauganlagen.jpg\",\"contentUrl\":\"https:\/\/www.vacportal.com\/wp-content\/uploads\/2024\/04\/Metall-Industrie-Absauganlagen.jpg\",\"width\":2560,\"height\":480,\"caption\":\"Absauganlagen und Industriesauger f\u00fcr die Metall-Industrie\"},{\"@type\":\"BreadcrumbList\",\"@id\":\"https:\/\/www.vacportal.com\/fr\/installations-aspiration-pour-chaque-secteur\/installations-aspiration-industrie-metallurgique\/#breadcrumb\",\"itemListElement\":[{\"@type\":\"ListItem\",\"position\":1,\"name\":\"Home\",\"item\":\"https:\/\/www.vacportal.com\/fr\/\"},{\"@type\":\"ListItem\",\"position\":2,\"name\":\"Des installations d\u2019aspiration pour chaque secteur\",\"item\":\"https:\/\/www.vacportal.com\/fr\/installations-aspiration-pour-chaque-secteur\/\"},{\"@type\":\"ListItem\",\"position\":3,\"name\":\"Installations d\u2019aspiration et aspirateurs industriels pour l\u2019industrie m\u00e9tallurgique\"}]},{\"@type\":\"WebSite\",\"@id\":\"https:\/\/www.vacportal.com\/fr\/#website\",\"url\":\"https:\/\/www.vacportal.com\/fr\/\",\"name\":\"Vacportal AG\",\"description\":\"Industrielle Absauganlagen und Industriesauger\",\"publisher\":{\"@id\":\"https:\/\/www.vacportal.com\/fr\/#organization\"},\"alternateName\":\"Vacportal\",\"potentialAction\":[{\"@type\":\"SearchAction\",\"target\":{\"@type\":\"EntryPoint\",\"urlTemplate\":\"https:\/\/www.vacportal.com\/fr\/?s={search_term_string}\"},\"query-input\":{\"@type\":\"PropertyValueSpecification\",\"valueRequired\":true,\"valueName\":\"search_term_string\"}}],\"inLanguage\":\"fr-FR\"},{\"@type\":\"Organization\",\"@id\":\"https:\/\/www.vacportal.com\/fr\/#organization\",\"name\":\"Vacportal AG\",\"url\":\"https:\/\/www.vacportal.com\/fr\/\",\"logo\":{\"@type\":\"ImageObject\",\"inLanguage\":\"fr-FR\",\"@id\":\"https:\/\/www.vacportal.com\/fr\/#\/schema\/logo\/image\/\",\"url\":\"https:\/\/www.vacportal.com\/wp-content\/uploads\/Vacportal-Logo_2024_de.png\",\"contentUrl\":\"https:\/\/www.vacportal.com\/wp-content\/uploads\/Vacportal-Logo_2024_de.png\",\"width\":946,\"height\":446,\"caption\":\"Vacportal AG\"},\"image\":{\"@id\":\"https:\/\/www.vacportal.com\/fr\/#\/schema\/logo\/image\/\"}}]}<\/script>\n<!-- \/ Yoast SEO Premium plugin. -->","yoast_head_json":{"title":"Installations d\u2019aspiration et aspirateurs industriels pour l\u2019industrie m\u00e9tallurgique - Vacportal","description":"Vacportal","robots":{"index":"index","follow":"follow","max-snippet":"max-snippet:-1","max-image-preview":"max-image-preview:large","max-video-preview":"max-video-preview:-1"},"canonical":"https:\/\/www.vacportal.com\/fr\/installations-aspiration-pour-chaque-secteur\/installations-aspiration-industrie-metallurgique\/","og_locale":"fr_FR","og_type":"article","og_title":"Installations d\u2019aspiration et aspirateurs industriels pour l\u2019industrie m\u00e9tallurgique","og_description":"Vacportal","og_url":"https:\/\/www.vacportal.com\/fr\/installations-aspiration-pour-chaque-secteur\/installations-aspiration-industrie-metallurgique\/","og_site_name":"Vacportal","article_modified_time":"2024-12-20T16:40:44+00:00","og_image":[{"width":2560,"height":480,"url":"https:\/\/www.vacportal.com\/wp-content\/uploads\/2024\/04\/Metall-Industrie-Absauganlagen.jpg","type":"image\/jpeg"}],"twitter_card":"summary_large_image","twitter_misc":{"Dur\u00e9e de lecture estim\u00e9e":"4 minutes"},"schema":{"@context":"https:\/\/schema.org","@graph":[{"@type":"WebPage","@id":"https:\/\/www.vacportal.com\/fr\/installations-aspiration-pour-chaque-secteur\/installations-aspiration-industrie-metallurgique\/","url":"https:\/\/www.vacportal.com\/fr\/installations-aspiration-pour-chaque-secteur\/installations-aspiration-industrie-metallurgique\/","name":"Installations d\u2019aspiration et aspirateurs industriels pour l\u2019industrie m\u00e9tallurgique - Vacportal","isPartOf":{"@id":"https:\/\/www.vacportal.com\/fr\/#website"},"primaryImageOfPage":{"@id":"https:\/\/www.vacportal.com\/fr\/installations-aspiration-pour-chaque-secteur\/installations-aspiration-industrie-metallurgique\/#primaryimage"},"image":{"@id":"https:\/\/www.vacportal.com\/fr\/installations-aspiration-pour-chaque-secteur\/installations-aspiration-industrie-metallurgique\/#primaryimage"},"thumbnailUrl":"https:\/\/www.vacportal.com\/wp-content\/uploads\/2024\/04\/Metall-Industrie-Absauganlagen.jpg","datePublished":"2024-03-31T11:09:37+00:00","dateModified":"2024-12-20T16:40:44+00:00","description":"Vacportal","breadcrumb":{"@id":"https:\/\/www.vacportal.com\/fr\/installations-aspiration-pour-chaque-secteur\/installations-aspiration-industrie-metallurgique\/#breadcrumb"},"inLanguage":"fr-FR","potentialAction":[{"@type":"ReadAction","target":["https:\/\/www.vacportal.com\/fr\/installations-aspiration-pour-chaque-secteur\/installations-aspiration-industrie-metallurgique\/"]}]},{"@type":"ImageObject","inLanguage":"fr-FR","@id":"https:\/\/www.vacportal.com\/fr\/installations-aspiration-pour-chaque-secteur\/installations-aspiration-industrie-metallurgique\/#primaryimage","url":"https:\/\/www.vacportal.com\/wp-content\/uploads\/2024\/04\/Metall-Industrie-Absauganlagen.jpg","contentUrl":"https:\/\/www.vacportal.com\/wp-content\/uploads\/2024\/04\/Metall-Industrie-Absauganlagen.jpg","width":2560,"height":480,"caption":"Absauganlagen und Industriesauger f\u00fcr die Metall-Industrie"},{"@type":"BreadcrumbList","@id":"https:\/\/www.vacportal.com\/fr\/installations-aspiration-pour-chaque-secteur\/installations-aspiration-industrie-metallurgique\/#breadcrumb","itemListElement":[{"@type":"ListItem","position":1,"name":"Home","item":"https:\/\/www.vacportal.com\/fr\/"},{"@type":"ListItem","position":2,"name":"Des installations d\u2019aspiration pour chaque secteur","item":"https:\/\/www.vacportal.com\/fr\/installations-aspiration-pour-chaque-secteur\/"},{"@type":"ListItem","position":3,"name":"Installations d\u2019aspiration et aspirateurs industriels pour l\u2019industrie m\u00e9tallurgique"}]},{"@type":"WebSite","@id":"https:\/\/www.vacportal.com\/fr\/#website","url":"https:\/\/www.vacportal.com\/fr\/","name":"Vacportal AG","description":"Industrielle Absauganlagen und Industriesauger","publisher":{"@id":"https:\/\/www.vacportal.com\/fr\/#organization"},"alternateName":"Vacportal","potentialAction":[{"@type":"SearchAction","target":{"@type":"EntryPoint","urlTemplate":"https:\/\/www.vacportal.com\/fr\/?s={search_term_string}"},"query-input":{"@type":"PropertyValueSpecification","valueRequired":true,"valueName":"search_term_string"}}],"inLanguage":"fr-FR"},{"@type":"Organization","@id":"https:\/\/www.vacportal.com\/fr\/#organization","name":"Vacportal AG","url":"https:\/\/www.vacportal.com\/fr\/","logo":{"@type":"ImageObject","inLanguage":"fr-FR","@id":"https:\/\/www.vacportal.com\/fr\/#\/schema\/logo\/image\/","url":"https:\/\/www.vacportal.com\/wp-content\/uploads\/Vacportal-Logo_2024_de.png","contentUrl":"https:\/\/www.vacportal.com\/wp-content\/uploads\/Vacportal-Logo_2024_de.png","width":946,"height":446,"caption":"Vacportal AG"},"image":{"@id":"https:\/\/www.vacportal.com\/fr\/#\/schema\/logo\/image\/"}}]}},"_links":{"self":[{"href":"https:\/\/www.vacportal.com\/fr\/wp-json\/wp\/v2\/pages\/679","targetHints":{"allow":["GET"]}}],"collection":[{"href":"https:\/\/www.vacportal.com\/fr\/wp-json\/wp\/v2\/pages"}],"about":[{"href":"https:\/\/www.vacportal.com\/fr\/wp-json\/wp\/v2\/types\/page"}],"author":[{"embeddable":true,"href":"https:\/\/www.vacportal.com\/fr\/wp-json\/wp\/v2\/users\/1"}],"replies":[{"embeddable":true,"href":"https:\/\/www.vacportal.com\/fr\/wp-json\/wp\/v2\/comments?post=679"}],"version-history":[{"count":0,"href":"https:\/\/www.vacportal.com\/fr\/wp-json\/wp\/v2\/pages\/679\/revisions"}],"up":[{"embeddable":true,"href":"https:\/\/www.vacportal.com\/fr\/wp-json\/wp\/v2\/pages\/812"}],"wp:featuredmedia":[{"embeddable":true,"href":"https:\/\/www.vacportal.com\/fr\/wp-json\/wp\/v2\/media\/623"}],"wp:attachment":[{"href":"https:\/\/www.vacportal.com\/fr\/wp-json\/wp\/v2\/media?parent=679"}],"curies":[{"name":"wp","href":"https:\/\/api.w.org\/{rel}","templated":true}]}}