{"id":683,"date":"2024-03-31T11:09:13","date_gmt":"2024-03-31T11:09:13","guid":{"rendered":"http:\/\/vacportal:8080\/industriesauger-fur-die-uhrenindustrie\/"},"modified":"2024-12-20T16:39:44","modified_gmt":"2024-12-20T16:39:44","slug":"aspirateurs-industriels-industrie-horlogere","status":"publish","type":"page","link":"https:\/\/www.vacportal.com\/fr\/installations-aspiration-pour-chaque-secteur\/aspirateurs-industriels-industrie-horlogere\/","title":{"rendered":"Aspirateurs industriels pour l\u2019industrie horlog\u00e8re"},"content":{"rendered":"\n<p>Dans l\u2019industrie horlog\u00e8re, les machines utilis\u00e9es sont tr\u00e8s diverses, afin de mener \u00e0 bien les diff\u00e9rentes \u00e9tapes de la production, que ce soit pour effectuer des microfraisages, des pon\u00e7ages, des gravures, des d\u00e9coupes au laser, des d\u00e9colletages, des polissages, etc.<\/p>\n\n\n\n<p>Tous ces travaux provoquent des particules de poussi\u00e8re qui se dispersent dans l\u2019air, puis se d\u00e9posent sur les produits et le mobilier. Les installations d\u2019aspiration Vacportal r\u00e9duisent ces d\u00e9p\u00f4ts et prolongent la dur\u00e9e de vie des produits et du mobilier, car les machines, plus propres, sont moins susceptibles de tomber en panne ou de conna\u00eetre des probl\u00e8mes. Par ailleurs, les processus de nettoyage suppl\u00e9mentaires et intensifs des locaux peuvent ainsi \u00eatre r\u00e9duits.<\/p>\n\n\n\n<p>Les fins copeaux g\u00e9n\u00e9r\u00e9s par l\u2019exploitation de machines dans l\u2019industrie horlog\u00e8re sont aspir\u00e9s efficacement par les aspirateurs industriels de la <a href=\"https:\/\/www.vacportal.com\/fr\/aspirateurs-industriels\/aspirateurs-industriels-serie-st600\/\">s\u00e9rie ST600<\/a> de Vacportal. Une solution adapt\u00e9e aux exigences du client apporte d\u2019innombrables avantages:<\/p>\n\n\n\n<p>Les avantages de l\u2019aspirateur industriel dans l\u2019industrie horlog\u00e8re<\/p>\n\n\n\n<ul class=\"wp-block-list\">\n<li>Pas ou peu d\u2019interruptions de la production<\/li>\n\n\n\n<li>Les aspirateurs industriels de Vacportal sont con\u00e7us pour fonctionner 24 h\/24<\/li>\n\n\n\n<li>Les aspirateurs demandent une maintenance minimale<\/li>\n\n\n\n<li>Longue dur\u00e9e de vie<\/li>\n\n\n\n<li>Grande flexibilit\u00e9 en mati\u00e8re de performances<\/li>\n\n\n\n<li>Equipement pouvant \u00eatre choisi individuellement<\/li>\n\n\n\n<li>Faibles \u00e9missions sonores<\/li>\n\n\n\n<li>De grands filtres assurent une puissance d\u2019aspiration continuelle<\/li>\n<\/ul>\n\n\n\n<p><a><\/a><\/p>\n\n\n\n<h2 class=\"wp-block-heading\">Microfraisage, per\u00e7age et pon\u00e7age<\/h2>\n\n\n\n<p>La propret\u00e9 est tr\u00e8s importante dans les processus automatis\u00e9s comme le microfraisage, le per\u00e7age et le pon\u00e7age. Pendant les \u00e9tapes de travail, les copeaux et la poussi\u00e8re sont aspir\u00e9s ponctuellement, \u00e0 des vitesses \u00e9lev\u00e9es, pour \u00eatre \u00e9limin\u00e9s. En raison du changement automatique des pi\u00e8ces \u00e0 usiner, la propret\u00e9 est essentielle pour leur positionnement optimal dans le dispositif de serrage, et donc pour la qualit\u00e9.<\/p>\n\n\n\n<p>La puissance des moteurs des aspirateurs industriels de la <a href=\"https:\/\/www.vacportal.com\/fr\/aspirateurs-industriels\/aspirateurs-industriels-serie-st600\/\">s\u00e9rie ST600<\/a> est parfaitement adapt\u00e9e aux besoins des clients. De nombreuses variantes sont en effet disponibles.<\/p>\n\n\n\n<p>Cette optimisation de la performance toute en finesse permet d\u2019obtenir des r\u00e9sultats de premier ordre en mati\u00e8re d\u2019efficacit\u00e9 d\u2019aspiration et d\u2019\u00e9missions sonores.<br>Les filtres de grande taille, comme ceux qui sont int\u00e9gr\u00e9s au type ST600, garantissent une puissance d\u2019aspiration continue.<\/p>\n\n\n\n<p>Dans le cas des processus automatis\u00e9s, il s\u2019agit d\u2019un avantage de taille, puisqu\u2019ils garantissent une exploitation sans interruptions.<br><a><\/a><\/p>\n\n\n\n<h2 class=\"wp-block-heading\">Aspiration de poussi\u00e8re de gravier<\/h2>\n\n\n\n<p>Pour aspirer la poussi\u00e8re de gravier, les aspirateurs industriels de la <a href=\"https:\/\/www.vacportal.com\/fr\/aspirateurs-industriels\/aspirateurs-industriels-serie-p150-6litres\/\">s\u00e9rie P150<\/a>, configurables et compacts, sont souvent utilis\u00e9s.<br>Leurs petites dimensions permettent de les glisser sous les tables de travail ou de les int\u00e9grer \u00e0 des machines. Le moteur et, partant, la puissance peuvent \u00eatre adapt\u00e9s individuellement aux besoins des clients.<br>Ces aspirateurs industriels n\u2019occupent que peu de place et leur niveau sonore est r\u00e9duit du mieux possible gr\u00e2ce \u00e0 l\u2019optimisation du moteur.<\/p>\n\n\n\n<p>En pr\u00e9sence de processus automatis\u00e9s et d\u2019un nombre de pi\u00e8ces cons\u00e9quent, nous recommandons \u00e9galement les aspirateurs industriels de la <a href=\"https:\/\/www.vacportal.com\/fr\/aspirateurs-industriels\/aspirateurs-industriels-serie-st600\/\">s\u00e9rie ST600<\/a>. Apr\u00e8s un entretien de conseil approfondi avec nos experts, qui pourront \u00e0 cette occasion identifier vos besoins, nous trouverons l\u2019aspirateur industriel qui vous convient parfaitement.<br><\/p>\n\n\n\n<h2 class=\"wp-block-heading\">Gravure et inscriptions au laser<\/h2>\n\n\n\n<p>Les inscriptions r\u00e9alis\u00e9es au laser sur du m\u00e9tal, des mati\u00e8res synth\u00e9tiques, du verre, du bois, des films, de la c\u00e9ramique ou aussi du papier provoquent de la fum\u00e9e. Les aspirateurs industriels de la <a href=\"https:\/\/www.vacportal.com\/fr\/aspirateurs-industriels\/aspirateurs-industriels-serie-st600\/\">s\u00e9rie ST600<\/a> sont fr\u00e9quemment utilis\u00e9s pour aspirer la fum\u00e9e de laser. Les tuyaux raccord\u00e9s typiquement aux aspirateurs industriels de ce genre pr\u00e9sentent des diam\u00e8tres entre \u00d8 30 et \u00d8 80 mm.<\/p>\n\n\n\n<p>Les cartouches filtrantes des aspirateurs industriels de la <a href=\"https:\/\/www.vacportal.com\/fr\/aspirateurs-industriels\/aspirateurs-industriels-serie-st600\/\">s\u00e9rie ST600<\/a> sont dot\u00e9s, par d\u00e9faut, d\u2019une surface filtrante de 10 m2 et conviennent donc \u00e0 merveille aux installations de gravure au laser.<br>Souvent, un filtre secondaire HEPA de classe H13 ou H14, ou encore un filtre au charbon actif, sont utilis\u00e9s en option.<\/p>\n\n\n\n<p>Les aspirateurs industriels de type ST600 sont disponibles en de nombreuses variantes. En mati\u00e8re de d\u00e9bit volumique, la fourchette va de 130 \u00e0 620 m3\/h, alors qu\u2019elle est de 50 \u00e0 210 mbar pour le vide d\u2019air.<\/p>\n\n\n\n<p>Le ST600 s\u2019adapte de mani\u00e8re optimale \u00e0 vos besoins. De cette mani\u00e8re, les \u00e9missions sonores peuvent \u00eatre maintenues au niveau le plus bas possible.<br><a><\/a><\/p>\n\n\n\n<h2 class=\"wp-block-heading\">Polissage<\/h2>\n\n\n\n<p>Les bo\u00eetiers de montres r\u00e9alis\u00e9es avec art doivent souvent \u00eatre polis. Dans les manufactures horlog\u00e8res, les diff\u00e9rents composants sont travaill\u00e9s \u00e0 la main sur les polisseuses, une t\u00e2che qui exige une grande habilet\u00e9 de l\u2019artisan.<\/p>\n\n\n\n<p>La polisseuse, \u00e9quip\u00e9e de disques de polissage, provoque au cours de cette \u00e9tape de travail de la poussi\u00e8re et des fibres, aspir\u00e9es avec les installations des <a href=\"https:\/\/www.vacportal.com\/fr\/installations-aspiration\/installations-aspiration-serie-sv600\/\">s\u00e9ries SV600<\/a> et <a href=\"https:\/\/www.vacportal.com\/fr\/installations-aspiration\/installations-aspiration-serie-rv600\/\">RV600<\/a>.<\/p>\n\n\n\n<p>Une installation d\u2019aspiration permet de nettoyer plusieurs stations en m\u00eame temps. Dans une manufacture o\u00f9 le travail exige une concentration de tous les instants, les \u00e9missions sonores doivent \u00eatre maintenues au strict minium.<\/p>\n\n\n\n<p>Les installations d\u2019aspiration \u00e9quip\u00e9es d\u2019un convertisseur de fr\u00e9quence permettent d\u2019ajuster la puissance en continu. Dans ces conditions, la puissance peut \u00eatre adapt\u00e9e manuellement ou r\u00e9gl\u00e9e \u00e0 la perfection automatiquement, en fonction du nombre de points d\u2019aspiration n\u00e9cessaires.<\/p>\n\n\n\n<p>Le r\u00e9glage du flux d\u2019air a pour avantage de g\u00e9n\u00e9rer un minimum de bruit, fonction du nombre de stations de polissage exploit\u00e9es. Le niveau sonore est ainsi limit\u00e9 sans perte de puissance et l\u2019atmosph\u00e8re de travail s\u2019en trouve significativement am\u00e9lior\u00e9e.<\/p>\n\n\n\n\n    <div class=\"contactbox\">\n        <div style=\"flex-grow:8;padding:20px;\">\n            T\u00e9l\u00e9phonez-nous sans engagement ou \u00e9crivez-nous un e-mail afin que nous puissions vous conseiller!\n            <br><br><b>Nous vous aidons volontiers.<\/b><br><br>T\u00e9l. +41 43 243 30 00<br>E-mail:            <script>document.write('<a class=\\\"contbox\\\" href=\\\"mailto:' + 'sales' + '@' + 'vacportal.com' +'\\\">' + 'sales' + '@' + 'vacportal.com' + '<\/a>');<\/script>\n        <\/div>\n\n        <div class=\"buttonarea\" style=\"flex-grow:2;padding:20px;text-align:right;\">\n            <button class=\"contactbutton\" onclick=\"window.location.href = '\/kontakt\/'\">FORMULAIRE DE CONTACT<\/button>\n        <\/div>\n    <\/div>\n\n\n\n\n","protected":false},"excerpt":{"rendered":"<p>Dans l\u2019industrie horlog\u00e8re, les machines utilis\u00e9es sont tr\u00e8s diverses, afin de mener \u00e0 bien les diff\u00e9rentes \u00e9tapes de la production, que ce soit pour effectuer des microfraisages, des pon\u00e7ages, des gravures, des d\u00e9coupes au laser, des d\u00e9colletages, des polissages, etc. Tous ces travaux provoquent des particules de poussi\u00e8re qui se dispersent dans l\u2019air, puis se [&hellip;]<\/p>\n","protected":false},"author":1,"featured_media":622,"parent":812,"menu_order":0,"comment_status":"closed","ping_status":"closed","template":"","meta":{"footnotes":""},"class_list":["post-683","page","type-page","status-publish","has-post-thumbnail","hentry"],"yoast_head":"<!-- This site is optimized with the Yoast SEO Premium plugin v27.1 (Yoast SEO v27.1.1) - https:\/\/yoast.com\/product\/yoast-seo-premium-wordpress\/ -->\n<title>Aspirateurs industriels pour l\u2019industrie horlog\u00e8re - Vacportal<\/title>\n<meta name=\"description\" content=\"Vacportal\" \/>\n<meta name=\"robots\" content=\"index, follow, max-snippet:-1, max-image-preview:large, max-video-preview:-1\" \/>\n<link rel=\"canonical\" href=\"https:\/\/www.vacportal.com\/fr\/installations-aspiration-pour-chaque-secteur\/aspirateurs-industriels-industrie-horlogere\/\" \/>\n<meta property=\"og:locale\" content=\"fr_FR\" \/>\n<meta property=\"og:type\" content=\"article\" \/>\n<meta property=\"og:title\" content=\"Aspirateurs industriels pour l\u2019industrie horlog\u00e8re\" \/>\n<meta property=\"og:description\" content=\"Vacportal\" \/>\n<meta property=\"og:url\" content=\"https:\/\/www.vacportal.com\/fr\/installations-aspiration-pour-chaque-secteur\/aspirateurs-industriels-industrie-horlogere\/\" \/>\n<meta property=\"og:site_name\" content=\"Vacportal\" \/>\n<meta property=\"article:modified_time\" content=\"2024-12-20T16:39:44+00:00\" \/>\n<meta property=\"og:image\" content=\"https:\/\/www.vacportal.com\/wp-content\/uploads\/2024\/04\/Uhren-Industrie-Absauganlagen.jpg\" \/>\n\t<meta property=\"og:image:width\" content=\"2560\" \/>\n\t<meta property=\"og:image:height\" content=\"480\" \/>\n\t<meta property=\"og:image:type\" content=\"image\/jpeg\" \/>\n<meta name=\"twitter:card\" content=\"summary_large_image\" \/>\n<meta name=\"twitter:label1\" content=\"Dur\u00e9e de lecture estim\u00e9e\" \/>\n\t<meta name=\"twitter:data1\" content=\"5 minutes\" \/>\n<script type=\"application\/ld+json\" class=\"yoast-schema-graph\">{\"@context\":\"https:\/\/schema.org\",\"@graph\":[{\"@type\":\"WebPage\",\"@id\":\"https:\/\/www.vacportal.com\/fr\/installations-aspiration-pour-chaque-secteur\/aspirateurs-industriels-industrie-horlogere\/\",\"url\":\"https:\/\/www.vacportal.com\/fr\/installations-aspiration-pour-chaque-secteur\/aspirateurs-industriels-industrie-horlogere\/\",\"name\":\"Aspirateurs industriels pour l\u2019industrie horlog\u00e8re - Vacportal\",\"isPartOf\":{\"@id\":\"https:\/\/www.vacportal.com\/fr\/#website\"},\"primaryImageOfPage\":{\"@id\":\"https:\/\/www.vacportal.com\/fr\/installations-aspiration-pour-chaque-secteur\/aspirateurs-industriels-industrie-horlogere\/#primaryimage\"},\"image\":{\"@id\":\"https:\/\/www.vacportal.com\/fr\/installations-aspiration-pour-chaque-secteur\/aspirateurs-industriels-industrie-horlogere\/#primaryimage\"},\"thumbnailUrl\":\"https:\/\/www.vacportal.com\/wp-content\/uploads\/2024\/04\/Uhren-Industrie-Absauganlagen.jpg\",\"datePublished\":\"2024-03-31T11:09:13+00:00\",\"dateModified\":\"2024-12-20T16:39:44+00:00\",\"description\":\"Vacportal\",\"breadcrumb\":{\"@id\":\"https:\/\/www.vacportal.com\/fr\/installations-aspiration-pour-chaque-secteur\/aspirateurs-industriels-industrie-horlogere\/#breadcrumb\"},\"inLanguage\":\"fr-FR\",\"potentialAction\":[{\"@type\":\"ReadAction\",\"target\":[\"https:\/\/www.vacportal.com\/fr\/installations-aspiration-pour-chaque-secteur\/aspirateurs-industriels-industrie-horlogere\/\"]}]},{\"@type\":\"ImageObject\",\"inLanguage\":\"fr-FR\",\"@id\":\"https:\/\/www.vacportal.com\/fr\/installations-aspiration-pour-chaque-secteur\/aspirateurs-industriels-industrie-horlogere\/#primaryimage\",\"url\":\"https:\/\/www.vacportal.com\/wp-content\/uploads\/2024\/04\/Uhren-Industrie-Absauganlagen.jpg\",\"contentUrl\":\"https:\/\/www.vacportal.com\/wp-content\/uploads\/2024\/04\/Uhren-Industrie-Absauganlagen.jpg\",\"width\":2560,\"height\":480,\"caption\":\"Absauganlagen und Industriesauger f\u00fcr die Uhren-Industrie\"},{\"@type\":\"BreadcrumbList\",\"@id\":\"https:\/\/www.vacportal.com\/fr\/installations-aspiration-pour-chaque-secteur\/aspirateurs-industriels-industrie-horlogere\/#breadcrumb\",\"itemListElement\":[{\"@type\":\"ListItem\",\"position\":1,\"name\":\"Home\",\"item\":\"https:\/\/www.vacportal.com\/fr\/\"},{\"@type\":\"ListItem\",\"position\":2,\"name\":\"Des installations d\u2019aspiration pour chaque secteur\",\"item\":\"https:\/\/www.vacportal.com\/fr\/installations-aspiration-pour-chaque-secteur\/\"},{\"@type\":\"ListItem\",\"position\":3,\"name\":\"Aspirateurs industriels pour l\u2019industrie horlog\u00e8re\"}]},{\"@type\":\"WebSite\",\"@id\":\"https:\/\/www.vacportal.com\/fr\/#website\",\"url\":\"https:\/\/www.vacportal.com\/fr\/\",\"name\":\"Vacportal AG\",\"description\":\"Industrielle Absauganlagen und Industriesauger\",\"publisher\":{\"@id\":\"https:\/\/www.vacportal.com\/fr\/#organization\"},\"alternateName\":\"Vacportal\",\"potentialAction\":[{\"@type\":\"SearchAction\",\"target\":{\"@type\":\"EntryPoint\",\"urlTemplate\":\"https:\/\/www.vacportal.com\/fr\/?s={search_term_string}\"},\"query-input\":{\"@type\":\"PropertyValueSpecification\",\"valueRequired\":true,\"valueName\":\"search_term_string\"}}],\"inLanguage\":\"fr-FR\"},{\"@type\":\"Organization\",\"@id\":\"https:\/\/www.vacportal.com\/fr\/#organization\",\"name\":\"Vacportal AG\",\"url\":\"https:\/\/www.vacportal.com\/fr\/\",\"logo\":{\"@type\":\"ImageObject\",\"inLanguage\":\"fr-FR\",\"@id\":\"https:\/\/www.vacportal.com\/fr\/#\/schema\/logo\/image\/\",\"url\":\"https:\/\/www.vacportal.com\/wp-content\/uploads\/Vacportal-Logo_2024_de.png\",\"contentUrl\":\"https:\/\/www.vacportal.com\/wp-content\/uploads\/Vacportal-Logo_2024_de.png\",\"width\":946,\"height\":446,\"caption\":\"Vacportal AG\"},\"image\":{\"@id\":\"https:\/\/www.vacportal.com\/fr\/#\/schema\/logo\/image\/\"}}]}<\/script>\n<!-- \/ Yoast SEO Premium plugin. -->","yoast_head_json":{"title":"Aspirateurs industriels pour l\u2019industrie horlog\u00e8re - Vacportal","description":"Vacportal","robots":{"index":"index","follow":"follow","max-snippet":"max-snippet:-1","max-image-preview":"max-image-preview:large","max-video-preview":"max-video-preview:-1"},"canonical":"https:\/\/www.vacportal.com\/fr\/installations-aspiration-pour-chaque-secteur\/aspirateurs-industriels-industrie-horlogere\/","og_locale":"fr_FR","og_type":"article","og_title":"Aspirateurs industriels pour l\u2019industrie horlog\u00e8re","og_description":"Vacportal","og_url":"https:\/\/www.vacportal.com\/fr\/installations-aspiration-pour-chaque-secteur\/aspirateurs-industriels-industrie-horlogere\/","og_site_name":"Vacportal","article_modified_time":"2024-12-20T16:39:44+00:00","og_image":[{"width":2560,"height":480,"url":"https:\/\/www.vacportal.com\/wp-content\/uploads\/2024\/04\/Uhren-Industrie-Absauganlagen.jpg","type":"image\/jpeg"}],"twitter_card":"summary_large_image","twitter_misc":{"Dur\u00e9e de lecture estim\u00e9e":"5 minutes"},"schema":{"@context":"https:\/\/schema.org","@graph":[{"@type":"WebPage","@id":"https:\/\/www.vacportal.com\/fr\/installations-aspiration-pour-chaque-secteur\/aspirateurs-industriels-industrie-horlogere\/","url":"https:\/\/www.vacportal.com\/fr\/installations-aspiration-pour-chaque-secteur\/aspirateurs-industriels-industrie-horlogere\/","name":"Aspirateurs industriels pour l\u2019industrie horlog\u00e8re - Vacportal","isPartOf":{"@id":"https:\/\/www.vacportal.com\/fr\/#website"},"primaryImageOfPage":{"@id":"https:\/\/www.vacportal.com\/fr\/installations-aspiration-pour-chaque-secteur\/aspirateurs-industriels-industrie-horlogere\/#primaryimage"},"image":{"@id":"https:\/\/www.vacportal.com\/fr\/installations-aspiration-pour-chaque-secteur\/aspirateurs-industriels-industrie-horlogere\/#primaryimage"},"thumbnailUrl":"https:\/\/www.vacportal.com\/wp-content\/uploads\/2024\/04\/Uhren-Industrie-Absauganlagen.jpg","datePublished":"2024-03-31T11:09:13+00:00","dateModified":"2024-12-20T16:39:44+00:00","description":"Vacportal","breadcrumb":{"@id":"https:\/\/www.vacportal.com\/fr\/installations-aspiration-pour-chaque-secteur\/aspirateurs-industriels-industrie-horlogere\/#breadcrumb"},"inLanguage":"fr-FR","potentialAction":[{"@type":"ReadAction","target":["https:\/\/www.vacportal.com\/fr\/installations-aspiration-pour-chaque-secteur\/aspirateurs-industriels-industrie-horlogere\/"]}]},{"@type":"ImageObject","inLanguage":"fr-FR","@id":"https:\/\/www.vacportal.com\/fr\/installations-aspiration-pour-chaque-secteur\/aspirateurs-industriels-industrie-horlogere\/#primaryimage","url":"https:\/\/www.vacportal.com\/wp-content\/uploads\/2024\/04\/Uhren-Industrie-Absauganlagen.jpg","contentUrl":"https:\/\/www.vacportal.com\/wp-content\/uploads\/2024\/04\/Uhren-Industrie-Absauganlagen.jpg","width":2560,"height":480,"caption":"Absauganlagen und Industriesauger f\u00fcr die Uhren-Industrie"},{"@type":"BreadcrumbList","@id":"https:\/\/www.vacportal.com\/fr\/installations-aspiration-pour-chaque-secteur\/aspirateurs-industriels-industrie-horlogere\/#breadcrumb","itemListElement":[{"@type":"ListItem","position":1,"name":"Home","item":"https:\/\/www.vacportal.com\/fr\/"},{"@type":"ListItem","position":2,"name":"Des installations d\u2019aspiration pour chaque secteur","item":"https:\/\/www.vacportal.com\/fr\/installations-aspiration-pour-chaque-secteur\/"},{"@type":"ListItem","position":3,"name":"Aspirateurs industriels pour l\u2019industrie horlog\u00e8re"}]},{"@type":"WebSite","@id":"https:\/\/www.vacportal.com\/fr\/#website","url":"https:\/\/www.vacportal.com\/fr\/","name":"Vacportal AG","description":"Industrielle Absauganlagen und Industriesauger","publisher":{"@id":"https:\/\/www.vacportal.com\/fr\/#organization"},"alternateName":"Vacportal","potentialAction":[{"@type":"SearchAction","target":{"@type":"EntryPoint","urlTemplate":"https:\/\/www.vacportal.com\/fr\/?s={search_term_string}"},"query-input":{"@type":"PropertyValueSpecification","valueRequired":true,"valueName":"search_term_string"}}],"inLanguage":"fr-FR"},{"@type":"Organization","@id":"https:\/\/www.vacportal.com\/fr\/#organization","name":"Vacportal AG","url":"https:\/\/www.vacportal.com\/fr\/","logo":{"@type":"ImageObject","inLanguage":"fr-FR","@id":"https:\/\/www.vacportal.com\/fr\/#\/schema\/logo\/image\/","url":"https:\/\/www.vacportal.com\/wp-content\/uploads\/Vacportal-Logo_2024_de.png","contentUrl":"https:\/\/www.vacportal.com\/wp-content\/uploads\/Vacportal-Logo_2024_de.png","width":946,"height":446,"caption":"Vacportal AG"},"image":{"@id":"https:\/\/www.vacportal.com\/fr\/#\/schema\/logo\/image\/"}}]}},"_links":{"self":[{"href":"https:\/\/www.vacportal.com\/fr\/wp-json\/wp\/v2\/pages\/683","targetHints":{"allow":["GET"]}}],"collection":[{"href":"https:\/\/www.vacportal.com\/fr\/wp-json\/wp\/v2\/pages"}],"about":[{"href":"https:\/\/www.vacportal.com\/fr\/wp-json\/wp\/v2\/types\/page"}],"author":[{"embeddable":true,"href":"https:\/\/www.vacportal.com\/fr\/wp-json\/wp\/v2\/users\/1"}],"replies":[{"embeddable":true,"href":"https:\/\/www.vacportal.com\/fr\/wp-json\/wp\/v2\/comments?post=683"}],"version-history":[{"count":0,"href":"https:\/\/www.vacportal.com\/fr\/wp-json\/wp\/v2\/pages\/683\/revisions"}],"up":[{"embeddable":true,"href":"https:\/\/www.vacportal.com\/fr\/wp-json\/wp\/v2\/pages\/812"}],"wp:featuredmedia":[{"embeddable":true,"href":"https:\/\/www.vacportal.com\/fr\/wp-json\/wp\/v2\/media\/622"}],"wp:attachment":[{"href":"https:\/\/www.vacportal.com\/fr\/wp-json\/wp\/v2\/media?parent=683"}],"curies":[{"name":"wp","href":"https:\/\/api.w.org\/{rel}","templated":true}]}}