{"id":691,"date":"2024-03-31T11:08:22","date_gmt":"2024-03-31T11:08:22","guid":{"rendered":"http:\/\/vacportal:8080\/industriesauger-laserbeschriftungen\/"},"modified":"2024-12-20T16:34:55","modified_gmt":"2024-12-20T16:34:55","slug":"aspirateurs-industriels-gravures-laser","status":"publish","type":"page","link":"https:\/\/www.vacportal.com\/fr\/linstallation-aspiration-adaptee-a-chaque-exigence\/aspirateurs-industriels-gravures-laser\/","title":{"rendered":"Aspirateurs industriels pour gravures au laser"},"content":{"rendered":"\n<p>Les gravures au laser sont utilis\u00e9es dans de nombreux secteurs, notamment dans l\u2019alimentaire ou dans l\u2019industrie pharmaceutique.<\/p>\n\n\n\n<p>La poussi\u00e8re et la fum\u00e9e g\u00e9n\u00e9r\u00e9es par ce processus doivent \u00eatre aspir\u00e9es pour ne pas contaminer les produits trait\u00e9s.<br><a><\/a><\/p>\n\n\n\n<h2 class=\"wp-block-heading\">Aspirateurs industriels pour machines de gravure laser<\/h2>\n\n\n\n<p>Les lasers peuvent graver les mat\u00e9riaux les plus vari\u00e9s, dans des conditions d\u2019application tr\u00e8s diverses.<\/p>\n\n\n\n<p>Pour les poussi\u00e8res produites \u00e0 cette occasion, les aspirateurs industriels de la <a href=\"https:\/\/www.vacportal.com\/fr\/aspirateurs-industriels\/aspirateurs-industriels-serie-st600\/\">s\u00e9rie ST600<\/a> conviennent \u00e0 la perfection.<\/p>\n\n\n\n<p>En produisant un important vide d\u2019air, ces aspirateurs industriels permettent d\u2019utiliser des tuyaux de petit diam\u00e8tre. La surface importante du filtre convient \u00e0 merveille pour les poussi\u00e8res de laser et garantit une performance continue. Les filtres HEPA \u00e0 particules en suspension ou les filtres au charbon actif peuvent \u00eatre \u00e9quip\u00e9s en option ou ajout\u00e9s sans probl\u00e8me par la suite.<\/p>\n\n\n\n<p>Les aspirateurs industriels de la <a href=\"https:\/\/www.vacportal.com\/fr\/aspirateurs-industriels\/aspirateurs-industriels-serie-st600\/\">s\u00e9rie ST600<\/a> peuvent parfaitement fonctionner en continu et assurent ainsi une exploitation professionnelle, sans interruptions.<\/p>\n\n\n\n\n    <div class=\"contactbox\">\n        <div style=\"flex-grow:8;padding:20px;\">\n            T\u00e9l\u00e9phonez-nous sans engagement ou \u00e9crivez-nous un e-mail afin que nous puissions vous conseiller!\n            <br><br><b>Nous vous aidons volontiers.<\/b><br><br>T\u00e9l. +41 43 243 30 00<br>E-mail:            <script>document.write('<a class=\\\"contbox\\\" href=\\\"mailto:' + 'sales' + '@' + 'vacportal.com' +'\\\">' + 'sales' + '@' + 'vacportal.com' + '<\/a>');<\/script>\n        <\/div>\n\n        <div class=\"buttonarea\" style=\"flex-grow:2;padding:20px;text-align:right;\">\n            <button class=\"contactbutton\" onclick=\"window.location.href = '\/kontakt\/'\">FORMULAIRE DE CONTACT<\/button>\n        <\/div>\n    <\/div>\n\n\n\n\n","protected":false},"excerpt":{"rendered":"<p>Les gravures au laser sont utilis\u00e9es dans de nombreux secteurs, notamment dans l\u2019alimentaire ou dans l\u2019industrie pharmaceutique. La poussi\u00e8re et la fum\u00e9e g\u00e9n\u00e9r\u00e9es par ce processus doivent \u00eatre aspir\u00e9es pour ne pas contaminer les produits trait\u00e9s. Aspirateurs industriels pour machines de gravure laser Les lasers peuvent graver les mat\u00e9riaux les plus vari\u00e9s, dans des conditions [&hellip;]<\/p>\n","protected":false},"author":1,"featured_media":618,"parent":831,"menu_order":0,"comment_status":"closed","ping_status":"closed","template":"","meta":{"footnotes":""},"class_list":["post-691","page","type-page","status-publish","has-post-thumbnail","hentry"],"yoast_head":"<!-- This site is optimized with the Yoast SEO Premium plugin v27.1 (Yoast SEO v27.1.1) - https:\/\/yoast.com\/product\/yoast-seo-premium-wordpress\/ -->\n<title>Aspirateurs industriels pour gravures au laser - Vacportal<\/title>\n<meta name=\"description\" content=\"Vacportal\" \/>\n<meta name=\"robots\" content=\"index, follow, max-snippet:-1, max-image-preview:large, max-video-preview:-1\" \/>\n<link rel=\"canonical\" href=\"https:\/\/www.vacportal.com\/fr\/linstallation-aspiration-adaptee-a-chaque-exigence\/aspirateurs-industriels-gravures-laser\/\" \/>\n<meta property=\"og:locale\" content=\"fr_FR\" \/>\n<meta property=\"og:type\" content=\"article\" \/>\n<meta property=\"og:title\" content=\"Aspirateurs industriels pour gravures au laser\" \/>\n<meta property=\"og:description\" content=\"Vacportal\" \/>\n<meta property=\"og:url\" content=\"https:\/\/www.vacportal.com\/fr\/linstallation-aspiration-adaptee-a-chaque-exigence\/aspirateurs-industriels-gravures-laser\/\" \/>\n<meta property=\"og:site_name\" content=\"Vacportal\" \/>\n<meta property=\"article:modified_time\" content=\"2024-12-20T16:34:55+00:00\" \/>\n<meta property=\"og:image\" content=\"https:\/\/www.vacportal.com\/wp-content\/uploads\/2024\/04\/Laserbeschriftungen-Laserrauch.jpg\" \/>\n\t<meta property=\"og:image:width\" content=\"2560\" \/>\n\t<meta property=\"og:image:height\" content=\"480\" \/>\n\t<meta property=\"og:image:type\" content=\"image\/jpeg\" \/>\n<meta name=\"twitter:card\" content=\"summary_large_image\" \/>\n<meta name=\"twitter:label1\" content=\"Dur\u00e9e de lecture estim\u00e9e\" \/>\n\t<meta name=\"twitter:data1\" content=\"2 minutes\" \/>\n<script type=\"application\/ld+json\" class=\"yoast-schema-graph\">{\"@context\":\"https:\/\/schema.org\",\"@graph\":[{\"@type\":\"WebPage\",\"@id\":\"https:\/\/www.vacportal.com\/fr\/linstallation-aspiration-adaptee-a-chaque-exigence\/aspirateurs-industriels-gravures-laser\/\",\"url\":\"https:\/\/www.vacportal.com\/fr\/linstallation-aspiration-adaptee-a-chaque-exigence\/aspirateurs-industriels-gravures-laser\/\",\"name\":\"Aspirateurs industriels pour gravures au laser - Vacportal\",\"isPartOf\":{\"@id\":\"https:\/\/www.vacportal.com\/fr\/#website\"},\"primaryImageOfPage\":{\"@id\":\"https:\/\/www.vacportal.com\/fr\/linstallation-aspiration-adaptee-a-chaque-exigence\/aspirateurs-industriels-gravures-laser\/#primaryimage\"},\"image\":{\"@id\":\"https:\/\/www.vacportal.com\/fr\/linstallation-aspiration-adaptee-a-chaque-exigence\/aspirateurs-industriels-gravures-laser\/#primaryimage\"},\"thumbnailUrl\":\"https:\/\/www.vacportal.com\/wp-content\/uploads\/2024\/04\/Laserbeschriftungen-Laserrauch.jpg\",\"datePublished\":\"2024-03-31T11:08:22+00:00\",\"dateModified\":\"2024-12-20T16:34:55+00:00\",\"description\":\"Vacportal\",\"breadcrumb\":{\"@id\":\"https:\/\/www.vacportal.com\/fr\/linstallation-aspiration-adaptee-a-chaque-exigence\/aspirateurs-industriels-gravures-laser\/#breadcrumb\"},\"inLanguage\":\"fr-FR\",\"potentialAction\":[{\"@type\":\"ReadAction\",\"target\":[\"https:\/\/www.vacportal.com\/fr\/linstallation-aspiration-adaptee-a-chaque-exigence\/aspirateurs-industriels-gravures-laser\/\"]}]},{\"@type\":\"ImageObject\",\"inLanguage\":\"fr-FR\",\"@id\":\"https:\/\/www.vacportal.com\/fr\/linstallation-aspiration-adaptee-a-chaque-exigence\/aspirateurs-industriels-gravures-laser\/#primaryimage\",\"url\":\"https:\/\/www.vacportal.com\/wp-content\/uploads\/2024\/04\/Laserbeschriftungen-Laserrauch.jpg\",\"contentUrl\":\"https:\/\/www.vacportal.com\/wp-content\/uploads\/2024\/04\/Laserbeschriftungen-Laserrauch.jpg\",\"width\":2560,\"height\":480,\"caption\":\"Absauganlagen und Industriesauger f\u00fcr Laserrauch und Laserbeschriftungen\"},{\"@type\":\"BreadcrumbList\",\"@id\":\"https:\/\/www.vacportal.com\/fr\/linstallation-aspiration-adaptee-a-chaque-exigence\/aspirateurs-industriels-gravures-laser\/#breadcrumb\",\"itemListElement\":[{\"@type\":\"ListItem\",\"position\":1,\"name\":\"Home\",\"item\":\"https:\/\/www.vacportal.com\/fr\/\"},{\"@type\":\"ListItem\",\"position\":2,\"name\":\"L\u2019installation d\u2019aspiration adapt\u00e9e \u00e0 chaque exigence\",\"item\":\"https:\/\/www.vacportal.com\/fr\/linstallation-aspiration-adaptee-a-chaque-exigence\/\"},{\"@type\":\"ListItem\",\"position\":3,\"name\":\"Aspirateurs industriels pour gravures au laser\"}]},{\"@type\":\"WebSite\",\"@id\":\"https:\/\/www.vacportal.com\/fr\/#website\",\"url\":\"https:\/\/www.vacportal.com\/fr\/\",\"name\":\"Vacportal AG\",\"description\":\"Industrielle Absauganlagen und Industriesauger\",\"publisher\":{\"@id\":\"https:\/\/www.vacportal.com\/fr\/#organization\"},\"alternateName\":\"Vacportal\",\"potentialAction\":[{\"@type\":\"SearchAction\",\"target\":{\"@type\":\"EntryPoint\",\"urlTemplate\":\"https:\/\/www.vacportal.com\/fr\/?s={search_term_string}\"},\"query-input\":{\"@type\":\"PropertyValueSpecification\",\"valueRequired\":true,\"valueName\":\"search_term_string\"}}],\"inLanguage\":\"fr-FR\"},{\"@type\":\"Organization\",\"@id\":\"https:\/\/www.vacportal.com\/fr\/#organization\",\"name\":\"Vacportal AG\",\"url\":\"https:\/\/www.vacportal.com\/fr\/\",\"logo\":{\"@type\":\"ImageObject\",\"inLanguage\":\"fr-FR\",\"@id\":\"https:\/\/www.vacportal.com\/fr\/#\/schema\/logo\/image\/\",\"url\":\"https:\/\/www.vacportal.com\/wp-content\/uploads\/Vacportal-Logo_2024_de.png\",\"contentUrl\":\"https:\/\/www.vacportal.com\/wp-content\/uploads\/Vacportal-Logo_2024_de.png\",\"width\":946,\"height\":446,\"caption\":\"Vacportal AG\"},\"image\":{\"@id\":\"https:\/\/www.vacportal.com\/fr\/#\/schema\/logo\/image\/\"}}]}<\/script>\n<!-- \/ Yoast SEO Premium plugin. -->","yoast_head_json":{"title":"Aspirateurs industriels pour gravures au laser - Vacportal","description":"Vacportal","robots":{"index":"index","follow":"follow","max-snippet":"max-snippet:-1","max-image-preview":"max-image-preview:large","max-video-preview":"max-video-preview:-1"},"canonical":"https:\/\/www.vacportal.com\/fr\/linstallation-aspiration-adaptee-a-chaque-exigence\/aspirateurs-industriels-gravures-laser\/","og_locale":"fr_FR","og_type":"article","og_title":"Aspirateurs industriels pour gravures au laser","og_description":"Vacportal","og_url":"https:\/\/www.vacportal.com\/fr\/linstallation-aspiration-adaptee-a-chaque-exigence\/aspirateurs-industriels-gravures-laser\/","og_site_name":"Vacportal","article_modified_time":"2024-12-20T16:34:55+00:00","og_image":[{"width":2560,"height":480,"url":"https:\/\/www.vacportal.com\/wp-content\/uploads\/2024\/04\/Laserbeschriftungen-Laserrauch.jpg","type":"image\/jpeg"}],"twitter_card":"summary_large_image","twitter_misc":{"Dur\u00e9e de lecture estim\u00e9e":"2 minutes"},"schema":{"@context":"https:\/\/schema.org","@graph":[{"@type":"WebPage","@id":"https:\/\/www.vacportal.com\/fr\/linstallation-aspiration-adaptee-a-chaque-exigence\/aspirateurs-industriels-gravures-laser\/","url":"https:\/\/www.vacportal.com\/fr\/linstallation-aspiration-adaptee-a-chaque-exigence\/aspirateurs-industriels-gravures-laser\/","name":"Aspirateurs industriels pour gravures au laser - Vacportal","isPartOf":{"@id":"https:\/\/www.vacportal.com\/fr\/#website"},"primaryImageOfPage":{"@id":"https:\/\/www.vacportal.com\/fr\/linstallation-aspiration-adaptee-a-chaque-exigence\/aspirateurs-industriels-gravures-laser\/#primaryimage"},"image":{"@id":"https:\/\/www.vacportal.com\/fr\/linstallation-aspiration-adaptee-a-chaque-exigence\/aspirateurs-industriels-gravures-laser\/#primaryimage"},"thumbnailUrl":"https:\/\/www.vacportal.com\/wp-content\/uploads\/2024\/04\/Laserbeschriftungen-Laserrauch.jpg","datePublished":"2024-03-31T11:08:22+00:00","dateModified":"2024-12-20T16:34:55+00:00","description":"Vacportal","breadcrumb":{"@id":"https:\/\/www.vacportal.com\/fr\/linstallation-aspiration-adaptee-a-chaque-exigence\/aspirateurs-industriels-gravures-laser\/#breadcrumb"},"inLanguage":"fr-FR","potentialAction":[{"@type":"ReadAction","target":["https:\/\/www.vacportal.com\/fr\/linstallation-aspiration-adaptee-a-chaque-exigence\/aspirateurs-industriels-gravures-laser\/"]}]},{"@type":"ImageObject","inLanguage":"fr-FR","@id":"https:\/\/www.vacportal.com\/fr\/linstallation-aspiration-adaptee-a-chaque-exigence\/aspirateurs-industriels-gravures-laser\/#primaryimage","url":"https:\/\/www.vacportal.com\/wp-content\/uploads\/2024\/04\/Laserbeschriftungen-Laserrauch.jpg","contentUrl":"https:\/\/www.vacportal.com\/wp-content\/uploads\/2024\/04\/Laserbeschriftungen-Laserrauch.jpg","width":2560,"height":480,"caption":"Absauganlagen und Industriesauger f\u00fcr Laserrauch und Laserbeschriftungen"},{"@type":"BreadcrumbList","@id":"https:\/\/www.vacportal.com\/fr\/linstallation-aspiration-adaptee-a-chaque-exigence\/aspirateurs-industriels-gravures-laser\/#breadcrumb","itemListElement":[{"@type":"ListItem","position":1,"name":"Home","item":"https:\/\/www.vacportal.com\/fr\/"},{"@type":"ListItem","position":2,"name":"L\u2019installation d\u2019aspiration adapt\u00e9e \u00e0 chaque exigence","item":"https:\/\/www.vacportal.com\/fr\/linstallation-aspiration-adaptee-a-chaque-exigence\/"},{"@type":"ListItem","position":3,"name":"Aspirateurs industriels pour gravures au laser"}]},{"@type":"WebSite","@id":"https:\/\/www.vacportal.com\/fr\/#website","url":"https:\/\/www.vacportal.com\/fr\/","name":"Vacportal AG","description":"Industrielle Absauganlagen und Industriesauger","publisher":{"@id":"https:\/\/www.vacportal.com\/fr\/#organization"},"alternateName":"Vacportal","potentialAction":[{"@type":"SearchAction","target":{"@type":"EntryPoint","urlTemplate":"https:\/\/www.vacportal.com\/fr\/?s={search_term_string}"},"query-input":{"@type":"PropertyValueSpecification","valueRequired":true,"valueName":"search_term_string"}}],"inLanguage":"fr-FR"},{"@type":"Organization","@id":"https:\/\/www.vacportal.com\/fr\/#organization","name":"Vacportal AG","url":"https:\/\/www.vacportal.com\/fr\/","logo":{"@type":"ImageObject","inLanguage":"fr-FR","@id":"https:\/\/www.vacportal.com\/fr\/#\/schema\/logo\/image\/","url":"https:\/\/www.vacportal.com\/wp-content\/uploads\/Vacportal-Logo_2024_de.png","contentUrl":"https:\/\/www.vacportal.com\/wp-content\/uploads\/Vacportal-Logo_2024_de.png","width":946,"height":446,"caption":"Vacportal AG"},"image":{"@id":"https:\/\/www.vacportal.com\/fr\/#\/schema\/logo\/image\/"}}]}},"_links":{"self":[{"href":"https:\/\/www.vacportal.com\/fr\/wp-json\/wp\/v2\/pages\/691","targetHints":{"allow":["GET"]}}],"collection":[{"href":"https:\/\/www.vacportal.com\/fr\/wp-json\/wp\/v2\/pages"}],"about":[{"href":"https:\/\/www.vacportal.com\/fr\/wp-json\/wp\/v2\/types\/page"}],"author":[{"embeddable":true,"href":"https:\/\/www.vacportal.com\/fr\/wp-json\/wp\/v2\/users\/1"}],"replies":[{"embeddable":true,"href":"https:\/\/www.vacportal.com\/fr\/wp-json\/wp\/v2\/comments?post=691"}],"version-history":[{"count":0,"href":"https:\/\/www.vacportal.com\/fr\/wp-json\/wp\/v2\/pages\/691\/revisions"}],"up":[{"embeddable":true,"href":"https:\/\/www.vacportal.com\/fr\/wp-json\/wp\/v2\/pages\/831"}],"wp:featuredmedia":[{"embeddable":true,"href":"https:\/\/www.vacportal.com\/fr\/wp-json\/wp\/v2\/media\/618"}],"wp:attachment":[{"href":"https:\/\/www.vacportal.com\/fr\/wp-json\/wp\/v2\/media?parent=691"}],"curies":[{"name":"wp","href":"https:\/\/api.w.org\/{rel}","templated":true}]}}