{"id":699,"date":"2024-03-31T11:07:37","date_gmt":"2024-03-31T11:07:37","guid":{"rendered":"http:\/\/vacportal:8080\/industriesauger-fur-die-keramikverarbeitung\/"},"modified":"2024-12-20T16:33:56","modified_gmt":"2024-12-20T16:33:56","slug":"installations-aspiration-travail-ceramique","status":"publish","type":"page","link":"https:\/\/www.vacportal.com\/fr\/linstallation-aspiration-adaptee-a-chaque-exigence\/installations-aspiration-travail-ceramique\/","title":{"rendered":"Aspirateurs industriels pour le travail de la c\u00e9ramique"},"content":{"rendered":"\n<p>Qui travaille avec de la c\u00e9ramique sait que cette mati\u00e8re est dure et qu\u2019elle est une v\u00e9ritable menace pour la dur\u00e9e de vie des machines. Les dispositifs de guidage et les moteurs souffrent fortement des poussi\u00e8res abrasives qui sont produites lors du traitement de la mati\u00e8re.<\/p>\n\n\n\n<p>Les aspirateurs industriels de la <a href=\"https:\/\/www.vacportal.com\/fr\/aspirateurs-industriels\/aspirateurs-industriels-serie-st600\/\">s\u00e9rie ST600<\/a> sont les plus utilis\u00e9s pour ce genre d\u2019applications.<\/p>\n\n\n\n<p>La poussi\u00e8re de c\u00e9ramique est aspir\u00e9e ponctuellement, directement l\u00e0 o\u00f9 elle est produite. Pour am\u00e9liorer le filtrage, ces aspirateurs industriels sont \u00e9quip\u00e9s de filtres en t\u00e9flon ou HEPA en option.<\/p>\n\n\n\n<p>Le filtrage atteint ainsi le niveau \u00e9lev\u00e9 H13.<\/p>\n\n\n\n<p>Les machines sont prot\u00e9g\u00e9es et leur dur\u00e9e de vie s\u2019am\u00e9liore, tandis que les frais de maintenance et les interruptions de travail diminuent.<\/p>\n\n\n\n<p>Que la c\u00e9ramique sont tourn\u00e9e, frais\u00e9e ou ponc\u00e9e, nous sommes votre interlocuteur comp\u00e9tent pour vous conseiller.<\/p>\n\n\n\n\n    <div class=\"contactbox\">\n        <div style=\"flex-grow:8;padding:20px;\">\n            T\u00e9l\u00e9phonez-nous sans engagement ou \u00e9crivez-nous un e-mail afin que nous puissions vous conseiller!\n            <br><br><b>Nous vous aidons volontiers.<\/b><br><br>T\u00e9l. +41 43 243 30 00<br>E-mail:            <script>document.write('<a class=\\\"contbox\\\" href=\\\"mailto:' + 'sales' + '@' + 'vacportal.com' +'\\\">' + 'sales' + '@' + 'vacportal.com' + '<\/a>');<\/script>\n        <\/div>\n\n        <div class=\"buttonarea\" style=\"flex-grow:2;padding:20px;text-align:right;\">\n            <button class=\"contactbutton\" onclick=\"window.location.href = '\/kontakt\/'\">FORMULAIRE DE CONTACT<\/button>\n        <\/div>\n    <\/div>\n\n\n\n\n","protected":false},"excerpt":{"rendered":"<p>Qui travaille avec de la c\u00e9ramique sait que cette mati\u00e8re est dure et qu\u2019elle est une v\u00e9ritable menace pour la dur\u00e9e de vie des machines. Les dispositifs de guidage et les moteurs souffrent fortement des poussi\u00e8res abrasives qui sont produites lors du traitement de la mati\u00e8re. Les aspirateurs industriels de la s\u00e9rie ST600 sont les [&hellip;]<\/p>\n","protected":false},"author":1,"featured_media":616,"parent":831,"menu_order":0,"comment_status":"closed","ping_status":"closed","template":"","meta":{"footnotes":""},"class_list":["post-699","page","type-page","status-publish","has-post-thumbnail","hentry"],"yoast_head":"<!-- This site is optimized with the Yoast SEO Premium plugin v27.1 (Yoast SEO v27.1.1) - https:\/\/yoast.com\/product\/yoast-seo-premium-wordpress\/ -->\n<title>Aspirateurs industriels pour le travail de la c\u00e9ramique - Vacportal<\/title>\n<meta name=\"description\" content=\"Vacportal\" \/>\n<meta name=\"robots\" content=\"index, follow, max-snippet:-1, max-image-preview:large, max-video-preview:-1\" \/>\n<link rel=\"canonical\" href=\"https:\/\/www.vacportal.com\/fr\/linstallation-aspiration-adaptee-a-chaque-exigence\/installations-aspiration-travail-ceramique\/\" \/>\n<meta property=\"og:locale\" content=\"fr_FR\" \/>\n<meta property=\"og:type\" content=\"article\" \/>\n<meta property=\"og:title\" content=\"Aspirateurs industriels pour le travail de la c\u00e9ramique\" \/>\n<meta property=\"og:description\" content=\"Vacportal\" \/>\n<meta property=\"og:url\" content=\"https:\/\/www.vacportal.com\/fr\/linstallation-aspiration-adaptee-a-chaque-exigence\/installations-aspiration-travail-ceramique\/\" \/>\n<meta property=\"og:site_name\" content=\"Vacportal\" \/>\n<meta property=\"article:modified_time\" content=\"2024-12-20T16:33:56+00:00\" \/>\n<meta property=\"og:image\" content=\"https:\/\/www.vacportal.com\/wp-content\/uploads\/2024\/04\/Keramikverarbeitung-Absauganlage.jpg\" \/>\n\t<meta property=\"og:image:width\" content=\"2560\" \/>\n\t<meta property=\"og:image:height\" content=\"480\" \/>\n\t<meta property=\"og:image:type\" content=\"image\/jpeg\" \/>\n<meta name=\"twitter:card\" content=\"summary_large_image\" \/>\n<meta name=\"twitter:label1\" content=\"Dur\u00e9e de lecture estim\u00e9e\" \/>\n\t<meta name=\"twitter:data1\" content=\"1 minute\" \/>\n<script type=\"application\/ld+json\" class=\"yoast-schema-graph\">{\"@context\":\"https:\/\/schema.org\",\"@graph\":[{\"@type\":\"WebPage\",\"@id\":\"https:\/\/www.vacportal.com\/fr\/linstallation-aspiration-adaptee-a-chaque-exigence\/installations-aspiration-travail-ceramique\/\",\"url\":\"https:\/\/www.vacportal.com\/fr\/linstallation-aspiration-adaptee-a-chaque-exigence\/installations-aspiration-travail-ceramique\/\",\"name\":\"Aspirateurs industriels pour le travail de la c\u00e9ramique - Vacportal\",\"isPartOf\":{\"@id\":\"https:\/\/www.vacportal.com\/fr\/#website\"},\"primaryImageOfPage\":{\"@id\":\"https:\/\/www.vacportal.com\/fr\/linstallation-aspiration-adaptee-a-chaque-exigence\/installations-aspiration-travail-ceramique\/#primaryimage\"},\"image\":{\"@id\":\"https:\/\/www.vacportal.com\/fr\/linstallation-aspiration-adaptee-a-chaque-exigence\/installations-aspiration-travail-ceramique\/#primaryimage\"},\"thumbnailUrl\":\"https:\/\/www.vacportal.com\/wp-content\/uploads\/2024\/04\/Keramikverarbeitung-Absauganlage.jpg\",\"datePublished\":\"2024-03-31T11:07:37+00:00\",\"dateModified\":\"2024-12-20T16:33:56+00:00\",\"description\":\"Vacportal\",\"breadcrumb\":{\"@id\":\"https:\/\/www.vacportal.com\/fr\/linstallation-aspiration-adaptee-a-chaque-exigence\/installations-aspiration-travail-ceramique\/#breadcrumb\"},\"inLanguage\":\"fr-FR\",\"potentialAction\":[{\"@type\":\"ReadAction\",\"target\":[\"https:\/\/www.vacportal.com\/fr\/linstallation-aspiration-adaptee-a-chaque-exigence\/installations-aspiration-travail-ceramique\/\"]}]},{\"@type\":\"ImageObject\",\"inLanguage\":\"fr-FR\",\"@id\":\"https:\/\/www.vacportal.com\/fr\/linstallation-aspiration-adaptee-a-chaque-exigence\/installations-aspiration-travail-ceramique\/#primaryimage\",\"url\":\"https:\/\/www.vacportal.com\/wp-content\/uploads\/2024\/04\/Keramikverarbeitung-Absauganlage.jpg\",\"contentUrl\":\"https:\/\/www.vacportal.com\/wp-content\/uploads\/2024\/04\/Keramikverarbeitung-Absauganlage.jpg\",\"width\":2560,\"height\":480,\"caption\":\"Absauganlagen und Industriesauger f\u00fcr Keramikstaub in der Keramikverarbeitung\"},{\"@type\":\"BreadcrumbList\",\"@id\":\"https:\/\/www.vacportal.com\/fr\/linstallation-aspiration-adaptee-a-chaque-exigence\/installations-aspiration-travail-ceramique\/#breadcrumb\",\"itemListElement\":[{\"@type\":\"ListItem\",\"position\":1,\"name\":\"Home\",\"item\":\"https:\/\/www.vacportal.com\/fr\/\"},{\"@type\":\"ListItem\",\"position\":2,\"name\":\"L\u2019installation d\u2019aspiration adapt\u00e9e \u00e0 chaque exigence\",\"item\":\"https:\/\/www.vacportal.com\/fr\/linstallation-aspiration-adaptee-a-chaque-exigence\/\"},{\"@type\":\"ListItem\",\"position\":3,\"name\":\"Aspirateurs industriels pour le travail de la c\u00e9ramique\"}]},{\"@type\":\"WebSite\",\"@id\":\"https:\/\/www.vacportal.com\/fr\/#website\",\"url\":\"https:\/\/www.vacportal.com\/fr\/\",\"name\":\"Vacportal AG\",\"description\":\"Industrielle Absauganlagen und Industriesauger\",\"publisher\":{\"@id\":\"https:\/\/www.vacportal.com\/fr\/#organization\"},\"alternateName\":\"Vacportal\",\"potentialAction\":[{\"@type\":\"SearchAction\",\"target\":{\"@type\":\"EntryPoint\",\"urlTemplate\":\"https:\/\/www.vacportal.com\/fr\/?s={search_term_string}\"},\"query-input\":{\"@type\":\"PropertyValueSpecification\",\"valueRequired\":true,\"valueName\":\"search_term_string\"}}],\"inLanguage\":\"fr-FR\"},{\"@type\":\"Organization\",\"@id\":\"https:\/\/www.vacportal.com\/fr\/#organization\",\"name\":\"Vacportal AG\",\"url\":\"https:\/\/www.vacportal.com\/fr\/\",\"logo\":{\"@type\":\"ImageObject\",\"inLanguage\":\"fr-FR\",\"@id\":\"https:\/\/www.vacportal.com\/fr\/#\/schema\/logo\/image\/\",\"url\":\"https:\/\/www.vacportal.com\/wp-content\/uploads\/Vacportal-Logo_2024_de.png\",\"contentUrl\":\"https:\/\/www.vacportal.com\/wp-content\/uploads\/Vacportal-Logo_2024_de.png\",\"width\":946,\"height\":446,\"caption\":\"Vacportal AG\"},\"image\":{\"@id\":\"https:\/\/www.vacportal.com\/fr\/#\/schema\/logo\/image\/\"}}]}<\/script>\n<!-- \/ Yoast SEO Premium plugin. -->","yoast_head_json":{"title":"Aspirateurs industriels pour le travail de la c\u00e9ramique - Vacportal","description":"Vacportal","robots":{"index":"index","follow":"follow","max-snippet":"max-snippet:-1","max-image-preview":"max-image-preview:large","max-video-preview":"max-video-preview:-1"},"canonical":"https:\/\/www.vacportal.com\/fr\/linstallation-aspiration-adaptee-a-chaque-exigence\/installations-aspiration-travail-ceramique\/","og_locale":"fr_FR","og_type":"article","og_title":"Aspirateurs industriels pour le travail de la c\u00e9ramique","og_description":"Vacportal","og_url":"https:\/\/www.vacportal.com\/fr\/linstallation-aspiration-adaptee-a-chaque-exigence\/installations-aspiration-travail-ceramique\/","og_site_name":"Vacportal","article_modified_time":"2024-12-20T16:33:56+00:00","og_image":[{"width":2560,"height":480,"url":"https:\/\/www.vacportal.com\/wp-content\/uploads\/2024\/04\/Keramikverarbeitung-Absauganlage.jpg","type":"image\/jpeg"}],"twitter_card":"summary_large_image","twitter_misc":{"Dur\u00e9e de lecture estim\u00e9e":"1 minute"},"schema":{"@context":"https:\/\/schema.org","@graph":[{"@type":"WebPage","@id":"https:\/\/www.vacportal.com\/fr\/linstallation-aspiration-adaptee-a-chaque-exigence\/installations-aspiration-travail-ceramique\/","url":"https:\/\/www.vacportal.com\/fr\/linstallation-aspiration-adaptee-a-chaque-exigence\/installations-aspiration-travail-ceramique\/","name":"Aspirateurs industriels pour le travail de la c\u00e9ramique - Vacportal","isPartOf":{"@id":"https:\/\/www.vacportal.com\/fr\/#website"},"primaryImageOfPage":{"@id":"https:\/\/www.vacportal.com\/fr\/linstallation-aspiration-adaptee-a-chaque-exigence\/installations-aspiration-travail-ceramique\/#primaryimage"},"image":{"@id":"https:\/\/www.vacportal.com\/fr\/linstallation-aspiration-adaptee-a-chaque-exigence\/installations-aspiration-travail-ceramique\/#primaryimage"},"thumbnailUrl":"https:\/\/www.vacportal.com\/wp-content\/uploads\/2024\/04\/Keramikverarbeitung-Absauganlage.jpg","datePublished":"2024-03-31T11:07:37+00:00","dateModified":"2024-12-20T16:33:56+00:00","description":"Vacportal","breadcrumb":{"@id":"https:\/\/www.vacportal.com\/fr\/linstallation-aspiration-adaptee-a-chaque-exigence\/installations-aspiration-travail-ceramique\/#breadcrumb"},"inLanguage":"fr-FR","potentialAction":[{"@type":"ReadAction","target":["https:\/\/www.vacportal.com\/fr\/linstallation-aspiration-adaptee-a-chaque-exigence\/installations-aspiration-travail-ceramique\/"]}]},{"@type":"ImageObject","inLanguage":"fr-FR","@id":"https:\/\/www.vacportal.com\/fr\/linstallation-aspiration-adaptee-a-chaque-exigence\/installations-aspiration-travail-ceramique\/#primaryimage","url":"https:\/\/www.vacportal.com\/wp-content\/uploads\/2024\/04\/Keramikverarbeitung-Absauganlage.jpg","contentUrl":"https:\/\/www.vacportal.com\/wp-content\/uploads\/2024\/04\/Keramikverarbeitung-Absauganlage.jpg","width":2560,"height":480,"caption":"Absauganlagen und Industriesauger f\u00fcr Keramikstaub in der Keramikverarbeitung"},{"@type":"BreadcrumbList","@id":"https:\/\/www.vacportal.com\/fr\/linstallation-aspiration-adaptee-a-chaque-exigence\/installations-aspiration-travail-ceramique\/#breadcrumb","itemListElement":[{"@type":"ListItem","position":1,"name":"Home","item":"https:\/\/www.vacportal.com\/fr\/"},{"@type":"ListItem","position":2,"name":"L\u2019installation d\u2019aspiration adapt\u00e9e \u00e0 chaque exigence","item":"https:\/\/www.vacportal.com\/fr\/linstallation-aspiration-adaptee-a-chaque-exigence\/"},{"@type":"ListItem","position":3,"name":"Aspirateurs industriels pour le travail de la c\u00e9ramique"}]},{"@type":"WebSite","@id":"https:\/\/www.vacportal.com\/fr\/#website","url":"https:\/\/www.vacportal.com\/fr\/","name":"Vacportal AG","description":"Industrielle Absauganlagen und Industriesauger","publisher":{"@id":"https:\/\/www.vacportal.com\/fr\/#organization"},"alternateName":"Vacportal","potentialAction":[{"@type":"SearchAction","target":{"@type":"EntryPoint","urlTemplate":"https:\/\/www.vacportal.com\/fr\/?s={search_term_string}"},"query-input":{"@type":"PropertyValueSpecification","valueRequired":true,"valueName":"search_term_string"}}],"inLanguage":"fr-FR"},{"@type":"Organization","@id":"https:\/\/www.vacportal.com\/fr\/#organization","name":"Vacportal AG","url":"https:\/\/www.vacportal.com\/fr\/","logo":{"@type":"ImageObject","inLanguage":"fr-FR","@id":"https:\/\/www.vacportal.com\/fr\/#\/schema\/logo\/image\/","url":"https:\/\/www.vacportal.com\/wp-content\/uploads\/Vacportal-Logo_2024_de.png","contentUrl":"https:\/\/www.vacportal.com\/wp-content\/uploads\/Vacportal-Logo_2024_de.png","width":946,"height":446,"caption":"Vacportal AG"},"image":{"@id":"https:\/\/www.vacportal.com\/fr\/#\/schema\/logo\/image\/"}}]}},"_links":{"self":[{"href":"https:\/\/www.vacportal.com\/fr\/wp-json\/wp\/v2\/pages\/699","targetHints":{"allow":["GET"]}}],"collection":[{"href":"https:\/\/www.vacportal.com\/fr\/wp-json\/wp\/v2\/pages"}],"about":[{"href":"https:\/\/www.vacportal.com\/fr\/wp-json\/wp\/v2\/types\/page"}],"author":[{"embeddable":true,"href":"https:\/\/www.vacportal.com\/fr\/wp-json\/wp\/v2\/users\/1"}],"replies":[{"embeddable":true,"href":"https:\/\/www.vacportal.com\/fr\/wp-json\/wp\/v2\/comments?post=699"}],"version-history":[{"count":0,"href":"https:\/\/www.vacportal.com\/fr\/wp-json\/wp\/v2\/pages\/699\/revisions"}],"up":[{"embeddable":true,"href":"https:\/\/www.vacportal.com\/fr\/wp-json\/wp\/v2\/pages\/831"}],"wp:featuredmedia":[{"embeddable":true,"href":"https:\/\/www.vacportal.com\/fr\/wp-json\/wp\/v2\/media\/616"}],"wp:attachment":[{"href":"https:\/\/www.vacportal.com\/fr\/wp-json\/wp\/v2\/media?parent=699"}],"curies":[{"name":"wp","href":"https:\/\/api.w.org\/{rel}","templated":true}]}}