{"id":703,"date":"2024-03-31T11:07:13","date_gmt":"2024-03-31T11:07:13","guid":{"rendered":"http:\/\/vacportal:8080\/industriesauger-fur-die-automatisierung\/"},"modified":"2024-12-20T16:33:36","modified_gmt":"2024-12-20T16:33:36","slug":"aspirateurs-industriels-pour-automatisation","status":"publish","type":"page","link":"https:\/\/www.vacportal.com\/fr\/linstallation-aspiration-adaptee-a-chaque-exigence\/aspirateurs-industriels-pour-automatisation\/","title":{"rendered":"Aspirateurs industriels pour automatisation"},"content":{"rendered":"\n<p>En mati\u00e8re d\u2019automatisation, la poussi\u00e8re est un poison pour de nombreux composants de l\u2019installation tels que les capteurs, les moteurs, les dispositifs de guidage et plus encore. Il est donc essentiel de capturer la poussi\u00e8re d\u00e8s qu\u2019elle est produite. Des dispositifs d\u2019aspiration int\u00e9gr\u00e9s ponctuellement rendront ce tour de force possible.<\/p>\n\n\n\n<p>Vacportal produit des aspirateurs industriels pour les installations d\u2019automatisation. Pour de tels travaux, des diam\u00e8tres de tuyaux ou de conduites r\u00e9duits de \u00d8 20 \u00e0 \u00d8 80 mm sont fr\u00e9quemment utilis\u00e9s.<\/p>\n\n\n\n<p>Nos aspirateurs industriels des <a href=\"https:\/\/www.vacportal.com\/fr\/aspirateurs-industriels\/aspirateurs-industriels-serie-p150-6litres\/\">s\u00e9ries P150<\/a> ou <a href=\"https:\/\/www.vacportal.com\/fr\/aspirateurs-industriels\/aspirateurs-industriels-serie-st600\/\">ST600<\/a> ont \u00e9t\u00e9 explicitement d\u00e9velopp\u00e9s pour ce genre d\u2019applications.<\/p>\n\n\n\n<p>L\u2019aspiration ponctuelle permet d\u2019\u00e9liminer efficacement les particules, poussi\u00e8res et copeaux l\u00e0 o\u00f9 ils se produisent.<\/p>\n\n\n\n<p>L\u2019installation d\u2019automatisation fonctionne sans pannes et les interruptions sont plus rares.<\/p>\n\n\n\n<p>Le travail de nettoyage est minimis\u00e9, les erreurs r\u00e9duites. En \u00e9change, la productivit\u00e9 augmente, ce qui apporte en fin de compte un avantage sur le plan \u00e9conomique.<br><a><\/a><\/p>\n\n\n\n<p>Appelez-nous sans engagement ou envoyez-nous un <a href=\"https:\/\/www.vacportal.com\/fr\/contact\/\">e-mail<\/a> pour obtenir des conseils. Nous sommes \u00e0 votre disposition. T\u00e9lefon <strong>043 243 30 00<\/strong><br><\/p>\n\n\n\n<h2 class=\"wp-block-heading\">Syst\u00e8mes d\u2019aspiration pour installations robotis\u00e9es<\/h2>\n\n\n\n<p>Les syst\u00e8mes d\u2019aspiration utilis\u00e9s pour les installations robotis\u00e9es varient. Suivant le type de construction, l\u2019aspiration a lieu aux diff\u00e9rentes stations. Parfois, l\u2019aspiration est int\u00e9gr\u00e9e au robot lui-m\u00eame.<\/p>\n\n\n\n<p>Fr\u00e9quemment, les tuyaux mont\u00e9s sur les robots ont un diam\u00e8tre entre \u00d8 30 et \u00d8 70 mm.<\/p>\n\n\n\n<p>Suivant l\u2019application choisie, les appareils suivants s\u2019imposent:<\/p>\n\n\n\n<ul class=\"wp-block-list\">\n<li><a href=\"https:\/\/www.vacportal.com\/fr\/aspirateurs-industriels\/aspirateurs-industriels-serie-p150-6litres\/\">pour peu de poussi\u00e8re ou de la poussi\u00e8re plut\u00f4t grossi\u00e8re<\/a><\/li>\n\n\n\n<li><a href=\"https:\/\/www.vacportal.com\/fr\/aspirateurs-industriels\/aspirateurs-industriels-serie-st600\/\">pour les gros volumes de poussi\u00e8re<\/a><\/li>\n\n\n\n<li><a href=\"https:\/\/www.vacportal.com\/fr\/installations-aspiration\/installations-aspiration-serie-s2v600\/\">pour les gros diam\u00e8tres de tuyaux<\/a>, p. ex. quand le robot se charge d\u2019une t\u00e2che de fraisage<\/li>\n<\/ul>\n\n\n\n<p><a><\/a><\/p>\n\n\n\n<h2 class=\"wp-block-heading\">Aspirateurs industriels pour unit\u00e9s de production<\/h2>\n\n\n\n<p>Les aspirateurs industriels Vacportal des s\u00e9ries P150, S2V600 et ST600 sont souvent utilis\u00e9s dans des unit\u00e9s de production automatis\u00e9es.<br>Suivant la nature des poussi\u00e8res, mati\u00e8res et quantit\u00e9s \u00e0 aspirer et le type de traitement, les appareils utilis\u00e9s varient. Nous \u00e9valuons celui qui convient au mieux \u00e0 votre installation apr\u00e8s un entretien d\u00e9taill\u00e9.<\/p>\n\n\n\n<p>Les crit\u00e8res de s\u00e9lection pour les diff\u00e9rents aspirateurs industriels sont, sommairement, les suivants:<\/p>\n\n\n\n<h3 class=\"wp-block-heading\">S\u00e9rie P150<\/h3>\n\n\n\n<p>La s\u00e9rie P150 est id\u00e9ale pour des particules grossi\u00e8res, des pi\u00e8ces solides et de petites quantit\u00e9s \u00e0 aspirer. Les appareils sont tr\u00e8s compacts et conviennent \u00e0 une exploitation permanente.<\/p>\n\n\n\n<p>Les aspirateurs industriels de la s\u00e9rie P150 s\u2019int\u00e8grent \u00e9galement \u00e0 merveille aux machines.<\/p>\n\n\n\n<p>Votre installation ne conna\u00eet pas d\u2019interruptions, l\u2019aspirateur industriel prend tr\u00e8s peu de place et vous permet, malgr\u00e9 sa taille, de travailler de mani\u00e8re extr\u00eamement efficace.<\/p>\n\n\n\n<p><a href=\"https:\/\/www.vacportal.com\/fr\/aspirateurs-industriels\/aspirateurs-industriels-serie-p150-6litres\/\">Aspirateur industriel de la s\u00e9rie P150<\/a><\/p>\n\n\n\n<h3 class=\"wp-block-heading\">S\u00e9rie ST600<\/h3>\n\n\n\n<p>Les aspirateurs industriels de la s\u00e9rie ST600 sont souvent utilis\u00e9s pour de grandes quantit\u00e9s de poussi\u00e8re ou pour des poussi\u00e8res fines. Plusieurs tuyaux peuvent \u00eatre raccord\u00e9s sans difficult\u00e9. Le ST600 est disponible en diff\u00e9rentes variantes de puissance.<\/p>\n\n\n\n<p>Les vitesses du flux d\u2019air peuvent \u00eatre adapt\u00e9es en fonction de vos souhaits. L\u2019installation n\u2019\u00e9met que le bruit n\u00e9cessaire tout en assurant les meilleurs r\u00e9sultats possibles.<\/p>\n\n\n\n<p>Autant d\u2019avantages qui influencent favorablement la dur\u00e9e de vie des installations. Un fonctionnement 24 heures sur 24 et 7 jours sur 7 garantit en outre une productivit\u00e9 maximale.<\/p>\n\n\n\n<p><a href=\"https:\/\/www.vacportal.com\/fr\/installations-aspiration\/installations-aspiration-serie-s2v600\/\">Installations d\u2019aspiration de la s\u00e9rie S2V600<\/a><\/p>\n\n\n\n<p><a href=\"https:\/\/www.vacportal.com\/fr\/aspirateurs-industriels\/aspirateurs-industriels-serie-st600\/\">Aspirateurs industriels de la s\u00e9rie ST600<\/a><\/p>\n\n\n\n\n    <div class=\"contactbox\">\n        <div style=\"flex-grow:8;padding:20px;\">\n            T\u00e9l\u00e9phonez-nous sans engagement ou \u00e9crivez-nous un e-mail afin que nous puissions vous conseiller!\n            <br><br><b>Nous vous aidons volontiers.<\/b><br><br>T\u00e9l. +41 43 243 30 00<br>E-mail:            <script>document.write('<a class=\\\"contbox\\\" href=\\\"mailto:' + 'sales' + '@' + 'vacportal.com' +'\\\">' + 'sales' + '@' + 'vacportal.com' + '<\/a>');<\/script>\n        <\/div>\n\n        <div class=\"buttonarea\" style=\"flex-grow:2;padding:20px;text-align:right;\">\n            <button class=\"contactbutton\" onclick=\"window.location.href = '\/kontakt\/'\">FORMULAIRE DE CONTACT<\/button>\n        <\/div>\n    <\/div>\n\n\n\n\n","protected":false},"excerpt":{"rendered":"<p>En mati\u00e8re d\u2019automatisation, la poussi\u00e8re est un poison pour de nombreux composants de l\u2019installation tels que les capteurs, les moteurs, les dispositifs de guidage et plus encore. Il est donc essentiel de capturer la poussi\u00e8re d\u00e8s qu\u2019elle est produite. Des dispositifs d\u2019aspiration int\u00e9gr\u00e9s ponctuellement rendront ce tour de force possible. Vacportal produit des aspirateurs industriels [&hellip;]<\/p>\n","protected":false},"author":1,"featured_media":615,"parent":831,"menu_order":0,"comment_status":"closed","ping_status":"closed","template":"","meta":{"footnotes":""},"class_list":["post-703","page","type-page","status-publish","has-post-thumbnail","hentry"],"yoast_head":"<!-- This site is optimized with the Yoast SEO Premium plugin v27.1 (Yoast SEO v27.1.1) - https:\/\/yoast.com\/product\/yoast-seo-premium-wordpress\/ -->\n<title>Aspirateurs industriels pour automatisation - Vacportal<\/title>\n<meta name=\"description\" content=\"Vacportal\" \/>\n<meta name=\"robots\" content=\"index, follow, max-snippet:-1, max-image-preview:large, max-video-preview:-1\" \/>\n<link rel=\"canonical\" href=\"https:\/\/www.vacportal.com\/fr\/linstallation-aspiration-adaptee-a-chaque-exigence\/aspirateurs-industriels-pour-automatisation\/\" \/>\n<meta property=\"og:locale\" content=\"fr_FR\" \/>\n<meta property=\"og:type\" content=\"article\" \/>\n<meta property=\"og:title\" content=\"Aspirateurs industriels pour automatisation\" \/>\n<meta property=\"og:description\" content=\"Vacportal\" \/>\n<meta property=\"og:url\" content=\"https:\/\/www.vacportal.com\/fr\/linstallation-aspiration-adaptee-a-chaque-exigence\/aspirateurs-industriels-pour-automatisation\/\" \/>\n<meta property=\"og:site_name\" content=\"Vacportal\" \/>\n<meta property=\"article:modified_time\" content=\"2024-12-20T16:33:36+00:00\" \/>\n<meta property=\"og:image\" content=\"https:\/\/www.vacportal.com\/wp-content\/uploads\/2024\/04\/Automatisierung.jpg\" \/>\n\t<meta property=\"og:image:width\" content=\"2560\" \/>\n\t<meta property=\"og:image:height\" content=\"480\" \/>\n\t<meta property=\"og:image:type\" content=\"image\/jpeg\" \/>\n<meta name=\"twitter:card\" content=\"summary_large_image\" \/>\n<meta name=\"twitter:label1\" content=\"Dur\u00e9e de lecture estim\u00e9e\" \/>\n\t<meta name=\"twitter:data1\" content=\"4 minutes\" \/>\n<script type=\"application\/ld+json\" class=\"yoast-schema-graph\">{\"@context\":\"https:\/\/schema.org\",\"@graph\":[{\"@type\":\"WebPage\",\"@id\":\"https:\/\/www.vacportal.com\/fr\/linstallation-aspiration-adaptee-a-chaque-exigence\/aspirateurs-industriels-pour-automatisation\/\",\"url\":\"https:\/\/www.vacportal.com\/fr\/linstallation-aspiration-adaptee-a-chaque-exigence\/aspirateurs-industriels-pour-automatisation\/\",\"name\":\"Aspirateurs industriels pour automatisation - Vacportal\",\"isPartOf\":{\"@id\":\"https:\/\/www.vacportal.com\/fr\/#website\"},\"primaryImageOfPage\":{\"@id\":\"https:\/\/www.vacportal.com\/fr\/linstallation-aspiration-adaptee-a-chaque-exigence\/aspirateurs-industriels-pour-automatisation\/#primaryimage\"},\"image\":{\"@id\":\"https:\/\/www.vacportal.com\/fr\/linstallation-aspiration-adaptee-a-chaque-exigence\/aspirateurs-industriels-pour-automatisation\/#primaryimage\"},\"thumbnailUrl\":\"https:\/\/www.vacportal.com\/wp-content\/uploads\/2024\/04\/Automatisierung.jpg\",\"datePublished\":\"2024-03-31T11:07:13+00:00\",\"dateModified\":\"2024-12-20T16:33:36+00:00\",\"description\":\"Vacportal\",\"breadcrumb\":{\"@id\":\"https:\/\/www.vacportal.com\/fr\/linstallation-aspiration-adaptee-a-chaque-exigence\/aspirateurs-industriels-pour-automatisation\/#breadcrumb\"},\"inLanguage\":\"fr-FR\",\"potentialAction\":[{\"@type\":\"ReadAction\",\"target\":[\"https:\/\/www.vacportal.com\/fr\/linstallation-aspiration-adaptee-a-chaque-exigence\/aspirateurs-industriels-pour-automatisation\/\"]}]},{\"@type\":\"ImageObject\",\"inLanguage\":\"fr-FR\",\"@id\":\"https:\/\/www.vacportal.com\/fr\/linstallation-aspiration-adaptee-a-chaque-exigence\/aspirateurs-industriels-pour-automatisation\/#primaryimage\",\"url\":\"https:\/\/www.vacportal.com\/wp-content\/uploads\/2024\/04\/Automatisierung.jpg\",\"contentUrl\":\"https:\/\/www.vacportal.com\/wp-content\/uploads\/2024\/04\/Automatisierung.jpg\",\"width\":2560,\"height\":480,\"caption\":\"Absauganlagen und Industriesauger f\u00fcr die Automatisierung\"},{\"@type\":\"BreadcrumbList\",\"@id\":\"https:\/\/www.vacportal.com\/fr\/linstallation-aspiration-adaptee-a-chaque-exigence\/aspirateurs-industriels-pour-automatisation\/#breadcrumb\",\"itemListElement\":[{\"@type\":\"ListItem\",\"position\":1,\"name\":\"Home\",\"item\":\"https:\/\/www.vacportal.com\/fr\/\"},{\"@type\":\"ListItem\",\"position\":2,\"name\":\"L\u2019installation d\u2019aspiration adapt\u00e9e \u00e0 chaque exigence\",\"item\":\"https:\/\/www.vacportal.com\/fr\/linstallation-aspiration-adaptee-a-chaque-exigence\/\"},{\"@type\":\"ListItem\",\"position\":3,\"name\":\"Aspirateurs industriels pour automatisation\"}]},{\"@type\":\"WebSite\",\"@id\":\"https:\/\/www.vacportal.com\/fr\/#website\",\"url\":\"https:\/\/www.vacportal.com\/fr\/\",\"name\":\"Vacportal AG\",\"description\":\"Industrielle Absauganlagen und Industriesauger\",\"publisher\":{\"@id\":\"https:\/\/www.vacportal.com\/fr\/#organization\"},\"alternateName\":\"Vacportal\",\"potentialAction\":[{\"@type\":\"SearchAction\",\"target\":{\"@type\":\"EntryPoint\",\"urlTemplate\":\"https:\/\/www.vacportal.com\/fr\/?s={search_term_string}\"},\"query-input\":{\"@type\":\"PropertyValueSpecification\",\"valueRequired\":true,\"valueName\":\"search_term_string\"}}],\"inLanguage\":\"fr-FR\"},{\"@type\":\"Organization\",\"@id\":\"https:\/\/www.vacportal.com\/fr\/#organization\",\"name\":\"Vacportal AG\",\"url\":\"https:\/\/www.vacportal.com\/fr\/\",\"logo\":{\"@type\":\"ImageObject\",\"inLanguage\":\"fr-FR\",\"@id\":\"https:\/\/www.vacportal.com\/fr\/#\/schema\/logo\/image\/\",\"url\":\"https:\/\/www.vacportal.com\/wp-content\/uploads\/Vacportal-Logo_2024_de.png\",\"contentUrl\":\"https:\/\/www.vacportal.com\/wp-content\/uploads\/Vacportal-Logo_2024_de.png\",\"width\":946,\"height\":446,\"caption\":\"Vacportal AG\"},\"image\":{\"@id\":\"https:\/\/www.vacportal.com\/fr\/#\/schema\/logo\/image\/\"}}]}<\/script>\n<!-- \/ Yoast SEO Premium plugin. -->","yoast_head_json":{"title":"Aspirateurs industriels pour automatisation - Vacportal","description":"Vacportal","robots":{"index":"index","follow":"follow","max-snippet":"max-snippet:-1","max-image-preview":"max-image-preview:large","max-video-preview":"max-video-preview:-1"},"canonical":"https:\/\/www.vacportal.com\/fr\/linstallation-aspiration-adaptee-a-chaque-exigence\/aspirateurs-industriels-pour-automatisation\/","og_locale":"fr_FR","og_type":"article","og_title":"Aspirateurs industriels pour automatisation","og_description":"Vacportal","og_url":"https:\/\/www.vacportal.com\/fr\/linstallation-aspiration-adaptee-a-chaque-exigence\/aspirateurs-industriels-pour-automatisation\/","og_site_name":"Vacportal","article_modified_time":"2024-12-20T16:33:36+00:00","og_image":[{"width":2560,"height":480,"url":"https:\/\/www.vacportal.com\/wp-content\/uploads\/2024\/04\/Automatisierung.jpg","type":"image\/jpeg"}],"twitter_card":"summary_large_image","twitter_misc":{"Dur\u00e9e de lecture estim\u00e9e":"4 minutes"},"schema":{"@context":"https:\/\/schema.org","@graph":[{"@type":"WebPage","@id":"https:\/\/www.vacportal.com\/fr\/linstallation-aspiration-adaptee-a-chaque-exigence\/aspirateurs-industriels-pour-automatisation\/","url":"https:\/\/www.vacportal.com\/fr\/linstallation-aspiration-adaptee-a-chaque-exigence\/aspirateurs-industriels-pour-automatisation\/","name":"Aspirateurs industriels pour automatisation - Vacportal","isPartOf":{"@id":"https:\/\/www.vacportal.com\/fr\/#website"},"primaryImageOfPage":{"@id":"https:\/\/www.vacportal.com\/fr\/linstallation-aspiration-adaptee-a-chaque-exigence\/aspirateurs-industriels-pour-automatisation\/#primaryimage"},"image":{"@id":"https:\/\/www.vacportal.com\/fr\/linstallation-aspiration-adaptee-a-chaque-exigence\/aspirateurs-industriels-pour-automatisation\/#primaryimage"},"thumbnailUrl":"https:\/\/www.vacportal.com\/wp-content\/uploads\/2024\/04\/Automatisierung.jpg","datePublished":"2024-03-31T11:07:13+00:00","dateModified":"2024-12-20T16:33:36+00:00","description":"Vacportal","breadcrumb":{"@id":"https:\/\/www.vacportal.com\/fr\/linstallation-aspiration-adaptee-a-chaque-exigence\/aspirateurs-industriels-pour-automatisation\/#breadcrumb"},"inLanguage":"fr-FR","potentialAction":[{"@type":"ReadAction","target":["https:\/\/www.vacportal.com\/fr\/linstallation-aspiration-adaptee-a-chaque-exigence\/aspirateurs-industriels-pour-automatisation\/"]}]},{"@type":"ImageObject","inLanguage":"fr-FR","@id":"https:\/\/www.vacportal.com\/fr\/linstallation-aspiration-adaptee-a-chaque-exigence\/aspirateurs-industriels-pour-automatisation\/#primaryimage","url":"https:\/\/www.vacportal.com\/wp-content\/uploads\/2024\/04\/Automatisierung.jpg","contentUrl":"https:\/\/www.vacportal.com\/wp-content\/uploads\/2024\/04\/Automatisierung.jpg","width":2560,"height":480,"caption":"Absauganlagen und Industriesauger f\u00fcr die Automatisierung"},{"@type":"BreadcrumbList","@id":"https:\/\/www.vacportal.com\/fr\/linstallation-aspiration-adaptee-a-chaque-exigence\/aspirateurs-industriels-pour-automatisation\/#breadcrumb","itemListElement":[{"@type":"ListItem","position":1,"name":"Home","item":"https:\/\/www.vacportal.com\/fr\/"},{"@type":"ListItem","position":2,"name":"L\u2019installation d\u2019aspiration adapt\u00e9e \u00e0 chaque exigence","item":"https:\/\/www.vacportal.com\/fr\/linstallation-aspiration-adaptee-a-chaque-exigence\/"},{"@type":"ListItem","position":3,"name":"Aspirateurs industriels pour automatisation"}]},{"@type":"WebSite","@id":"https:\/\/www.vacportal.com\/fr\/#website","url":"https:\/\/www.vacportal.com\/fr\/","name":"Vacportal AG","description":"Industrielle Absauganlagen und Industriesauger","publisher":{"@id":"https:\/\/www.vacportal.com\/fr\/#organization"},"alternateName":"Vacportal","potentialAction":[{"@type":"SearchAction","target":{"@type":"EntryPoint","urlTemplate":"https:\/\/www.vacportal.com\/fr\/?s={search_term_string}"},"query-input":{"@type":"PropertyValueSpecification","valueRequired":true,"valueName":"search_term_string"}}],"inLanguage":"fr-FR"},{"@type":"Organization","@id":"https:\/\/www.vacportal.com\/fr\/#organization","name":"Vacportal AG","url":"https:\/\/www.vacportal.com\/fr\/","logo":{"@type":"ImageObject","inLanguage":"fr-FR","@id":"https:\/\/www.vacportal.com\/fr\/#\/schema\/logo\/image\/","url":"https:\/\/www.vacportal.com\/wp-content\/uploads\/Vacportal-Logo_2024_de.png","contentUrl":"https:\/\/www.vacportal.com\/wp-content\/uploads\/Vacportal-Logo_2024_de.png","width":946,"height":446,"caption":"Vacportal AG"},"image":{"@id":"https:\/\/www.vacportal.com\/fr\/#\/schema\/logo\/image\/"}}]}},"_links":{"self":[{"href":"https:\/\/www.vacportal.com\/fr\/wp-json\/wp\/v2\/pages\/703","targetHints":{"allow":["GET"]}}],"collection":[{"href":"https:\/\/www.vacportal.com\/fr\/wp-json\/wp\/v2\/pages"}],"about":[{"href":"https:\/\/www.vacportal.com\/fr\/wp-json\/wp\/v2\/types\/page"}],"author":[{"embeddable":true,"href":"https:\/\/www.vacportal.com\/fr\/wp-json\/wp\/v2\/users\/1"}],"replies":[{"embeddable":true,"href":"https:\/\/www.vacportal.com\/fr\/wp-json\/wp\/v2\/comments?post=703"}],"version-history":[{"count":0,"href":"https:\/\/www.vacportal.com\/fr\/wp-json\/wp\/v2\/pages\/703\/revisions"}],"up":[{"embeddable":true,"href":"https:\/\/www.vacportal.com\/fr\/wp-json\/wp\/v2\/pages\/831"}],"wp:featuredmedia":[{"embeddable":true,"href":"https:\/\/www.vacportal.com\/fr\/wp-json\/wp\/v2\/media\/615"}],"wp:attachment":[{"href":"https:\/\/www.vacportal.com\/fr\/wp-json\/wp\/v2\/media?parent=703"}],"curies":[{"name":"wp","href":"https:\/\/api.w.org\/{rel}","templated":true}]}}