{"id":709,"date":"2024-03-31T11:05:29","date_gmt":"2024-03-31T11:05:29","guid":{"rendered":"http:\/\/vacportal:8080\/installations-daspiration-pour-copeaux-de-percage\/"},"modified":"2024-12-20T13:16:14","modified_gmt":"2024-12-20T13:16:14","slug":"installations-aspiration-pour-copeaux-de-percage","status":"publish","type":"page","link":"https:\/\/www.vacportal.com\/fr\/linstallation-aspiration-adaptee-a-chaque-exigence\/installations-aspiration-pour-copeaux-de-percage\/","title":{"rendered":"Installations d\u2019aspiration pour copeaux de per\u00e7age"},"content":{"rendered":"\n<p>S\u2019agissant de produire de grandes s\u00e9ries, les copeaux de per\u00e7age peuvent rapidement entraver le traitement rationnel et sans encombres du mat\u00e9riau correspondant. Les copeaux de per\u00e7age emp\u00eachent de r\u00e9aliser proprement le travail et salissent forc\u00e9ment les environs. Avec un aspirateur industriel ou une installation d\u2019aspiration industrielle, ils peuvent n\u00e9anmoins \u00eatre aspir\u00e9s efficacement.<\/p>\n\n\n\n<p>Gr\u00e2ce \u00e0 notre longue exp\u00e9rience, nous pouvons vous donner des conseils pour \u00e9viter ce probl\u00e8me et vous aider \u00e0 r\u00e9ussir votre projet.<br><a><\/a><\/p>\n\n\n\n<h2 class=\"wp-block-heading\">Aspiration de fins copeaux de fraisage<\/h2>\n\n\n\n<p>En microm\u00e9canique, dans le d\u00e9colletage, dans l\u2019industrie horlog\u00e8re ou dans de nombreux processus d\u2019automatisation, les copeaux produits sont tr\u00e8s fins.<\/p>\n\n\n\n<p>Avec un aspirateur industriel de Vacportal, ils peuvent \u00eatre aspir\u00e9s de fa\u00e7on ponctuelle et tr\u00e8s efficace.<\/p>\n\n\n\n<p>Vos pi\u00e8ces \u00e0 usiner et vos machines restent propres.<\/p>\n\n\n\n<p>Vos avantages principaux:<\/p>\n\n\n\n<ul class=\"wp-block-list\">\n<li>le traitement continu du mat\u00e9riau est possible<\/li>\n\n\n\n<li>les travaux de maintenance sont r\u00e9duits, votre cadence augmente<\/li>\n\n\n\n<li>une exploitation 24 heures sur 24 est aussi possible avec les installations d\u2019aspiration et les aspirateurs industriels de Vacportal<\/li>\n\n\n\n<li>suivant les besoins, l\u2019aspiration peut avoir lieu \u00e0 plusieurs endroits<\/li>\n<\/ul>\n\n\n\n<p>Pour de petites quantit\u00e9s de copeaux de forage : <a href=\"https:\/\/www.vacportal.com\/fr\/aspirateurs-industriels\/aspirateurs-industriels-serie-p150-6litres\/\">aspirateur industriel P150<\/a><br>Si la quantit\u00e9 de copeaux est importante: <a href=\"https:\/\/www.vacportal.com\/fr\/aspirateurs-industriels\/aspirateurs-industriels-serie-st600\/\">aspirateur industriel ST600<\/a><br><\/p>\n\n\n\n<h2 class=\"wp-block-heading\">Aspirer les copeaux de per\u00e7age dans les machines CNC<\/h2>\n\n\n\n<p>Pour les travaux critiques, en pr\u00e9sence de poussi\u00e8res suppl\u00e9mentaires ou dans le cadre d\u2019une exploitation 24 heures sur 24, les installations d\u2019aspiration industrielles de Vacportal apportent un soutien id\u00e9al.<br>Les installations d\u2019aspiration des <a href=\"https:\/\/www.vacportal.com\/fr\/installations-aspiration\/installations-aspiration-serie-sv600\/\">s\u00e9rie SV600<\/a> et <a href=\"https:\/\/www.vacportal.com\/fr\/installations-aspiration\/installations-aspiration-serie-s2v600\/\">S2V600<\/a> sont indiqu\u00e9es pour les vitesses de flux \u00e9lev\u00e9es.<\/p>\n\n\n\n<p>Pour les plages d\u2019aspiration \u00e9tendues, exigeant un important d\u00e9bit volumique, une installation d\u2019aspiration de la <a href=\"https:\/\/www.vacportal.com\/fr\/installations-aspiration\/installations-aspiration-serie-sv600\/\">s\u00e9rie SV600<\/a> est id\u00e9ale. Les installations de la <a href=\"https:\/\/www.vacportal.com\/fr\/installations-aspiration\/installations-aspiration-serie-s2v600\/\">s\u00e9rie S2V600 <\/a>sont quant \u00e0 elles utilis\u00e9es pour un d\u00e9bit volumique ponctuel et tr\u00e8s puissant. La performance de ce mod\u00e8le s\u2019inscrit entre celle des aspirateurs industriels et celle des installations d\u2019aspiration. Suivant l\u2019application souhait\u00e9e, diff\u00e9rents appareils ou niveaux de puissance peuvent \u00eatre utilis\u00e9s.<\/p>\n\n\n\n<p>Les appareils peuvent \u00eatre utilis\u00e9s dans le cadre d\u2019une exploitation 24 heures sur 24 et rendent ainsi votre production encore plus efficace.<\/p>\n\n\n\n<p><a href=\"https:\/\/www.vacportal.com\/fr\/installations-aspiration\/installations-aspiration-serie-sv600\/\">Grand d\u00e9bit volumique<\/a><\/p>\n\n\n\n<p><a href=\"https:\/\/www.vacportal.com\/fr\/installations-aspiration\/installations-aspiration-serie-s2v600\/\">Grand d\u00e9bit volumique et grand vide d\u2019air<\/a><\/p>\n\n\n\n\n    <div class=\"contactbox\">\n        <div style=\"flex-grow:8;padding:20px;\">\n            T\u00e9l\u00e9phonez-nous sans engagement ou \u00e9crivez-nous un e-mail afin que nous puissions vous conseiller!\n            <br><br><b>Nous vous aidons volontiers.<\/b><br><br>T\u00e9l. +41 43 243 30 00<br>E-mail:            <script>document.write('<a class=\\\"contbox\\\" href=\\\"mailto:' + 'sales' + '@' + 'vacportal.com' +'\\\">' + 'sales' + '@' + 'vacportal.com' + '<\/a>');<\/script>\n        <\/div>\n\n        <div class=\"buttonarea\" style=\"flex-grow:2;padding:20px;text-align:right;\">\n            <button class=\"contactbutton\" onclick=\"window.location.href = '\/kontakt\/'\">FORMULAIRE DE CONTACT<\/button>\n        <\/div>\n    <\/div>\n\n\n\n\n","protected":false},"excerpt":{"rendered":"<p>S\u2019agissant de produire de grandes s\u00e9ries, les copeaux de per\u00e7age peuvent rapidement entraver le traitement rationnel et sans encombres du mat\u00e9riau correspondant. Les copeaux de per\u00e7age emp\u00eachent de r\u00e9aliser proprement le travail et salissent forc\u00e9ment les environs. Avec un aspirateur industriel ou une installation d\u2019aspiration industrielle, ils peuvent n\u00e9anmoins \u00eatre aspir\u00e9s efficacement. Gr\u00e2ce \u00e0 notre [&hellip;]<\/p>\n","protected":false},"author":1,"featured_media":611,"parent":831,"menu_order":0,"comment_status":"closed","ping_status":"closed","template":"","meta":{"footnotes":""},"class_list":["post-709","page","type-page","status-publish","has-post-thumbnail","hentry"],"yoast_head":"<!-- This site is optimized with the Yoast SEO Premium plugin v27.1 (Yoast SEO v27.1.1) - https:\/\/yoast.com\/product\/yoast-seo-premium-wordpress\/ -->\n<title>Installations d\u2019aspiration pour copeaux de per\u00e7age - Vacportal<\/title>\n<meta name=\"description\" content=\"Vacportal\" \/>\n<meta name=\"robots\" content=\"index, follow, max-snippet:-1, max-image-preview:large, max-video-preview:-1\" \/>\n<link rel=\"canonical\" href=\"https:\/\/www.vacportal.com\/fr\/linstallation-aspiration-adaptee-a-chaque-exigence\/installations-aspiration-pour-copeaux-de-percage\/\" \/>\n<meta property=\"og:locale\" content=\"fr_FR\" \/>\n<meta property=\"og:type\" content=\"article\" \/>\n<meta property=\"og:title\" content=\"Installations d\u2019aspiration pour copeaux de per\u00e7age\" \/>\n<meta property=\"og:description\" content=\"Vacportal\" \/>\n<meta property=\"og:url\" content=\"https:\/\/www.vacportal.com\/fr\/linstallation-aspiration-adaptee-a-chaque-exigence\/installations-aspiration-pour-copeaux-de-percage\/\" \/>\n<meta property=\"og:site_name\" content=\"Vacportal\" \/>\n<meta property=\"article:modified_time\" content=\"2024-12-20T13:16:14+00:00\" \/>\n<meta property=\"og:image\" content=\"https:\/\/www.vacportal.com\/wp-content\/uploads\/2024\/04\/Bohrmaschinen-Bohrspaene-Absaugung.jpg\" \/>\n\t<meta property=\"og:image:width\" content=\"2560\" \/>\n\t<meta property=\"og:image:height\" content=\"480\" \/>\n\t<meta property=\"og:image:type\" content=\"image\/jpeg\" \/>\n<meta name=\"twitter:card\" content=\"summary_large_image\" \/>\n<meta name=\"twitter:label1\" content=\"Dur\u00e9e de lecture estim\u00e9e\" \/>\n\t<meta name=\"twitter:data1\" content=\"3 minutes\" \/>\n<script type=\"application\/ld+json\" class=\"yoast-schema-graph\">{\"@context\":\"https:\/\/schema.org\",\"@graph\":[{\"@type\":\"WebPage\",\"@id\":\"https:\/\/www.vacportal.com\/fr\/linstallation-aspiration-adaptee-a-chaque-exigence\/installations-aspiration-pour-copeaux-de-percage\/\",\"url\":\"https:\/\/www.vacportal.com\/fr\/linstallation-aspiration-adaptee-a-chaque-exigence\/installations-aspiration-pour-copeaux-de-percage\/\",\"name\":\"Installations d\u2019aspiration pour copeaux de per\u00e7age - Vacportal\",\"isPartOf\":{\"@id\":\"https:\/\/www.vacportal.com\/fr\/#website\"},\"primaryImageOfPage\":{\"@id\":\"https:\/\/www.vacportal.com\/fr\/linstallation-aspiration-adaptee-a-chaque-exigence\/installations-aspiration-pour-copeaux-de-percage\/#primaryimage\"},\"image\":{\"@id\":\"https:\/\/www.vacportal.com\/fr\/linstallation-aspiration-adaptee-a-chaque-exigence\/installations-aspiration-pour-copeaux-de-percage\/#primaryimage\"},\"thumbnailUrl\":\"https:\/\/www.vacportal.com\/wp-content\/uploads\/2024\/04\/Bohrmaschinen-Bohrspaene-Absaugung.jpg\",\"datePublished\":\"2024-03-31T11:05:29+00:00\",\"dateModified\":\"2024-12-20T13:16:14+00:00\",\"description\":\"Vacportal\",\"breadcrumb\":{\"@id\":\"https:\/\/www.vacportal.com\/fr\/linstallation-aspiration-adaptee-a-chaque-exigence\/installations-aspiration-pour-copeaux-de-percage\/#breadcrumb\"},\"inLanguage\":\"fr-FR\",\"potentialAction\":[{\"@type\":\"ReadAction\",\"target\":[\"https:\/\/www.vacportal.com\/fr\/linstallation-aspiration-adaptee-a-chaque-exigence\/installations-aspiration-pour-copeaux-de-percage\/\"]}]},{\"@type\":\"ImageObject\",\"inLanguage\":\"fr-FR\",\"@id\":\"https:\/\/www.vacportal.com\/fr\/linstallation-aspiration-adaptee-a-chaque-exigence\/installations-aspiration-pour-copeaux-de-percage\/#primaryimage\",\"url\":\"https:\/\/www.vacportal.com\/wp-content\/uploads\/2024\/04\/Bohrmaschinen-Bohrspaene-Absaugung.jpg\",\"contentUrl\":\"https:\/\/www.vacportal.com\/wp-content\/uploads\/2024\/04\/Bohrmaschinen-Bohrspaene-Absaugung.jpg\",\"width\":2560,\"height\":480,\"caption\":\"Absauganlagen und Industriesauger f\u00fcr die Bohrsp\u00e4ne-Absaugung an Bohrmaschinen\"},{\"@type\":\"BreadcrumbList\",\"@id\":\"https:\/\/www.vacportal.com\/fr\/linstallation-aspiration-adaptee-a-chaque-exigence\/installations-aspiration-pour-copeaux-de-percage\/#breadcrumb\",\"itemListElement\":[{\"@type\":\"ListItem\",\"position\":1,\"name\":\"Home\",\"item\":\"https:\/\/www.vacportal.com\/fr\/\"},{\"@type\":\"ListItem\",\"position\":2,\"name\":\"L\u2019installation d\u2019aspiration adapt\u00e9e \u00e0 chaque exigence\",\"item\":\"https:\/\/www.vacportal.com\/fr\/linstallation-aspiration-adaptee-a-chaque-exigence\/\"},{\"@type\":\"ListItem\",\"position\":3,\"name\":\"Installations d\u2019aspiration pour copeaux de per\u00e7age\"}]},{\"@type\":\"WebSite\",\"@id\":\"https:\/\/www.vacportal.com\/fr\/#website\",\"url\":\"https:\/\/www.vacportal.com\/fr\/\",\"name\":\"Vacportal AG\",\"description\":\"Industrielle Absauganlagen und Industriesauger\",\"publisher\":{\"@id\":\"https:\/\/www.vacportal.com\/fr\/#organization\"},\"alternateName\":\"Vacportal\",\"potentialAction\":[{\"@type\":\"SearchAction\",\"target\":{\"@type\":\"EntryPoint\",\"urlTemplate\":\"https:\/\/www.vacportal.com\/fr\/?s={search_term_string}\"},\"query-input\":{\"@type\":\"PropertyValueSpecification\",\"valueRequired\":true,\"valueName\":\"search_term_string\"}}],\"inLanguage\":\"fr-FR\"},{\"@type\":\"Organization\",\"@id\":\"https:\/\/www.vacportal.com\/fr\/#organization\",\"name\":\"Vacportal AG\",\"url\":\"https:\/\/www.vacportal.com\/fr\/\",\"logo\":{\"@type\":\"ImageObject\",\"inLanguage\":\"fr-FR\",\"@id\":\"https:\/\/www.vacportal.com\/fr\/#\/schema\/logo\/image\/\",\"url\":\"https:\/\/www.vacportal.com\/wp-content\/uploads\/Vacportal-Logo_2024_de.png\",\"contentUrl\":\"https:\/\/www.vacportal.com\/wp-content\/uploads\/Vacportal-Logo_2024_de.png\",\"width\":946,\"height\":446,\"caption\":\"Vacportal AG\"},\"image\":{\"@id\":\"https:\/\/www.vacportal.com\/fr\/#\/schema\/logo\/image\/\"}}]}<\/script>\n<!-- \/ Yoast SEO Premium plugin. -->","yoast_head_json":{"title":"Installations d\u2019aspiration pour copeaux de per\u00e7age - Vacportal","description":"Vacportal","robots":{"index":"index","follow":"follow","max-snippet":"max-snippet:-1","max-image-preview":"max-image-preview:large","max-video-preview":"max-video-preview:-1"},"canonical":"https:\/\/www.vacportal.com\/fr\/linstallation-aspiration-adaptee-a-chaque-exigence\/installations-aspiration-pour-copeaux-de-percage\/","og_locale":"fr_FR","og_type":"article","og_title":"Installations d\u2019aspiration pour copeaux de per\u00e7age","og_description":"Vacportal","og_url":"https:\/\/www.vacportal.com\/fr\/linstallation-aspiration-adaptee-a-chaque-exigence\/installations-aspiration-pour-copeaux-de-percage\/","og_site_name":"Vacportal","article_modified_time":"2024-12-20T13:16:14+00:00","og_image":[{"width":2560,"height":480,"url":"https:\/\/www.vacportal.com\/wp-content\/uploads\/2024\/04\/Bohrmaschinen-Bohrspaene-Absaugung.jpg","type":"image\/jpeg"}],"twitter_card":"summary_large_image","twitter_misc":{"Dur\u00e9e de lecture estim\u00e9e":"3 minutes"},"schema":{"@context":"https:\/\/schema.org","@graph":[{"@type":"WebPage","@id":"https:\/\/www.vacportal.com\/fr\/linstallation-aspiration-adaptee-a-chaque-exigence\/installations-aspiration-pour-copeaux-de-percage\/","url":"https:\/\/www.vacportal.com\/fr\/linstallation-aspiration-adaptee-a-chaque-exigence\/installations-aspiration-pour-copeaux-de-percage\/","name":"Installations d\u2019aspiration pour copeaux de per\u00e7age - Vacportal","isPartOf":{"@id":"https:\/\/www.vacportal.com\/fr\/#website"},"primaryImageOfPage":{"@id":"https:\/\/www.vacportal.com\/fr\/linstallation-aspiration-adaptee-a-chaque-exigence\/installations-aspiration-pour-copeaux-de-percage\/#primaryimage"},"image":{"@id":"https:\/\/www.vacportal.com\/fr\/linstallation-aspiration-adaptee-a-chaque-exigence\/installations-aspiration-pour-copeaux-de-percage\/#primaryimage"},"thumbnailUrl":"https:\/\/www.vacportal.com\/wp-content\/uploads\/2024\/04\/Bohrmaschinen-Bohrspaene-Absaugung.jpg","datePublished":"2024-03-31T11:05:29+00:00","dateModified":"2024-12-20T13:16:14+00:00","description":"Vacportal","breadcrumb":{"@id":"https:\/\/www.vacportal.com\/fr\/linstallation-aspiration-adaptee-a-chaque-exigence\/installations-aspiration-pour-copeaux-de-percage\/#breadcrumb"},"inLanguage":"fr-FR","potentialAction":[{"@type":"ReadAction","target":["https:\/\/www.vacportal.com\/fr\/linstallation-aspiration-adaptee-a-chaque-exigence\/installations-aspiration-pour-copeaux-de-percage\/"]}]},{"@type":"ImageObject","inLanguage":"fr-FR","@id":"https:\/\/www.vacportal.com\/fr\/linstallation-aspiration-adaptee-a-chaque-exigence\/installations-aspiration-pour-copeaux-de-percage\/#primaryimage","url":"https:\/\/www.vacportal.com\/wp-content\/uploads\/2024\/04\/Bohrmaschinen-Bohrspaene-Absaugung.jpg","contentUrl":"https:\/\/www.vacportal.com\/wp-content\/uploads\/2024\/04\/Bohrmaschinen-Bohrspaene-Absaugung.jpg","width":2560,"height":480,"caption":"Absauganlagen und Industriesauger f\u00fcr die Bohrsp\u00e4ne-Absaugung an Bohrmaschinen"},{"@type":"BreadcrumbList","@id":"https:\/\/www.vacportal.com\/fr\/linstallation-aspiration-adaptee-a-chaque-exigence\/installations-aspiration-pour-copeaux-de-percage\/#breadcrumb","itemListElement":[{"@type":"ListItem","position":1,"name":"Home","item":"https:\/\/www.vacportal.com\/fr\/"},{"@type":"ListItem","position":2,"name":"L\u2019installation d\u2019aspiration adapt\u00e9e \u00e0 chaque exigence","item":"https:\/\/www.vacportal.com\/fr\/linstallation-aspiration-adaptee-a-chaque-exigence\/"},{"@type":"ListItem","position":3,"name":"Installations d\u2019aspiration pour copeaux de per\u00e7age"}]},{"@type":"WebSite","@id":"https:\/\/www.vacportal.com\/fr\/#website","url":"https:\/\/www.vacportal.com\/fr\/","name":"Vacportal AG","description":"Industrielle Absauganlagen und Industriesauger","publisher":{"@id":"https:\/\/www.vacportal.com\/fr\/#organization"},"alternateName":"Vacportal","potentialAction":[{"@type":"SearchAction","target":{"@type":"EntryPoint","urlTemplate":"https:\/\/www.vacportal.com\/fr\/?s={search_term_string}"},"query-input":{"@type":"PropertyValueSpecification","valueRequired":true,"valueName":"search_term_string"}}],"inLanguage":"fr-FR"},{"@type":"Organization","@id":"https:\/\/www.vacportal.com\/fr\/#organization","name":"Vacportal AG","url":"https:\/\/www.vacportal.com\/fr\/","logo":{"@type":"ImageObject","inLanguage":"fr-FR","@id":"https:\/\/www.vacportal.com\/fr\/#\/schema\/logo\/image\/","url":"https:\/\/www.vacportal.com\/wp-content\/uploads\/Vacportal-Logo_2024_de.png","contentUrl":"https:\/\/www.vacportal.com\/wp-content\/uploads\/Vacportal-Logo_2024_de.png","width":946,"height":446,"caption":"Vacportal AG"},"image":{"@id":"https:\/\/www.vacportal.com\/fr\/#\/schema\/logo\/image\/"}}]}},"_links":{"self":[{"href":"https:\/\/www.vacportal.com\/fr\/wp-json\/wp\/v2\/pages\/709","targetHints":{"allow":["GET"]}}],"collection":[{"href":"https:\/\/www.vacportal.com\/fr\/wp-json\/wp\/v2\/pages"}],"about":[{"href":"https:\/\/www.vacportal.com\/fr\/wp-json\/wp\/v2\/types\/page"}],"author":[{"embeddable":true,"href":"https:\/\/www.vacportal.com\/fr\/wp-json\/wp\/v2\/users\/1"}],"replies":[{"embeddable":true,"href":"https:\/\/www.vacportal.com\/fr\/wp-json\/wp\/v2\/comments?post=709"}],"version-history":[{"count":0,"href":"https:\/\/www.vacportal.com\/fr\/wp-json\/wp\/v2\/pages\/709\/revisions"}],"up":[{"embeddable":true,"href":"https:\/\/www.vacportal.com\/fr\/wp-json\/wp\/v2\/pages\/831"}],"wp:featuredmedia":[{"embeddable":true,"href":"https:\/\/www.vacportal.com\/fr\/wp-json\/wp\/v2\/media\/611"}],"wp:attachment":[{"href":"https:\/\/www.vacportal.com\/fr\/wp-json\/wp\/v2\/media?parent=709"}],"curies":[{"name":"wp","href":"https:\/\/api.w.org\/{rel}","templated":true}]}}