{"id":742,"date":"2024-03-31T11:04:31","date_gmt":"2024-03-31T11:04:31","guid":{"rendered":"http:\/\/vacportal:8080\/installation-pour-laspiration-de-la-poussiere-des-ponceuses\/"},"modified":"2024-12-20T13:14:37","modified_gmt":"2024-12-20T13:14:37","slug":"installation-pour-laspiration-de-la-poussiere-des-ponceuses","status":"publish","type":"page","link":"https:\/\/www.vacportal.com\/fr\/linstallation-aspiration-adaptee-a-chaque-exigence\/installation-pour-laspiration-de-la-poussiere-des-ponceuses\/","title":{"rendered":"Installation pour l\u2019aspiration de la poussi\u00e8re des ponceuses"},"content":{"rendered":"\n<p>Les ponceuses provoquent une grande quantit\u00e9 de poussi\u00e8re, souvent tr\u00e8s fine. Transport\u00e9e dans l\u2019air ambiant, elle nuit \u00e0 la qualit\u00e9 de l\u2019air des pi\u00e8ces o\u00f9 se tiennent les ouvriers.<br>Les installations d\u2019aspiration de Vacportal les \u00e9liminent d\u00e8s leur apparition.<br>Les mod\u00e8les des <a href=\"https:\/\/www.vacportal.com\/fr\/installations-aspiration\/installations-aspiration-serie-sv600\/\">s\u00e9ries SV600<\/a> ou <a href=\"https:\/\/www.vacportal.com\/fr\/installations-aspiration\/installations-aspiration-serie-rv600\/\">RV600<\/a> veillent \u00e0 ce que l\u2019air reste propre.<br>Si la sant\u00e9 des personnes pr\u00e9sentes en profite, les installations et les machines restent \u00e9galement propres.<\/p>\n\n\n\n<p>Il existe diff\u00e9rentes possibilit\u00e9s d\u2019utiliser une installation d\u2019aspiration ou un aspirateur industriel selon le type des machines en pr\u00e9sence.<br><a><\/a><\/p>\n\n\n\n<h2 class=\"wp-block-heading\">Ponceuse \u00e0 bande verticale<\/h2>\n\n\n\n<p>Les ponceuses \u00e0 bande verticale sont tr\u00e8s r\u00e9pandues. Elles sont avant tout utilis\u00e9es dans l\u2019industrie m\u00e9tallurgique, mais aussi dans de nombreux ateliers voire m\u00eame dans le domaine priv\u00e9. Pour les ponceuses \u00e0 bande verticale, les installations d\u2019aspiration typiques pr\u00e9sentent des d\u00e9bits volumiques entre 600 et 1500 m3\/h.<\/p>\n\n\n\n<p>Dans ces domaines d\u2019utilisation, le choix porte souvent sur des installations d\u2019aspiration de la <a href=\"https:\/\/www.vacportal.com\/fr\/installations-aspiration\/installations-aspiration-serie-sv600\/\">s\u00e9rie SV600<\/a>.<br><\/p>\n\n\n\n<h2 class=\"wp-block-heading\">Ponceuse longue-bande<\/h2>\n\n\n\n<p>Les ponceuses longue-bande produisent souvent une grande quantit\u00e9 de poussi\u00e8re. G\u00e9n\u00e9ralement, les fabricants de ces machines recommandent d\u2019utiliser des installations d\u2019aspiration et indiquent la puissance que devraient fournir celles-ci dans l\u2019id\u00e9al. Les raccordements sont en principe aussi d\u00e9j\u00e0 pr\u00e9vus. Si ce n\u2019est pas le cas, un r\u00e9\u00e9quipement ne pose g\u00e9n\u00e9ralement pas de probl\u00e8me.<\/p>\n\n\n\n<p>Typiquement, une installation d\u2019aspiration de la <a href=\"https:\/\/www.vacportal.com\/fr\/installations-aspiration\/installations-aspiration-serie-rv600\/\">s\u00e9rie RV600<\/a> est utilis\u00e9e pour les perceuses longue-bande:<br>La puissance n\u00e9cessaire varie en fonction des dimensions de la bande et de la mati\u00e8re \u00e0 traiter.<br><\/p>\n\n\n\n<h2 class=\"wp-block-heading\">Ponceuse sur pied<\/h2>\n\n\n\n<p>Ce mod\u00e8le de ponceuse se retrouve dans pratiquement chaque atelier. Souvent, ces machines sont d\u00e9j\u00e0 \u00e9quip\u00e9es d\u2019un branchement pour une installation d\u2019aspiration. Les d\u00e9bits volumiques n\u00e9cessaires varient entre 200 et 3000 m3\/h selon le diam\u00e8tre du disque.<\/p>\n\n\n\n<p>G\u00e9n\u00e9ralement, pour de telles ponceuses, les installations d\u2019aspiration de la <a href=\"https:\/\/www.vacportal.com\/fr\/installations-aspiration\/installations-aspiration-serie-sv600\/\">s\u00e9rie SV600<\/a> sont utilis\u00e9es.<br><\/p>\n\n\n\n<h2 class=\"wp-block-heading\">Ponceuses angulaires<\/h2>\n\n\n\n<p>Les plus petites ponceuses ont besoin de la plus grande puissance. Les particules de mat\u00e9riaux \u00e0 \u00e9liminer sont en effet propuls\u00e9es \u00e0 une vitesse tr\u00e8s \u00e9lev\u00e9e et difficiles \u00e0 intercepter. Sans installation d\u2019aspiration, elles se dispersent dans toute la pi\u00e8ce. Pour cette raison, des bras d\u2019aspiration sont fr\u00e9quemment employ\u00e9s pour les ponceuses angulaires. En effet, ils peuvent \u00eatre positionn\u00e9s simplement pour saisir les particules de mani\u00e8re optimale.<\/p>\n\n\n\n<p>Les installations d\u2019aspiration de la <a href=\"https:\/\/www.vacportal.com\/fr\/installations-aspiration\/installations-aspiration-serie-sv600\/\">s\u00e9rie SV600<\/a> sont id\u00e9ales dans ce cas.<\/p>\n\n\n\n\n    <div class=\"contactbox\">\n        <div style=\"flex-grow:8;padding:20px;\">\n            T\u00e9l\u00e9phonez-nous sans engagement ou \u00e9crivez-nous un e-mail afin que nous puissions vous conseiller!\n            <br><br><b>Nous vous aidons volontiers.<\/b><br><br>T\u00e9l. +41 43 243 30 00<br>E-mail:            <script>document.write('<a class=\\\"contbox\\\" href=\\\"mailto:' + 'sales' + '@' + 'vacportal.com' +'\\\">' + 'sales' + '@' + 'vacportal.com' + '<\/a>');<\/script>\n        <\/div>\n\n        <div class=\"buttonarea\" style=\"flex-grow:2;padding:20px;text-align:right;\">\n            <button class=\"contactbutton\" onclick=\"window.location.href = '\/kontakt\/'\">FORMULAIRE DE CONTACT<\/button>\n        <\/div>\n    <\/div>\n\n\n\n\n","protected":false},"excerpt":{"rendered":"<p>Les ponceuses provoquent une grande quantit\u00e9 de poussi\u00e8re, souvent tr\u00e8s fine. Transport\u00e9e dans l\u2019air ambiant, elle nuit \u00e0 la qualit\u00e9 de l\u2019air des pi\u00e8ces o\u00f9 se tiennent les ouvriers.Les installations d\u2019aspiration de Vacportal les \u00e9liminent d\u00e8s leur apparition.Les mod\u00e8les des s\u00e9ries SV600 ou RV600 veillent \u00e0 ce que l\u2019air reste propre.Si la sant\u00e9 des personnes [&hellip;]<\/p>\n","protected":false},"author":1,"featured_media":609,"parent":831,"menu_order":0,"comment_status":"closed","ping_status":"closed","template":"","meta":{"footnotes":""},"class_list":["post-742","page","type-page","status-publish","has-post-thumbnail","hentry"],"yoast_head":"<!-- This site is optimized with the Yoast SEO Premium plugin v27.1 (Yoast SEO v27.1.1) - https:\/\/yoast.com\/product\/yoast-seo-premium-wordpress\/ -->\n<title>Installation pour l\u2019aspiration de la poussi\u00e8re des ponceuses - Vacportal<\/title>\n<meta name=\"description\" content=\"Vacportal\" \/>\n<meta name=\"robots\" content=\"index, follow, max-snippet:-1, max-image-preview:large, max-video-preview:-1\" \/>\n<link rel=\"canonical\" href=\"https:\/\/www.vacportal.com\/fr\/linstallation-aspiration-adaptee-a-chaque-exigence\/installation-pour-laspiration-de-la-poussiere-des-ponceuses\/\" \/>\n<meta property=\"og:locale\" content=\"fr_FR\" \/>\n<meta property=\"og:type\" content=\"article\" \/>\n<meta property=\"og:title\" content=\"Installation pour l\u2019aspiration de la poussi\u00e8re des ponceuses\" \/>\n<meta property=\"og:description\" content=\"Vacportal\" \/>\n<meta property=\"og:url\" content=\"https:\/\/www.vacportal.com\/fr\/linstallation-aspiration-adaptee-a-chaque-exigence\/installation-pour-laspiration-de-la-poussiere-des-ponceuses\/\" \/>\n<meta property=\"og:site_name\" content=\"Vacportal\" \/>\n<meta property=\"article:modified_time\" content=\"2024-12-20T13:14:37+00:00\" \/>\n<meta property=\"og:image\" content=\"https:\/\/www.vacportal.com\/wp-content\/uploads\/2024\/04\/Schleifmaschinen-Schleifstaub.jpg\" \/>\n\t<meta property=\"og:image:width\" content=\"2560\" \/>\n\t<meta property=\"og:image:height\" content=\"480\" \/>\n\t<meta property=\"og:image:type\" content=\"image\/jpeg\" \/>\n<meta name=\"twitter:card\" content=\"summary_large_image\" \/>\n<meta name=\"twitter:label1\" content=\"Dur\u00e9e de lecture estim\u00e9e\" \/>\n\t<meta name=\"twitter:data1\" content=\"3 minutes\" \/>\n<script type=\"application\/ld+json\" class=\"yoast-schema-graph\">{\"@context\":\"https:\/\/schema.org\",\"@graph\":[{\"@type\":\"WebPage\",\"@id\":\"https:\/\/www.vacportal.com\/fr\/linstallation-aspiration-adaptee-a-chaque-exigence\/installation-pour-laspiration-de-la-poussiere-des-ponceuses\/\",\"url\":\"https:\/\/www.vacportal.com\/fr\/linstallation-aspiration-adaptee-a-chaque-exigence\/installation-pour-laspiration-de-la-poussiere-des-ponceuses\/\",\"name\":\"Installation pour l\u2019aspiration de la poussi\u00e8re des ponceuses - Vacportal\",\"isPartOf\":{\"@id\":\"https:\/\/www.vacportal.com\/fr\/#website\"},\"primaryImageOfPage\":{\"@id\":\"https:\/\/www.vacportal.com\/fr\/linstallation-aspiration-adaptee-a-chaque-exigence\/installation-pour-laspiration-de-la-poussiere-des-ponceuses\/#primaryimage\"},\"image\":{\"@id\":\"https:\/\/www.vacportal.com\/fr\/linstallation-aspiration-adaptee-a-chaque-exigence\/installation-pour-laspiration-de-la-poussiere-des-ponceuses\/#primaryimage\"},\"thumbnailUrl\":\"https:\/\/www.vacportal.com\/wp-content\/uploads\/2024\/04\/Schleifmaschinen-Schleifstaub.jpg\",\"datePublished\":\"2024-03-31T11:04:31+00:00\",\"dateModified\":\"2024-12-20T13:14:37+00:00\",\"description\":\"Vacportal\",\"breadcrumb\":{\"@id\":\"https:\/\/www.vacportal.com\/fr\/linstallation-aspiration-adaptee-a-chaque-exigence\/installation-pour-laspiration-de-la-poussiere-des-ponceuses\/#breadcrumb\"},\"inLanguage\":\"fr-FR\",\"potentialAction\":[{\"@type\":\"ReadAction\",\"target\":[\"https:\/\/www.vacportal.com\/fr\/linstallation-aspiration-adaptee-a-chaque-exigence\/installation-pour-laspiration-de-la-poussiere-des-ponceuses\/\"]}]},{\"@type\":\"ImageObject\",\"inLanguage\":\"fr-FR\",\"@id\":\"https:\/\/www.vacportal.com\/fr\/linstallation-aspiration-adaptee-a-chaque-exigence\/installation-pour-laspiration-de-la-poussiere-des-ponceuses\/#primaryimage\",\"url\":\"https:\/\/www.vacportal.com\/wp-content\/uploads\/2024\/04\/Schleifmaschinen-Schleifstaub.jpg\",\"contentUrl\":\"https:\/\/www.vacportal.com\/wp-content\/uploads\/2024\/04\/Schleifmaschinen-Schleifstaub.jpg\",\"width\":2560,\"height\":480,\"caption\":\"Absauganlagen und Industriesauger gegen Schleifstaub an Schleifmaschinen\"},{\"@type\":\"BreadcrumbList\",\"@id\":\"https:\/\/www.vacportal.com\/fr\/linstallation-aspiration-adaptee-a-chaque-exigence\/installation-pour-laspiration-de-la-poussiere-des-ponceuses\/#breadcrumb\",\"itemListElement\":[{\"@type\":\"ListItem\",\"position\":1,\"name\":\"Home\",\"item\":\"https:\/\/www.vacportal.com\/fr\/\"},{\"@type\":\"ListItem\",\"position\":2,\"name\":\"L\u2019installation d\u2019aspiration adapt\u00e9e \u00e0 chaque exigence\",\"item\":\"https:\/\/www.vacportal.com\/fr\/linstallation-aspiration-adaptee-a-chaque-exigence\/\"},{\"@type\":\"ListItem\",\"position\":3,\"name\":\"Installation pour l\u2019aspiration de la poussi\u00e8re des ponceuses\"}]},{\"@type\":\"WebSite\",\"@id\":\"https:\/\/www.vacportal.com\/fr\/#website\",\"url\":\"https:\/\/www.vacportal.com\/fr\/\",\"name\":\"Vacportal AG\",\"description\":\"Industrielle Absauganlagen und Industriesauger\",\"publisher\":{\"@id\":\"https:\/\/www.vacportal.com\/fr\/#organization\"},\"alternateName\":\"Vacportal\",\"potentialAction\":[{\"@type\":\"SearchAction\",\"target\":{\"@type\":\"EntryPoint\",\"urlTemplate\":\"https:\/\/www.vacportal.com\/fr\/?s={search_term_string}\"},\"query-input\":{\"@type\":\"PropertyValueSpecification\",\"valueRequired\":true,\"valueName\":\"search_term_string\"}}],\"inLanguage\":\"fr-FR\"},{\"@type\":\"Organization\",\"@id\":\"https:\/\/www.vacportal.com\/fr\/#organization\",\"name\":\"Vacportal AG\",\"url\":\"https:\/\/www.vacportal.com\/fr\/\",\"logo\":{\"@type\":\"ImageObject\",\"inLanguage\":\"fr-FR\",\"@id\":\"https:\/\/www.vacportal.com\/fr\/#\/schema\/logo\/image\/\",\"url\":\"https:\/\/www.vacportal.com\/wp-content\/uploads\/Vacportal-Logo_2024_de.png\",\"contentUrl\":\"https:\/\/www.vacportal.com\/wp-content\/uploads\/Vacportal-Logo_2024_de.png\",\"width\":946,\"height\":446,\"caption\":\"Vacportal AG\"},\"image\":{\"@id\":\"https:\/\/www.vacportal.com\/fr\/#\/schema\/logo\/image\/\"}}]}<\/script>\n<!-- \/ Yoast SEO Premium plugin. -->","yoast_head_json":{"title":"Installation pour l\u2019aspiration de la poussi\u00e8re des ponceuses - Vacportal","description":"Vacportal","robots":{"index":"index","follow":"follow","max-snippet":"max-snippet:-1","max-image-preview":"max-image-preview:large","max-video-preview":"max-video-preview:-1"},"canonical":"https:\/\/www.vacportal.com\/fr\/linstallation-aspiration-adaptee-a-chaque-exigence\/installation-pour-laspiration-de-la-poussiere-des-ponceuses\/","og_locale":"fr_FR","og_type":"article","og_title":"Installation pour l\u2019aspiration de la poussi\u00e8re des ponceuses","og_description":"Vacportal","og_url":"https:\/\/www.vacportal.com\/fr\/linstallation-aspiration-adaptee-a-chaque-exigence\/installation-pour-laspiration-de-la-poussiere-des-ponceuses\/","og_site_name":"Vacportal","article_modified_time":"2024-12-20T13:14:37+00:00","og_image":[{"width":2560,"height":480,"url":"https:\/\/www.vacportal.com\/wp-content\/uploads\/2024\/04\/Schleifmaschinen-Schleifstaub.jpg","type":"image\/jpeg"}],"twitter_card":"summary_large_image","twitter_misc":{"Dur\u00e9e de lecture estim\u00e9e":"3 minutes"},"schema":{"@context":"https:\/\/schema.org","@graph":[{"@type":"WebPage","@id":"https:\/\/www.vacportal.com\/fr\/linstallation-aspiration-adaptee-a-chaque-exigence\/installation-pour-laspiration-de-la-poussiere-des-ponceuses\/","url":"https:\/\/www.vacportal.com\/fr\/linstallation-aspiration-adaptee-a-chaque-exigence\/installation-pour-laspiration-de-la-poussiere-des-ponceuses\/","name":"Installation pour l\u2019aspiration de la poussi\u00e8re des ponceuses - Vacportal","isPartOf":{"@id":"https:\/\/www.vacportal.com\/fr\/#website"},"primaryImageOfPage":{"@id":"https:\/\/www.vacportal.com\/fr\/linstallation-aspiration-adaptee-a-chaque-exigence\/installation-pour-laspiration-de-la-poussiere-des-ponceuses\/#primaryimage"},"image":{"@id":"https:\/\/www.vacportal.com\/fr\/linstallation-aspiration-adaptee-a-chaque-exigence\/installation-pour-laspiration-de-la-poussiere-des-ponceuses\/#primaryimage"},"thumbnailUrl":"https:\/\/www.vacportal.com\/wp-content\/uploads\/2024\/04\/Schleifmaschinen-Schleifstaub.jpg","datePublished":"2024-03-31T11:04:31+00:00","dateModified":"2024-12-20T13:14:37+00:00","description":"Vacportal","breadcrumb":{"@id":"https:\/\/www.vacportal.com\/fr\/linstallation-aspiration-adaptee-a-chaque-exigence\/installation-pour-laspiration-de-la-poussiere-des-ponceuses\/#breadcrumb"},"inLanguage":"fr-FR","potentialAction":[{"@type":"ReadAction","target":["https:\/\/www.vacportal.com\/fr\/linstallation-aspiration-adaptee-a-chaque-exigence\/installation-pour-laspiration-de-la-poussiere-des-ponceuses\/"]}]},{"@type":"ImageObject","inLanguage":"fr-FR","@id":"https:\/\/www.vacportal.com\/fr\/linstallation-aspiration-adaptee-a-chaque-exigence\/installation-pour-laspiration-de-la-poussiere-des-ponceuses\/#primaryimage","url":"https:\/\/www.vacportal.com\/wp-content\/uploads\/2024\/04\/Schleifmaschinen-Schleifstaub.jpg","contentUrl":"https:\/\/www.vacportal.com\/wp-content\/uploads\/2024\/04\/Schleifmaschinen-Schleifstaub.jpg","width":2560,"height":480,"caption":"Absauganlagen und Industriesauger gegen Schleifstaub an Schleifmaschinen"},{"@type":"BreadcrumbList","@id":"https:\/\/www.vacportal.com\/fr\/linstallation-aspiration-adaptee-a-chaque-exigence\/installation-pour-laspiration-de-la-poussiere-des-ponceuses\/#breadcrumb","itemListElement":[{"@type":"ListItem","position":1,"name":"Home","item":"https:\/\/www.vacportal.com\/fr\/"},{"@type":"ListItem","position":2,"name":"L\u2019installation d\u2019aspiration adapt\u00e9e \u00e0 chaque exigence","item":"https:\/\/www.vacportal.com\/fr\/linstallation-aspiration-adaptee-a-chaque-exigence\/"},{"@type":"ListItem","position":3,"name":"Installation pour l\u2019aspiration de la poussi\u00e8re des ponceuses"}]},{"@type":"WebSite","@id":"https:\/\/www.vacportal.com\/fr\/#website","url":"https:\/\/www.vacportal.com\/fr\/","name":"Vacportal AG","description":"Industrielle Absauganlagen und Industriesauger","publisher":{"@id":"https:\/\/www.vacportal.com\/fr\/#organization"},"alternateName":"Vacportal","potentialAction":[{"@type":"SearchAction","target":{"@type":"EntryPoint","urlTemplate":"https:\/\/www.vacportal.com\/fr\/?s={search_term_string}"},"query-input":{"@type":"PropertyValueSpecification","valueRequired":true,"valueName":"search_term_string"}}],"inLanguage":"fr-FR"},{"@type":"Organization","@id":"https:\/\/www.vacportal.com\/fr\/#organization","name":"Vacportal AG","url":"https:\/\/www.vacportal.com\/fr\/","logo":{"@type":"ImageObject","inLanguage":"fr-FR","@id":"https:\/\/www.vacportal.com\/fr\/#\/schema\/logo\/image\/","url":"https:\/\/www.vacportal.com\/wp-content\/uploads\/Vacportal-Logo_2024_de.png","contentUrl":"https:\/\/www.vacportal.com\/wp-content\/uploads\/Vacportal-Logo_2024_de.png","width":946,"height":446,"caption":"Vacportal AG"},"image":{"@id":"https:\/\/www.vacportal.com\/fr\/#\/schema\/logo\/image\/"}}]}},"_links":{"self":[{"href":"https:\/\/www.vacportal.com\/fr\/wp-json\/wp\/v2\/pages\/742","targetHints":{"allow":["GET"]}}],"collection":[{"href":"https:\/\/www.vacportal.com\/fr\/wp-json\/wp\/v2\/pages"}],"about":[{"href":"https:\/\/www.vacportal.com\/fr\/wp-json\/wp\/v2\/types\/page"}],"author":[{"embeddable":true,"href":"https:\/\/www.vacportal.com\/fr\/wp-json\/wp\/v2\/users\/1"}],"replies":[{"embeddable":true,"href":"https:\/\/www.vacportal.com\/fr\/wp-json\/wp\/v2\/comments?post=742"}],"version-history":[{"count":0,"href":"https:\/\/www.vacportal.com\/fr\/wp-json\/wp\/v2\/pages\/742\/revisions"}],"up":[{"embeddable":true,"href":"https:\/\/www.vacportal.com\/fr\/wp-json\/wp\/v2\/pages\/831"}],"wp:featuredmedia":[{"embeddable":true,"href":"https:\/\/www.vacportal.com\/fr\/wp-json\/wp\/v2\/media\/609"}],"wp:attachment":[{"href":"https:\/\/www.vacportal.com\/fr\/wp-json\/wp\/v2\/media?parent=742"}],"curies":[{"name":"wp","href":"https:\/\/api.w.org\/{rel}","templated":true}]}}