{"id":747,"date":"2024-02-26T09:58:31","date_gmt":"2024-02-26T09:58:31","guid":{"rendered":"http:\/\/vacportal:8080\/installations-daspiration-de-la-serie-rv600\/"},"modified":"2025-05-18T13:00:33","modified_gmt":"2025-05-18T13:00:33","slug":"installations-aspiration-serie-rv600","status":"publish","type":"page","link":"https:\/\/www.vacportal.com\/fr\/installations-aspiration\/installations-aspiration-serie-rv600\/","title":{"rendered":"Installations d\u2019aspiration de la s\u00e9rie RV600"},"content":{"rendered":"\n<p>Les installations d\u2019aspiration de la s\u00e9rie RV600 se distinguent par des surfaces de filtrage importantes de 40 m2. Les RV600 sont donc parfaitement arm\u00e9es pour faire face aux poussi\u00e8res fines. Les installations d\u2019aspiration de la s\u00e9rie RV600 ont \u00e9t\u00e9 con\u00e7ues pour l\u2019aspiration aux machines et aux postes de travail o\u00f9 les exigences en mati\u00e8re de puissance d\u2019aspiration sont \u00e9lev\u00e9es. Elles marient une variabilit\u00e9 des plus hautes et un bon rapport qualit\u00e9-prix. La s\u00e9rie RV600 est disponible en diff\u00e9rentes puissances. Il est en accord parfait avec son application et livre les meilleurs r\u00e9sultats possibles. Laissez-nous vous conseiller. Nous sommes \u00e0 votre disposition.<\/p>\n\n<div style=\"height:30px\" aria-hidden=\"true\" class=\"wp-block-spacer\"><\/div>\n<div class=\"prodlist\">\n\n\n        <!--            <div>--><!--<\/div>-->\n\n                        <div class='uk-grid' uk-grid style=\"margin-bottom:30px;\">\n\n\n                <div class=\"uk-width-2-3@m\">\n\n                        <!-- kleine einbettung -->\n                        <div class=\"video-small\" data-video-id=\"zAUHDz_8YGY\" style=\"position:relative\">\n                            <iframe\n                                    style=\"width:100%;aspect-ratio:16\/9;border:none\"\n                                    src=\"https:\/\/www.youtube.com\/embed\/zAUHDz_8YGY?rel=0&enablejsapi=1&origin=https:\/\/www.vacportal.com\"\n                                    title=\"youtube preview\"\n                                    allow=\"accelerometer; autoplay; clipboard-write; encrypted-media; gyroscope; picture-in-picture\"\n                                    referrerpolicy=\"strict-origin-when-cross-origin\"\n                                    allowfullscreen>\n                            <\/iframe>\n\n                            <!-- NEU: overlay-button, f\u00e4ngt den klick ab -->\n                                                    <\/div>\n\n                    \n                        <!-- lightbox -->\n                        <div class=\"yt-lightbox\" id=\"ytLightbox\" aria-hidden=\"true\">\n                            <div class=\"yt-lightbox__content\" role=\"dialog\" aria-modal=\"true\" aria-label=\"video\">\n                                <button class=\"yt-close\" type=\"button\" aria-label=\"schliessen\">\u2715<\/button>\n                                <iframe id=\"ytPlayer\" src=\"\" allow=\"autoplay; encrypted-media; picture-in-picture\" allowfullscreen><\/iframe>\n                            <\/div>\n                        <\/div>\n\n                <\/div>\n\n                \n                <div class=\"uk-width-1-3@m\">\n                    <div class='uk-width-1-1@m' style=\"\">\n                                                    <img decoding=\"async\" src=\"https:\/\/www.vacportal.com\/wp-content\/themes\/vacportal\/assets\/images\/products\/B000227-Entstauber-Absauganlage-RV600.jpg\" title=\"D\u00e9poussi\u00e9reur RV600-V2000\" alt=\"D\u00e9poussi\u00e9reur RV600-V2000\" class=\"prodimg\" style=\"width:auto;max-height:500px;\" \/>\n                        \n                                                    <div style=\"font-size:13px;max-width: 600px;\">D\u00e9poussi\u00e9reur pour d\u00e9bits d'air \u00e9lev\u00e9s. Avec filtres \u00e0 cartouche de 4 x 10 m2 pour les quantit\u00e9s de poussi\u00e8re cons\u00e9quentes. Divers conteneurs disponibles.<\/div>\n                                            <\/div>\n                <\/div>\n\n            <\/div>\n            <div class='uk-grid' uk-grid style=\"margin-top:0px;\">\n\n            \n                                                        <div class=\"uk-width-1-2@m \">\n                            \n\n                <div class=\"box productlistclick\" role=\"link\" tabindex=\"0\"  data-href=\"https:\/\/www.vacportal.com\/fr\/installations-aspiration\/depoussiereur-rv600-v2000\/\">\n\n\n                    <h2 class=\"listcattitle\">\n                        <a href=\"https:\/\/www.vacportal.com\/fr\/installations-aspiration\/depoussiereur-rv600-v2000\/\"\n                           title=\"D\u00e9poussi\u00e9reur RV600-V2000\">D\u00e9poussi\u00e9reur RV600-V2000<\/a>\n                    <\/h2>\n\n                    <div class=\"spec-list\">\n                        <ul><li>Puissance:1.5[kW]<\/li>\n                            <li>D\u00e9bit d&#039;air max.:1700[m\u00b3\/h]<\/li>\n                            <li>Vide d&#039;air max.:21[mbar]<\/li>\n                            <\/ul>\n                    <\/div>\n\n                    <div>\n                        <a href=\"https:\/\/www.vacportal.com\/fr\/installations-aspiration\/depoussiereur-rv600-v2000\/\"\n                           class=\"customapp_startpage_link_02\"\n                           title=\"D\u00e9poussi\u00e9reur RV600-V2000\"><i class=\"fa fa-arrow-circle-right\"><\/i>vers D\u00e9poussi\u00e9reur RV600-V2000<\/a>\n                    <\/div>\n\n                <\/div>\n                                        <\/div>\n        \n\n                                                        <div class=\"uk-width-1-2@m \">\n                            \n\n                <div class=\"box productlistclick\" role=\"link\" tabindex=\"0\"  data-href=\"https:\/\/www.vacportal.com\/fr\/installations-aspiration\/depoussiereur-rv600-v2500\/\">\n\n\n                    <h2 class=\"listcattitle\">\n                        <a href=\"https:\/\/www.vacportal.com\/fr\/installations-aspiration\/depoussiereur-rv600-v2500\/\"\n                           title=\"D\u00e9poussi\u00e9reur RV600-V2500\">D\u00e9poussi\u00e9reur RV600-V2500<\/a>\n                    <\/h2>\n\n                    <div class=\"spec-list\">\n                        <ul><li>Puissance:2.2[kW]<\/li>\n                            <li>D\u00e9bit d&#039;air max.:2600[m\u00b3\/h]<\/li>\n                            <li>Vide d&#039;air max.:27[mbar]<\/li>\n                            <\/ul>\n                    <\/div>\n\n                    <div>\n                        <a href=\"https:\/\/www.vacportal.com\/fr\/installations-aspiration\/depoussiereur-rv600-v2500\/\"\n                           class=\"customapp_startpage_link_02\"\n                           title=\"D\u00e9poussi\u00e9reur RV600-V2500\"><i class=\"fa fa-arrow-circle-right\"><\/i>vers D\u00e9poussi\u00e9reur RV600-V2500<\/a>\n                    <\/div>\n\n                <\/div>\n                                        <\/div>\n        \n\n                                                        <div class=\"uk-width-1-2@m \">\n                            \n\n                <div class=\"box productlistclick\" role=\"link\" tabindex=\"0\"  data-href=\"https:\/\/www.vacportal.com\/fr\/installations-aspiration\/depoussiereur-rv600-v2500-f\/\">\n\n\n                    <h2 class=\"listcattitle\">\n                        <a href=\"https:\/\/www.vacportal.com\/fr\/installations-aspiration\/depoussiereur-rv600-v2500-f\/\"\n                           title=\"D\u00e9poussi\u00e9reur RV600-V2500-F\">D\u00e9poussi\u00e9reur RV600-V2500-F<\/a>\n                    <\/h2>\n\n                    <div class=\"spec-list\">\n                        <ul><li>Puissance:2.2[kW]<\/li>\n                            <li>D\u00e9bit d&#039;air max.:2600[m\u00b3\/h]<\/li>\n                            <li>Vide d&#039;air max.:27[mbar]<\/li>\n                            <\/ul>\n                    <\/div>\n\n                    <div>\n                        <a href=\"https:\/\/www.vacportal.com\/fr\/installations-aspiration\/depoussiereur-rv600-v2500-f\/\"\n                           class=\"customapp_startpage_link_02\"\n                           title=\"D\u00e9poussi\u00e9reur RV600-V2500-F\"><i class=\"fa fa-arrow-circle-right\"><\/i>vers D\u00e9poussi\u00e9reur RV600-V2500-F<\/a>\n                    <\/div>\n\n                <\/div>\n                                        <\/div>\n        \n\n                                                        <div class=\"uk-width-1-2@m \">\n                            \n\n                <div class=\"box productlistclick\" role=\"link\" tabindex=\"0\"  data-href=\"https:\/\/www.vacportal.com\/fr\/installations-aspiration\/depoussiereur-rv600-v3500-f\/\">\n\n\n                    <h2 class=\"listcattitle\">\n                        <a href=\"https:\/\/www.vacportal.com\/fr\/installations-aspiration\/depoussiereur-rv600-v3500-f\/\"\n                           title=\"D\u00e9poussi\u00e9reur RV600-V3500-F\">D\u00e9poussi\u00e9reur RV600-V3500-F<\/a>\n                    <\/h2>\n\n                    <div class=\"spec-list\">\n                        <ul><li>Puissance:4[kW]<\/li>\n                            <li>D\u00e9bit d&#039;air max.:3500[m\u00b3\/h]<\/li>\n                            <li>Vide d&#039;air max.:49[mbar]<\/li>\n                            <\/ul>\n                    <\/div>\n\n                    <div>\n                        <a href=\"https:\/\/www.vacportal.com\/fr\/installations-aspiration\/depoussiereur-rv600-v3500-f\/\"\n                           class=\"customapp_startpage_link_02\"\n                           title=\"D\u00e9poussi\u00e9reur RV600-V3500-F\"><i class=\"fa fa-arrow-circle-right\"><\/i>vers D\u00e9poussi\u00e9reur RV600-V3500-F<\/a>\n                    <\/div>\n\n                <\/div>\n                                        <\/div>\n        \n\n                                                        <div class=\"uk-width-1-2@m \">\n                            \n\n                <div class=\"box productlistclick\" role=\"link\" tabindex=\"0\"  data-href=\"https:\/\/www.vacportal.com\/fr\/installations-aspiration\/depoussiereur-rv600-v4000\/\">\n\n\n                    <h2 class=\"listcattitle\">\n                        <a href=\"https:\/\/www.vacportal.com\/fr\/installations-aspiration\/depoussiereur-rv600-v4000\/\"\n                           title=\"D\u00e9poussi\u00e9reur RV600-V4000\">D\u00e9poussi\u00e9reur RV600-V4000<\/a>\n                    <\/h2>\n\n                    <div class=\"spec-list\">\n                        <ul><li>Puissance:5.5[kW]<\/li>\n                            <li>D\u00e9bit d&#039;air max.:3900[m\u00b3\/h]<\/li>\n                            <li>Vide d&#039;air max.:36[mbar]<\/li>\n                            <\/ul>\n                    <\/div>\n\n                    <div>\n                        <a href=\"https:\/\/www.vacportal.com\/fr\/installations-aspiration\/depoussiereur-rv600-v4000\/\"\n                           class=\"customapp_startpage_link_02\"\n                           title=\"D\u00e9poussi\u00e9reur RV600-V4000\"><i class=\"fa fa-arrow-circle-right\"><\/i>vers D\u00e9poussi\u00e9reur RV600-V4000<\/a>\n                    <\/div>\n\n                <\/div>\n                                        <\/div>\n        \n\n                                                        <div class=\"uk-width-1-2@m \">\n                            \n\n                <div class=\"box productlistclick\" role=\"link\" tabindex=\"0\"  data-href=\"https:\/\/www.vacportal.com\/fr\/installations-aspiration\/depoussiereur-rv600-v5000-f\/\">\n\n\n                    <h2 class=\"listcattitle\">\n                        <a href=\"https:\/\/www.vacportal.com\/fr\/installations-aspiration\/depoussiereur-rv600-v5000-f\/\"\n                           title=\"D\u00e9poussi\u00e9reur RV600-V5000-F\">D\u00e9poussi\u00e9reur RV600-V5000-F<\/a>\n                    <\/h2>\n\n                    <div class=\"spec-list\">\n                        <ul><li>Puissance:7.5[kW]<\/li>\n                            <li>D\u00e9bit d&#039;air max.:5000[m\u00b3\/h]<\/li>\n                            <li>Vide d&#039;air max.:60[mbar]<\/li>\n                            <\/ul>\n                    <\/div>\n\n                    <div>\n                        <a href=\"https:\/\/www.vacportal.com\/fr\/installations-aspiration\/depoussiereur-rv600-v5000-f\/\"\n                           class=\"customapp_startpage_link_02\"\n                           title=\"D\u00e9poussi\u00e9reur RV600-V5000-F\"><i class=\"fa fa-arrow-circle-right\"><\/i>vers D\u00e9poussi\u00e9reur RV600-V5000-F<\/a>\n                    <\/div>\n\n                <\/div>\n                                        <\/div>\n        \n        <\/div><!-- End Grid -->\n\n\n<\/div><!-- End Prodlist -->\n\n\n    <div class=\"contactbox\">\n        <div style=\"flex-grow:8;padding:20px;\">\n            T\u00e9l\u00e9phonez-nous sans engagement ou \u00e9crivez-nous un e-mail afin que nous puissions vous conseiller!\n            <br><br><b>Nous vous aidons volontiers.<\/b><br><br>T\u00e9l. +41 43 243 30 00<br>E-mail:            <script>document.write('<a class=\\\"contbox\\\" href=\\\"mailto:' + 'sales' + '@' + 'vacportal.com' +'\\\">' + 'sales' + '@' + 'vacportal.com' + '<\/a>');<\/script>\n        <\/div>\n\n        <div class=\"buttonarea\" style=\"flex-grow:2;padding:20px;text-align:right;\">\n            <button class=\"contactbutton\" onclick=\"window.location.href = '\/kontakt\/'\">FORMULAIRE DE CONTACT<\/button>\n        <\/div>\n    <\/div>\n\n\n\n\n","protected":false},"excerpt":{"rendered":"<p>Les installations d\u2019aspiration de la s\u00e9rie RV600 se distinguent par des surfaces de filtrage importantes de 40 m2. Les RV600 sont donc parfaitement arm\u00e9es pour faire face aux poussi\u00e8res fines. Les installations d\u2019aspiration de la s\u00e9rie RV600 ont \u00e9t\u00e9 con\u00e7ues pour l\u2019aspiration aux machines et aux postes de travail o\u00f9 les exigences en mati\u00e8re de [&hellip;]<\/p>\n","protected":false},"author":1,"featured_media":2224,"parent":722,"menu_order":0,"comment_status":"closed","ping_status":"closed","template":"","meta":{"footnotes":""},"class_list":["post-747","page","type-page","status-publish","has-post-thumbnail","hentry"],"yoast_head":"<!-- This site is optimized with the Yoast SEO Premium plugin v27.1 (Yoast SEO v27.1.1) - https:\/\/yoast.com\/product\/yoast-seo-premium-wordpress\/ -->\n<title>Installations d\u2019aspiration de la s\u00e9rie RV600 - Vacportal<\/title>\n<meta name=\"description\" content=\"Vacportal\" \/>\n<meta name=\"robots\" content=\"index, follow, max-snippet:-1, max-image-preview:large, max-video-preview:-1\" \/>\n<link rel=\"canonical\" href=\"https:\/\/www.vacportal.com\/fr\/installations-aspiration\/installations-aspiration-serie-rv600\/\" \/>\n<meta property=\"og:locale\" content=\"fr_FR\" \/>\n<meta property=\"og:type\" content=\"article\" \/>\n<meta property=\"og:title\" content=\"Installations d\u2019aspiration de la s\u00e9rie RV600\" \/>\n<meta property=\"og:description\" content=\"Vacportal\" \/>\n<meta property=\"og:url\" content=\"https:\/\/www.vacportal.com\/fr\/installations-aspiration\/installations-aspiration-serie-rv600\/\" \/>\n<meta property=\"og:site_name\" content=\"Vacportal\" \/>\n<meta property=\"article:modified_time\" content=\"2025-05-18T13:00:33+00:00\" \/>\n<meta property=\"og:image\" content=\"https:\/\/www.vacportal.com\/wp-content\/uploads\/2024\/04\/Absauganlagen.jpg\" \/>\n\t<meta property=\"og:image:width\" content=\"2560\" \/>\n\t<meta property=\"og:image:height\" content=\"480\" \/>\n\t<meta property=\"og:image:type\" content=\"image\/jpeg\" \/>\n<meta name=\"twitter:card\" content=\"summary_large_image\" \/>\n<meta name=\"twitter:label1\" content=\"Dur\u00e9e de lecture estim\u00e9e\" \/>\n\t<meta name=\"twitter:data1\" content=\"1 minute\" \/>\n<script type=\"application\/ld+json\" class=\"yoast-schema-graph\">{\"@context\":\"https:\/\/schema.org\",\"@graph\":[{\"@type\":\"WebPage\",\"@id\":\"https:\/\/www.vacportal.com\/fr\/installations-aspiration\/installations-aspiration-serie-rv600\/\",\"url\":\"https:\/\/www.vacportal.com\/fr\/installations-aspiration\/installations-aspiration-serie-rv600\/\",\"name\":\"Installations d\u2019aspiration de la s\u00e9rie RV600 - Vacportal\",\"isPartOf\":{\"@id\":\"https:\/\/www.vacportal.com\/fr\/#website\"},\"primaryImageOfPage\":{\"@id\":\"https:\/\/www.vacportal.com\/fr\/installations-aspiration\/installations-aspiration-serie-rv600\/#primaryimage\"},\"image\":{\"@id\":\"https:\/\/www.vacportal.com\/fr\/installations-aspiration\/installations-aspiration-serie-rv600\/#primaryimage\"},\"thumbnailUrl\":\"https:\/\/www.vacportal.com\/wp-content\/uploads\/Absauganlagen-Serie-RV600.webp\",\"datePublished\":\"2024-02-26T09:58:31+00:00\",\"dateModified\":\"2025-05-18T13:00:33+00:00\",\"description\":\"Vacportal\",\"breadcrumb\":{\"@id\":\"https:\/\/www.vacportal.com\/fr\/installations-aspiration\/installations-aspiration-serie-rv600\/#breadcrumb\"},\"inLanguage\":\"fr-FR\",\"potentialAction\":[{\"@type\":\"ReadAction\",\"target\":[\"https:\/\/www.vacportal.com\/fr\/installations-aspiration\/installations-aspiration-serie-rv600\/\"]}]},{\"@type\":\"ImageObject\",\"inLanguage\":\"fr-FR\",\"@id\":\"https:\/\/www.vacportal.com\/fr\/installations-aspiration\/installations-aspiration-serie-rv600\/#primaryimage\",\"url\":\"https:\/\/www.vacportal.com\/wp-content\/uploads\/Absauganlagen-Serie-RV600.webp\",\"contentUrl\":\"https:\/\/www.vacportal.com\/wp-content\/uploads\/Absauganlagen-Serie-RV600.webp\",\"width\":2560,\"height\":480,\"caption\":\"Installations d'aspiration s\u00e9rie RV600\"},{\"@type\":\"BreadcrumbList\",\"@id\":\"https:\/\/www.vacportal.com\/fr\/installations-aspiration\/installations-aspiration-serie-rv600\/#breadcrumb\",\"itemListElement\":[{\"@type\":\"ListItem\",\"position\":1,\"name\":\"Home\",\"item\":\"https:\/\/www.vacportal.com\/fr\/\"},{\"@type\":\"ListItem\",\"position\":2,\"name\":\"Installations d\u2019aspiration\",\"item\":\"https:\/\/www.vacportal.com\/fr\/installations-aspiration\/\"},{\"@type\":\"ListItem\",\"position\":3,\"name\":\"Installations d\u2019aspiration de la s\u00e9rie RV600\"}]},{\"@type\":\"WebSite\",\"@id\":\"https:\/\/www.vacportal.com\/fr\/#website\",\"url\":\"https:\/\/www.vacportal.com\/fr\/\",\"name\":\"Vacportal AG\",\"description\":\"Industrielle Absauganlagen und Industriesauger\",\"publisher\":{\"@id\":\"https:\/\/www.vacportal.com\/fr\/#organization\"},\"alternateName\":\"Vacportal\",\"potentialAction\":[{\"@type\":\"SearchAction\",\"target\":{\"@type\":\"EntryPoint\",\"urlTemplate\":\"https:\/\/www.vacportal.com\/fr\/?s={search_term_string}\"},\"query-input\":{\"@type\":\"PropertyValueSpecification\",\"valueRequired\":true,\"valueName\":\"search_term_string\"}}],\"inLanguage\":\"fr-FR\"},{\"@type\":\"Organization\",\"@id\":\"https:\/\/www.vacportal.com\/fr\/#organization\",\"name\":\"Vacportal AG\",\"url\":\"https:\/\/www.vacportal.com\/fr\/\",\"logo\":{\"@type\":\"ImageObject\",\"inLanguage\":\"fr-FR\",\"@id\":\"https:\/\/www.vacportal.com\/fr\/#\/schema\/logo\/image\/\",\"url\":\"https:\/\/www.vacportal.com\/wp-content\/uploads\/Vacportal-Logo_2024_de.png\",\"contentUrl\":\"https:\/\/www.vacportal.com\/wp-content\/uploads\/Vacportal-Logo_2024_de.png\",\"width\":946,\"height\":446,\"caption\":\"Vacportal AG\"},\"image\":{\"@id\":\"https:\/\/www.vacportal.com\/fr\/#\/schema\/logo\/image\/\"}}]}<\/script>\n<!-- \/ Yoast SEO Premium plugin. -->","yoast_head_json":{"title":"Installations d\u2019aspiration de la s\u00e9rie RV600 - Vacportal","description":"Vacportal","robots":{"index":"index","follow":"follow","max-snippet":"max-snippet:-1","max-image-preview":"max-image-preview:large","max-video-preview":"max-video-preview:-1"},"canonical":"https:\/\/www.vacportal.com\/fr\/installations-aspiration\/installations-aspiration-serie-rv600\/","og_locale":"fr_FR","og_type":"article","og_title":"Installations d\u2019aspiration de la s\u00e9rie RV600","og_description":"Vacportal","og_url":"https:\/\/www.vacportal.com\/fr\/installations-aspiration\/installations-aspiration-serie-rv600\/","og_site_name":"Vacportal","article_modified_time":"2025-05-18T13:00:33+00:00","og_image":[{"width":2560,"height":480,"url":"https:\/\/www.vacportal.com\/wp-content\/uploads\/2024\/04\/Absauganlagen.jpg","type":"image\/jpeg"}],"twitter_card":"summary_large_image","twitter_misc":{"Dur\u00e9e de lecture estim\u00e9e":"1 minute"},"schema":{"@context":"https:\/\/schema.org","@graph":[{"@type":"WebPage","@id":"https:\/\/www.vacportal.com\/fr\/installations-aspiration\/installations-aspiration-serie-rv600\/","url":"https:\/\/www.vacportal.com\/fr\/installations-aspiration\/installations-aspiration-serie-rv600\/","name":"Installations d\u2019aspiration de la s\u00e9rie RV600 - Vacportal","isPartOf":{"@id":"https:\/\/www.vacportal.com\/fr\/#website"},"primaryImageOfPage":{"@id":"https:\/\/www.vacportal.com\/fr\/installations-aspiration\/installations-aspiration-serie-rv600\/#primaryimage"},"image":{"@id":"https:\/\/www.vacportal.com\/fr\/installations-aspiration\/installations-aspiration-serie-rv600\/#primaryimage"},"thumbnailUrl":"https:\/\/www.vacportal.com\/wp-content\/uploads\/Absauganlagen-Serie-RV600.webp","datePublished":"2024-02-26T09:58:31+00:00","dateModified":"2025-05-18T13:00:33+00:00","description":"Vacportal","breadcrumb":{"@id":"https:\/\/www.vacportal.com\/fr\/installations-aspiration\/installations-aspiration-serie-rv600\/#breadcrumb"},"inLanguage":"fr-FR","potentialAction":[{"@type":"ReadAction","target":["https:\/\/www.vacportal.com\/fr\/installations-aspiration\/installations-aspiration-serie-rv600\/"]}]},{"@type":"ImageObject","inLanguage":"fr-FR","@id":"https:\/\/www.vacportal.com\/fr\/installations-aspiration\/installations-aspiration-serie-rv600\/#primaryimage","url":"https:\/\/www.vacportal.com\/wp-content\/uploads\/Absauganlagen-Serie-RV600.webp","contentUrl":"https:\/\/www.vacportal.com\/wp-content\/uploads\/Absauganlagen-Serie-RV600.webp","width":2560,"height":480,"caption":"Installations d'aspiration s\u00e9rie RV600"},{"@type":"BreadcrumbList","@id":"https:\/\/www.vacportal.com\/fr\/installations-aspiration\/installations-aspiration-serie-rv600\/#breadcrumb","itemListElement":[{"@type":"ListItem","position":1,"name":"Home","item":"https:\/\/www.vacportal.com\/fr\/"},{"@type":"ListItem","position":2,"name":"Installations d\u2019aspiration","item":"https:\/\/www.vacportal.com\/fr\/installations-aspiration\/"},{"@type":"ListItem","position":3,"name":"Installations d\u2019aspiration de la s\u00e9rie RV600"}]},{"@type":"WebSite","@id":"https:\/\/www.vacportal.com\/fr\/#website","url":"https:\/\/www.vacportal.com\/fr\/","name":"Vacportal AG","description":"Industrielle Absauganlagen und Industriesauger","publisher":{"@id":"https:\/\/www.vacportal.com\/fr\/#organization"},"alternateName":"Vacportal","potentialAction":[{"@type":"SearchAction","target":{"@type":"EntryPoint","urlTemplate":"https:\/\/www.vacportal.com\/fr\/?s={search_term_string}"},"query-input":{"@type":"PropertyValueSpecification","valueRequired":true,"valueName":"search_term_string"}}],"inLanguage":"fr-FR"},{"@type":"Organization","@id":"https:\/\/www.vacportal.com\/fr\/#organization","name":"Vacportal AG","url":"https:\/\/www.vacportal.com\/fr\/","logo":{"@type":"ImageObject","inLanguage":"fr-FR","@id":"https:\/\/www.vacportal.com\/fr\/#\/schema\/logo\/image\/","url":"https:\/\/www.vacportal.com\/wp-content\/uploads\/Vacportal-Logo_2024_de.png","contentUrl":"https:\/\/www.vacportal.com\/wp-content\/uploads\/Vacportal-Logo_2024_de.png","width":946,"height":446,"caption":"Vacportal AG"},"image":{"@id":"https:\/\/www.vacportal.com\/fr\/#\/schema\/logo\/image\/"}}]}},"_links":{"self":[{"href":"https:\/\/www.vacportal.com\/fr\/wp-json\/wp\/v2\/pages\/747","targetHints":{"allow":["GET"]}}],"collection":[{"href":"https:\/\/www.vacportal.com\/fr\/wp-json\/wp\/v2\/pages"}],"about":[{"href":"https:\/\/www.vacportal.com\/fr\/wp-json\/wp\/v2\/types\/page"}],"author":[{"embeddable":true,"href":"https:\/\/www.vacportal.com\/fr\/wp-json\/wp\/v2\/users\/1"}],"replies":[{"embeddable":true,"href":"https:\/\/www.vacportal.com\/fr\/wp-json\/wp\/v2\/comments?post=747"}],"version-history":[{"count":0,"href":"https:\/\/www.vacportal.com\/fr\/wp-json\/wp\/v2\/pages\/747\/revisions"}],"up":[{"embeddable":true,"href":"https:\/\/www.vacportal.com\/fr\/wp-json\/wp\/v2\/pages\/722"}],"wp:featuredmedia":[{"embeddable":true,"href":"https:\/\/www.vacportal.com\/fr\/wp-json\/wp\/v2\/media\/2224"}],"wp:attachment":[{"href":"https:\/\/www.vacportal.com\/fr\/wp-json\/wp\/v2\/media?parent=747"}],"curies":[{"name":"wp","href":"https:\/\/api.w.org\/{rel}","templated":true}]}}