{"id":757,"date":"2024-02-26T09:58:15","date_gmt":"2024-02-26T09:58:15","guid":{"rendered":"http:\/\/vacportal:8080\/installations-daspiration-de-la-serie-sv600\/"},"modified":"2024-12-02T17:23:45","modified_gmt":"2024-12-02T17:23:45","slug":"installations-aspiration-serie-sv600","status":"publish","type":"page","link":"https:\/\/www.vacportal.com\/fr\/installations-aspiration\/installations-aspiration-serie-sv600\/","title":{"rendered":"Installations d\u2019aspiration de la s\u00e9rie SV600"},"content":{"rendered":"\n<p>La SV600 est une installation d\u2019aspiration professionnelle \u00e9quip\u00e9e d\u2019un filtre \u00e0 cartouche pour l\u2019aspiration aux postes de travail sur machines. Elle se distingue par sa construction compacte compos\u00e9e d\u2019un ventilateur, d\u2019un module de filtrage et d\u2019une unit\u00e9 de retenue pour la poussi\u00e8re. Le nettoyage efficace du filtre assure une puissance d\u2019aspiration continue. La s\u00e9rie SV600 est disponible en diff\u00e9rentes puissances. Elle est en accord parfait avec son application et livre les meilleurs r\u00e9sultats possibles. Laissez-nous vous conseiller. Nous sommes \u00e0 votre disposition.<\/p>\n<div class=\"prodlist\">\n\n\n        <!--            <div>--><!--<\/div>-->\n\n                        <div class='uk-grid' uk-grid>\n\n                <div class=\"uk-width-1-3@m\">\n                    <div>\n                                                    <img decoding=\"async\" src=\"https:\/\/www.vacportal.com\/wp-content\/themes\/vacportal\/assets\/images\/products\/B000224-Entstauber-Absauganlage-SV600.jpg\" title=\"D\u00e9poussi\u00e9reur SV600-V1500\" alt=\"D\u00e9poussi\u00e9reur SV600-V1500\" class=\"prodimg\" style=\"width:auto;max-height:500px;\" \/>\n                        \n                                                    <div style=\"font-size:13px;max-width: 600px;\">D\u00e9poussi\u00e9reur compact pour un d\u00e9bit d'air \u00e9lev\u00e9. Avec cartouche filtrante de 10 m2. Ex\u00e9cution avec tiroir.<\/div>\n                                            <\/div>\n                <\/div>\n\n\n\n\n                    <div class=\"uk-width-2-3@m \">\n                        \n                                \n\n                <div class=\"box productlistclick\" role=\"link\" tabindex=\"0\"  data-href=\"https:\/\/www.vacportal.com\/fr\/installations-aspiration\/depoussiereur-sv600-v1500\/\">\n\n\n                    <h2 class=\"listcattitle\">\n                        <a href=\"https:\/\/www.vacportal.com\/fr\/installations-aspiration\/depoussiereur-sv600-v1500\/\"\n                           title=\"D\u00e9poussi\u00e9reur SV600-V1500\">D\u00e9poussi\u00e9reur SV600-V1500<\/a>\n                    <\/h2>\n\n                    <div class=\"spec-list\">\n                        <ul><li>Puissance:1.5[kW]<\/li>\n                            <li>D\u00e9bit d&#039;air max.:1500[m\u00b3\/h]<\/li>\n                            <li>Vide d&#039;air max.:18[mbar]<\/li>\n                            <\/ul>\n                    <\/div>\n\n                    <div>\n                        <a href=\"https:\/\/www.vacportal.com\/fr\/installations-aspiration\/depoussiereur-sv600-v1500\/\"\n                           class=\"customapp_startpage_link_02\"\n                           title=\"D\u00e9poussi\u00e9reur SV600-V1500\"><i class=\"fa fa-arrow-circle-right\"><\/i>vers D\u00e9poussi\u00e9reur SV600-V1500<\/a>\n                    <\/div>\n\n                <\/div>\n                            \n        \n\n                                \n\n                <div class=\"box productlistclick\" role=\"link\" tabindex=\"0\"  data-href=\"https:\/\/www.vacportal.com\/fr\/installations-aspiration\/depoussiereur-sv600-v2500\/\">\n\n\n                    <h2 class=\"listcattitle\">\n                        <a href=\"https:\/\/www.vacportal.com\/fr\/installations-aspiration\/depoussiereur-sv600-v2500\/\"\n                           title=\"D\u00e9poussi\u00e9reur SV600-V2500\">D\u00e9poussi\u00e9reur SV600-V2500<\/a>\n                    <\/h2>\n\n                    <div class=\"spec-list\">\n                        <ul><li>Puissance:2.2[kW]<\/li>\n                            <li>D\u00e9bit d&#039;air max.:2400[m\u00b3\/h]<\/li>\n                            <li>Vide d&#039;air max.:27[mbar]<\/li>\n                            <\/ul>\n                    <\/div>\n\n                    <div>\n                        <a href=\"https:\/\/www.vacportal.com\/fr\/installations-aspiration\/depoussiereur-sv600-v2500\/\"\n                           class=\"customapp_startpage_link_02\"\n                           title=\"D\u00e9poussi\u00e9reur SV600-V2500\"><i class=\"fa fa-arrow-circle-right\"><\/i>vers D\u00e9poussi\u00e9reur SV600-V2500<\/a>\n                    <\/div>\n\n                <\/div>\n                            \n        \n\n                                \n\n                <div class=\"box productlistclick\" role=\"link\" tabindex=\"0\"  data-href=\"https:\/\/www.vacportal.com\/fr\/installations-aspiration\/depoussiereur-sv600-v4000-f\/\">\n\n\n                    <h2 class=\"listcattitle\">\n                        <a href=\"https:\/\/www.vacportal.com\/fr\/installations-aspiration\/depoussiereur-sv600-v4000-f\/\"\n                           title=\"D\u00e9poussi\u00e9reur SV600-V4000-F\">D\u00e9poussi\u00e9reur SV600-V4000-F<\/a>\n                    <\/h2>\n\n                    <div class=\"spec-list\">\n                        <ul><li>Puissance:4[kW]<\/li>\n                            <li>D\u00e9bit d&#039;air max.:3200[m\u00b3\/h]<\/li>\n                            <li>Vide d&#039;air max.:60[mbar]<\/li>\n                            <\/ul>\n                    <\/div>\n\n                    <div>\n                        <a href=\"https:\/\/www.vacportal.com\/fr\/installations-aspiration\/depoussiereur-sv600-v4000-f\/\"\n                           class=\"customapp_startpage_link_02\"\n                           title=\"D\u00e9poussi\u00e9reur SV600-V4000-F\"><i class=\"fa fa-arrow-circle-right\"><\/i>vers D\u00e9poussi\u00e9reur SV600-V4000-F<\/a>\n                    <\/div>\n\n                <\/div>\n                            \n        \n        <\/div><!-- End Grid -->\n\n\n<\/div><!-- End Prodlist -->\n\n\n    <div class=\"contactbox\">\n        <div style=\"flex-grow:8;padding:20px;\">\n            T\u00e9l\u00e9phonez-nous sans engagement ou \u00e9crivez-nous un e-mail afin que nous puissions vous conseiller!\n            <br><br><b>Nous vous aidons volontiers.<\/b><br><br>T\u00e9l. +41 43 243 30 00<br>E-mail:            <script>document.write('<a class=\\\"contbox\\\" href=\\\"mailto:' + 'sales' + '@' + 'vacportal.com' +'\\\">' + 'sales' + '@' + 'vacportal.com' + '<\/a>');<\/script>\n        <\/div>\n\n        <div class=\"buttonarea\" style=\"flex-grow:2;padding:20px;text-align:right;\">\n            <button class=\"contactbutton\" onclick=\"window.location.href = '\/kontakt\/'\">FORMULAIRE DE CONTACT<\/button>\n        <\/div>\n    <\/div>\n\n\n\n\n","protected":false},"excerpt":{"rendered":"<p>La SV600 est une installation d\u2019aspiration professionnelle \u00e9quip\u00e9e d\u2019un filtre \u00e0 cartouche pour l\u2019aspiration aux postes de travail sur machines. Elle se distingue par sa construction compacte compos\u00e9e d\u2019un ventilateur, d\u2019un module de filtrage et d\u2019une unit\u00e9 de retenue pour la poussi\u00e8re. Le nettoyage efficace du filtre assure une puissance d\u2019aspiration continue. La s\u00e9rie SV600 [&hellip;]<\/p>\n","protected":false},"author":1,"featured_media":2228,"parent":722,"menu_order":0,"comment_status":"closed","ping_status":"closed","template":"","meta":{"footnotes":""},"class_list":["post-757","page","type-page","status-publish","has-post-thumbnail","hentry"],"yoast_head":"<!-- This site is optimized with the Yoast SEO Premium plugin v27.1 (Yoast SEO v27.1.1) - https:\/\/yoast.com\/product\/yoast-seo-premium-wordpress\/ -->\n<title>Installations d\u2019aspiration de la s\u00e9rie SV600 - Vacportal<\/title>\n<meta name=\"description\" content=\"Vacportal\" \/>\n<meta name=\"robots\" content=\"index, follow, max-snippet:-1, max-image-preview:large, max-video-preview:-1\" \/>\n<link rel=\"canonical\" href=\"https:\/\/www.vacportal.com\/fr\/installations-aspiration\/installations-aspiration-serie-sv600\/\" \/>\n<meta property=\"og:locale\" content=\"fr_FR\" \/>\n<meta property=\"og:type\" content=\"article\" \/>\n<meta property=\"og:title\" content=\"Installations d\u2019aspiration de la s\u00e9rie SV600\" \/>\n<meta property=\"og:description\" content=\"Vacportal\" \/>\n<meta property=\"og:url\" content=\"https:\/\/www.vacportal.com\/fr\/installations-aspiration\/installations-aspiration-serie-sv600\/\" \/>\n<meta property=\"og:site_name\" content=\"Vacportal\" \/>\n<meta property=\"article:modified_time\" content=\"2024-12-02T17:23:45+00:00\" \/>\n<meta property=\"og:image\" content=\"https:\/\/www.vacportal.com\/wp-content\/uploads\/2024\/04\/Absauganlagen.jpg\" \/>\n\t<meta property=\"og:image:width\" content=\"2560\" \/>\n\t<meta property=\"og:image:height\" content=\"480\" \/>\n\t<meta property=\"og:image:type\" content=\"image\/jpeg\" \/>\n<meta name=\"twitter:card\" content=\"summary_large_image\" \/>\n<script type=\"application\/ld+json\" class=\"yoast-schema-graph\">{\"@context\":\"https:\/\/schema.org\",\"@graph\":[{\"@type\":\"WebPage\",\"@id\":\"https:\/\/www.vacportal.com\/fr\/installations-aspiration\/installations-aspiration-serie-sv600\/\",\"url\":\"https:\/\/www.vacportal.com\/fr\/installations-aspiration\/installations-aspiration-serie-sv600\/\",\"name\":\"Installations d\u2019aspiration de la s\u00e9rie SV600 - Vacportal\",\"isPartOf\":{\"@id\":\"https:\/\/www.vacportal.com\/fr\/#website\"},\"primaryImageOfPage\":{\"@id\":\"https:\/\/www.vacportal.com\/fr\/installations-aspiration\/installations-aspiration-serie-sv600\/#primaryimage\"},\"image\":{\"@id\":\"https:\/\/www.vacportal.com\/fr\/installations-aspiration\/installations-aspiration-serie-sv600\/#primaryimage\"},\"thumbnailUrl\":\"https:\/\/www.vacportal.com\/wp-content\/uploads\/Absauganlagen-Serie-SV600.webp\",\"datePublished\":\"2024-02-26T09:58:15+00:00\",\"dateModified\":\"2024-12-02T17:23:45+00:00\",\"description\":\"Vacportal\",\"breadcrumb\":{\"@id\":\"https:\/\/www.vacportal.com\/fr\/installations-aspiration\/installations-aspiration-serie-sv600\/#breadcrumb\"},\"inLanguage\":\"fr-FR\",\"potentialAction\":[{\"@type\":\"ReadAction\",\"target\":[\"https:\/\/www.vacportal.com\/fr\/installations-aspiration\/installations-aspiration-serie-sv600\/\"]}]},{\"@type\":\"ImageObject\",\"inLanguage\":\"fr-FR\",\"@id\":\"https:\/\/www.vacportal.com\/fr\/installations-aspiration\/installations-aspiration-serie-sv600\/#primaryimage\",\"url\":\"https:\/\/www.vacportal.com\/wp-content\/uploads\/Absauganlagen-Serie-SV600.webp\",\"contentUrl\":\"https:\/\/www.vacportal.com\/wp-content\/uploads\/Absauganlagen-Serie-SV600.webp\",\"width\":2560,\"height\":480,\"caption\":\"Installations d'aspiration s\u00e9rie SV600\"},{\"@type\":\"BreadcrumbList\",\"@id\":\"https:\/\/www.vacportal.com\/fr\/installations-aspiration\/installations-aspiration-serie-sv600\/#breadcrumb\",\"itemListElement\":[{\"@type\":\"ListItem\",\"position\":1,\"name\":\"Home\",\"item\":\"https:\/\/www.vacportal.com\/fr\/\"},{\"@type\":\"ListItem\",\"position\":2,\"name\":\"Installations d\u2019aspiration\",\"item\":\"https:\/\/www.vacportal.com\/fr\/installations-aspiration\/\"},{\"@type\":\"ListItem\",\"position\":3,\"name\":\"Installations d\u2019aspiration de la s\u00e9rie SV600\"}]},{\"@type\":\"WebSite\",\"@id\":\"https:\/\/www.vacportal.com\/fr\/#website\",\"url\":\"https:\/\/www.vacportal.com\/fr\/\",\"name\":\"Vacportal AG\",\"description\":\"Industrielle Absauganlagen und Industriesauger\",\"publisher\":{\"@id\":\"https:\/\/www.vacportal.com\/fr\/#organization\"},\"alternateName\":\"Vacportal\",\"potentialAction\":[{\"@type\":\"SearchAction\",\"target\":{\"@type\":\"EntryPoint\",\"urlTemplate\":\"https:\/\/www.vacportal.com\/fr\/?s={search_term_string}\"},\"query-input\":{\"@type\":\"PropertyValueSpecification\",\"valueRequired\":true,\"valueName\":\"search_term_string\"}}],\"inLanguage\":\"fr-FR\"},{\"@type\":\"Organization\",\"@id\":\"https:\/\/www.vacportal.com\/fr\/#organization\",\"name\":\"Vacportal AG\",\"url\":\"https:\/\/www.vacportal.com\/fr\/\",\"logo\":{\"@type\":\"ImageObject\",\"inLanguage\":\"fr-FR\",\"@id\":\"https:\/\/www.vacportal.com\/fr\/#\/schema\/logo\/image\/\",\"url\":\"https:\/\/www.vacportal.com\/wp-content\/uploads\/Vacportal-Logo_2024_de.png\",\"contentUrl\":\"https:\/\/www.vacportal.com\/wp-content\/uploads\/Vacportal-Logo_2024_de.png\",\"width\":946,\"height\":446,\"caption\":\"Vacportal AG\"},\"image\":{\"@id\":\"https:\/\/www.vacportal.com\/fr\/#\/schema\/logo\/image\/\"}}]}<\/script>\n<!-- \/ Yoast SEO Premium plugin. -->","yoast_head_json":{"title":"Installations d\u2019aspiration de la s\u00e9rie SV600 - Vacportal","description":"Vacportal","robots":{"index":"index","follow":"follow","max-snippet":"max-snippet:-1","max-image-preview":"max-image-preview:large","max-video-preview":"max-video-preview:-1"},"canonical":"https:\/\/www.vacportal.com\/fr\/installations-aspiration\/installations-aspiration-serie-sv600\/","og_locale":"fr_FR","og_type":"article","og_title":"Installations d\u2019aspiration de la s\u00e9rie SV600","og_description":"Vacportal","og_url":"https:\/\/www.vacportal.com\/fr\/installations-aspiration\/installations-aspiration-serie-sv600\/","og_site_name":"Vacportal","article_modified_time":"2024-12-02T17:23:45+00:00","og_image":[{"width":2560,"height":480,"url":"https:\/\/www.vacportal.com\/wp-content\/uploads\/2024\/04\/Absauganlagen.jpg","type":"image\/jpeg"}],"twitter_card":"summary_large_image","schema":{"@context":"https:\/\/schema.org","@graph":[{"@type":"WebPage","@id":"https:\/\/www.vacportal.com\/fr\/installations-aspiration\/installations-aspiration-serie-sv600\/","url":"https:\/\/www.vacportal.com\/fr\/installations-aspiration\/installations-aspiration-serie-sv600\/","name":"Installations d\u2019aspiration de la s\u00e9rie SV600 - Vacportal","isPartOf":{"@id":"https:\/\/www.vacportal.com\/fr\/#website"},"primaryImageOfPage":{"@id":"https:\/\/www.vacportal.com\/fr\/installations-aspiration\/installations-aspiration-serie-sv600\/#primaryimage"},"image":{"@id":"https:\/\/www.vacportal.com\/fr\/installations-aspiration\/installations-aspiration-serie-sv600\/#primaryimage"},"thumbnailUrl":"https:\/\/www.vacportal.com\/wp-content\/uploads\/Absauganlagen-Serie-SV600.webp","datePublished":"2024-02-26T09:58:15+00:00","dateModified":"2024-12-02T17:23:45+00:00","description":"Vacportal","breadcrumb":{"@id":"https:\/\/www.vacportal.com\/fr\/installations-aspiration\/installations-aspiration-serie-sv600\/#breadcrumb"},"inLanguage":"fr-FR","potentialAction":[{"@type":"ReadAction","target":["https:\/\/www.vacportal.com\/fr\/installations-aspiration\/installations-aspiration-serie-sv600\/"]}]},{"@type":"ImageObject","inLanguage":"fr-FR","@id":"https:\/\/www.vacportal.com\/fr\/installations-aspiration\/installations-aspiration-serie-sv600\/#primaryimage","url":"https:\/\/www.vacportal.com\/wp-content\/uploads\/Absauganlagen-Serie-SV600.webp","contentUrl":"https:\/\/www.vacportal.com\/wp-content\/uploads\/Absauganlagen-Serie-SV600.webp","width":2560,"height":480,"caption":"Installations d'aspiration s\u00e9rie SV600"},{"@type":"BreadcrumbList","@id":"https:\/\/www.vacportal.com\/fr\/installations-aspiration\/installations-aspiration-serie-sv600\/#breadcrumb","itemListElement":[{"@type":"ListItem","position":1,"name":"Home","item":"https:\/\/www.vacportal.com\/fr\/"},{"@type":"ListItem","position":2,"name":"Installations d\u2019aspiration","item":"https:\/\/www.vacportal.com\/fr\/installations-aspiration\/"},{"@type":"ListItem","position":3,"name":"Installations d\u2019aspiration de la s\u00e9rie SV600"}]},{"@type":"WebSite","@id":"https:\/\/www.vacportal.com\/fr\/#website","url":"https:\/\/www.vacportal.com\/fr\/","name":"Vacportal AG","description":"Industrielle Absauganlagen und Industriesauger","publisher":{"@id":"https:\/\/www.vacportal.com\/fr\/#organization"},"alternateName":"Vacportal","potentialAction":[{"@type":"SearchAction","target":{"@type":"EntryPoint","urlTemplate":"https:\/\/www.vacportal.com\/fr\/?s={search_term_string}"},"query-input":{"@type":"PropertyValueSpecification","valueRequired":true,"valueName":"search_term_string"}}],"inLanguage":"fr-FR"},{"@type":"Organization","@id":"https:\/\/www.vacportal.com\/fr\/#organization","name":"Vacportal AG","url":"https:\/\/www.vacportal.com\/fr\/","logo":{"@type":"ImageObject","inLanguage":"fr-FR","@id":"https:\/\/www.vacportal.com\/fr\/#\/schema\/logo\/image\/","url":"https:\/\/www.vacportal.com\/wp-content\/uploads\/Vacportal-Logo_2024_de.png","contentUrl":"https:\/\/www.vacportal.com\/wp-content\/uploads\/Vacportal-Logo_2024_de.png","width":946,"height":446,"caption":"Vacportal AG"},"image":{"@id":"https:\/\/www.vacportal.com\/fr\/#\/schema\/logo\/image\/"}}]}},"_links":{"self":[{"href":"https:\/\/www.vacportal.com\/fr\/wp-json\/wp\/v2\/pages\/757","targetHints":{"allow":["GET"]}}],"collection":[{"href":"https:\/\/www.vacportal.com\/fr\/wp-json\/wp\/v2\/pages"}],"about":[{"href":"https:\/\/www.vacportal.com\/fr\/wp-json\/wp\/v2\/types\/page"}],"author":[{"embeddable":true,"href":"https:\/\/www.vacportal.com\/fr\/wp-json\/wp\/v2\/users\/1"}],"replies":[{"embeddable":true,"href":"https:\/\/www.vacportal.com\/fr\/wp-json\/wp\/v2\/comments?post=757"}],"version-history":[{"count":0,"href":"https:\/\/www.vacportal.com\/fr\/wp-json\/wp\/v2\/pages\/757\/revisions"}],"up":[{"embeddable":true,"href":"https:\/\/www.vacportal.com\/fr\/wp-json\/wp\/v2\/pages\/722"}],"wp:featuredmedia":[{"embeddable":true,"href":"https:\/\/www.vacportal.com\/fr\/wp-json\/wp\/v2\/media\/2228"}],"wp:attachment":[{"href":"https:\/\/www.vacportal.com\/fr\/wp-json\/wp\/v2\/media?parent=757"}],"curies":[{"name":"wp","href":"https:\/\/api.w.org\/{rel}","templated":true}]}}