{"id":764,"date":"2024-03-31T11:05:01","date_gmt":"2024-03-31T11:05:01","guid":{"rendered":"http:\/\/vacportal:8080\/installations-daspiration-et-aspirateurs-industriels-pour-copeaux-de-fraisage\/"},"modified":"2024-12-20T13:15:17","modified_gmt":"2024-12-20T13:15:17","slug":"installations-aspiration-et-aspirateurs-industriels-pour-copeaux-de-fraisage","status":"publish","type":"page","link":"https:\/\/www.vacportal.com\/fr\/linstallation-aspiration-adaptee-a-chaque-exigence\/installations-aspiration-et-aspirateurs-industriels-pour-copeaux-de-fraisage\/","title":{"rendered":"Installations d\u2019aspiration et aspirateurs industriels pour copeaux de fraisage"},"content":{"rendered":"\n<p>Qui dit fraisage, dit copeaux volant de partout.<\/p>\n\n\n\n<p>Nos aspirateurs industriels ou installations d\u2019aspiration sont fr\u00e9quemment utilis\u00e9s pour aspirer les copeaux de fraisage.<br><a><\/a><\/p>\n\n\n\n<h2 class=\"wp-block-heading\">Fraiseuses de d\u00e9colletage<\/h2>\n\n\n\n<p>Pour les petites fraiseuses, p. ex. dans l\u2019industrie de d\u00e9colletage, les aspirateurs industriels de <a href=\"https:\/\/www.vacportal.com\/fr\/aspirateurs-industriels\/aspirateurs-industriels-serie-st600\/\">type ST600<\/a> sont souvent utilis\u00e9s. Ils cr\u00e9ent en effet une importante pression n\u00e9gative et conviennent \u00e0 merveille aux petites sections d\u2019aspiration.<\/p>\n\n\n\n<p>Des conduites ou des tuyaux de petit diam\u00e8tre, mont\u00e9s aussi pr\u00e8s que possible du lieu de production des copeaux, aspirent sans rel\u00e2che les \u00e9clats de m\u00e9tal, de plastique ou de toute autre mati\u00e8re.<\/p>\n\n\n\n<p>Sous cette forme, une exploitation 24 heures sur 24 sans interruption est possible sans probl\u00e8me.<br><a><\/a><\/p>\n\n\n\n<h2 class=\"wp-block-heading\">Installations d\u2019aspiration pour fraiseuses CNC<\/h2>\n\n\n\n<p>Les fraiseuses de taille moyenne sont souvent coupl\u00e9es \u00e0 des installations d\u2019aspiration des <a href=\"https:\/\/www.vacportal.com\/fr\/installations-aspiration\/installations-aspiration-serie-s2v600\/\">s\u00e9ries S2V600<\/a> et <a href=\"https:\/\/www.vacportal.com\/fr\/installations-aspiration\/installations-aspiration-serie-sv600\/\">SV600<\/a> avec convertisseur de fr\u00e9quence. Les copeaux de fraisage exigent un d\u00e9bit volumique et un vide d\u2019air importants.<\/p>\n\n\n\n<p>Dans ces conditions, une vitesse de l\u2019air tr\u00e8s \u00e9lev\u00e9e est r\u00e9alis\u00e9e au niveau de la buse d\u2019aspiration, de sorte que les copeaux de m\u00e9tal, de plastique ou de toute autre mati\u00e8re sont aspir\u00e9s de mani\u00e8re tr\u00e8s efficace.<\/p>\n\n\n\n<p>La production peut se d\u00e9rouler sans interruptions et de mani\u00e8re extr\u00eamement efficace, particuli\u00e8rement lors de grandes s\u00e9ries ou lorsque les pi\u00e8ces diff\u00e9rentes pr\u00e9sentent des exigences similaires.<br><a><\/a><\/p>\n\n\n\n<h2 class=\"wp-block-heading\">Installations d\u2019aspiration pour fraiseuses \u00e0 portique<\/h2>\n\n\n\n<p>Dans le d\u00e9veloppement et la construction de produits les plus vari\u00e9s ou dans le domaine de l\u2019architecture, des mod\u00e8les sont fabriqu\u00e9s \u00e0 l\u2019aide de fraiseuses \u00e0 portique dans des mat\u00e9riaux tr\u00e8s vari\u00e9s. Les copeaux sont aspir\u00e9s avec les installations d\u2019aspiration de la <a href=\"https:\/\/www.vacportal.com\/fr\/installations-aspiration\/installations-aspiration-serie-sv600\/\">s\u00e9rie SV600<\/a>.<\/p>\n\n\n\n<p>Le grand d\u00e9bit volumique permet d\u2019intercepter les poussi\u00e8res et les copeaux et de garder les pi\u00e8ces \u00e0 usiner propres.<\/p>\n\n\n\n<p>Les personnes qui utilisent les machines respirent de l\u2019air plus pur gr\u00e2ce \u00e0 la pr\u00e9sence des installations Vacportal et l\u2019atelier a moins besoin d\u2019\u00eatre nettoy\u00e9.<\/p>\n\n\n\n\n    <div class=\"contactbox\">\n        <div style=\"flex-grow:8;padding:20px;\">\n            T\u00e9l\u00e9phonez-nous sans engagement ou \u00e9crivez-nous un e-mail afin que nous puissions vous conseiller!\n            <br><br><b>Nous vous aidons volontiers.<\/b><br><br>T\u00e9l. +41 43 243 30 00<br>E-mail:            <script>document.write('<a class=\\\"contbox\\\" href=\\\"mailto:' + 'sales' + '@' + 'vacportal.com' +'\\\">' + 'sales' + '@' + 'vacportal.com' + '<\/a>');<\/script>\n        <\/div>\n\n        <div class=\"buttonarea\" style=\"flex-grow:2;padding:20px;text-align:right;\">\n            <button class=\"contactbutton\" onclick=\"window.location.href = '\/kontakt\/'\">FORMULAIRE DE CONTACT<\/button>\n        <\/div>\n    <\/div>\n\n\n\n\n","protected":false},"excerpt":{"rendered":"<p>Qui dit fraisage, dit copeaux volant de partout. Nos aspirateurs industriels ou installations d\u2019aspiration sont fr\u00e9quemment utilis\u00e9s pour aspirer les copeaux de fraisage. Fraiseuses de d\u00e9colletage Pour les petites fraiseuses, p. ex. dans l\u2019industrie de d\u00e9colletage, les aspirateurs industriels de type ST600 sont souvent utilis\u00e9s. Ils cr\u00e9ent en effet une importante pression n\u00e9gative et conviennent [&hellip;]<\/p>\n","protected":false},"author":1,"featured_media":610,"parent":831,"menu_order":0,"comment_status":"closed","ping_status":"closed","template":"","meta":{"footnotes":""},"class_list":["post-764","page","type-page","status-publish","has-post-thumbnail","hentry"],"yoast_head":"<!-- This site is optimized with the Yoast SEO Premium plugin v27.1 (Yoast SEO v27.1.1) - https:\/\/yoast.com\/product\/yoast-seo-premium-wordpress\/ -->\n<title>Installations d\u2019aspiration et aspirateurs industriels pour copeaux de fraisage - Vacportal<\/title>\n<meta name=\"description\" content=\"Vacportal\" \/>\n<meta name=\"robots\" content=\"index, follow, max-snippet:-1, max-image-preview:large, max-video-preview:-1\" \/>\n<link rel=\"canonical\" href=\"https:\/\/www.vacportal.com\/fr\/linstallation-aspiration-adaptee-a-chaque-exigence\/installations-aspiration-et-aspirateurs-industriels-pour-copeaux-de-fraisage\/\" \/>\n<meta property=\"og:locale\" content=\"fr_FR\" \/>\n<meta property=\"og:type\" content=\"article\" \/>\n<meta property=\"og:title\" content=\"Installations d\u2019aspiration et aspirateurs industriels pour copeaux de fraisage\" \/>\n<meta property=\"og:description\" content=\"Vacportal\" \/>\n<meta property=\"og:url\" content=\"https:\/\/www.vacportal.com\/fr\/linstallation-aspiration-adaptee-a-chaque-exigence\/installations-aspiration-et-aspirateurs-industriels-pour-copeaux-de-fraisage\/\" \/>\n<meta property=\"og:site_name\" content=\"Vacportal\" \/>\n<meta property=\"article:modified_time\" content=\"2024-12-20T13:15:17+00:00\" \/>\n<meta property=\"og:image\" content=\"https:\/\/www.vacportal.com\/wp-content\/uploads\/2024\/04\/Fraesmaschinen-Fraesspaene.jpg\" \/>\n\t<meta property=\"og:image:width\" content=\"2560\" \/>\n\t<meta property=\"og:image:height\" content=\"480\" \/>\n\t<meta property=\"og:image:type\" content=\"image\/jpeg\" \/>\n<meta name=\"twitter:card\" content=\"summary_large_image\" \/>\n<meta name=\"twitter:label1\" content=\"Dur\u00e9e de lecture estim\u00e9e\" \/>\n\t<meta name=\"twitter:data1\" content=\"2 minutes\" \/>\n<script type=\"application\/ld+json\" class=\"yoast-schema-graph\">{\"@context\":\"https:\/\/schema.org\",\"@graph\":[{\"@type\":\"WebPage\",\"@id\":\"https:\/\/www.vacportal.com\/fr\/linstallation-aspiration-adaptee-a-chaque-exigence\/installations-aspiration-et-aspirateurs-industriels-pour-copeaux-de-fraisage\/\",\"url\":\"https:\/\/www.vacportal.com\/fr\/linstallation-aspiration-adaptee-a-chaque-exigence\/installations-aspiration-et-aspirateurs-industriels-pour-copeaux-de-fraisage\/\",\"name\":\"Installations d\u2019aspiration et aspirateurs industriels pour copeaux de fraisage - Vacportal\",\"isPartOf\":{\"@id\":\"https:\/\/www.vacportal.com\/fr\/#website\"},\"primaryImageOfPage\":{\"@id\":\"https:\/\/www.vacportal.com\/fr\/linstallation-aspiration-adaptee-a-chaque-exigence\/installations-aspiration-et-aspirateurs-industriels-pour-copeaux-de-fraisage\/#primaryimage\"},\"image\":{\"@id\":\"https:\/\/www.vacportal.com\/fr\/linstallation-aspiration-adaptee-a-chaque-exigence\/installations-aspiration-et-aspirateurs-industriels-pour-copeaux-de-fraisage\/#primaryimage\"},\"thumbnailUrl\":\"https:\/\/www.vacportal.com\/wp-content\/uploads\/2024\/04\/Fraesmaschinen-Fraesspaene.jpg\",\"datePublished\":\"2024-03-31T11:05:01+00:00\",\"dateModified\":\"2024-12-20T13:15:17+00:00\",\"description\":\"Vacportal\",\"breadcrumb\":{\"@id\":\"https:\/\/www.vacportal.com\/fr\/linstallation-aspiration-adaptee-a-chaque-exigence\/installations-aspiration-et-aspirateurs-industriels-pour-copeaux-de-fraisage\/#breadcrumb\"},\"inLanguage\":\"fr-FR\",\"potentialAction\":[{\"@type\":\"ReadAction\",\"target\":[\"https:\/\/www.vacportal.com\/fr\/linstallation-aspiration-adaptee-a-chaque-exigence\/installations-aspiration-et-aspirateurs-industriels-pour-copeaux-de-fraisage\/\"]}]},{\"@type\":\"ImageObject\",\"inLanguage\":\"fr-FR\",\"@id\":\"https:\/\/www.vacportal.com\/fr\/linstallation-aspiration-adaptee-a-chaque-exigence\/installations-aspiration-et-aspirateurs-industriels-pour-copeaux-de-fraisage\/#primaryimage\",\"url\":\"https:\/\/www.vacportal.com\/wp-content\/uploads\/2024\/04\/Fraesmaschinen-Fraesspaene.jpg\",\"contentUrl\":\"https:\/\/www.vacportal.com\/wp-content\/uploads\/2024\/04\/Fraesmaschinen-Fraesspaene.jpg\",\"width\":2560,\"height\":480,\"caption\":\"Absauganlagen und Industriesauger f\u00fcr die Fr\u00e4ssp\u00e4ne-Absaugung an Fr\u00e4smaschinen\"},{\"@type\":\"BreadcrumbList\",\"@id\":\"https:\/\/www.vacportal.com\/fr\/linstallation-aspiration-adaptee-a-chaque-exigence\/installations-aspiration-et-aspirateurs-industriels-pour-copeaux-de-fraisage\/#breadcrumb\",\"itemListElement\":[{\"@type\":\"ListItem\",\"position\":1,\"name\":\"Home\",\"item\":\"https:\/\/www.vacportal.com\/fr\/\"},{\"@type\":\"ListItem\",\"position\":2,\"name\":\"L\u2019installation d\u2019aspiration adapt\u00e9e \u00e0 chaque exigence\",\"item\":\"https:\/\/www.vacportal.com\/fr\/linstallation-aspiration-adaptee-a-chaque-exigence\/\"},{\"@type\":\"ListItem\",\"position\":3,\"name\":\"Installations d\u2019aspiration et aspirateurs industriels pour copeaux de fraisage\"}]},{\"@type\":\"WebSite\",\"@id\":\"https:\/\/www.vacportal.com\/fr\/#website\",\"url\":\"https:\/\/www.vacportal.com\/fr\/\",\"name\":\"Vacportal AG\",\"description\":\"Industrielle Absauganlagen und Industriesauger\",\"publisher\":{\"@id\":\"https:\/\/www.vacportal.com\/fr\/#organization\"},\"alternateName\":\"Vacportal\",\"potentialAction\":[{\"@type\":\"SearchAction\",\"target\":{\"@type\":\"EntryPoint\",\"urlTemplate\":\"https:\/\/www.vacportal.com\/fr\/?s={search_term_string}\"},\"query-input\":{\"@type\":\"PropertyValueSpecification\",\"valueRequired\":true,\"valueName\":\"search_term_string\"}}],\"inLanguage\":\"fr-FR\"},{\"@type\":\"Organization\",\"@id\":\"https:\/\/www.vacportal.com\/fr\/#organization\",\"name\":\"Vacportal AG\",\"url\":\"https:\/\/www.vacportal.com\/fr\/\",\"logo\":{\"@type\":\"ImageObject\",\"inLanguage\":\"fr-FR\",\"@id\":\"https:\/\/www.vacportal.com\/fr\/#\/schema\/logo\/image\/\",\"url\":\"https:\/\/www.vacportal.com\/wp-content\/uploads\/Vacportal-Logo_2024_de.png\",\"contentUrl\":\"https:\/\/www.vacportal.com\/wp-content\/uploads\/Vacportal-Logo_2024_de.png\",\"width\":946,\"height\":446,\"caption\":\"Vacportal AG\"},\"image\":{\"@id\":\"https:\/\/www.vacportal.com\/fr\/#\/schema\/logo\/image\/\"}}]}<\/script>\n<!-- \/ Yoast SEO Premium plugin. -->","yoast_head_json":{"title":"Installations d\u2019aspiration et aspirateurs industriels pour copeaux de fraisage - Vacportal","description":"Vacportal","robots":{"index":"index","follow":"follow","max-snippet":"max-snippet:-1","max-image-preview":"max-image-preview:large","max-video-preview":"max-video-preview:-1"},"canonical":"https:\/\/www.vacportal.com\/fr\/linstallation-aspiration-adaptee-a-chaque-exigence\/installations-aspiration-et-aspirateurs-industriels-pour-copeaux-de-fraisage\/","og_locale":"fr_FR","og_type":"article","og_title":"Installations d\u2019aspiration et aspirateurs industriels pour copeaux de fraisage","og_description":"Vacportal","og_url":"https:\/\/www.vacportal.com\/fr\/linstallation-aspiration-adaptee-a-chaque-exigence\/installations-aspiration-et-aspirateurs-industriels-pour-copeaux-de-fraisage\/","og_site_name":"Vacportal","article_modified_time":"2024-12-20T13:15:17+00:00","og_image":[{"width":2560,"height":480,"url":"https:\/\/www.vacportal.com\/wp-content\/uploads\/2024\/04\/Fraesmaschinen-Fraesspaene.jpg","type":"image\/jpeg"}],"twitter_card":"summary_large_image","twitter_misc":{"Dur\u00e9e de lecture estim\u00e9e":"2 minutes"},"schema":{"@context":"https:\/\/schema.org","@graph":[{"@type":"WebPage","@id":"https:\/\/www.vacportal.com\/fr\/linstallation-aspiration-adaptee-a-chaque-exigence\/installations-aspiration-et-aspirateurs-industriels-pour-copeaux-de-fraisage\/","url":"https:\/\/www.vacportal.com\/fr\/linstallation-aspiration-adaptee-a-chaque-exigence\/installations-aspiration-et-aspirateurs-industriels-pour-copeaux-de-fraisage\/","name":"Installations d\u2019aspiration et aspirateurs industriels pour copeaux de fraisage - Vacportal","isPartOf":{"@id":"https:\/\/www.vacportal.com\/fr\/#website"},"primaryImageOfPage":{"@id":"https:\/\/www.vacportal.com\/fr\/linstallation-aspiration-adaptee-a-chaque-exigence\/installations-aspiration-et-aspirateurs-industriels-pour-copeaux-de-fraisage\/#primaryimage"},"image":{"@id":"https:\/\/www.vacportal.com\/fr\/linstallation-aspiration-adaptee-a-chaque-exigence\/installations-aspiration-et-aspirateurs-industriels-pour-copeaux-de-fraisage\/#primaryimage"},"thumbnailUrl":"https:\/\/www.vacportal.com\/wp-content\/uploads\/2024\/04\/Fraesmaschinen-Fraesspaene.jpg","datePublished":"2024-03-31T11:05:01+00:00","dateModified":"2024-12-20T13:15:17+00:00","description":"Vacportal","breadcrumb":{"@id":"https:\/\/www.vacportal.com\/fr\/linstallation-aspiration-adaptee-a-chaque-exigence\/installations-aspiration-et-aspirateurs-industriels-pour-copeaux-de-fraisage\/#breadcrumb"},"inLanguage":"fr-FR","potentialAction":[{"@type":"ReadAction","target":["https:\/\/www.vacportal.com\/fr\/linstallation-aspiration-adaptee-a-chaque-exigence\/installations-aspiration-et-aspirateurs-industriels-pour-copeaux-de-fraisage\/"]}]},{"@type":"ImageObject","inLanguage":"fr-FR","@id":"https:\/\/www.vacportal.com\/fr\/linstallation-aspiration-adaptee-a-chaque-exigence\/installations-aspiration-et-aspirateurs-industriels-pour-copeaux-de-fraisage\/#primaryimage","url":"https:\/\/www.vacportal.com\/wp-content\/uploads\/2024\/04\/Fraesmaschinen-Fraesspaene.jpg","contentUrl":"https:\/\/www.vacportal.com\/wp-content\/uploads\/2024\/04\/Fraesmaschinen-Fraesspaene.jpg","width":2560,"height":480,"caption":"Absauganlagen und Industriesauger f\u00fcr die Fr\u00e4ssp\u00e4ne-Absaugung an Fr\u00e4smaschinen"},{"@type":"BreadcrumbList","@id":"https:\/\/www.vacportal.com\/fr\/linstallation-aspiration-adaptee-a-chaque-exigence\/installations-aspiration-et-aspirateurs-industriels-pour-copeaux-de-fraisage\/#breadcrumb","itemListElement":[{"@type":"ListItem","position":1,"name":"Home","item":"https:\/\/www.vacportal.com\/fr\/"},{"@type":"ListItem","position":2,"name":"L\u2019installation d\u2019aspiration adapt\u00e9e \u00e0 chaque exigence","item":"https:\/\/www.vacportal.com\/fr\/linstallation-aspiration-adaptee-a-chaque-exigence\/"},{"@type":"ListItem","position":3,"name":"Installations d\u2019aspiration et aspirateurs industriels pour copeaux de fraisage"}]},{"@type":"WebSite","@id":"https:\/\/www.vacportal.com\/fr\/#website","url":"https:\/\/www.vacportal.com\/fr\/","name":"Vacportal AG","description":"Industrielle Absauganlagen und Industriesauger","publisher":{"@id":"https:\/\/www.vacportal.com\/fr\/#organization"},"alternateName":"Vacportal","potentialAction":[{"@type":"SearchAction","target":{"@type":"EntryPoint","urlTemplate":"https:\/\/www.vacportal.com\/fr\/?s={search_term_string}"},"query-input":{"@type":"PropertyValueSpecification","valueRequired":true,"valueName":"search_term_string"}}],"inLanguage":"fr-FR"},{"@type":"Organization","@id":"https:\/\/www.vacportal.com\/fr\/#organization","name":"Vacportal AG","url":"https:\/\/www.vacportal.com\/fr\/","logo":{"@type":"ImageObject","inLanguage":"fr-FR","@id":"https:\/\/www.vacportal.com\/fr\/#\/schema\/logo\/image\/","url":"https:\/\/www.vacportal.com\/wp-content\/uploads\/Vacportal-Logo_2024_de.png","contentUrl":"https:\/\/www.vacportal.com\/wp-content\/uploads\/Vacportal-Logo_2024_de.png","width":946,"height":446,"caption":"Vacportal AG"},"image":{"@id":"https:\/\/www.vacportal.com\/fr\/#\/schema\/logo\/image\/"}}]}},"_links":{"self":[{"href":"https:\/\/www.vacportal.com\/fr\/wp-json\/wp\/v2\/pages\/764","targetHints":{"allow":["GET"]}}],"collection":[{"href":"https:\/\/www.vacportal.com\/fr\/wp-json\/wp\/v2\/pages"}],"about":[{"href":"https:\/\/www.vacportal.com\/fr\/wp-json\/wp\/v2\/types\/page"}],"author":[{"embeddable":true,"href":"https:\/\/www.vacportal.com\/fr\/wp-json\/wp\/v2\/users\/1"}],"replies":[{"embeddable":true,"href":"https:\/\/www.vacportal.com\/fr\/wp-json\/wp\/v2\/comments?post=764"}],"version-history":[{"count":0,"href":"https:\/\/www.vacportal.com\/fr\/wp-json\/wp\/v2\/pages\/764\/revisions"}],"up":[{"embeddable":true,"href":"https:\/\/www.vacportal.com\/fr\/wp-json\/wp\/v2\/pages\/831"}],"wp:featuredmedia":[{"embeddable":true,"href":"https:\/\/www.vacportal.com\/fr\/wp-json\/wp\/v2\/media\/610"}],"wp:attachment":[{"href":"https:\/\/www.vacportal.com\/fr\/wp-json\/wp\/v2\/media?parent=764"}],"curies":[{"name":"wp","href":"https:\/\/api.w.org\/{rel}","templated":true}]}}