{"id":771,"date":"2024-03-29T16:17:59","date_gmt":"2024-03-29T16:17:59","guid":{"rendered":"http:\/\/vacportal:8080\/bras-daspiration\/"},"modified":"2024-12-19T16:54:53","modified_gmt":"2024-12-19T16:54:53","slug":"bras-aspiration","status":"publish","type":"page","link":"https:\/\/www.vacportal.com\/fr\/accessoires-installations-aspiration\/bras-aspiration\/","title":{"rendered":"Bras d\u2019aspiration"},"content":{"rendered":"\n<h3 class=\"wp-block-heading\">Une chose est s\u00fbre: il y a une solution \u00e0 votre probl\u00e8me!<\/h3>\n\n\n\n<p>Dans les ateliers et les lignes de production des secteurs les plus vari\u00e9s, il arrive r\u00e9guli\u00e8rement que les travaux de nettoyage ne puissent pas \u00eatre men\u00e9s \u00e0 bien avec des points d\u2019aspiration fixes. Dans pareils cas, l\u2019id\u00e9al serait une <a href=\"https:\/\/www.vacportal.com\/fr\/installations-aspiration\/\">installation d\u2019aspiration<\/a> travaillant partout de mani\u00e8re efficace. Malheureusement, dans des conditions normales, des installations d\u2019aspiration ne permettent pas de satisfaire de telles exigences.<br>Mais une solution existe! Les bras d\u2019aspiration accroissent la flexibilit\u00e9 quand il s\u2019agit d\u2019aspirer de fa\u00e7on ponctuelle.<br>Vous trouvez chez nous des longueurs et mod\u00e8les vari\u00e9s qui permettent de r\u00e9pondre \u00e0 tous genres de besoins et conditions sur place.<\/p>\n\n\n\n<h3 class=\"wp-block-heading\">Flexibilit\u00e9<\/h3>\n\n\n\n<p>Un bras d\u2019aspiration se distingue par son \u00e9norme flexibilit\u00e9. Son atout est d\u2019atteindre facilement les diff\u00e9rents points d\u2019aspiration, dans un rayon important, gr\u00e2ce \u00e0 une flexibilit\u00e9 portant sur 5 axes.<br>Les diff\u00e9rents types de bras d\u2019aspiration standard sont disponibles chez Vacportal dans des longueurs de 2 \u00e0 4 m\u00e8tres.<br>Vous avez ainsi la garantie de disposer d\u2019une puissance d\u2019aspiration optimale, ponctuelle et efficace en toute situation.<\/p>\n\n\n\n<h3 class=\"wp-block-heading\">D\u00e9bit optimal<\/h3>\n\n\n\n<p>Vacportal propose intentionnellement des bras d\u2019aspiration avec articulations externes. Cette solution a l\u2019avantage d\u2019\u00e9viter les d\u00e9p\u00f4ts de poussi\u00e8re, fibres ou autres d\u00e9bris \u00e0 l\u2019int\u00e9rieur du bras d\u2019aspiration. Les risques d\u2019obstruction, de r\u00e9duction de la performance et de d\u00e9part de feu sont ainsi r\u00e9duits au minimum.<\/p>\n\n\n\n<p><a><\/a><\/p>\n\n\n\n<div class=\"wp-block-group infoblock has-background is-vertical is-content-justification-stretch is-layout-flex wp-container-core-group-is-layout-b16ad781 wp-block-group-is-layout-flex\" style=\"background-color:#e3e4ea\">\n<div class=\"wp-block-group advantageblock has-background\" style=\"background-color:#efefef\"><div class=\"wp-block-group__inner-container is-layout-constrained wp-block-group-is-layout-constrained\">\n<p class=\"infotitle has-background wp-container-content-9cfa9a5a\" style=\"background-color:#e0e0e0\"><strong><strong>Vos avantages:<\/strong><\/strong><\/p>\n\n\n\n<ul class=\"wp-block-list\">\n<li>Grande zone d\u2019aspiration, travail possible en plusieurs points<\/li>\n\n\n\n<li>Flexibilit\u00e9 maximale gr\u00e2ce aux possibilit\u00e9s d\u2019ajustement optimales<\/li>\n\n\n\n<li>Pas d\u2019obstruction en raison de l\u2019articulation externe<\/li>\n\n\n\n<li>D\u00e9bit id\u00e9al, sans pertes suppl\u00e9mentaires<\/li>\n\n\n\n<li>Options vari\u00e9es disponibles<\/li>\n<\/ul>\n<\/div><\/div>\n<\/div>\n\n\n\n<h2 class=\"wp-block-heading\">Variantes du bras d\u2019aspiration<\/h2>\n\n\n\n<h3 class=\"wp-block-heading\">Votre choix<\/h3>\n\n\n\n<p>Diff\u00e9rents types de bras d\u2019aspiration sont disponibles, en fonction des besoins.<\/p>\n\n\n\n<ul class=\"wp-block-list\">\n<li>Bras d\u2019aspiration standard avec tuyaux galvanis\u00e9s<\/li>\n\n\n\n<li>Bras d\u2019aspiration en ex\u00e9cution inoxydable<\/li>\n\n\n\n<li>Bras d\u2019aspiration en ex\u00e9cution ATEX<\/li>\n<\/ul>\n\n\n\n<h3 class=\"wp-block-heading\">Les tuyaux parfaitement adapt\u00e9s<\/h3>\n\n\n\n<p>Les tuyaux d\u2019aspiration mont\u00e9s sur les bras d\u2019aspiration sont disponibles en diff\u00e9rentes qualit\u00e9s, suivant le mod\u00e8le d\u2019installation:<\/p>\n\n\n\n<ul class=\"wp-block-list\">\n<li>Conducteurs d\u2019\u00e9lectricit\u00e9<\/li>\n\n\n\n<li>FDA pour l\u2019alimentaire<\/li>\n\n\n\n<li>R\u00e9sistants aux produits chimiques<\/li>\n\n\n\n<li>R\u00e9sistants \u00e0 la chaleur<\/li>\n\n\n\n<li>ATEX zones 1 et 2<\/li>\n<\/ul>\n\n\n\n<h3 class=\"wp-block-heading\">Options suppl\u00e9mentaires<\/h3>\n\n\n\n<ul class=\"wp-block-list\">\n<li>Diff\u00e9rentes variantes de hottes<\/li>\n\n\n\n<li>Hottes avec \u00e9clairage int\u00e9gr\u00e9<\/li>\n\n\n\n<li>Vannes d\u2019arr\u00eat<\/li>\n\n\n\n<li>Vannes de fermeture<\/li>\n\n\n\n<li>Conformit\u00e9 FDA<\/li>\n<\/ul>\n\n\n\n<p><a><\/a><\/p>\n\n\n\n<h2 class=\"wp-block-heading\">Domaines d\u2019utilisation des bras d\u2019aspiration<\/h2>\n\n\n\n<p>Les bras d\u2019aspiration sont utilis\u00e9s lorsque l\u2019emplacement \u00e0 aspirer varie, exigeant une grande flexibilit\u00e9.<\/p>\n\n\n\n<p>Que ce soit dans l\u2019industrie alimentaire, pharmaceutique ou des machines-outils, dans les serrureries ou encore dans d\u2019autres secteurs d\u2019activit\u00e9s, les situations o\u00f9 le point d\u2019aspiration doit \u00eatre atteint de mani\u00e8re flexible, c\u2019est-\u00e0-dire avec un bras d\u2019aspiration, sont nombreuses.<\/p>\n\n\n\n<p>Quelques exemples:<\/p>\n\n\n\n<ul class=\"wp-block-list\">\n<li>Remplissage de produits chimiques, de denr\u00e9es alimentaires ou de substances pharmaceutiques<\/li>\n\n\n\n<li>Aspiration de la fum\u00e9e de soudage<\/li>\n\n\n\n<li>Pon\u00e7age de cadres de machines, etc.<\/li>\n\n\n\n<li>Petits travaux dans la production<\/li>\n<\/ul>\n\n\n\n\n    <div class=\"contactbox\">\n        <div style=\"flex-grow:8;padding:20px;\">\n            T\u00e9l\u00e9phonez-nous sans engagement ou \u00e9crivez-nous un e-mail afin que nous puissions vous conseiller!\n            <br><br><b>Nous vous aidons volontiers.<\/b><br><br>T\u00e9l. +41 43 243 30 00<br>E-mail:            <script>document.write('<a class=\\\"contbox\\\" href=\\\"mailto:' + 'sales' + '@' + 'vacportal.com' +'\\\">' + 'sales' + '@' + 'vacportal.com' + '<\/a>');<\/script>\n        <\/div>\n\n        <div class=\"buttonarea\" style=\"flex-grow:2;padding:20px;text-align:right;\">\n            <button class=\"contactbutton\" onclick=\"window.location.href = '\/kontakt\/'\">FORMULAIRE DE CONTACT<\/button>\n        <\/div>\n    <\/div>\n\n\n\n\n","protected":false},"excerpt":{"rendered":"<p>Une chose est s\u00fbre: il y a une solution \u00e0 votre probl\u00e8me! Dans les ateliers et les lignes de production des secteurs les plus vari\u00e9s, il arrive r\u00e9guli\u00e8rement que les travaux de nettoyage ne puissent pas \u00eatre men\u00e9s \u00e0 bien avec des points d\u2019aspiration fixes. Dans pareils cas, l\u2019id\u00e9al serait une installation d\u2019aspiration travaillant partout [&hellip;]<\/p>\n","protected":false},"author":1,"featured_media":606,"parent":883,"menu_order":0,"comment_status":"closed","ping_status":"closed","template":"","meta":{"footnotes":""},"class_list":["post-771","page","type-page","status-publish","has-post-thumbnail","hentry"],"yoast_head":"<!-- This site is optimized with the Yoast SEO Premium plugin v27.1 (Yoast SEO v27.1.1) - https:\/\/yoast.com\/product\/yoast-seo-premium-wordpress\/ -->\n<title>Bras d\u2019aspiration - Vacportal<\/title>\n<meta name=\"description\" content=\"Vacportal\" \/>\n<meta name=\"robots\" content=\"index, follow, max-snippet:-1, max-image-preview:large, max-video-preview:-1\" \/>\n<link rel=\"canonical\" href=\"https:\/\/www.vacportal.com\/fr\/accessoires-installations-aspiration\/bras-aspiration\/\" \/>\n<meta property=\"og:locale\" content=\"fr_FR\" \/>\n<meta property=\"og:type\" content=\"article\" \/>\n<meta property=\"og:title\" content=\"Bras d\u2019aspiration\" \/>\n<meta property=\"og:description\" content=\"Vacportal\" \/>\n<meta property=\"og:url\" content=\"https:\/\/www.vacportal.com\/fr\/accessoires-installations-aspiration\/bras-aspiration\/\" \/>\n<meta property=\"og:site_name\" content=\"Vacportal\" \/>\n<meta property=\"article:modified_time\" content=\"2024-12-19T16:54:53+00:00\" \/>\n<meta property=\"og:image\" content=\"https:\/\/www.vacportal.com\/wp-content\/uploads\/2024\/04\/Absaugarm-Absaugen.jpg\" \/>\n\t<meta property=\"og:image:width\" content=\"2560\" \/>\n\t<meta property=\"og:image:height\" content=\"480\" \/>\n\t<meta property=\"og:image:type\" content=\"image\/jpeg\" \/>\n<meta name=\"twitter:card\" content=\"summary_large_image\" \/>\n<meta name=\"twitter:label1\" content=\"Dur\u00e9e de lecture estim\u00e9e\" \/>\n\t<meta name=\"twitter:data1\" content=\"3 minutes\" \/>\n<script type=\"application\/ld+json\" class=\"yoast-schema-graph\">{\"@context\":\"https:\/\/schema.org\",\"@graph\":[{\"@type\":\"WebPage\",\"@id\":\"https:\/\/www.vacportal.com\/fr\/accessoires-installations-aspiration\/bras-aspiration\/\",\"url\":\"https:\/\/www.vacportal.com\/fr\/accessoires-installations-aspiration\/bras-aspiration\/\",\"name\":\"Bras d\u2019aspiration - Vacportal\",\"isPartOf\":{\"@id\":\"https:\/\/www.vacportal.com\/fr\/#website\"},\"primaryImageOfPage\":{\"@id\":\"https:\/\/www.vacportal.com\/fr\/accessoires-installations-aspiration\/bras-aspiration\/#primaryimage\"},\"image\":{\"@id\":\"https:\/\/www.vacportal.com\/fr\/accessoires-installations-aspiration\/bras-aspiration\/#primaryimage\"},\"thumbnailUrl\":\"https:\/\/www.vacportal.com\/wp-content\/uploads\/2024\/04\/Absaugarm-Absaugen.jpg\",\"datePublished\":\"2024-03-29T16:17:59+00:00\",\"dateModified\":\"2024-12-19T16:54:53+00:00\",\"description\":\"Vacportal\",\"breadcrumb\":{\"@id\":\"https:\/\/www.vacportal.com\/fr\/accessoires-installations-aspiration\/bras-aspiration\/#breadcrumb\"},\"inLanguage\":\"fr-FR\",\"potentialAction\":[{\"@type\":\"ReadAction\",\"target\":[\"https:\/\/www.vacportal.com\/fr\/accessoires-installations-aspiration\/bras-aspiration\/\"]}]},{\"@type\":\"ImageObject\",\"inLanguage\":\"fr-FR\",\"@id\":\"https:\/\/www.vacportal.com\/fr\/accessoires-installations-aspiration\/bras-aspiration\/#primaryimage\",\"url\":\"https:\/\/www.vacportal.com\/wp-content\/uploads\/2024\/04\/Absaugarm-Absaugen.jpg\",\"contentUrl\":\"https:\/\/www.vacportal.com\/wp-content\/uploads\/2024\/04\/Absaugarm-Absaugen.jpg\",\"width\":2560,\"height\":480},{\"@type\":\"BreadcrumbList\",\"@id\":\"https:\/\/www.vacportal.com\/fr\/accessoires-installations-aspiration\/bras-aspiration\/#breadcrumb\",\"itemListElement\":[{\"@type\":\"ListItem\",\"position\":1,\"name\":\"Home\",\"item\":\"https:\/\/www.vacportal.com\/fr\/\"},{\"@type\":\"ListItem\",\"position\":2,\"name\":\"Accessoires pour installations d\u2019aspiration et aspirateurs industriels\",\"item\":\"https:\/\/www.vacportal.com\/fr\/accessoires-installations-aspiration\/\"},{\"@type\":\"ListItem\",\"position\":3,\"name\":\"Bras d\u2019aspiration\"}]},{\"@type\":\"WebSite\",\"@id\":\"https:\/\/www.vacportal.com\/fr\/#website\",\"url\":\"https:\/\/www.vacportal.com\/fr\/\",\"name\":\"Vacportal AG\",\"description\":\"Industrielle Absauganlagen und Industriesauger\",\"publisher\":{\"@id\":\"https:\/\/www.vacportal.com\/fr\/#organization\"},\"alternateName\":\"Vacportal\",\"potentialAction\":[{\"@type\":\"SearchAction\",\"target\":{\"@type\":\"EntryPoint\",\"urlTemplate\":\"https:\/\/www.vacportal.com\/fr\/?s={search_term_string}\"},\"query-input\":{\"@type\":\"PropertyValueSpecification\",\"valueRequired\":true,\"valueName\":\"search_term_string\"}}],\"inLanguage\":\"fr-FR\"},{\"@type\":\"Organization\",\"@id\":\"https:\/\/www.vacportal.com\/fr\/#organization\",\"name\":\"Vacportal AG\",\"url\":\"https:\/\/www.vacportal.com\/fr\/\",\"logo\":{\"@type\":\"ImageObject\",\"inLanguage\":\"fr-FR\",\"@id\":\"https:\/\/www.vacportal.com\/fr\/#\/schema\/logo\/image\/\",\"url\":\"https:\/\/www.vacportal.com\/wp-content\/uploads\/Vacportal-Logo_2024_de.png\",\"contentUrl\":\"https:\/\/www.vacportal.com\/wp-content\/uploads\/Vacportal-Logo_2024_de.png\",\"width\":946,\"height\":446,\"caption\":\"Vacportal AG\"},\"image\":{\"@id\":\"https:\/\/www.vacportal.com\/fr\/#\/schema\/logo\/image\/\"}}]}<\/script>\n<!-- \/ Yoast SEO Premium plugin. -->","yoast_head_json":{"title":"Bras d\u2019aspiration - Vacportal","description":"Vacportal","robots":{"index":"index","follow":"follow","max-snippet":"max-snippet:-1","max-image-preview":"max-image-preview:large","max-video-preview":"max-video-preview:-1"},"canonical":"https:\/\/www.vacportal.com\/fr\/accessoires-installations-aspiration\/bras-aspiration\/","og_locale":"fr_FR","og_type":"article","og_title":"Bras d\u2019aspiration","og_description":"Vacportal","og_url":"https:\/\/www.vacportal.com\/fr\/accessoires-installations-aspiration\/bras-aspiration\/","og_site_name":"Vacportal","article_modified_time":"2024-12-19T16:54:53+00:00","og_image":[{"width":2560,"height":480,"url":"https:\/\/www.vacportal.com\/wp-content\/uploads\/2024\/04\/Absaugarm-Absaugen.jpg","type":"image\/jpeg"}],"twitter_card":"summary_large_image","twitter_misc":{"Dur\u00e9e de lecture estim\u00e9e":"3 minutes"},"schema":{"@context":"https:\/\/schema.org","@graph":[{"@type":"WebPage","@id":"https:\/\/www.vacportal.com\/fr\/accessoires-installations-aspiration\/bras-aspiration\/","url":"https:\/\/www.vacportal.com\/fr\/accessoires-installations-aspiration\/bras-aspiration\/","name":"Bras d\u2019aspiration - Vacportal","isPartOf":{"@id":"https:\/\/www.vacportal.com\/fr\/#website"},"primaryImageOfPage":{"@id":"https:\/\/www.vacportal.com\/fr\/accessoires-installations-aspiration\/bras-aspiration\/#primaryimage"},"image":{"@id":"https:\/\/www.vacportal.com\/fr\/accessoires-installations-aspiration\/bras-aspiration\/#primaryimage"},"thumbnailUrl":"https:\/\/www.vacportal.com\/wp-content\/uploads\/2024\/04\/Absaugarm-Absaugen.jpg","datePublished":"2024-03-29T16:17:59+00:00","dateModified":"2024-12-19T16:54:53+00:00","description":"Vacportal","breadcrumb":{"@id":"https:\/\/www.vacportal.com\/fr\/accessoires-installations-aspiration\/bras-aspiration\/#breadcrumb"},"inLanguage":"fr-FR","potentialAction":[{"@type":"ReadAction","target":["https:\/\/www.vacportal.com\/fr\/accessoires-installations-aspiration\/bras-aspiration\/"]}]},{"@type":"ImageObject","inLanguage":"fr-FR","@id":"https:\/\/www.vacportal.com\/fr\/accessoires-installations-aspiration\/bras-aspiration\/#primaryimage","url":"https:\/\/www.vacportal.com\/wp-content\/uploads\/2024\/04\/Absaugarm-Absaugen.jpg","contentUrl":"https:\/\/www.vacportal.com\/wp-content\/uploads\/2024\/04\/Absaugarm-Absaugen.jpg","width":2560,"height":480},{"@type":"BreadcrumbList","@id":"https:\/\/www.vacportal.com\/fr\/accessoires-installations-aspiration\/bras-aspiration\/#breadcrumb","itemListElement":[{"@type":"ListItem","position":1,"name":"Home","item":"https:\/\/www.vacportal.com\/fr\/"},{"@type":"ListItem","position":2,"name":"Accessoires pour installations d\u2019aspiration et aspirateurs industriels","item":"https:\/\/www.vacportal.com\/fr\/accessoires-installations-aspiration\/"},{"@type":"ListItem","position":3,"name":"Bras d\u2019aspiration"}]},{"@type":"WebSite","@id":"https:\/\/www.vacportal.com\/fr\/#website","url":"https:\/\/www.vacportal.com\/fr\/","name":"Vacportal AG","description":"Industrielle Absauganlagen und Industriesauger","publisher":{"@id":"https:\/\/www.vacportal.com\/fr\/#organization"},"alternateName":"Vacportal","potentialAction":[{"@type":"SearchAction","target":{"@type":"EntryPoint","urlTemplate":"https:\/\/www.vacportal.com\/fr\/?s={search_term_string}"},"query-input":{"@type":"PropertyValueSpecification","valueRequired":true,"valueName":"search_term_string"}}],"inLanguage":"fr-FR"},{"@type":"Organization","@id":"https:\/\/www.vacportal.com\/fr\/#organization","name":"Vacportal AG","url":"https:\/\/www.vacportal.com\/fr\/","logo":{"@type":"ImageObject","inLanguage":"fr-FR","@id":"https:\/\/www.vacportal.com\/fr\/#\/schema\/logo\/image\/","url":"https:\/\/www.vacportal.com\/wp-content\/uploads\/Vacportal-Logo_2024_de.png","contentUrl":"https:\/\/www.vacportal.com\/wp-content\/uploads\/Vacportal-Logo_2024_de.png","width":946,"height":446,"caption":"Vacportal AG"},"image":{"@id":"https:\/\/www.vacportal.com\/fr\/#\/schema\/logo\/image\/"}}]}},"_links":{"self":[{"href":"https:\/\/www.vacportal.com\/fr\/wp-json\/wp\/v2\/pages\/771","targetHints":{"allow":["GET"]}}],"collection":[{"href":"https:\/\/www.vacportal.com\/fr\/wp-json\/wp\/v2\/pages"}],"about":[{"href":"https:\/\/www.vacportal.com\/fr\/wp-json\/wp\/v2\/types\/page"}],"author":[{"embeddable":true,"href":"https:\/\/www.vacportal.com\/fr\/wp-json\/wp\/v2\/users\/1"}],"replies":[{"embeddable":true,"href":"https:\/\/www.vacportal.com\/fr\/wp-json\/wp\/v2\/comments?post=771"}],"version-history":[{"count":0,"href":"https:\/\/www.vacportal.com\/fr\/wp-json\/wp\/v2\/pages\/771\/revisions"}],"up":[{"embeddable":true,"href":"https:\/\/www.vacportal.com\/fr\/wp-json\/wp\/v2\/pages\/883"}],"wp:featuredmedia":[{"embeddable":true,"href":"https:\/\/www.vacportal.com\/fr\/wp-json\/wp\/v2\/media\/606"}],"wp:attachment":[{"href":"https:\/\/www.vacportal.com\/fr\/wp-json\/wp\/v2\/media?parent=771"}],"curies":[{"name":"wp","href":"https:\/\/api.w.org\/{rel}","templated":true}]}}