{"id":781,"date":"2024-03-29T16:01:49","date_gmt":"2024-03-29T16:01:49","guid":{"rendered":"http:\/\/vacportal:8080\/tuyaux-pour-aspiration\/"},"modified":"2025-09-21T15:37:01","modified_gmt":"2025-09-21T15:37:01","slug":"tuyaux-pour-aspiration","status":"publish","type":"page","link":"https:\/\/www.vacportal.com\/fr\/accessoires-installations-aspiration\/tuyaux-pour-aspiration\/","title":{"rendered":"Tuyaux pour aspiration"},"content":{"rendered":"\n<p>Souvent, un tuyau flexible relie le point d\u2019aspiration \u00e0 l\u2019installation d\u2019aspiration.<\/p>\n\n\n\n<p>Vacportal distribue des taux d\u2019aspiration en PUR robustes, qui conviennent de mani\u00e8re id\u00e9ale \u00e0 l\u2019aspiration de poussi\u00e8res ou de mati\u00e8res abrasives. Tous les tuyaux disponibles dans l\u2019assortiment de Vacportal sont \u00e9galement antistatiques et difficilement inflammables.<br><a><\/a><\/p>\n\n\n\n<h2 class=\"wp-block-heading\">Tuyau d\u2019aspiration PUR L-SE<\/h2>\n\n\n\n<p>Pour l\u2019exploitation permanente d\u2019une installation d\u2019aspiration, nous vous recommandons un <a href=\"https:\/\/www.vacportal.com\/fr\/accessoires-installations-aspiration\/tuyaux-pour-aspiration\/tuyaux-aspirateurs-pro-pur-l-se\/\">tuyau d\u2019aspiration PUR L-SE<\/a>, disponible de \u00d8 25 \u00e0 \u00d8 250 mm.<\/p>\n\n\n\n<p>Les tuyaux servent \u00e0 aspirer poussi\u00e8res, copeaux, poudres, petites particules de mati\u00e8res solides, fibres textiles, mati\u00e8res abrasives, etc.<\/p>\n\n\n\n<h3 class=\"wp-block-heading\">Les caract\u00e9ristiques de nos tuyaux d\u2019aspiration PUR L-SE sont les suivantes:<\/h3>\n\n\n\n<ul class=\"wp-block-list\">\n<li>antistatiques en permanence<\/li>\n\n\n\n<li>difficilement inflammables<\/li>\n\n\n\n<li>tr\u00e8s lisses \u00e0 l\u2019int\u00e9rieur<\/li>\n\n\n\n<li>r\u00e9sistants aux microbes<\/li>\n\n\n\n<li>extr\u00eamement flexibles<\/li>\n\n\n\n<li>r\u00e9sistants \u00e0 l\u2019usure, aussi en pr\u00e9sence de mati\u00e8res abrasives<\/li>\n<\/ul>\n\n\n\n<p><a><\/a><\/p>\n\n\n\n<h2 class=\"wp-block-heading\">Tuyau d\u2019aspiration FDA PUR L-F<\/h2>\n\n\n\n<p>Pour l\u2019industrie alimentaire FDA, nous recommandons le tuyau d\u2019aspiration PUR L-F disponible de \u00d8 25 \u00e0 \u00d8 250 mm. Il convient pour aspirer poussi\u00e8res ou petites particules de denr\u00e9es alimentaires comme le caf\u00e9 en poudre, la farine, le cacao, la poudre pour la production de comprim\u00e9s, etc.<\/p>\n\n\n\n<h3 class=\"wp-block-heading\">Les caract\u00e9ristiques de nos tuyaux d\u2019aspiration PUR L-F sont les suivantes:<\/h3>\n\n\n\n<ul class=\"wp-block-list\">\n<li>antistatiques en permanence<\/li>\n\n\n\n<li>conformes aux denr\u00e9es alimentaires selon la FDA<\/li>\n\n\n\n<li>tr\u00e8s lisses \u00e0 l\u2019int\u00e9rieur<\/li>\n\n\n\n<li>extr\u00eamement flexibles<\/li>\n\n\n\n<li>r\u00e9sistants \u00e0 l\u2019usure, aussi en pr\u00e9sence de mati\u00e8res abrasives<\/li>\n<\/ul>\n\n\n\n\n    <div class=\"contactbox\">\n        <div style=\"flex-grow:8;padding:20px;\">\n            T\u00e9l\u00e9phonez-nous sans engagement ou \u00e9crivez-nous un e-mail afin que nous puissions vous conseiller!\n            <br><br><b>Nous vous aidons volontiers.<\/b><br><br>T\u00e9l. +41 43 243 30 00<br>E-mail:            <script>document.write('<a class=\\\"contbox\\\" href=\\\"mailto:' + 'sales' + '@' + 'vacportal.com' +'\\\">' + 'sales' + '@' + 'vacportal.com' + '<\/a>');<\/script>\n        <\/div>\n\n        <div class=\"buttonarea\" style=\"flex-grow:2;padding:20px;text-align:right;\">\n            <button class=\"contactbutton\" onclick=\"window.location.href = '\/kontakt\/'\">FORMULAIRE DE CONTACT<\/button>\n        <\/div>\n    <\/div>\n\n\n\n\n","protected":false},"excerpt":{"rendered":"<p>Souvent, un tuyau flexible relie le point d\u2019aspiration \u00e0 l\u2019installation d\u2019aspiration. Vacportal distribue des taux d\u2019aspiration en PUR robustes, qui conviennent de mani\u00e8re id\u00e9ale \u00e0 l\u2019aspiration de poussi\u00e8res ou de mati\u00e8res abrasives. Tous les tuyaux disponibles dans l\u2019assortiment de Vacportal sont \u00e9galement antistatiques et difficilement inflammables. Tuyau d\u2019aspiration PUR L-SE Pour l\u2019exploitation permanente d\u2019une installation [&hellip;]<\/p>\n","protected":false},"author":1,"featured_media":603,"parent":883,"menu_order":0,"comment_status":"closed","ping_status":"closed","template":"","meta":{"footnotes":""},"class_list":["post-781","page","type-page","status-publish","has-post-thumbnail","hentry"],"yoast_head":"<!-- This site is optimized with the Yoast SEO Premium plugin v27.1 (Yoast SEO v27.1.1) - https:\/\/yoast.com\/product\/yoast-seo-premium-wordpress\/ -->\n<title>Tuyaux pour aspiration - Vacportal<\/title>\n<meta name=\"description\" content=\"Vacportal\" \/>\n<meta name=\"robots\" content=\"index, follow, max-snippet:-1, max-image-preview:large, max-video-preview:-1\" \/>\n<link rel=\"canonical\" href=\"https:\/\/www.vacportal.com\/fr\/accessoires-installations-aspiration\/tuyaux-pour-aspiration\/\" \/>\n<meta property=\"og:locale\" content=\"fr_FR\" \/>\n<meta property=\"og:type\" content=\"article\" \/>\n<meta property=\"og:title\" content=\"Tuyaux pour aspiration\" \/>\n<meta property=\"og:description\" content=\"Vacportal\" \/>\n<meta property=\"og:url\" content=\"https:\/\/www.vacportal.com\/fr\/accessoires-installations-aspiration\/tuyaux-pour-aspiration\/\" \/>\n<meta property=\"og:site_name\" content=\"Vacportal\" \/>\n<meta property=\"article:modified_time\" content=\"2025-09-21T15:37:01+00:00\" \/>\n<meta property=\"og:image\" content=\"https:\/\/www.vacportal.com\/wp-content\/uploads\/2024\/04\/Industriesauger-Schlauch.jpg\" \/>\n\t<meta property=\"og:image:width\" content=\"2560\" \/>\n\t<meta property=\"og:image:height\" content=\"480\" \/>\n\t<meta property=\"og:image:type\" content=\"image\/jpeg\" \/>\n<meta name=\"twitter:card\" content=\"summary_large_image\" \/>\n<meta name=\"twitter:label1\" content=\"Dur\u00e9e de lecture estim\u00e9e\" \/>\n\t<meta name=\"twitter:data1\" content=\"2 minutes\" \/>\n<script type=\"application\/ld+json\" class=\"yoast-schema-graph\">{\"@context\":\"https:\/\/schema.org\",\"@graph\":[{\"@type\":\"WebPage\",\"@id\":\"https:\/\/www.vacportal.com\/fr\/accessoires-installations-aspiration\/tuyaux-pour-aspiration\/\",\"url\":\"https:\/\/www.vacportal.com\/fr\/accessoires-installations-aspiration\/tuyaux-pour-aspiration\/\",\"name\":\"Tuyaux pour aspiration - Vacportal\",\"isPartOf\":{\"@id\":\"https:\/\/www.vacportal.com\/fr\/#website\"},\"primaryImageOfPage\":{\"@id\":\"https:\/\/www.vacportal.com\/fr\/accessoires-installations-aspiration\/tuyaux-pour-aspiration\/#primaryimage\"},\"image\":{\"@id\":\"https:\/\/www.vacportal.com\/fr\/accessoires-installations-aspiration\/tuyaux-pour-aspiration\/#primaryimage\"},\"thumbnailUrl\":\"https:\/\/www.vacportal.com\/wp-content\/uploads\/2024\/04\/Industriesauger-Schlauch.jpg\",\"datePublished\":\"2024-03-29T16:01:49+00:00\",\"dateModified\":\"2025-09-21T15:37:01+00:00\",\"description\":\"Vacportal\",\"breadcrumb\":{\"@id\":\"https:\/\/www.vacportal.com\/fr\/accessoires-installations-aspiration\/tuyaux-pour-aspiration\/#breadcrumb\"},\"inLanguage\":\"fr-FR\",\"potentialAction\":[{\"@type\":\"ReadAction\",\"target\":[\"https:\/\/www.vacportal.com\/fr\/accessoires-installations-aspiration\/tuyaux-pour-aspiration\/\"]}]},{\"@type\":\"ImageObject\",\"inLanguage\":\"fr-FR\",\"@id\":\"https:\/\/www.vacportal.com\/fr\/accessoires-installations-aspiration\/tuyaux-pour-aspiration\/#primaryimage\",\"url\":\"https:\/\/www.vacportal.com\/wp-content\/uploads\/2024\/04\/Industriesauger-Schlauch.jpg\",\"contentUrl\":\"https:\/\/www.vacportal.com\/wp-content\/uploads\/2024\/04\/Industriesauger-Schlauch.jpg\",\"width\":2560,\"height\":480},{\"@type\":\"BreadcrumbList\",\"@id\":\"https:\/\/www.vacportal.com\/fr\/accessoires-installations-aspiration\/tuyaux-pour-aspiration\/#breadcrumb\",\"itemListElement\":[{\"@type\":\"ListItem\",\"position\":1,\"name\":\"Home\",\"item\":\"https:\/\/www.vacportal.com\/fr\/\"},{\"@type\":\"ListItem\",\"position\":2,\"name\":\"Accessoires pour installations d\u2019aspiration et aspirateurs industriels\",\"item\":\"https:\/\/www.vacportal.com\/fr\/accessoires-installations-aspiration\/\"},{\"@type\":\"ListItem\",\"position\":3,\"name\":\"Tuyaux pour aspiration\"}]},{\"@type\":\"WebSite\",\"@id\":\"https:\/\/www.vacportal.com\/fr\/#website\",\"url\":\"https:\/\/www.vacportal.com\/fr\/\",\"name\":\"Vacportal AG\",\"description\":\"Industrielle Absauganlagen und Industriesauger\",\"publisher\":{\"@id\":\"https:\/\/www.vacportal.com\/fr\/#organization\"},\"alternateName\":\"Vacportal\",\"potentialAction\":[{\"@type\":\"SearchAction\",\"target\":{\"@type\":\"EntryPoint\",\"urlTemplate\":\"https:\/\/www.vacportal.com\/fr\/?s={search_term_string}\"},\"query-input\":{\"@type\":\"PropertyValueSpecification\",\"valueRequired\":true,\"valueName\":\"search_term_string\"}}],\"inLanguage\":\"fr-FR\"},{\"@type\":\"Organization\",\"@id\":\"https:\/\/www.vacportal.com\/fr\/#organization\",\"name\":\"Vacportal AG\",\"url\":\"https:\/\/www.vacportal.com\/fr\/\",\"logo\":{\"@type\":\"ImageObject\",\"inLanguage\":\"fr-FR\",\"@id\":\"https:\/\/www.vacportal.com\/fr\/#\/schema\/logo\/image\/\",\"url\":\"https:\/\/www.vacportal.com\/wp-content\/uploads\/Vacportal-Logo_2024_de.png\",\"contentUrl\":\"https:\/\/www.vacportal.com\/wp-content\/uploads\/Vacportal-Logo_2024_de.png\",\"width\":946,\"height\":446,\"caption\":\"Vacportal AG\"},\"image\":{\"@id\":\"https:\/\/www.vacportal.com\/fr\/#\/schema\/logo\/image\/\"}}]}<\/script>\n<!-- \/ Yoast SEO Premium plugin. -->","yoast_head_json":{"title":"Tuyaux pour aspiration - Vacportal","description":"Vacportal","robots":{"index":"index","follow":"follow","max-snippet":"max-snippet:-1","max-image-preview":"max-image-preview:large","max-video-preview":"max-video-preview:-1"},"canonical":"https:\/\/www.vacportal.com\/fr\/accessoires-installations-aspiration\/tuyaux-pour-aspiration\/","og_locale":"fr_FR","og_type":"article","og_title":"Tuyaux pour aspiration","og_description":"Vacportal","og_url":"https:\/\/www.vacportal.com\/fr\/accessoires-installations-aspiration\/tuyaux-pour-aspiration\/","og_site_name":"Vacportal","article_modified_time":"2025-09-21T15:37:01+00:00","og_image":[{"width":2560,"height":480,"url":"https:\/\/www.vacportal.com\/wp-content\/uploads\/2024\/04\/Industriesauger-Schlauch.jpg","type":"image\/jpeg"}],"twitter_card":"summary_large_image","twitter_misc":{"Dur\u00e9e de lecture estim\u00e9e":"2 minutes"},"schema":{"@context":"https:\/\/schema.org","@graph":[{"@type":"WebPage","@id":"https:\/\/www.vacportal.com\/fr\/accessoires-installations-aspiration\/tuyaux-pour-aspiration\/","url":"https:\/\/www.vacportal.com\/fr\/accessoires-installations-aspiration\/tuyaux-pour-aspiration\/","name":"Tuyaux pour aspiration - Vacportal","isPartOf":{"@id":"https:\/\/www.vacportal.com\/fr\/#website"},"primaryImageOfPage":{"@id":"https:\/\/www.vacportal.com\/fr\/accessoires-installations-aspiration\/tuyaux-pour-aspiration\/#primaryimage"},"image":{"@id":"https:\/\/www.vacportal.com\/fr\/accessoires-installations-aspiration\/tuyaux-pour-aspiration\/#primaryimage"},"thumbnailUrl":"https:\/\/www.vacportal.com\/wp-content\/uploads\/2024\/04\/Industriesauger-Schlauch.jpg","datePublished":"2024-03-29T16:01:49+00:00","dateModified":"2025-09-21T15:37:01+00:00","description":"Vacportal","breadcrumb":{"@id":"https:\/\/www.vacportal.com\/fr\/accessoires-installations-aspiration\/tuyaux-pour-aspiration\/#breadcrumb"},"inLanguage":"fr-FR","potentialAction":[{"@type":"ReadAction","target":["https:\/\/www.vacportal.com\/fr\/accessoires-installations-aspiration\/tuyaux-pour-aspiration\/"]}]},{"@type":"ImageObject","inLanguage":"fr-FR","@id":"https:\/\/www.vacportal.com\/fr\/accessoires-installations-aspiration\/tuyaux-pour-aspiration\/#primaryimage","url":"https:\/\/www.vacportal.com\/wp-content\/uploads\/2024\/04\/Industriesauger-Schlauch.jpg","contentUrl":"https:\/\/www.vacportal.com\/wp-content\/uploads\/2024\/04\/Industriesauger-Schlauch.jpg","width":2560,"height":480},{"@type":"BreadcrumbList","@id":"https:\/\/www.vacportal.com\/fr\/accessoires-installations-aspiration\/tuyaux-pour-aspiration\/#breadcrumb","itemListElement":[{"@type":"ListItem","position":1,"name":"Home","item":"https:\/\/www.vacportal.com\/fr\/"},{"@type":"ListItem","position":2,"name":"Accessoires pour installations d\u2019aspiration et aspirateurs industriels","item":"https:\/\/www.vacportal.com\/fr\/accessoires-installations-aspiration\/"},{"@type":"ListItem","position":3,"name":"Tuyaux pour aspiration"}]},{"@type":"WebSite","@id":"https:\/\/www.vacportal.com\/fr\/#website","url":"https:\/\/www.vacportal.com\/fr\/","name":"Vacportal AG","description":"Industrielle Absauganlagen und Industriesauger","publisher":{"@id":"https:\/\/www.vacportal.com\/fr\/#organization"},"alternateName":"Vacportal","potentialAction":[{"@type":"SearchAction","target":{"@type":"EntryPoint","urlTemplate":"https:\/\/www.vacportal.com\/fr\/?s={search_term_string}"},"query-input":{"@type":"PropertyValueSpecification","valueRequired":true,"valueName":"search_term_string"}}],"inLanguage":"fr-FR"},{"@type":"Organization","@id":"https:\/\/www.vacportal.com\/fr\/#organization","name":"Vacportal AG","url":"https:\/\/www.vacportal.com\/fr\/","logo":{"@type":"ImageObject","inLanguage":"fr-FR","@id":"https:\/\/www.vacportal.com\/fr\/#\/schema\/logo\/image\/","url":"https:\/\/www.vacportal.com\/wp-content\/uploads\/Vacportal-Logo_2024_de.png","contentUrl":"https:\/\/www.vacportal.com\/wp-content\/uploads\/Vacportal-Logo_2024_de.png","width":946,"height":446,"caption":"Vacportal AG"},"image":{"@id":"https:\/\/www.vacportal.com\/fr\/#\/schema\/logo\/image\/"}}]}},"_links":{"self":[{"href":"https:\/\/www.vacportal.com\/fr\/wp-json\/wp\/v2\/pages\/781","targetHints":{"allow":["GET"]}}],"collection":[{"href":"https:\/\/www.vacportal.com\/fr\/wp-json\/wp\/v2\/pages"}],"about":[{"href":"https:\/\/www.vacportal.com\/fr\/wp-json\/wp\/v2\/types\/page"}],"author":[{"embeddable":true,"href":"https:\/\/www.vacportal.com\/fr\/wp-json\/wp\/v2\/users\/1"}],"replies":[{"embeddable":true,"href":"https:\/\/www.vacportal.com\/fr\/wp-json\/wp\/v2\/comments?post=781"}],"version-history":[{"count":0,"href":"https:\/\/www.vacportal.com\/fr\/wp-json\/wp\/v2\/pages\/781\/revisions"}],"up":[{"embeddable":true,"href":"https:\/\/www.vacportal.com\/fr\/wp-json\/wp\/v2\/pages\/883"}],"wp:featuredmedia":[{"embeddable":true,"href":"https:\/\/www.vacportal.com\/fr\/wp-json\/wp\/v2\/media\/603"}],"wp:attachment":[{"href":"https:\/\/www.vacportal.com\/fr\/wp-json\/wp\/v2\/media?parent=781"}],"curies":[{"name":"wp","href":"https:\/\/api.w.org\/{rel}","templated":true}]}}