{"id":796,"date":"2024-03-31T11:06:48","date_gmt":"2024-03-31T11:06:48","guid":{"rendered":"http:\/\/vacportal:8080\/installation-pour-aspirer-les-moules-en-plastique\/"},"modified":"2024-12-20T16:32:22","modified_gmt":"2024-12-20T16:32:22","slug":"installation-pour-aspirer-les-moules-en-plastique","status":"publish","type":"page","link":"https:\/\/www.vacportal.com\/fr\/linstallation-aspiration-adaptee-a-chaque-exigence\/installation-pour-aspirer-les-moules-en-plastique\/","title":{"rendered":"Installation pour aspirer les moules en plastique"},"content":{"rendered":"\n<p>Apr\u00e8s la fabrication de pi\u00e8ces moul\u00e9es par injection dans des machines de moulage par injection de plastique, la premi\u00e8re \u00e9tape consiste souvent \u00e0 retirer les moules, les carottes d\u2019injection, les barres et les cavit\u00e9s de d\u00e9bordement.<\/p>\n\n\n\n<p>Suivant le nombre de pi\u00e8ces produites, ce processus est effectu\u00e9 \u00e0 la main ou par des robots dans les magasins d\u2019enl\u00e8vement.<\/p>\n\n\n\n<p>Les aspirateurs industriels de la <a href=\"https:\/\/www.vacportal.com\/fr\/installations-aspiration\/installations-aspiration-serie-s2v600\/\">s\u00e9rie ST600<\/a> ou les installations d\u2019aspiration de la <a href=\"https:\/\/www.vacportal.com\/fr\/installations-aspiration\/installations-aspiration-serie-s2v600\/\">s\u00e9rie S2V600<\/a> de Vacportal sont utilis\u00e9s pour aspirer ces rebuts de plastique. En cr\u00e9ant un vide important, ces machines sont en mesure d\u2019aspirer les pi\u00e8ces \u00e0 \u00e9liminer aussi \u00e0 travers des tuyaux de faibles diam\u00e8tres, \u00e0 des vitesses \u00e9lev\u00e9es.<\/p>\n\n\n\n<p>Les rebuts, \u00e9clats et copeaux de plastique sont enlev\u00e9s efficacement lors du processus de d\u00e9coupage.<\/p>\n\n\n\n<p>La vitesse \u00e9lev\u00e9e de l\u2019air et sa canalisation sont d\u2019autant plus importantes si les pi\u00e8ces moul\u00e9es doivent \u00eatre frais\u00e9es. Les charges statiques attirent sinon les copeaux et les poussi\u00e8res sur le produit, qui sont alors difficiles \u00e0 nettoyer.<\/p>\n\n\n\n<p>L\u2019aspiration ponctuelle de ces d\u00e9chets permet d\u2019avoir des pi\u00e8ces propres, qui peuvent \u00eatre travaill\u00e9es directement, sans nettoyage interm\u00e9diaire. Vous \u00e9conomisez alors du temps et de l\u2019argent.<\/p>\n\n\n\n<p>Les aspirateurs industriels de la <a href=\"https:\/\/www.vacportal.com\/fr\/aspirateurs-industriels\/aspirateurs-industriels-serie-st600\/\">s\u00e9rie ST600<\/a> se chargent de l\u2019\u00e9limination des rebuts de plastique et du mat\u00e9riau \u00e9vapor\u00e9 par la technique laser. En option, ces installations sont \u00e9quip\u00e9es de filtres \u00e0 particules en suspension ou de filtres au charbon actif.<\/p>\n\n\n\n\n    <div class=\"contactbox\">\n        <div style=\"flex-grow:8;padding:20px;\">\n            T\u00e9l\u00e9phonez-nous sans engagement ou \u00e9crivez-nous un e-mail afin que nous puissions vous conseiller!\n            <br><br><b>Nous vous aidons volontiers.<\/b><br><br>T\u00e9l. +41 43 243 30 00<br>E-mail:            <script>document.write('<a class=\\\"contbox\\\" href=\\\"mailto:' + 'sales' + '@' + 'vacportal.com' +'\\\">' + 'sales' + '@' + 'vacportal.com' + '<\/a>');<\/script>\n        <\/div>\n\n        <div class=\"buttonarea\" style=\"flex-grow:2;padding:20px;text-align:right;\">\n            <button class=\"contactbutton\" onclick=\"window.location.href = '\/kontakt\/'\">FORMULAIRE DE CONTACT<\/button>\n        <\/div>\n    <\/div>\n\n\n\n\n","protected":false},"excerpt":{"rendered":"<p>Apr\u00e8s la fabrication de pi\u00e8ces moul\u00e9es par injection dans des machines de moulage par injection de plastique, la premi\u00e8re \u00e9tape consiste souvent \u00e0 retirer les moules, les carottes d\u2019injection, les barres et les cavit\u00e9s de d\u00e9bordement. Suivant le nombre de pi\u00e8ces produites, ce processus est effectu\u00e9 \u00e0 la main ou par des robots dans les [&hellip;]<\/p>\n","protected":false},"author":1,"featured_media":614,"parent":831,"menu_order":0,"comment_status":"closed","ping_status":"closed","template":"","meta":{"footnotes":""},"class_list":["post-796","page","type-page","status-publish","has-post-thumbnail","hentry"],"yoast_head":"<!-- This site is optimized with the Yoast SEO Premium plugin v27.1 (Yoast SEO v27.1.1) - https:\/\/yoast.com\/product\/yoast-seo-premium-wordpress\/ -->\n<title>Installation pour aspirer les moules en plastique - Vacportal<\/title>\n<meta name=\"description\" content=\"Vacportal\" \/>\n<meta name=\"robots\" content=\"index, follow, max-snippet:-1, max-image-preview:large, max-video-preview:-1\" \/>\n<link rel=\"canonical\" href=\"https:\/\/www.vacportal.com\/fr\/linstallation-aspiration-adaptee-a-chaque-exigence\/installation-pour-aspirer-les-moules-en-plastique\/\" \/>\n<meta property=\"og:locale\" content=\"fr_FR\" \/>\n<meta property=\"og:type\" content=\"article\" \/>\n<meta property=\"og:title\" content=\"Installation pour aspirer les moules en plastique\" \/>\n<meta property=\"og:description\" content=\"Vacportal\" \/>\n<meta property=\"og:url\" content=\"https:\/\/www.vacportal.com\/fr\/linstallation-aspiration-adaptee-a-chaque-exigence\/installation-pour-aspirer-les-moules-en-plastique\/\" \/>\n<meta property=\"og:site_name\" content=\"Vacportal\" \/>\n<meta property=\"article:modified_time\" content=\"2024-12-20T16:32:22+00:00\" \/>\n<meta property=\"og:image\" content=\"https:\/\/www.vacportal.com\/wp-content\/uploads\/2024\/04\/Kunststoffnutzen-Absaugung.jpg\" \/>\n\t<meta property=\"og:image:width\" content=\"2560\" \/>\n\t<meta property=\"og:image:height\" content=\"480\" \/>\n\t<meta property=\"og:image:type\" content=\"image\/jpeg\" \/>\n<meta name=\"twitter:card\" content=\"summary_large_image\" \/>\n<meta name=\"twitter:label1\" content=\"Dur\u00e9e de lecture estim\u00e9e\" \/>\n\t<meta name=\"twitter:data1\" content=\"2 minutes\" \/>\n<script type=\"application\/ld+json\" class=\"yoast-schema-graph\">{\"@context\":\"https:\/\/schema.org\",\"@graph\":[{\"@type\":\"WebPage\",\"@id\":\"https:\/\/www.vacportal.com\/fr\/linstallation-aspiration-adaptee-a-chaque-exigence\/installation-pour-aspirer-les-moules-en-plastique\/\",\"url\":\"https:\/\/www.vacportal.com\/fr\/linstallation-aspiration-adaptee-a-chaque-exigence\/installation-pour-aspirer-les-moules-en-plastique\/\",\"name\":\"Installation pour aspirer les moules en plastique - Vacportal\",\"isPartOf\":{\"@id\":\"https:\/\/www.vacportal.com\/fr\/#website\"},\"primaryImageOfPage\":{\"@id\":\"https:\/\/www.vacportal.com\/fr\/linstallation-aspiration-adaptee-a-chaque-exigence\/installation-pour-aspirer-les-moules-en-plastique\/#primaryimage\"},\"image\":{\"@id\":\"https:\/\/www.vacportal.com\/fr\/linstallation-aspiration-adaptee-a-chaque-exigence\/installation-pour-aspirer-les-moules-en-plastique\/#primaryimage\"},\"thumbnailUrl\":\"https:\/\/www.vacportal.com\/wp-content\/uploads\/2024\/04\/Kunststoffnutzen-Absaugung.jpg\",\"datePublished\":\"2024-03-31T11:06:48+00:00\",\"dateModified\":\"2024-12-20T16:32:22+00:00\",\"description\":\"Vacportal\",\"breadcrumb\":{\"@id\":\"https:\/\/www.vacportal.com\/fr\/linstallation-aspiration-adaptee-a-chaque-exigence\/installation-pour-aspirer-les-moules-en-plastique\/#breadcrumb\"},\"inLanguage\":\"fr-FR\",\"potentialAction\":[{\"@type\":\"ReadAction\",\"target\":[\"https:\/\/www.vacportal.com\/fr\/linstallation-aspiration-adaptee-a-chaque-exigence\/installation-pour-aspirer-les-moules-en-plastique\/\"]}]},{\"@type\":\"ImageObject\",\"inLanguage\":\"fr-FR\",\"@id\":\"https:\/\/www.vacportal.com\/fr\/linstallation-aspiration-adaptee-a-chaque-exigence\/installation-pour-aspirer-les-moules-en-plastique\/#primaryimage\",\"url\":\"https:\/\/www.vacportal.com\/wp-content\/uploads\/2024\/04\/Kunststoffnutzen-Absaugung.jpg\",\"contentUrl\":\"https:\/\/www.vacportal.com\/wp-content\/uploads\/2024\/04\/Kunststoffnutzen-Absaugung.jpg\",\"width\":2560,\"height\":480,\"caption\":\"Absauganlagen und Industriesauger f\u00fcr die Kunststoffnutzen-Absaugung\"},{\"@type\":\"BreadcrumbList\",\"@id\":\"https:\/\/www.vacportal.com\/fr\/linstallation-aspiration-adaptee-a-chaque-exigence\/installation-pour-aspirer-les-moules-en-plastique\/#breadcrumb\",\"itemListElement\":[{\"@type\":\"ListItem\",\"position\":1,\"name\":\"Home\",\"item\":\"https:\/\/www.vacportal.com\/fr\/\"},{\"@type\":\"ListItem\",\"position\":2,\"name\":\"L\u2019installation d\u2019aspiration adapt\u00e9e \u00e0 chaque exigence\",\"item\":\"https:\/\/www.vacportal.com\/fr\/linstallation-aspiration-adaptee-a-chaque-exigence\/\"},{\"@type\":\"ListItem\",\"position\":3,\"name\":\"Installation pour aspirer les moules en plastique\"}]},{\"@type\":\"WebSite\",\"@id\":\"https:\/\/www.vacportal.com\/fr\/#website\",\"url\":\"https:\/\/www.vacportal.com\/fr\/\",\"name\":\"Vacportal AG\",\"description\":\"Industrielle Absauganlagen und Industriesauger\",\"publisher\":{\"@id\":\"https:\/\/www.vacportal.com\/fr\/#organization\"},\"alternateName\":\"Vacportal\",\"potentialAction\":[{\"@type\":\"SearchAction\",\"target\":{\"@type\":\"EntryPoint\",\"urlTemplate\":\"https:\/\/www.vacportal.com\/fr\/?s={search_term_string}\"},\"query-input\":{\"@type\":\"PropertyValueSpecification\",\"valueRequired\":true,\"valueName\":\"search_term_string\"}}],\"inLanguage\":\"fr-FR\"},{\"@type\":\"Organization\",\"@id\":\"https:\/\/www.vacportal.com\/fr\/#organization\",\"name\":\"Vacportal AG\",\"url\":\"https:\/\/www.vacportal.com\/fr\/\",\"logo\":{\"@type\":\"ImageObject\",\"inLanguage\":\"fr-FR\",\"@id\":\"https:\/\/www.vacportal.com\/fr\/#\/schema\/logo\/image\/\",\"url\":\"https:\/\/www.vacportal.com\/wp-content\/uploads\/Vacportal-Logo_2024_de.png\",\"contentUrl\":\"https:\/\/www.vacportal.com\/wp-content\/uploads\/Vacportal-Logo_2024_de.png\",\"width\":946,\"height\":446,\"caption\":\"Vacportal AG\"},\"image\":{\"@id\":\"https:\/\/www.vacportal.com\/fr\/#\/schema\/logo\/image\/\"}}]}<\/script>\n<!-- \/ Yoast SEO Premium plugin. -->","yoast_head_json":{"title":"Installation pour aspirer les moules en plastique - Vacportal","description":"Vacportal","robots":{"index":"index","follow":"follow","max-snippet":"max-snippet:-1","max-image-preview":"max-image-preview:large","max-video-preview":"max-video-preview:-1"},"canonical":"https:\/\/www.vacportal.com\/fr\/linstallation-aspiration-adaptee-a-chaque-exigence\/installation-pour-aspirer-les-moules-en-plastique\/","og_locale":"fr_FR","og_type":"article","og_title":"Installation pour aspirer les moules en plastique","og_description":"Vacportal","og_url":"https:\/\/www.vacportal.com\/fr\/linstallation-aspiration-adaptee-a-chaque-exigence\/installation-pour-aspirer-les-moules-en-plastique\/","og_site_name":"Vacportal","article_modified_time":"2024-12-20T16:32:22+00:00","og_image":[{"width":2560,"height":480,"url":"https:\/\/www.vacportal.com\/wp-content\/uploads\/2024\/04\/Kunststoffnutzen-Absaugung.jpg","type":"image\/jpeg"}],"twitter_card":"summary_large_image","twitter_misc":{"Dur\u00e9e de lecture estim\u00e9e":"2 minutes"},"schema":{"@context":"https:\/\/schema.org","@graph":[{"@type":"WebPage","@id":"https:\/\/www.vacportal.com\/fr\/linstallation-aspiration-adaptee-a-chaque-exigence\/installation-pour-aspirer-les-moules-en-plastique\/","url":"https:\/\/www.vacportal.com\/fr\/linstallation-aspiration-adaptee-a-chaque-exigence\/installation-pour-aspirer-les-moules-en-plastique\/","name":"Installation pour aspirer les moules en plastique - Vacportal","isPartOf":{"@id":"https:\/\/www.vacportal.com\/fr\/#website"},"primaryImageOfPage":{"@id":"https:\/\/www.vacportal.com\/fr\/linstallation-aspiration-adaptee-a-chaque-exigence\/installation-pour-aspirer-les-moules-en-plastique\/#primaryimage"},"image":{"@id":"https:\/\/www.vacportal.com\/fr\/linstallation-aspiration-adaptee-a-chaque-exigence\/installation-pour-aspirer-les-moules-en-plastique\/#primaryimage"},"thumbnailUrl":"https:\/\/www.vacportal.com\/wp-content\/uploads\/2024\/04\/Kunststoffnutzen-Absaugung.jpg","datePublished":"2024-03-31T11:06:48+00:00","dateModified":"2024-12-20T16:32:22+00:00","description":"Vacportal","breadcrumb":{"@id":"https:\/\/www.vacportal.com\/fr\/linstallation-aspiration-adaptee-a-chaque-exigence\/installation-pour-aspirer-les-moules-en-plastique\/#breadcrumb"},"inLanguage":"fr-FR","potentialAction":[{"@type":"ReadAction","target":["https:\/\/www.vacportal.com\/fr\/linstallation-aspiration-adaptee-a-chaque-exigence\/installation-pour-aspirer-les-moules-en-plastique\/"]}]},{"@type":"ImageObject","inLanguage":"fr-FR","@id":"https:\/\/www.vacportal.com\/fr\/linstallation-aspiration-adaptee-a-chaque-exigence\/installation-pour-aspirer-les-moules-en-plastique\/#primaryimage","url":"https:\/\/www.vacportal.com\/wp-content\/uploads\/2024\/04\/Kunststoffnutzen-Absaugung.jpg","contentUrl":"https:\/\/www.vacportal.com\/wp-content\/uploads\/2024\/04\/Kunststoffnutzen-Absaugung.jpg","width":2560,"height":480,"caption":"Absauganlagen und Industriesauger f\u00fcr die Kunststoffnutzen-Absaugung"},{"@type":"BreadcrumbList","@id":"https:\/\/www.vacportal.com\/fr\/linstallation-aspiration-adaptee-a-chaque-exigence\/installation-pour-aspirer-les-moules-en-plastique\/#breadcrumb","itemListElement":[{"@type":"ListItem","position":1,"name":"Home","item":"https:\/\/www.vacportal.com\/fr\/"},{"@type":"ListItem","position":2,"name":"L\u2019installation d\u2019aspiration adapt\u00e9e \u00e0 chaque exigence","item":"https:\/\/www.vacportal.com\/fr\/linstallation-aspiration-adaptee-a-chaque-exigence\/"},{"@type":"ListItem","position":3,"name":"Installation pour aspirer les moules en plastique"}]},{"@type":"WebSite","@id":"https:\/\/www.vacportal.com\/fr\/#website","url":"https:\/\/www.vacportal.com\/fr\/","name":"Vacportal AG","description":"Industrielle Absauganlagen und Industriesauger","publisher":{"@id":"https:\/\/www.vacportal.com\/fr\/#organization"},"alternateName":"Vacportal","potentialAction":[{"@type":"SearchAction","target":{"@type":"EntryPoint","urlTemplate":"https:\/\/www.vacportal.com\/fr\/?s={search_term_string}"},"query-input":{"@type":"PropertyValueSpecification","valueRequired":true,"valueName":"search_term_string"}}],"inLanguage":"fr-FR"},{"@type":"Organization","@id":"https:\/\/www.vacportal.com\/fr\/#organization","name":"Vacportal AG","url":"https:\/\/www.vacportal.com\/fr\/","logo":{"@type":"ImageObject","inLanguage":"fr-FR","@id":"https:\/\/www.vacportal.com\/fr\/#\/schema\/logo\/image\/","url":"https:\/\/www.vacportal.com\/wp-content\/uploads\/Vacportal-Logo_2024_de.png","contentUrl":"https:\/\/www.vacportal.com\/wp-content\/uploads\/Vacportal-Logo_2024_de.png","width":946,"height":446,"caption":"Vacportal AG"},"image":{"@id":"https:\/\/www.vacportal.com\/fr\/#\/schema\/logo\/image\/"}}]}},"_links":{"self":[{"href":"https:\/\/www.vacportal.com\/fr\/wp-json\/wp\/v2\/pages\/796","targetHints":{"allow":["GET"]}}],"collection":[{"href":"https:\/\/www.vacportal.com\/fr\/wp-json\/wp\/v2\/pages"}],"about":[{"href":"https:\/\/www.vacportal.com\/fr\/wp-json\/wp\/v2\/types\/page"}],"author":[{"embeddable":true,"href":"https:\/\/www.vacportal.com\/fr\/wp-json\/wp\/v2\/users\/1"}],"replies":[{"embeddable":true,"href":"https:\/\/www.vacportal.com\/fr\/wp-json\/wp\/v2\/comments?post=796"}],"version-history":[{"count":0,"href":"https:\/\/www.vacportal.com\/fr\/wp-json\/wp\/v2\/pages\/796\/revisions"}],"up":[{"embeddable":true,"href":"https:\/\/www.vacportal.com\/fr\/wp-json\/wp\/v2\/pages\/831"}],"wp:featuredmedia":[{"embeddable":true,"href":"https:\/\/www.vacportal.com\/fr\/wp-json\/wp\/v2\/media\/614"}],"wp:attachment":[{"href":"https:\/\/www.vacportal.com\/fr\/wp-json\/wp\/v2\/media?parent=796"}],"curies":[{"name":"wp","href":"https:\/\/api.w.org\/{rel}","templated":true}]}}