{"id":801,"date":"2024-02-26T09:54:13","date_gmt":"2024-02-26T09:54:13","guid":{"rendered":"http:\/\/vacportal:8080\/applications-des-installations-daspiration\/"},"modified":"2024-12-19T16:55:30","modified_gmt":"2024-12-19T16:55:30","slug":"applications","status":"publish","type":"page","link":"https:\/\/www.vacportal.com\/fr\/applications\/","title":{"rendered":"Applications des installations d\u2019aspiration"},"content":{"rendered":"\n<p>Imaginer o\u00f9 et comment se d\u00e9roule l\u2019aspiration est plus facile \u00e0 l\u2019aide d\u2019exemples tir\u00e9s de la pratique. Une fois que les principes fondamentaux ont pris tout leur sens, il devient plus facile d\u2019\u00e9valuer sa propre situation. Les domaines d\u2019application sont tr\u00e8s vari\u00e9s, raison pour laquelle il n\u2019est pas possible de d\u00e9crire tous les secteurs, branches, mat\u00e9riaux et situations envisageables. N\u00e9anmoins, les exemples choisis permettent de se faire une id\u00e9e d\u2019ensemble du sujet. Les descriptions suivantes doivent vous aider \u00e0 prendre une d\u00e9cision et vous fournir des informations importantes.<\/p>\n\n\n\n<p>Par ailleurs, nous vous aidons volontiers si vous souhaitez clarifier des d\u00e9tails ou si vous envisagez une installation compl\u00e8te. Appelez-nous et laissez notre \u00e9quipe exp\u00e9riment\u00e9e vous conseiller.<br><a><\/a><\/p>\n\n\n\n<h2 class=\"wp-block-heading\">Les avantages d&rsquo;une installation d&rsquo;aspiration professionnelle<\/h2>\n\n\n\n<p>Quand il s\u2019agit de nettoyer les installations de production de mani\u00e8re fiable, les <a href=\"https:\/\/www.vacportal.com\/fr\/installations-aspiration\/\">installations d\u2019aspiration<\/a> sont incontournables. Ainsi, elles filtrent l\u2019air pollu\u00e9, qui pr\u00e9sente un risque pour l\u2019homme et les machines, et le rejettent dans l\u2019atmosph\u00e8re une fois propre.<\/p>\n\n\n\n<p>La poussi\u00e8re de pon\u00e7age encrasse les produits et les machines. Des installations d\u2019aspiration permettent de r\u00e9duire les processus de nettoyage suppl\u00e9mentaires et fastidieux et de r\u00e9duire les co\u00fbts de production, notamment dans le secteur de l\u2019automation, o\u00f9 des articles sont fabriqu\u00e9s en masse.<\/p>\n\n\n\n<p>La poussi\u00e8re ou les copeaux de fraisage entravent aussi le processus d\u2019automatisation de mani\u00e8re r\u00e9currente.<br>En aspirant ces poussi\u00e8res ou copeaux,<\/p>\n\n\n\n<ul class=\"wp-block-list\">\n<li>le travail sur les pi\u00e8ces encrass\u00e9es peut se poursuivre<\/li>\n\n\n\n<li>le positionnement des pi\u00e8ces peut \u00eatre assur\u00e9<\/li>\n<\/ul>\n\n\n\n<p>Dans l\u2019industrie agro-alimentaire, les denr\u00e9es \u00e0 conditionner provoquent de la poussi\u00e8re et contaminent l\u2019espace de production, les machines et les autres denr\u00e9es. Les installations d\u2019aspiration de Vacportal \u00e9vitent de telles contaminations.<\/p>\n\n\n\n<p>Les processus de remplissage sont optimis\u00e9s avec des installations d\u2019aspiration. Des entonnoirs ou dispositifs similaires capturent la poussi\u00e8re, qui est ensuite filtr\u00e9e et r\u00e9colt\u00e9e dans l\u2019installation d\u2019aspiration.<\/p>\n\n\n\n<p>Des puissances d\u2019aspiration r\u00e9glables en continu permettent un r\u00e9sultat optimal. L\u2019installation n\u2019aspire que la poussi\u00e8re et non le produit, ce qui \u00e9vite des pertes. ce qui \u00e9vite des pertes.<\/p>\n\n\n\n<p>Des <a href=\"https:\/\/www.vacportal.com\/fr\/installations-aspiration-pour-chaque-secteur\/\">secteurs<\/a>, <a href=\"https:\/\/www.vacportal.com\/fr\/materiau\/\">mat\u00e9riaux<\/a> et <a href=\"https:\/\/www.vacportal.com\/fr\/linstallation-aspiration-adaptee-a-chaque-exigence\/\">domaines d\u2019utilisation<\/a> diff\u00e9rents exigent des solutions diff\u00e9renci\u00e9es.<\/p>\n\n\n\n<p>Contactez-nous! Nous sommes les sp\u00e9cialistes des installations d\u2019aspiration et connaissons les exigences et les mat\u00e9riaux des diff\u00e9rents secteurs sur le bout des doigts! Profitez de nos longues ann\u00e9es d\u2019exp\u00e9rience.<\/p>\n\n\n\n\n    <div class=\"contactbox\">\n        <div style=\"flex-grow:8;padding:20px;\">\n            T\u00e9l\u00e9phonez-nous sans engagement ou \u00e9crivez-nous un e-mail afin que nous puissions vous conseiller!\n            <br><br><b>Nous vous aidons volontiers.<\/b><br><br>T\u00e9l. +41 43 243 30 00<br>E-mail:            <script>document.write('<a class=\\\"contbox\\\" href=\\\"mailto:' + 'sales' + '@' + 'vacportal.com' +'\\\">' + 'sales' + '@' + 'vacportal.com' + '<\/a>');<\/script>\n        <\/div>\n\n        <div class=\"buttonarea\" style=\"flex-grow:2;padding:20px;text-align:right;\">\n            <button class=\"contactbutton\" onclick=\"window.location.href = '\/kontakt\/'\">FORMULAIRE DE CONTACT<\/button>\n        <\/div>\n    <\/div>\n\n\n\n\n","protected":false},"excerpt":{"rendered":"<p>Imaginer o\u00f9 et comment se d\u00e9roule l\u2019aspiration est plus facile \u00e0 l\u2019aide d\u2019exemples tir\u00e9s de la pratique. Une fois que les principes fondamentaux ont pris tout leur sens, il devient plus facile d\u2019\u00e9valuer sa propre situation. Les domaines d\u2019application sont tr\u00e8s vari\u00e9s, raison pour laquelle il n\u2019est pas possible de d\u00e9crire tous les secteurs, branches, [&hellip;]<\/p>\n","protected":false},"author":1,"featured_media":607,"parent":0,"menu_order":0,"comment_status":"closed","ping_status":"closed","template":"","meta":{"footnotes":""},"class_list":["post-801","page","type-page","status-publish","has-post-thumbnail","hentry"],"yoast_head":"<!-- This site is optimized with the Yoast SEO Premium plugin v27.1 (Yoast SEO v27.1.1) - https:\/\/yoast.com\/product\/yoast-seo-premium-wordpress\/ -->\n<title>Applications des installations d\u2019aspiration - Vacportal<\/title>\n<meta name=\"description\" content=\"Vacportal\" \/>\n<meta name=\"robots\" content=\"index, follow, max-snippet:-1, max-image-preview:large, max-video-preview:-1\" \/>\n<link rel=\"canonical\" href=\"https:\/\/www.vacportal.com\/fr\/applications\/\" \/>\n<meta property=\"og:locale\" content=\"fr_FR\" \/>\n<meta property=\"og:type\" content=\"article\" \/>\n<meta property=\"og:title\" content=\"Applications des installations d\u2019aspiration\" \/>\n<meta property=\"og:description\" content=\"Vacportal\" \/>\n<meta property=\"og:url\" content=\"https:\/\/www.vacportal.com\/fr\/applications\/\" \/>\n<meta property=\"og:site_name\" content=\"Vacportal\" \/>\n<meta property=\"article:modified_time\" content=\"2024-12-19T16:55:30+00:00\" \/>\n<meta property=\"og:image\" content=\"https:\/\/www.vacportal.com\/wp-content\/uploads\/2024\/04\/Industriesauger-Anwendungen.jpg\" \/>\n\t<meta property=\"og:image:width\" content=\"2560\" \/>\n\t<meta property=\"og:image:height\" content=\"480\" \/>\n\t<meta property=\"og:image:type\" content=\"image\/jpeg\" \/>\n<meta name=\"twitter:card\" content=\"summary_large_image\" \/>\n<meta name=\"twitter:label1\" content=\"Dur\u00e9e de lecture estim\u00e9e\" \/>\n\t<meta name=\"twitter:data1\" content=\"3 minutes\" \/>\n<script type=\"application\/ld+json\" class=\"yoast-schema-graph\">{\"@context\":\"https:\/\/schema.org\",\"@graph\":[{\"@type\":\"WebPage\",\"@id\":\"https:\/\/www.vacportal.com\/fr\/applications\/\",\"url\":\"https:\/\/www.vacportal.com\/fr\/applications\/\",\"name\":\"Applications des installations d\u2019aspiration - Vacportal\",\"isPartOf\":{\"@id\":\"https:\/\/www.vacportal.com\/fr\/#website\"},\"primaryImageOfPage\":{\"@id\":\"https:\/\/www.vacportal.com\/fr\/applications\/#primaryimage\"},\"image\":{\"@id\":\"https:\/\/www.vacportal.com\/fr\/applications\/#primaryimage\"},\"thumbnailUrl\":\"https:\/\/www.vacportal.com\/wp-content\/uploads\/2024\/04\/Industriesauger-Anwendungen.jpg\",\"datePublished\":\"2024-02-26T09:54:13+00:00\",\"dateModified\":\"2024-12-19T16:55:30+00:00\",\"description\":\"Vacportal\",\"breadcrumb\":{\"@id\":\"https:\/\/www.vacportal.com\/fr\/applications\/#breadcrumb\"},\"inLanguage\":\"fr-FR\",\"potentialAction\":[{\"@type\":\"ReadAction\",\"target\":[\"https:\/\/www.vacportal.com\/fr\/applications\/\"]}]},{\"@type\":\"ImageObject\",\"inLanguage\":\"fr-FR\",\"@id\":\"https:\/\/www.vacportal.com\/fr\/applications\/#primaryimage\",\"url\":\"https:\/\/www.vacportal.com\/wp-content\/uploads\/2024\/04\/Industriesauger-Anwendungen.jpg\",\"contentUrl\":\"https:\/\/www.vacportal.com\/wp-content\/uploads\/2024\/04\/Industriesauger-Anwendungen.jpg\",\"width\":2560,\"height\":480,\"caption\":\"Absauganlagen und Industriesauger f\u00fcr unterschiedlichste Anwendungen\"},{\"@type\":\"BreadcrumbList\",\"@id\":\"https:\/\/www.vacportal.com\/fr\/applications\/#breadcrumb\",\"itemListElement\":[{\"@type\":\"ListItem\",\"position\":1,\"name\":\"Home\",\"item\":\"https:\/\/www.vacportal.com\/fr\/\"},{\"@type\":\"ListItem\",\"position\":2,\"name\":\"Applications des installations d\u2019aspiration\"}]},{\"@type\":\"WebSite\",\"@id\":\"https:\/\/www.vacportal.com\/fr\/#website\",\"url\":\"https:\/\/www.vacportal.com\/fr\/\",\"name\":\"Vacportal AG\",\"description\":\"Industrielle Absauganlagen und Industriesauger\",\"publisher\":{\"@id\":\"https:\/\/www.vacportal.com\/fr\/#organization\"},\"alternateName\":\"Vacportal\",\"potentialAction\":[{\"@type\":\"SearchAction\",\"target\":{\"@type\":\"EntryPoint\",\"urlTemplate\":\"https:\/\/www.vacportal.com\/fr\/?s={search_term_string}\"},\"query-input\":{\"@type\":\"PropertyValueSpecification\",\"valueRequired\":true,\"valueName\":\"search_term_string\"}}],\"inLanguage\":\"fr-FR\"},{\"@type\":\"Organization\",\"@id\":\"https:\/\/www.vacportal.com\/fr\/#organization\",\"name\":\"Vacportal AG\",\"url\":\"https:\/\/www.vacportal.com\/fr\/\",\"logo\":{\"@type\":\"ImageObject\",\"inLanguage\":\"fr-FR\",\"@id\":\"https:\/\/www.vacportal.com\/fr\/#\/schema\/logo\/image\/\",\"url\":\"https:\/\/www.vacportal.com\/wp-content\/uploads\/Vacportal-Logo_2024_de.png\",\"contentUrl\":\"https:\/\/www.vacportal.com\/wp-content\/uploads\/Vacportal-Logo_2024_de.png\",\"width\":946,\"height\":446,\"caption\":\"Vacportal AG\"},\"image\":{\"@id\":\"https:\/\/www.vacportal.com\/fr\/#\/schema\/logo\/image\/\"}}]}<\/script>\n<!-- \/ Yoast SEO Premium plugin. -->","yoast_head_json":{"title":"Applications des installations d\u2019aspiration - Vacportal","description":"Vacportal","robots":{"index":"index","follow":"follow","max-snippet":"max-snippet:-1","max-image-preview":"max-image-preview:large","max-video-preview":"max-video-preview:-1"},"canonical":"https:\/\/www.vacportal.com\/fr\/applications\/","og_locale":"fr_FR","og_type":"article","og_title":"Applications des installations d\u2019aspiration","og_description":"Vacportal","og_url":"https:\/\/www.vacportal.com\/fr\/applications\/","og_site_name":"Vacportal","article_modified_time":"2024-12-19T16:55:30+00:00","og_image":[{"width":2560,"height":480,"url":"https:\/\/www.vacportal.com\/wp-content\/uploads\/2024\/04\/Industriesauger-Anwendungen.jpg","type":"image\/jpeg"}],"twitter_card":"summary_large_image","twitter_misc":{"Dur\u00e9e de lecture estim\u00e9e":"3 minutes"},"schema":{"@context":"https:\/\/schema.org","@graph":[{"@type":"WebPage","@id":"https:\/\/www.vacportal.com\/fr\/applications\/","url":"https:\/\/www.vacportal.com\/fr\/applications\/","name":"Applications des installations d\u2019aspiration - Vacportal","isPartOf":{"@id":"https:\/\/www.vacportal.com\/fr\/#website"},"primaryImageOfPage":{"@id":"https:\/\/www.vacportal.com\/fr\/applications\/#primaryimage"},"image":{"@id":"https:\/\/www.vacportal.com\/fr\/applications\/#primaryimage"},"thumbnailUrl":"https:\/\/www.vacportal.com\/wp-content\/uploads\/2024\/04\/Industriesauger-Anwendungen.jpg","datePublished":"2024-02-26T09:54:13+00:00","dateModified":"2024-12-19T16:55:30+00:00","description":"Vacportal","breadcrumb":{"@id":"https:\/\/www.vacportal.com\/fr\/applications\/#breadcrumb"},"inLanguage":"fr-FR","potentialAction":[{"@type":"ReadAction","target":["https:\/\/www.vacportal.com\/fr\/applications\/"]}]},{"@type":"ImageObject","inLanguage":"fr-FR","@id":"https:\/\/www.vacportal.com\/fr\/applications\/#primaryimage","url":"https:\/\/www.vacportal.com\/wp-content\/uploads\/2024\/04\/Industriesauger-Anwendungen.jpg","contentUrl":"https:\/\/www.vacportal.com\/wp-content\/uploads\/2024\/04\/Industriesauger-Anwendungen.jpg","width":2560,"height":480,"caption":"Absauganlagen und Industriesauger f\u00fcr unterschiedlichste Anwendungen"},{"@type":"BreadcrumbList","@id":"https:\/\/www.vacportal.com\/fr\/applications\/#breadcrumb","itemListElement":[{"@type":"ListItem","position":1,"name":"Home","item":"https:\/\/www.vacportal.com\/fr\/"},{"@type":"ListItem","position":2,"name":"Applications des installations d\u2019aspiration"}]},{"@type":"WebSite","@id":"https:\/\/www.vacportal.com\/fr\/#website","url":"https:\/\/www.vacportal.com\/fr\/","name":"Vacportal AG","description":"Industrielle Absauganlagen und Industriesauger","publisher":{"@id":"https:\/\/www.vacportal.com\/fr\/#organization"},"alternateName":"Vacportal","potentialAction":[{"@type":"SearchAction","target":{"@type":"EntryPoint","urlTemplate":"https:\/\/www.vacportal.com\/fr\/?s={search_term_string}"},"query-input":{"@type":"PropertyValueSpecification","valueRequired":true,"valueName":"search_term_string"}}],"inLanguage":"fr-FR"},{"@type":"Organization","@id":"https:\/\/www.vacportal.com\/fr\/#organization","name":"Vacportal AG","url":"https:\/\/www.vacportal.com\/fr\/","logo":{"@type":"ImageObject","inLanguage":"fr-FR","@id":"https:\/\/www.vacportal.com\/fr\/#\/schema\/logo\/image\/","url":"https:\/\/www.vacportal.com\/wp-content\/uploads\/Vacportal-Logo_2024_de.png","contentUrl":"https:\/\/www.vacportal.com\/wp-content\/uploads\/Vacportal-Logo_2024_de.png","width":946,"height":446,"caption":"Vacportal AG"},"image":{"@id":"https:\/\/www.vacportal.com\/fr\/#\/schema\/logo\/image\/"}}]}},"_links":{"self":[{"href":"https:\/\/www.vacportal.com\/fr\/wp-json\/wp\/v2\/pages\/801","targetHints":{"allow":["GET"]}}],"collection":[{"href":"https:\/\/www.vacportal.com\/fr\/wp-json\/wp\/v2\/pages"}],"about":[{"href":"https:\/\/www.vacportal.com\/fr\/wp-json\/wp\/v2\/types\/page"}],"author":[{"embeddable":true,"href":"https:\/\/www.vacportal.com\/fr\/wp-json\/wp\/v2\/users\/1"}],"replies":[{"embeddable":true,"href":"https:\/\/www.vacportal.com\/fr\/wp-json\/wp\/v2\/comments?post=801"}],"version-history":[{"count":0,"href":"https:\/\/www.vacportal.com\/fr\/wp-json\/wp\/v2\/pages\/801\/revisions"}],"wp:featuredmedia":[{"embeddable":true,"href":"https:\/\/www.vacportal.com\/fr\/wp-json\/wp\/v2\/media\/607"}],"wp:attachment":[{"href":"https:\/\/www.vacportal.com\/fr\/wp-json\/wp\/v2\/media?parent=801"}],"curies":[{"name":"wp","href":"https:\/\/api.w.org\/{rel}","templated":true}]}}