{"id":812,"date":"2024-03-31T11:00:37","date_gmt":"2024-03-31T11:00:37","guid":{"rendered":"http:\/\/vacportal:8080\/des-installations-daspiration-pour-chaque-secteur\/"},"modified":"2024-12-20T16:38:37","modified_gmt":"2024-12-20T16:38:37","slug":"installations-aspiration-pour-chaque-secteur","status":"publish","type":"page","link":"https:\/\/www.vacportal.com\/fr\/installations-aspiration-pour-chaque-secteur\/","title":{"rendered":"Des installations d\u2019aspiration pour chaque secteur"},"content":{"rendered":"\n<p>Une <a href=\"https:\/\/www.vacportal.com\/fr\/installations-aspiration\/\">installation d\u2019aspiration<\/a> ou un <a href=\"https:\/\/www.vacportal.com\/fr\/aspirateurs-industriels\/\">aspirateur industriel<\/a> conviennent pour pratiquement tous les secteurs d\u2019activit\u00e9. Souvent, nos installations et nos aspirateurs sont utilis\u00e9s dans le secteur automobile, l\u2019industrie m\u00e9tallurgique, l\u2019industrie pharmaceutique ou l\u2019agro-alimentaire.<\/p>\n\n\n\n<p>Une installation d\u2019aspiration ou un aspirateur industriel permettent de prot\u00e9ger efficacement l\u2019homme et la machine des \u00e9missions les plus vari\u00e9es.<\/p>\n\n\n\n<p>Nos installations sont tr\u00e8s individuelles, de sorte qu\u2019elle peuvent r\u00e9pondre aux exigences les plus diverses. Suivant le secteur ou le domaine d\u2019utilisation, une exploitation 24 heures sur 24 ou une structure modulaire, par exemple avec des filtres \u00e0 particules en suspension, sont des \u00e9l\u00e9ments d\u00e9cisifs pour d\u00e9terminer l\u2019aspirateur industriel ou l\u2019installation d\u2019aspiration parfaits pour votre emplacement et pour vous.<\/p>\n\n\n\n<h2 class=\"wp-block-heading\">Vue d\u2019ensemble des secteurs<\/h2>\n\n\n\n<p>Vous trouverez ci-apr\u00e8s un petit extrait des diff\u00e9rents secteurs pour lesquels nos installations d\u2019aspiration et nos aspirateurs industriels conviennent parfaitement. Nous pouvons vous proposer une solution id\u00e9ale pour votre application \u00e9galement.<\/p>\n\n\n\n<ul class=\"wp-block-list speciallist\">\n<li><a href=\"https:\/\/www.vacportal.com\/fr\/installations-aspiration-pour-chaque-secteur\/aspirateurs-industriels-industrie-horlogere\/\">Industrie horlog\u00e8re<\/a><\/li>\n\n\n\n<li><a href=\"https:\/\/www.vacportal.com\/fr\/installations-aspiration-pour-chaque-secteur\/installations-aspiration-industrie-metallurgique\/\">Industrie m\u00e9tallurgique<\/a><\/li>\n\n\n\n<li><a href=\"https:\/\/www.vacportal.com\/fr\/installations-aspiration-pour-chaque-secteur\/installations-aspiration-industrie-pharmaceutique\/\">Industrie pharmaceutique<\/a><\/li>\n\n\n\n<li><a href=\"https:\/\/www.vacportal.com\/fr\/installations-aspiration-pour-chaque-secteur\/installations-aspiration-industrie-alimentaire\/\">Industrie alimentaire<\/a><\/li>\n\n\n\n<li><span>Industrie chimique<\/span><\/li>\n\n\n\n<li><span>Industrie des emballages<\/span><\/li>\n\n\n\n<li><span>Industrie du papier<\/span><\/li>\n\n\n\n<li><span>Constructeurs de machines<\/span><\/li>\n\n\n\n<li><a href=\"https:\/\/www.vacportal.com\/fr\/installations-aspiration-pour-chaque-secteur\/installations-aspiration-industrie-automobile\/\">Industrie automobile<\/a><\/li>\n\n\n\n<li><span>Branche de l\u2019automobile<\/span><\/li>\n\n\n\n<li><span>Industrie de l\u2019\u00e9lectronique<\/span><\/li>\n\n\n\n<li><span>Construction<\/span><\/li>\n\n\n\n<li><span>Traitement de la pierre<\/span><\/li>\n\n\n\n<li><span>Recyclage<\/span><\/li>\n\n\n\n<li><span>PME<\/span><\/li>\n\n\n\n<li><a href=\"https:\/\/www.vacportal.com\/fr\/installations-aspiration-pour-chaque-secteur\/installations-aspiration-particuliers\/\">Particuliers<\/a><\/li>\n<\/ul>\n\n\n\n<h2 class=\"wp-block-heading\">Quelle est l\u2019installation d\u2019aspiration id\u00e9ale pour votre secteur?<\/h2>\n\n\n\n<p>Vous aimeriez savoir quelle est l\u2019installation d\u2019aspiration id\u00e9ale pour votre secteur?<br>Cela d\u00e9pend de diff\u00e9rents facteurs, de sorte qu\u2019il n\u2019est pas possible de r\u00e9pondre de mani\u00e8re g\u00e9n\u00e9rale \u00e0 cette question. Sur la base de vos exigences, nos collaborateurs \u00e9valuent, avec vous, l\u2019installation d\u2019aspiration id\u00e9ale pour votre secteur.<\/p>\n\n\n\n<p>Contactez-nous! Chez Vacportal, nous sommes les sp\u00e9cialistes des installations d\u2019aspiration et connaissons les exigences et les mat\u00e9riaux des diff\u00e9rents secteurs sur le bout des doigts! Profitez de nos longues ann\u00e9es d\u2019exp\u00e9rience et de notre connaissance approfondie de la branche.<\/p>\n\n\n\n\n    <div class=\"contactbox\">\n        <div style=\"flex-grow:8;padding:20px;\">\n            T\u00e9l\u00e9phonez-nous sans engagement ou \u00e9crivez-nous un e-mail afin que nous puissions vous conseiller!\n            <br><br><b>Nous vous aidons volontiers.<\/b><br><br>T\u00e9l. +41 43 243 30 00<br>E-mail:            <script>document.write('<a class=\\\"contbox\\\" href=\\\"mailto:' + 'sales' + '@' + 'vacportal.com' +'\\\">' + 'sales' + '@' + 'vacportal.com' + '<\/a>');<\/script>\n        <\/div>\n\n        <div class=\"buttonarea\" style=\"flex-grow:2;padding:20px;text-align:right;\">\n            <button class=\"contactbutton\" onclick=\"window.location.href = '\/kontakt\/'\">FORMULAIRE DE CONTACT<\/button>\n        <\/div>\n    <\/div>\n\n\n\n\n","protected":false},"excerpt":{"rendered":"<p>Une installation d\u2019aspiration ou un aspirateur industriel conviennent pour pratiquement tous les secteurs d\u2019activit\u00e9. Souvent, nos installations et nos aspirateurs sont utilis\u00e9s dans le secteur automobile, l\u2019industrie m\u00e9tallurgique, l\u2019industrie pharmaceutique ou l\u2019agro-alimentaire. Une installation d\u2019aspiration ou un aspirateur industriel permettent de prot\u00e9ger efficacement l\u2019homme et la machine des \u00e9missions les plus vari\u00e9es. Nos installations sont [&hellip;]<\/p>\n","protected":false},"author":1,"featured_media":621,"parent":0,"menu_order":0,"comment_status":"closed","ping_status":"closed","template":"","meta":{"footnotes":""},"class_list":["post-812","page","type-page","status-publish","has-post-thumbnail","hentry"],"yoast_head":"<!-- This site is optimized with the Yoast SEO Premium plugin v27.1 (Yoast SEO v27.1.1) - https:\/\/yoast.com\/product\/yoast-seo-premium-wordpress\/ -->\n<title>Des installations d\u2019aspiration pour chaque secteur - Vacportal<\/title>\n<meta name=\"description\" content=\"Vacportal\" \/>\n<meta name=\"robots\" content=\"index, follow, max-snippet:-1, max-image-preview:large, max-video-preview:-1\" \/>\n<link rel=\"canonical\" href=\"https:\/\/www.vacportal.com\/fr\/installations-aspiration-pour-chaque-secteur\/\" \/>\n<meta property=\"og:locale\" content=\"fr_FR\" \/>\n<meta property=\"og:type\" content=\"article\" \/>\n<meta property=\"og:title\" content=\"Des installations d\u2019aspiration pour chaque secteur\" \/>\n<meta property=\"og:description\" content=\"Vacportal\" \/>\n<meta property=\"og:url\" content=\"https:\/\/www.vacportal.com\/fr\/installations-aspiration-pour-chaque-secteur\/\" \/>\n<meta property=\"og:site_name\" content=\"Vacportal\" \/>\n<meta property=\"article:modified_time\" content=\"2024-12-20T16:38:37+00:00\" \/>\n<meta property=\"og:image\" content=\"https:\/\/www.vacportal.com\/wp-content\/uploads\/2024\/04\/Branchen-Absauganlagen.jpg\" \/>\n\t<meta property=\"og:image:width\" content=\"2560\" \/>\n\t<meta property=\"og:image:height\" content=\"480\" \/>\n\t<meta property=\"og:image:type\" content=\"image\/jpeg\" \/>\n<meta name=\"twitter:card\" content=\"summary_large_image\" \/>\n<meta name=\"twitter:label1\" content=\"Dur\u00e9e de lecture estim\u00e9e\" \/>\n\t<meta name=\"twitter:data1\" content=\"2 minutes\" \/>\n<script type=\"application\/ld+json\" class=\"yoast-schema-graph\">{\"@context\":\"https:\/\/schema.org\",\"@graph\":[{\"@type\":\"WebPage\",\"@id\":\"https:\/\/www.vacportal.com\/fr\/installations-aspiration-pour-chaque-secteur\/\",\"url\":\"https:\/\/www.vacportal.com\/fr\/installations-aspiration-pour-chaque-secteur\/\",\"name\":\"Des installations d\u2019aspiration pour chaque secteur - Vacportal\",\"isPartOf\":{\"@id\":\"https:\/\/www.vacportal.com\/fr\/#website\"},\"primaryImageOfPage\":{\"@id\":\"https:\/\/www.vacportal.com\/fr\/installations-aspiration-pour-chaque-secteur\/#primaryimage\"},\"image\":{\"@id\":\"https:\/\/www.vacportal.com\/fr\/installations-aspiration-pour-chaque-secteur\/#primaryimage\"},\"thumbnailUrl\":\"https:\/\/www.vacportal.com\/wp-content\/uploads\/2024\/04\/Branchen-Absauganlagen.jpg\",\"datePublished\":\"2024-03-31T11:00:37+00:00\",\"dateModified\":\"2024-12-20T16:38:37+00:00\",\"description\":\"Vacportal\",\"breadcrumb\":{\"@id\":\"https:\/\/www.vacportal.com\/fr\/installations-aspiration-pour-chaque-secteur\/#breadcrumb\"},\"inLanguage\":\"fr-FR\",\"potentialAction\":[{\"@type\":\"ReadAction\",\"target\":[\"https:\/\/www.vacportal.com\/fr\/installations-aspiration-pour-chaque-secteur\/\"]}]},{\"@type\":\"ImageObject\",\"inLanguage\":\"fr-FR\",\"@id\":\"https:\/\/www.vacportal.com\/fr\/installations-aspiration-pour-chaque-secteur\/#primaryimage\",\"url\":\"https:\/\/www.vacportal.com\/wp-content\/uploads\/2024\/04\/Branchen-Absauganlagen.jpg\",\"contentUrl\":\"https:\/\/www.vacportal.com\/wp-content\/uploads\/2024\/04\/Branchen-Absauganlagen.jpg\",\"width\":2560,\"height\":480,\"caption\":\"Absauganlagen und Industriesauger f\u00fcr unterschiedliche Branchen\"},{\"@type\":\"BreadcrumbList\",\"@id\":\"https:\/\/www.vacportal.com\/fr\/installations-aspiration-pour-chaque-secteur\/#breadcrumb\",\"itemListElement\":[{\"@type\":\"ListItem\",\"position\":1,\"name\":\"Home\",\"item\":\"https:\/\/www.vacportal.com\/fr\/\"},{\"@type\":\"ListItem\",\"position\":2,\"name\":\"Des installations d\u2019aspiration pour chaque secteur\"}]},{\"@type\":\"WebSite\",\"@id\":\"https:\/\/www.vacportal.com\/fr\/#website\",\"url\":\"https:\/\/www.vacportal.com\/fr\/\",\"name\":\"Vacportal AG\",\"description\":\"Industrielle Absauganlagen und Industriesauger\",\"publisher\":{\"@id\":\"https:\/\/www.vacportal.com\/fr\/#organization\"},\"alternateName\":\"Vacportal\",\"potentialAction\":[{\"@type\":\"SearchAction\",\"target\":{\"@type\":\"EntryPoint\",\"urlTemplate\":\"https:\/\/www.vacportal.com\/fr\/?s={search_term_string}\"},\"query-input\":{\"@type\":\"PropertyValueSpecification\",\"valueRequired\":true,\"valueName\":\"search_term_string\"}}],\"inLanguage\":\"fr-FR\"},{\"@type\":\"Organization\",\"@id\":\"https:\/\/www.vacportal.com\/fr\/#organization\",\"name\":\"Vacportal AG\",\"url\":\"https:\/\/www.vacportal.com\/fr\/\",\"logo\":{\"@type\":\"ImageObject\",\"inLanguage\":\"fr-FR\",\"@id\":\"https:\/\/www.vacportal.com\/fr\/#\/schema\/logo\/image\/\",\"url\":\"https:\/\/www.vacportal.com\/wp-content\/uploads\/Vacportal-Logo_2024_de.png\",\"contentUrl\":\"https:\/\/www.vacportal.com\/wp-content\/uploads\/Vacportal-Logo_2024_de.png\",\"width\":946,\"height\":446,\"caption\":\"Vacportal AG\"},\"image\":{\"@id\":\"https:\/\/www.vacportal.com\/fr\/#\/schema\/logo\/image\/\"}}]}<\/script>\n<!-- \/ Yoast SEO Premium plugin. -->","yoast_head_json":{"title":"Des installations d\u2019aspiration pour chaque secteur - Vacportal","description":"Vacportal","robots":{"index":"index","follow":"follow","max-snippet":"max-snippet:-1","max-image-preview":"max-image-preview:large","max-video-preview":"max-video-preview:-1"},"canonical":"https:\/\/www.vacportal.com\/fr\/installations-aspiration-pour-chaque-secteur\/","og_locale":"fr_FR","og_type":"article","og_title":"Des installations d\u2019aspiration pour chaque secteur","og_description":"Vacportal","og_url":"https:\/\/www.vacportal.com\/fr\/installations-aspiration-pour-chaque-secteur\/","og_site_name":"Vacportal","article_modified_time":"2024-12-20T16:38:37+00:00","og_image":[{"width":2560,"height":480,"url":"https:\/\/www.vacportal.com\/wp-content\/uploads\/2024\/04\/Branchen-Absauganlagen.jpg","type":"image\/jpeg"}],"twitter_card":"summary_large_image","twitter_misc":{"Dur\u00e9e de lecture estim\u00e9e":"2 minutes"},"schema":{"@context":"https:\/\/schema.org","@graph":[{"@type":"WebPage","@id":"https:\/\/www.vacportal.com\/fr\/installations-aspiration-pour-chaque-secteur\/","url":"https:\/\/www.vacportal.com\/fr\/installations-aspiration-pour-chaque-secteur\/","name":"Des installations d\u2019aspiration pour chaque secteur - Vacportal","isPartOf":{"@id":"https:\/\/www.vacportal.com\/fr\/#website"},"primaryImageOfPage":{"@id":"https:\/\/www.vacportal.com\/fr\/installations-aspiration-pour-chaque-secteur\/#primaryimage"},"image":{"@id":"https:\/\/www.vacportal.com\/fr\/installations-aspiration-pour-chaque-secteur\/#primaryimage"},"thumbnailUrl":"https:\/\/www.vacportal.com\/wp-content\/uploads\/2024\/04\/Branchen-Absauganlagen.jpg","datePublished":"2024-03-31T11:00:37+00:00","dateModified":"2024-12-20T16:38:37+00:00","description":"Vacportal","breadcrumb":{"@id":"https:\/\/www.vacportal.com\/fr\/installations-aspiration-pour-chaque-secteur\/#breadcrumb"},"inLanguage":"fr-FR","potentialAction":[{"@type":"ReadAction","target":["https:\/\/www.vacportal.com\/fr\/installations-aspiration-pour-chaque-secteur\/"]}]},{"@type":"ImageObject","inLanguage":"fr-FR","@id":"https:\/\/www.vacportal.com\/fr\/installations-aspiration-pour-chaque-secteur\/#primaryimage","url":"https:\/\/www.vacportal.com\/wp-content\/uploads\/2024\/04\/Branchen-Absauganlagen.jpg","contentUrl":"https:\/\/www.vacportal.com\/wp-content\/uploads\/2024\/04\/Branchen-Absauganlagen.jpg","width":2560,"height":480,"caption":"Absauganlagen und Industriesauger f\u00fcr unterschiedliche Branchen"},{"@type":"BreadcrumbList","@id":"https:\/\/www.vacportal.com\/fr\/installations-aspiration-pour-chaque-secteur\/#breadcrumb","itemListElement":[{"@type":"ListItem","position":1,"name":"Home","item":"https:\/\/www.vacportal.com\/fr\/"},{"@type":"ListItem","position":2,"name":"Des installations d\u2019aspiration pour chaque secteur"}]},{"@type":"WebSite","@id":"https:\/\/www.vacportal.com\/fr\/#website","url":"https:\/\/www.vacportal.com\/fr\/","name":"Vacportal AG","description":"Industrielle Absauganlagen und Industriesauger","publisher":{"@id":"https:\/\/www.vacportal.com\/fr\/#organization"},"alternateName":"Vacportal","potentialAction":[{"@type":"SearchAction","target":{"@type":"EntryPoint","urlTemplate":"https:\/\/www.vacportal.com\/fr\/?s={search_term_string}"},"query-input":{"@type":"PropertyValueSpecification","valueRequired":true,"valueName":"search_term_string"}}],"inLanguage":"fr-FR"},{"@type":"Organization","@id":"https:\/\/www.vacportal.com\/fr\/#organization","name":"Vacportal AG","url":"https:\/\/www.vacportal.com\/fr\/","logo":{"@type":"ImageObject","inLanguage":"fr-FR","@id":"https:\/\/www.vacportal.com\/fr\/#\/schema\/logo\/image\/","url":"https:\/\/www.vacportal.com\/wp-content\/uploads\/Vacportal-Logo_2024_de.png","contentUrl":"https:\/\/www.vacportal.com\/wp-content\/uploads\/Vacportal-Logo_2024_de.png","width":946,"height":446,"caption":"Vacportal AG"},"image":{"@id":"https:\/\/www.vacportal.com\/fr\/#\/schema\/logo\/image\/"}}]}},"_links":{"self":[{"href":"https:\/\/www.vacportal.com\/fr\/wp-json\/wp\/v2\/pages\/812","targetHints":{"allow":["GET"]}}],"collection":[{"href":"https:\/\/www.vacportal.com\/fr\/wp-json\/wp\/v2\/pages"}],"about":[{"href":"https:\/\/www.vacportal.com\/fr\/wp-json\/wp\/v2\/types\/page"}],"author":[{"embeddable":true,"href":"https:\/\/www.vacportal.com\/fr\/wp-json\/wp\/v2\/users\/1"}],"replies":[{"embeddable":true,"href":"https:\/\/www.vacportal.com\/fr\/wp-json\/wp\/v2\/comments?post=812"}],"version-history":[{"count":0,"href":"https:\/\/www.vacportal.com\/fr\/wp-json\/wp\/v2\/pages\/812\/revisions"}],"wp:featuredmedia":[{"embeddable":true,"href":"https:\/\/www.vacportal.com\/fr\/wp-json\/wp\/v2\/media\/621"}],"wp:attachment":[{"href":"https:\/\/www.vacportal.com\/fr\/wp-json\/wp\/v2\/media?parent=812"}],"curies":[{"name":"wp","href":"https:\/\/api.w.org\/{rel}","templated":true}]}}