{"id":826,"date":"2024-02-26T09:55:35","date_gmt":"2024-02-26T09:55:35","guid":{"rendered":"http:\/\/vacportal:8080\/lentreprise\/"},"modified":"2024-12-20T16:46:45","modified_gmt":"2024-12-20T16:46:45","slug":"entreprise","status":"publish","type":"page","link":"https:\/\/www.vacportal.com\/fr\/entreprise\/","title":{"rendered":"L&rsquo;entreprise"},"content":{"rendered":"\n<p>Dirig\u00e9e par son propri\u00e9taire, la PME Vacportal SA a vu le jour \u00e0 Guin en 2009. Nous d\u00e9veloppons et produisons en Suisse des <a href=\"https:\/\/www.vacportal.com\/fr\/installations-aspiration\/\">installations d\u2019aspiration industrielles<\/a> qui ne manquent pas de souffle. Notre exigence? Des solutions efficaces et un air propre pour la protection de l\u2019homme, de la machine et de la production.<\/p>\n\n\n\n<h2 class=\"wp-block-heading\">Prestations<\/h2>\n\n\n\n<p>Nos<a href=\"https:\/\/www.vacportal.com\/fr\/installations-aspiration\/\"> installations d&rsquo;aspiration industrielles<\/a> convainquent par leur puissance ainsi que par un syst\u00e8me modulaire et individuel, garantissant une solution optimale pour chaque application.<br>Nous faisons profiter nos clients de nos longues ann\u00e9es d&rsquo;exp\u00e9rience, du choix du produit ad\u00e9quat \u00e0 sa mise en service et \u00e0 l&rsquo;entretien.<\/p>\n\n\n\n<h2 class=\"wp-block-heading\">Vous obtenez ainsi une solution qui a du souffle<\/h2>\n\n\n\n<p>Dimensionnement adapt\u00e9 de l&rsquo;installation d&rsquo;aspiration<br>D\u00e9termination du meilleur emplacement possible<br>Fonctionnement continu sans perturbations avec les installations Vacportal<a><\/a><\/p>\n\n\n\n<h2 class=\"wp-block-heading\">Autres prestations<\/h2>\n\n\n\n<p>Nous livrons des <a href=\"https:\/\/www.vacportal.com\/fr\/accessoires-installations-aspiration\/\">accessoires<\/a> tels que <a href=\"https:\/\/www.vacportal.com\/fr\/accessoires-installations-aspiration\/tuyaux-pour-aspiration\/\">flexibles<\/a>, <a href=\"https:\/\/www.vacportal.com\/fr\/accessoires-installations-aspiration\/vanne-a-guillotine\/\">vannes \u00e0 guillotine<\/a>, etc.<br><a href=\"https:\/\/www.vacportal.com\/fr\/nos-services\/\">Service<\/a>, r\u00e9parations et pi\u00e8ces de rechange telles que filtre et soupapes<br><a href=\"https:\/\/www.vacportal.com\/fr\/installation-aspiration-location\/\">Location d&rsquo;installations d\u2019aspiration<\/a><\/p>\n\n\n\n<h2 class=\"wp-block-heading\">L&rsquo;\u00e9quipe<\/h2>\n\n\n\n<p>Outre le d\u00e9veloppement et la production, notre \u00e9quipe exp\u00e9riment\u00e9e et engag\u00e9e encadre les clients depuis les sites de Guin et de Zurich. Quatre collaborateurs se consacrent aux conseils, \u00e0 l&rsquo;installation et au service.<\/p>\n\n\n\n\n    <div class=\"contactbox\">\n        <div style=\"flex-grow:8;padding:20px;\">\n            T\u00e9l\u00e9phonez-nous sans engagement ou \u00e9crivez-nous un e-mail afin que nous puissions vous conseiller!\n            <br><br><b>Nous vous aidons volontiers.<\/b><br><br>T\u00e9l. +41 43 243 30 00<br>E-mail:            <script>document.write('<a class=\\\"contbox\\\" href=\\\"mailto:' + 'sales' + '@' + 'vacportal.com' +'\\\">' + 'sales' + '@' + 'vacportal.com' + '<\/a>');<\/script>\n        <\/div>\n\n        <div class=\"buttonarea\" style=\"flex-grow:2;padding:20px;text-align:right;\">\n            <button class=\"contactbutton\" onclick=\"window.location.href = '\/kontakt\/'\">FORMULAIRE DE CONTACT<\/button>\n        <\/div>\n    <\/div>\n\n\n\n\n","protected":false},"excerpt":{"rendered":"<p>Dirig\u00e9e par son propri\u00e9taire, la PME Vacportal SA a vu le jour \u00e0 Guin en 2009. Nous d\u00e9veloppons et produisons en Suisse des installations d\u2019aspiration industrielles qui ne manquent pas de souffle. Notre exigence? Des solutions efficaces et un air propre pour la protection de l\u2019homme, de la machine et de la production. Prestations Nos [&hellip;]<\/p>\n","protected":false},"author":1,"featured_media":632,"parent":0,"menu_order":0,"comment_status":"closed","ping_status":"closed","template":"","meta":{"footnotes":""},"class_list":["post-826","page","type-page","status-publish","has-post-thumbnail","hentry"],"yoast_head":"<!-- This site is optimized with the Yoast SEO Premium plugin v27.1 (Yoast SEO v27.1.1) - https:\/\/yoast.com\/product\/yoast-seo-premium-wordpress\/ -->\n<title>L&#039;entreprise - Vacportal<\/title>\n<meta name=\"description\" content=\"Vacportal\" \/>\n<meta name=\"robots\" content=\"index, follow, max-snippet:-1, max-image-preview:large, max-video-preview:-1\" \/>\n<link rel=\"canonical\" href=\"https:\/\/www.vacportal.com\/fr\/entreprise\/\" \/>\n<meta property=\"og:locale\" content=\"fr_FR\" \/>\n<meta property=\"og:type\" content=\"article\" \/>\n<meta property=\"og:title\" content=\"L&#039;entreprise\" \/>\n<meta property=\"og:description\" content=\"Vacportal\" \/>\n<meta property=\"og:url\" content=\"https:\/\/www.vacportal.com\/fr\/entreprise\/\" \/>\n<meta property=\"og:site_name\" content=\"Vacportal\" \/>\n<meta property=\"article:modified_time\" content=\"2024-12-20T16:46:45+00:00\" \/>\n<meta property=\"og:image\" content=\"https:\/\/www.vacportal.com\/wp-content\/uploads\/2024\/04\/Berge-saubere-luft.jpg\" \/>\n\t<meta property=\"og:image:width\" content=\"2560\" \/>\n\t<meta property=\"og:image:height\" content=\"480\" \/>\n\t<meta property=\"og:image:type\" content=\"image\/jpeg\" \/>\n<meta name=\"twitter:card\" content=\"summary_large_image\" \/>\n<meta name=\"twitter:label1\" content=\"Dur\u00e9e de lecture estim\u00e9e\" \/>\n\t<meta name=\"twitter:data1\" content=\"2 minutes\" \/>\n<script type=\"application\/ld+json\" class=\"yoast-schema-graph\">{\"@context\":\"https:\/\/schema.org\",\"@graph\":[{\"@type\":\"WebPage\",\"@id\":\"https:\/\/www.vacportal.com\/fr\/entreprise\/\",\"url\":\"https:\/\/www.vacportal.com\/fr\/entreprise\/\",\"name\":\"L'entreprise - Vacportal\",\"isPartOf\":{\"@id\":\"https:\/\/www.vacportal.com\/fr\/#website\"},\"primaryImageOfPage\":{\"@id\":\"https:\/\/www.vacportal.com\/fr\/entreprise\/#primaryimage\"},\"image\":{\"@id\":\"https:\/\/www.vacportal.com\/fr\/entreprise\/#primaryimage\"},\"thumbnailUrl\":\"https:\/\/www.vacportal.com\/wp-content\/uploads\/2024\/04\/Berge-saubere-luft.jpg\",\"datePublished\":\"2024-02-26T09:55:35+00:00\",\"dateModified\":\"2024-12-20T16:46:45+00:00\",\"description\":\"Vacportal\",\"breadcrumb\":{\"@id\":\"https:\/\/www.vacportal.com\/fr\/entreprise\/#breadcrumb\"},\"inLanguage\":\"fr-FR\",\"potentialAction\":[{\"@type\":\"ReadAction\",\"target\":[\"https:\/\/www.vacportal.com\/fr\/entreprise\/\"]}]},{\"@type\":\"ImageObject\",\"inLanguage\":\"fr-FR\",\"@id\":\"https:\/\/www.vacportal.com\/fr\/entreprise\/#primaryimage\",\"url\":\"https:\/\/www.vacportal.com\/wp-content\/uploads\/2024\/04\/Berge-saubere-luft.jpg\",\"contentUrl\":\"https:\/\/www.vacportal.com\/wp-content\/uploads\/2024\/04\/Berge-saubere-luft.jpg\",\"width\":2560,\"height\":480},{\"@type\":\"BreadcrumbList\",\"@id\":\"https:\/\/www.vacportal.com\/fr\/entreprise\/#breadcrumb\",\"itemListElement\":[{\"@type\":\"ListItem\",\"position\":1,\"name\":\"Home\",\"item\":\"https:\/\/www.vacportal.com\/fr\/\"},{\"@type\":\"ListItem\",\"position\":2,\"name\":\"L&#8217;entreprise\"}]},{\"@type\":\"WebSite\",\"@id\":\"https:\/\/www.vacportal.com\/fr\/#website\",\"url\":\"https:\/\/www.vacportal.com\/fr\/\",\"name\":\"Vacportal AG\",\"description\":\"Industrielle Absauganlagen und Industriesauger\",\"publisher\":{\"@id\":\"https:\/\/www.vacportal.com\/fr\/#organization\"},\"alternateName\":\"Vacportal\",\"potentialAction\":[{\"@type\":\"SearchAction\",\"target\":{\"@type\":\"EntryPoint\",\"urlTemplate\":\"https:\/\/www.vacportal.com\/fr\/?s={search_term_string}\"},\"query-input\":{\"@type\":\"PropertyValueSpecification\",\"valueRequired\":true,\"valueName\":\"search_term_string\"}}],\"inLanguage\":\"fr-FR\"},{\"@type\":\"Organization\",\"@id\":\"https:\/\/www.vacportal.com\/fr\/#organization\",\"name\":\"Vacportal AG\",\"url\":\"https:\/\/www.vacportal.com\/fr\/\",\"logo\":{\"@type\":\"ImageObject\",\"inLanguage\":\"fr-FR\",\"@id\":\"https:\/\/www.vacportal.com\/fr\/#\/schema\/logo\/image\/\",\"url\":\"https:\/\/www.vacportal.com\/wp-content\/uploads\/Vacportal-Logo_2024_de.png\",\"contentUrl\":\"https:\/\/www.vacportal.com\/wp-content\/uploads\/Vacportal-Logo_2024_de.png\",\"width\":946,\"height\":446,\"caption\":\"Vacportal AG\"},\"image\":{\"@id\":\"https:\/\/www.vacportal.com\/fr\/#\/schema\/logo\/image\/\"}}]}<\/script>\n<!-- \/ Yoast SEO Premium plugin. -->","yoast_head_json":{"title":"L'entreprise - Vacportal","description":"Vacportal","robots":{"index":"index","follow":"follow","max-snippet":"max-snippet:-1","max-image-preview":"max-image-preview:large","max-video-preview":"max-video-preview:-1"},"canonical":"https:\/\/www.vacportal.com\/fr\/entreprise\/","og_locale":"fr_FR","og_type":"article","og_title":"L'entreprise","og_description":"Vacportal","og_url":"https:\/\/www.vacportal.com\/fr\/entreprise\/","og_site_name":"Vacportal","article_modified_time":"2024-12-20T16:46:45+00:00","og_image":[{"width":2560,"height":480,"url":"https:\/\/www.vacportal.com\/wp-content\/uploads\/2024\/04\/Berge-saubere-luft.jpg","type":"image\/jpeg"}],"twitter_card":"summary_large_image","twitter_misc":{"Dur\u00e9e de lecture estim\u00e9e":"2 minutes"},"schema":{"@context":"https:\/\/schema.org","@graph":[{"@type":"WebPage","@id":"https:\/\/www.vacportal.com\/fr\/entreprise\/","url":"https:\/\/www.vacportal.com\/fr\/entreprise\/","name":"L'entreprise - Vacportal","isPartOf":{"@id":"https:\/\/www.vacportal.com\/fr\/#website"},"primaryImageOfPage":{"@id":"https:\/\/www.vacportal.com\/fr\/entreprise\/#primaryimage"},"image":{"@id":"https:\/\/www.vacportal.com\/fr\/entreprise\/#primaryimage"},"thumbnailUrl":"https:\/\/www.vacportal.com\/wp-content\/uploads\/2024\/04\/Berge-saubere-luft.jpg","datePublished":"2024-02-26T09:55:35+00:00","dateModified":"2024-12-20T16:46:45+00:00","description":"Vacportal","breadcrumb":{"@id":"https:\/\/www.vacportal.com\/fr\/entreprise\/#breadcrumb"},"inLanguage":"fr-FR","potentialAction":[{"@type":"ReadAction","target":["https:\/\/www.vacportal.com\/fr\/entreprise\/"]}]},{"@type":"ImageObject","inLanguage":"fr-FR","@id":"https:\/\/www.vacportal.com\/fr\/entreprise\/#primaryimage","url":"https:\/\/www.vacportal.com\/wp-content\/uploads\/2024\/04\/Berge-saubere-luft.jpg","contentUrl":"https:\/\/www.vacportal.com\/wp-content\/uploads\/2024\/04\/Berge-saubere-luft.jpg","width":2560,"height":480},{"@type":"BreadcrumbList","@id":"https:\/\/www.vacportal.com\/fr\/entreprise\/#breadcrumb","itemListElement":[{"@type":"ListItem","position":1,"name":"Home","item":"https:\/\/www.vacportal.com\/fr\/"},{"@type":"ListItem","position":2,"name":"L&#8217;entreprise"}]},{"@type":"WebSite","@id":"https:\/\/www.vacportal.com\/fr\/#website","url":"https:\/\/www.vacportal.com\/fr\/","name":"Vacportal AG","description":"Industrielle Absauganlagen und Industriesauger","publisher":{"@id":"https:\/\/www.vacportal.com\/fr\/#organization"},"alternateName":"Vacportal","potentialAction":[{"@type":"SearchAction","target":{"@type":"EntryPoint","urlTemplate":"https:\/\/www.vacportal.com\/fr\/?s={search_term_string}"},"query-input":{"@type":"PropertyValueSpecification","valueRequired":true,"valueName":"search_term_string"}}],"inLanguage":"fr-FR"},{"@type":"Organization","@id":"https:\/\/www.vacportal.com\/fr\/#organization","name":"Vacportal AG","url":"https:\/\/www.vacportal.com\/fr\/","logo":{"@type":"ImageObject","inLanguage":"fr-FR","@id":"https:\/\/www.vacportal.com\/fr\/#\/schema\/logo\/image\/","url":"https:\/\/www.vacportal.com\/wp-content\/uploads\/Vacportal-Logo_2024_de.png","contentUrl":"https:\/\/www.vacportal.com\/wp-content\/uploads\/Vacportal-Logo_2024_de.png","width":946,"height":446,"caption":"Vacportal AG"},"image":{"@id":"https:\/\/www.vacportal.com\/fr\/#\/schema\/logo\/image\/"}}]}},"_links":{"self":[{"href":"https:\/\/www.vacportal.com\/fr\/wp-json\/wp\/v2\/pages\/826","targetHints":{"allow":["GET"]}}],"collection":[{"href":"https:\/\/www.vacportal.com\/fr\/wp-json\/wp\/v2\/pages"}],"about":[{"href":"https:\/\/www.vacportal.com\/fr\/wp-json\/wp\/v2\/types\/page"}],"author":[{"embeddable":true,"href":"https:\/\/www.vacportal.com\/fr\/wp-json\/wp\/v2\/users\/1"}],"replies":[{"embeddable":true,"href":"https:\/\/www.vacportal.com\/fr\/wp-json\/wp\/v2\/comments?post=826"}],"version-history":[{"count":0,"href":"https:\/\/www.vacportal.com\/fr\/wp-json\/wp\/v2\/pages\/826\/revisions"}],"wp:featuredmedia":[{"embeddable":true,"href":"https:\/\/www.vacportal.com\/fr\/wp-json\/wp\/v2\/media\/632"}],"wp:attachment":[{"href":"https:\/\/www.vacportal.com\/fr\/wp-json\/wp\/v2\/media?parent=826"}],"curies":[{"name":"wp","href":"https:\/\/api.w.org\/{rel}","templated":true}]}}