{"id":836,"date":"2024-02-26T09:47:52","date_gmt":"2024-02-26T09:47:52","guid":{"rendered":"http:\/\/vacportal:8080\/accueil\/"},"modified":"2024-12-19T16:42:17","modified_gmt":"2024-12-19T16:42:17","slug":"accueil","status":"publish","type":"page","link":"https:\/\/www.vacportal.com\/fr\/accueil\/","title":{"rendered":"Accueil"},"content":{"rendered":"\n<h1 class=\"wp-block-heading\">INSTALLATIONS D\u2019ASPIRATION INDUSTRIELLES POUR VOTRE PRODUCTION<\/h1>\n\n\n\n<p>SOLUTIONS EFFICACES CONTRE LA POUSSI\u00c8RE, LES PARTICULES, LES COPEAUX ET LES PETITES PI\u00c8CES<\/p>\n\n\n\n\n<section class=\"startseite \">\n        <a href=\"https:\/\/www.vacportal.com\/fr\/aspirateurs-industriels\/\" class=\"kachel gradient-background\">\n        <div>\n        <figure>\n            <img decoding=\"async\" class=\"imginner\"\n                 loading=\"lazy\"\n                 width=\"768\"\n                 height=\"768\"\n                 alt=\"Industriesauger\"\n                 title=\"Industriesauger\"\n                 src=\"https:\/\/www.vacportal.com\/wp-content\/uploads\/2024\/04\/B000223-Industriesauger-P150-768x768.jpg\">\n        <\/figure>\n        <div class=\"card-content\">\n                            <h2>Aspirateurs industriels<\/h2>\n            \n            TECHNOLOGIE DE TURBINE POUR LES PETITES PI\u00c8CES \u00c0 ASPIRER<br>\r\n<br>\r\nRACCORD TYPIQUE \u00d8 25-80 MM        <\/div>\n        <\/div>\n    <\/a>\n        <a href=\"https:\/\/www.vacportal.com\/fr\/installations-aspiration\/\" class=\"kachel gradient-background\">\n        <div>\n        <figure>\n            <img decoding=\"async\" class=\"imginner\"\n                 loading=\"lazy\"\n                 width=\"768\"\n                 height=\"768\"\n                 alt=\"Absauganlagen und Entstauber\"\n                 title=\"Absauganlagen und Entstauber\"\n                 src=\"https:\/\/www.vacportal.com\/wp-content\/uploads\/2024\/04\/B000227-Entstauber-Absauganlage-RV600-768x768.jpg\">\n        <\/figure>\n        <div class=\"card-content\">\n                            <h2>INSTALLATIONS D\u2019ASPIRATION<\/h2>\n            \n            VENTILATEUR PUISSANT POUR GRANDS VOLUMES D\u2019AIR<br>\r\n<br>\r\nRACCORD TYPIQUE \u00d8 80-250 MM        <\/div>\n        <\/div>\n    <\/a>\n        <a href=\"https:\/\/www.vacportal.com\/fr\/accessoires-installations-aspiration\/\" class=\"kachel gradient-background\">\n        <div>\n        <figure>\n            <img decoding=\"async\" class=\"imginner\"\n                 loading=\"lazy\"\n                 width=\"768\"\n                 height=\"768\"\n                 alt=\"Hochwertiges Zubeh\u00f6r f\u00fcr optimale Resultate\"\n                 title=\"Hochwertiges Zubeh\u00f6r f\u00fcr optimale Resultate\"\n                 src=\"https:\/\/www.vacportal.com\/wp-content\/uploads\/2024\/04\/schlauch_start-768x768.jpg\">\n        <\/figure>\n        <div class=\"card-content\">\n                            <h2>ACCESSOIRES<\/h2>\n            \n            ACCESSOIRES DE QUALIT\u00c9 SUP\u00c9RIEURE POUR DES R\u00c9SULTATS OPTIMAUX<br>\r\n<br>\r\nTOUT POUR L\u2019INSTALLATION D\u2019ASPIRATION        <\/div>\n        <\/div>\n    <\/a>\n    <\/section>\n   \n\n\n\n\n\n<section class=\"startseite \">\n        <a href=\"https:\/\/www.vacportal.com\/fr\/conseils-vente\/\" class=\"kachel gradient-background\">\n        <div>\n        <figure>\n            <img decoding=\"async\" class=\"imginner\"\n                 loading=\"lazy\"\n                 width=\"768\"\n                 height=\"768\"\n                 alt=\"Conseil et vente d'installations d'aspiration et d'aspirateurs industriels\"\n                 title=\"Conseil et vente d'installations d'aspiration et d'aspirateurs industriels\"\n                 src=\"https:\/\/www.vacportal.com\/wp-content\/uploads\/beratung-768x768.webp\">\n        <\/figure>\n        <div class=\"card-content\">\n                            <h2>CONSEIL &amp; VENTE<\/h2>\n            \n            ANALYSE COMPL\u00c8TE, CONSEIL ET PLANIFICATION PAR DES SP\u00c9CIALISTES<br>\r\n<br>\r\nEXP\u00c9RIENCE ET STRAT\u00c9GIE POUR ATTEINDRE SES OBJECTIFS        <\/div>\n        <\/div>\n    <\/a>\n        <a href=\"https:\/\/www.vacportal.com\/fr\/service-installations-aspiration\/\" class=\"kachel gradient-background\">\n        <div>\n        <figure>\n            <img decoding=\"async\" class=\"imginner\"\n                 loading=\"lazy\"\n                 width=\"768\"\n                 height=\"768\"\n                 alt=\"Conseil et service d'installations d'aspiration et d'aspirateurs industriels\"\n                 title=\"Conseil et service d'installations d'aspiration et d'aspirateurs industriels\"\n                 src=\"https:\/\/www.vacportal.com\/wp-content\/uploads\/absauganlagen-service-768x768.webp\">\n        <\/figure>\n        <div class=\"card-content\">\n                            <h2>SERVICE &amp; PI\u00c8CES D\u00c9TACH\u00c9ES<\/h2>\n            \n            SERVICE SP\u00c9CIALIS\u00c9 POUR UNE S\u00c9CURIT\u00c9 D\u2019EXPLOITATION GARANTIE<br>\r\n<br>\r\nPOUR UNE DISPONIBILIT\u00c9 TOTALE        <\/div>\n        <\/div>\n    <\/a>\n        <a href=\"https:\/\/www.vacportal.com\/fr\/installation-aspiration-location\/\" class=\"kachel gradient-background\">\n        <div>\n        <figure>\n            <img decoding=\"async\" class=\"imginner\"\n                 loading=\"lazy\"\n                 width=\"480\"\n                 height=\"480\"\n                 alt=\"Location d'installations d'aspiration et d'aspirateurs industriels\"\n                 title=\"Location d'installations d'aspiration et d'aspirateurs industriels\"\n                 src=\"https:\/\/www.vacportal.com\/wp-content\/uploads\/rent.webp\">\n        <\/figure>\n        <div class=\"card-content\">\n                            <h2>APPAREILS EN LOCATION<\/h2>\n            \n            FLEXIBILIT\u00c9 ET S\u00c9CURIT\u00c9 POUR VOTRE DOMAINE D\u2019UTILISATION<br>\r\n<br>\r\nCONTR\u00d4LE ABSOLU DES CO\u00dbTS        <\/div>\n        <\/div>\n    <\/a>\n    <\/section>\n   \n\n\n\n\n<h2 class=\"wp-block-heading\">CONTACT<\/h2>\n\n\n\n<p class=\"teaser\">T\u00c9L\u00c9PHONEZ-NOUS OU \u00c9CRIVEZ-NOUS UN E-MAIL SANS ENGAGEMENT.<br>NOUS NOUS FERONS UN PLAISIR DE VOUS CONSEILLER ET DE VOUS ASSISTER.<br><br>PHONE: +41 (0)43 243 30 00<br>E-MAIL: <a href=\"mailto:sales@vacportal.com\">SALES@VACPORTAL.COM<\/a><\/p>\n\n\n\n<h2 class=\"wp-block-heading\">ENTREPRISE<\/h2>\n\n\n\n<p class=\"teasersmall\">LA PREMI\u00c8RE INSTALLATION D\u2019ASPIRATION A \u00c9T\u00c9 BREVET\u00c9E EN 1908. AU COURS DES D\u00c9CENNIES SUIVANTES, LES INSTALLATIONS D\u2019ASPIRATION ET LES ASPIRATEURS INDUSTRIELS ONT FORTEMENT \u00c9VOLU\u00c9 ET SE SONT NETTEMENT AM\u00c9LIOR\u00c9S. CHEZ <strong>VACPORTAL<\/strong>, NOUS CONNAISSONS LES DIFF\u00c9RENTS DOMAINES ET SECTEURS D\u2019UTILISATION DES INSTALLATIONS D\u2019ASPIRATION ET DES ASPIRATEURS INDUSTRIELS, CE QUI FAIT DE NOUS VOTRE PARTENAIRE SOLIDE ET COMP\u00c9TENT LORSQU\u2019IL S\u2019AGIT DE D\u00c9FINIR L\u2019INSTALLATION D\u2019ASPIRATION OU L\u2019ASPIRATEUR INDUSTRIEL POUR VOTRE ENTREPRISE.<br><br>LES <strong>ASPIRATEURS INDUSTRIELS<\/strong> ET LES <strong>INSTALLATIONS D\u2019ASPIRATION<\/strong> DE VACPORTAL SA ASPIRENT EFFICACEMENT LA POUSSI\u00c8RE, LES PARTICULES AINSI QUE DIVERSES MATI\u00c8RES ET PI\u00c8CES.<br><br>NOUS D\u00c9VELOPPONS ET PRODUISONS EN SUISSE DES INSTALLATIONS D\u2019ASPIRATION INDUSTRIELLES QUI NE MANQUENT PAS DE SOUFFLE. NOUS AVONS D\u00c9FINI POUR NOUS, COMME POUR NOS MACHINES, DES EXIGENCES \u00c9LEV\u00c9ES:<br><br><strong>\u00abDES SOLUTIONS EFFICACES ET UN AIR PROPRE POUR LA PROTECTION DE L\u2019HOMME, DE LA MACHINE ET DE LA PRODUCTION.\u00bb<\/strong><br><br><a href=\"https:\/\/www.vacportal.com\/fr\/bureau\/\">EN SAVOIR PLUS&#8230;<\/a><\/p>\n","protected":false},"excerpt":{"rendered":"<p>INSTALLATIONS D\u2019ASPIRATION INDUSTRIELLES POUR VOTRE PRODUCTION SOLUTIONS EFFICACES CONTRE LA POUSSI\u00c8RE, LES PARTICULES, LES COPEAUX ET LES PETITES PI\u00c8CES CONTACT T\u00c9L\u00c9PHONEZ-NOUS OU \u00c9CRIVEZ-NOUS UN E-MAIL SANS ENGAGEMENT.NOUS NOUS FERONS UN PLAISIR DE VOUS CONSEILLER ET DE VOUS ASSISTER. PHONE: +41 (0)43 243 30 00E-MAIL: SALES@VACPORTAL.COM ENTREPRISE LA PREMI\u00c8RE INSTALLATION D\u2019ASPIRATION A \u00c9T\u00c9 BREVET\u00c9E EN 1908. [&hellip;]<\/p>\n","protected":false},"author":1,"featured_media":0,"parent":0,"menu_order":0,"comment_status":"closed","ping_status":"closed","template":"","meta":{"footnotes":""},"class_list":["post-836","page","type-page","status-publish","hentry"],"yoast_head":"<!-- This site is optimized with the Yoast SEO Premium plugin v27.1 (Yoast SEO v27.1.1) - https:\/\/yoast.com\/product\/yoast-seo-premium-wordpress\/ -->\n<title>Accueil - Vacportal<\/title>\n<meta name=\"description\" content=\"Vacportal\" \/>\n<meta name=\"robots\" content=\"index, follow, max-snippet:-1, max-image-preview:large, max-video-preview:-1\" \/>\n<link rel=\"canonical\" href=\"https:\/\/www.vacportal.com\/fr\/accueil\/\" \/>\n<meta property=\"og:locale\" content=\"fr_FR\" \/>\n<meta property=\"og:type\" content=\"article\" \/>\n<meta property=\"og:title\" content=\"Accueil\" \/>\n<meta property=\"og:description\" content=\"Vacportal\" \/>\n<meta property=\"og:url\" content=\"https:\/\/www.vacportal.com\/fr\/accueil\/\" \/>\n<meta property=\"og:site_name\" content=\"Vacportal\" \/>\n<meta property=\"article:modified_time\" content=\"2024-12-19T16:42:17+00:00\" \/>\n<meta name=\"twitter:card\" content=\"summary_large_image\" \/>\n<meta name=\"twitter:label1\" content=\"Dur\u00e9e de lecture estim\u00e9e\" \/>\n\t<meta name=\"twitter:data1\" content=\"2 minutes\" \/>\n<script type=\"application\/ld+json\" class=\"yoast-schema-graph\">{\"@context\":\"https:\/\/schema.org\",\"@graph\":[{\"@type\":\"WebPage\",\"@id\":\"https:\/\/www.vacportal.com\/fr\/accueil\/\",\"url\":\"https:\/\/www.vacportal.com\/fr\/accueil\/\",\"name\":\"Accueil - Vacportal\",\"isPartOf\":{\"@id\":\"https:\/\/www.vacportal.com\/fr\/#website\"},\"datePublished\":\"2024-02-26T09:47:52+00:00\",\"dateModified\":\"2024-12-19T16:42:17+00:00\",\"description\":\"Vacportal\",\"breadcrumb\":{\"@id\":\"https:\/\/www.vacportal.com\/fr\/accueil\/#breadcrumb\"},\"inLanguage\":\"fr-FR\",\"potentialAction\":[{\"@type\":\"ReadAction\",\"target\":[\"https:\/\/www.vacportal.com\/fr\/accueil\/\"]}]},{\"@type\":\"BreadcrumbList\",\"@id\":\"https:\/\/www.vacportal.com\/fr\/accueil\/#breadcrumb\",\"itemListElement\":[{\"@type\":\"ListItem\",\"position\":1,\"name\":\"Home\",\"item\":\"https:\/\/www.vacportal.com\/fr\/\"},{\"@type\":\"ListItem\",\"position\":2,\"name\":\"Accueil\"}]},{\"@type\":\"WebSite\",\"@id\":\"https:\/\/www.vacportal.com\/fr\/#website\",\"url\":\"https:\/\/www.vacportal.com\/fr\/\",\"name\":\"Vacportal AG\",\"description\":\"Industrielle Absauganlagen und Industriesauger\",\"publisher\":{\"@id\":\"https:\/\/www.vacportal.com\/fr\/#organization\"},\"alternateName\":\"Vacportal\",\"potentialAction\":[{\"@type\":\"SearchAction\",\"target\":{\"@type\":\"EntryPoint\",\"urlTemplate\":\"https:\/\/www.vacportal.com\/fr\/?s={search_term_string}\"},\"query-input\":{\"@type\":\"PropertyValueSpecification\",\"valueRequired\":true,\"valueName\":\"search_term_string\"}}],\"inLanguage\":\"fr-FR\"},{\"@type\":\"Organization\",\"@id\":\"https:\/\/www.vacportal.com\/fr\/#organization\",\"name\":\"Vacportal AG\",\"url\":\"https:\/\/www.vacportal.com\/fr\/\",\"logo\":{\"@type\":\"ImageObject\",\"inLanguage\":\"fr-FR\",\"@id\":\"https:\/\/www.vacportal.com\/fr\/#\/schema\/logo\/image\/\",\"url\":\"https:\/\/www.vacportal.com\/wp-content\/uploads\/Vacportal-Logo_2024_de.png\",\"contentUrl\":\"https:\/\/www.vacportal.com\/wp-content\/uploads\/Vacportal-Logo_2024_de.png\",\"width\":946,\"height\":446,\"caption\":\"Vacportal AG\"},\"image\":{\"@id\":\"https:\/\/www.vacportal.com\/fr\/#\/schema\/logo\/image\/\"}}]}<\/script>\n<!-- \/ Yoast SEO Premium plugin. -->","yoast_head_json":{"title":"Accueil - Vacportal","description":"Vacportal","robots":{"index":"index","follow":"follow","max-snippet":"max-snippet:-1","max-image-preview":"max-image-preview:large","max-video-preview":"max-video-preview:-1"},"canonical":"https:\/\/www.vacportal.com\/fr\/accueil\/","og_locale":"fr_FR","og_type":"article","og_title":"Accueil","og_description":"Vacportal","og_url":"https:\/\/www.vacportal.com\/fr\/accueil\/","og_site_name":"Vacportal","article_modified_time":"2024-12-19T16:42:17+00:00","twitter_card":"summary_large_image","twitter_misc":{"Dur\u00e9e de lecture estim\u00e9e":"2 minutes"},"schema":{"@context":"https:\/\/schema.org","@graph":[{"@type":"WebPage","@id":"https:\/\/www.vacportal.com\/fr\/accueil\/","url":"https:\/\/www.vacportal.com\/fr\/accueil\/","name":"Accueil - Vacportal","isPartOf":{"@id":"https:\/\/www.vacportal.com\/fr\/#website"},"datePublished":"2024-02-26T09:47:52+00:00","dateModified":"2024-12-19T16:42:17+00:00","description":"Vacportal","breadcrumb":{"@id":"https:\/\/www.vacportal.com\/fr\/accueil\/#breadcrumb"},"inLanguage":"fr-FR","potentialAction":[{"@type":"ReadAction","target":["https:\/\/www.vacportal.com\/fr\/accueil\/"]}]},{"@type":"BreadcrumbList","@id":"https:\/\/www.vacportal.com\/fr\/accueil\/#breadcrumb","itemListElement":[{"@type":"ListItem","position":1,"name":"Home","item":"https:\/\/www.vacportal.com\/fr\/"},{"@type":"ListItem","position":2,"name":"Accueil"}]},{"@type":"WebSite","@id":"https:\/\/www.vacportal.com\/fr\/#website","url":"https:\/\/www.vacportal.com\/fr\/","name":"Vacportal AG","description":"Industrielle Absauganlagen und Industriesauger","publisher":{"@id":"https:\/\/www.vacportal.com\/fr\/#organization"},"alternateName":"Vacportal","potentialAction":[{"@type":"SearchAction","target":{"@type":"EntryPoint","urlTemplate":"https:\/\/www.vacportal.com\/fr\/?s={search_term_string}"},"query-input":{"@type":"PropertyValueSpecification","valueRequired":true,"valueName":"search_term_string"}}],"inLanguage":"fr-FR"},{"@type":"Organization","@id":"https:\/\/www.vacportal.com\/fr\/#organization","name":"Vacportal AG","url":"https:\/\/www.vacportal.com\/fr\/","logo":{"@type":"ImageObject","inLanguage":"fr-FR","@id":"https:\/\/www.vacportal.com\/fr\/#\/schema\/logo\/image\/","url":"https:\/\/www.vacportal.com\/wp-content\/uploads\/Vacportal-Logo_2024_de.png","contentUrl":"https:\/\/www.vacportal.com\/wp-content\/uploads\/Vacportal-Logo_2024_de.png","width":946,"height":446,"caption":"Vacportal AG"},"image":{"@id":"https:\/\/www.vacportal.com\/fr\/#\/schema\/logo\/image\/"}}]}},"_links":{"self":[{"href":"https:\/\/www.vacportal.com\/fr\/wp-json\/wp\/v2\/pages\/836","targetHints":{"allow":["GET"]}}],"collection":[{"href":"https:\/\/www.vacportal.com\/fr\/wp-json\/wp\/v2\/pages"}],"about":[{"href":"https:\/\/www.vacportal.com\/fr\/wp-json\/wp\/v2\/types\/page"}],"author":[{"embeddable":true,"href":"https:\/\/www.vacportal.com\/fr\/wp-json\/wp\/v2\/users\/1"}],"replies":[{"embeddable":true,"href":"https:\/\/www.vacportal.com\/fr\/wp-json\/wp\/v2\/comments?post=836"}],"version-history":[{"count":0,"href":"https:\/\/www.vacportal.com\/fr\/wp-json\/wp\/v2\/pages\/836\/revisions"}],"wp:attachment":[{"href":"https:\/\/www.vacportal.com\/fr\/wp-json\/wp\/v2\/media?parent=836"}],"curies":[{"name":"wp","href":"https:\/\/api.w.org\/{rel}","templated":true}]}}