{"id":863,"date":"2024-03-31T11:05:56","date_gmt":"2024-03-31T11:05:56","guid":{"rendered":"http:\/\/vacportal:8080\/aspirateurs-industriels-pour-copeaux-de-tournage\/"},"modified":"2024-12-20T13:16:50","modified_gmt":"2024-12-20T13:16:50","slug":"aspirateurs-industriels-pour-copeaux-de-tournage","status":"publish","type":"page","link":"https:\/\/www.vacportal.com\/fr\/linstallation-aspiration-adaptee-a-chaque-exigence\/aspirateurs-industriels-pour-copeaux-de-tournage\/","title":{"rendered":"Aspirateurs industriels pour copeaux de tournage"},"content":{"rendered":"\n<p>Les aspirateurs industriels des <a href=\"https:\/\/www.vacportal.com\/fr\/aspirateurs-industriels\/aspirateurs-industriels-serie-p150-6litres\/\">s\u00e9ries P150<\/a> et <a href=\"https:\/\/www.vacportal.com\/fr\/aspirateurs-industriels\/aspirateurs-industriels-serie-st600\/\">ST600<\/a> permettent d\u2019aspirer les copeaux de tournage. Equip\u00e9s du pr\u00e9s\u00e9parateur appropri\u00e9, ils peuvent en outre aspirer les copeaux longs.<br><\/p>\n\n\n\n<h2 class=\"wp-block-heading\">Aspiration des copeaux longs<\/h2>\n\n\n\n<p>Les copeaux longs volant de toutes parts ne doivent pas perturber le travail dans votre entreprise. Les <a href=\"https:\/\/www.vacportal.com\/fr\/aspirateurs-industriels\/\">aspirateurs industriels de Vacportal<\/a> \u00e9quip\u00e9s d\u2019un pr\u00e9s\u00e9parateur permettent de r\u00e9soudre le probl\u00e8me.<\/p>\n\n\n\n<p>Les copeaux longs sont aspir\u00e9s par une buse d\u2019aspiration mont\u00e9e sur l\u2019axe Z et r\u00e9colt\u00e9s dans un pr\u00e9s\u00e9parateur. Ils ne s\u2019enroulent plus autour des outils ou ne viennent pas se d\u00e9poser sur les pi\u00e8ces \u00e0 usiner.<\/p>\n\n\n\n<p>En pr\u00e9servant les surfaces et en respectant les cotes, le travail devient plus rationnel. L\u2019op\u00e9rateur n\u2019est pas d\u00e9rang\u00e9 en permanence par les copeaux longs et peut se concentrer sur son ouvrage. Un fonctionnement 24 heures sur 24 est \u00e9galement r\u00e9alisable avec une telle combinaison.<br><a><\/a><\/p>\n\n\n\n<h2 class=\"wp-block-heading\">Aspiration de copeaux de m\u00e9taux pr\u00e9cieux<\/h2>\n\n\n\n<p>Les entreprises travaillant des m\u00e9taux pr\u00e9cieux comme l\u2019or tiennent \u00e0 \u00e9viter toute perte de copeaux et de poussi\u00e8res.<\/p>\n\n\n\n<p>Un aspirateur industriel de la <a href=\"https:\/\/www.vacportal.com\/fr\/aspirateurs-industriels\/aspirateurs-industriels-serie-st600\/\">s\u00e9rie ST600<\/a> permet d\u2019aspirer les copeaux tout en les s\u00e9parant dans un sac en tissu en option. De cette mani\u00e8re, les copeaux ne s\u2019accumulent pas dans la machine ni dans la cartouche filtrante.<\/p>\n\n\n\n<p>Les m\u00e9taux ou autres mat\u00e9riaux pr\u00e9cieux peuvent ainsi \u00eatre recycl\u00e9s.<\/p>\n\n\n\n\n    <div class=\"contactbox\">\n        <div style=\"flex-grow:8;padding:20px;\">\n            T\u00e9l\u00e9phonez-nous sans engagement ou \u00e9crivez-nous un e-mail afin que nous puissions vous conseiller!\n            <br><br><b>Nous vous aidons volontiers.<\/b><br><br>T\u00e9l. +41 43 243 30 00<br>E-mail:            <script>document.write('<a class=\\\"contbox\\\" href=\\\"mailto:' + 'sales' + '@' + 'vacportal.com' +'\\\">' + 'sales' + '@' + 'vacportal.com' + '<\/a>');<\/script>\n        <\/div>\n\n        <div class=\"buttonarea\" style=\"flex-grow:2;padding:20px;text-align:right;\">\n            <button class=\"contactbutton\" onclick=\"window.location.href = '\/kontakt\/'\">FORMULAIRE DE CONTACT<\/button>\n        <\/div>\n    <\/div>\n\n\n\n\n","protected":false},"excerpt":{"rendered":"<p>Les aspirateurs industriels des s\u00e9ries P150 et ST600 permettent d\u2019aspirer les copeaux de tournage. Equip\u00e9s du pr\u00e9s\u00e9parateur appropri\u00e9, ils peuvent en outre aspirer les copeaux longs. Aspiration des copeaux longs Les copeaux longs volant de toutes parts ne doivent pas perturber le travail dans votre entreprise. Les aspirateurs industriels de Vacportal \u00e9quip\u00e9s d\u2019un pr\u00e9s\u00e9parateur permettent [&hellip;]<\/p>\n","protected":false},"author":1,"featured_media":612,"parent":831,"menu_order":0,"comment_status":"closed","ping_status":"closed","template":"","meta":{"footnotes":""},"class_list":["post-863","page","type-page","status-publish","has-post-thumbnail","hentry"],"yoast_head":"<!-- This site is optimized with the Yoast SEO Premium plugin v27.1 (Yoast SEO v27.1.1) - https:\/\/yoast.com\/product\/yoast-seo-premium-wordpress\/ -->\n<title>Aspirateurs industriels pour copeaux de tournage - Vacportal<\/title>\n<meta name=\"description\" content=\"Vacportal\" \/>\n<meta name=\"robots\" content=\"index, follow, max-snippet:-1, max-image-preview:large, max-video-preview:-1\" \/>\n<link rel=\"canonical\" href=\"https:\/\/www.vacportal.com\/fr\/linstallation-aspiration-adaptee-a-chaque-exigence\/aspirateurs-industriels-pour-copeaux-de-tournage\/\" \/>\n<meta property=\"og:locale\" content=\"fr_FR\" \/>\n<meta property=\"og:type\" content=\"article\" \/>\n<meta property=\"og:title\" content=\"Aspirateurs industriels pour copeaux de tournage\" \/>\n<meta property=\"og:description\" content=\"Vacportal\" \/>\n<meta property=\"og:url\" content=\"https:\/\/www.vacportal.com\/fr\/linstallation-aspiration-adaptee-a-chaque-exigence\/aspirateurs-industriels-pour-copeaux-de-tournage\/\" \/>\n<meta property=\"og:site_name\" content=\"Vacportal\" \/>\n<meta property=\"article:modified_time\" content=\"2024-12-20T13:16:50+00:00\" \/>\n<meta property=\"og:image\" content=\"https:\/\/www.vacportal.com\/wp-content\/uploads\/2024\/04\/Drehmaschinen-Drehspaene-Absaugung.jpg\" \/>\n\t<meta property=\"og:image:width\" content=\"2560\" \/>\n\t<meta property=\"og:image:height\" content=\"480\" \/>\n\t<meta property=\"og:image:type\" content=\"image\/jpeg\" \/>\n<meta name=\"twitter:card\" content=\"summary_large_image\" \/>\n<meta name=\"twitter:label1\" content=\"Dur\u00e9e de lecture estim\u00e9e\" \/>\n\t<meta name=\"twitter:data1\" content=\"2 minutes\" \/>\n<script type=\"application\/ld+json\" class=\"yoast-schema-graph\">{\"@context\":\"https:\/\/schema.org\",\"@graph\":[{\"@type\":\"WebPage\",\"@id\":\"https:\/\/www.vacportal.com\/fr\/linstallation-aspiration-adaptee-a-chaque-exigence\/aspirateurs-industriels-pour-copeaux-de-tournage\/\",\"url\":\"https:\/\/www.vacportal.com\/fr\/linstallation-aspiration-adaptee-a-chaque-exigence\/aspirateurs-industriels-pour-copeaux-de-tournage\/\",\"name\":\"Aspirateurs industriels pour copeaux de tournage - Vacportal\",\"isPartOf\":{\"@id\":\"https:\/\/www.vacportal.com\/fr\/#website\"},\"primaryImageOfPage\":{\"@id\":\"https:\/\/www.vacportal.com\/fr\/linstallation-aspiration-adaptee-a-chaque-exigence\/aspirateurs-industriels-pour-copeaux-de-tournage\/#primaryimage\"},\"image\":{\"@id\":\"https:\/\/www.vacportal.com\/fr\/linstallation-aspiration-adaptee-a-chaque-exigence\/aspirateurs-industriels-pour-copeaux-de-tournage\/#primaryimage\"},\"thumbnailUrl\":\"https:\/\/www.vacportal.com\/wp-content\/uploads\/2024\/04\/Drehmaschinen-Drehspaene-Absaugung.jpg\",\"datePublished\":\"2024-03-31T11:05:56+00:00\",\"dateModified\":\"2024-12-20T13:16:50+00:00\",\"description\":\"Vacportal\",\"breadcrumb\":{\"@id\":\"https:\/\/www.vacportal.com\/fr\/linstallation-aspiration-adaptee-a-chaque-exigence\/aspirateurs-industriels-pour-copeaux-de-tournage\/#breadcrumb\"},\"inLanguage\":\"fr-FR\",\"potentialAction\":[{\"@type\":\"ReadAction\",\"target\":[\"https:\/\/www.vacportal.com\/fr\/linstallation-aspiration-adaptee-a-chaque-exigence\/aspirateurs-industriels-pour-copeaux-de-tournage\/\"]}]},{\"@type\":\"ImageObject\",\"inLanguage\":\"fr-FR\",\"@id\":\"https:\/\/www.vacportal.com\/fr\/linstallation-aspiration-adaptee-a-chaque-exigence\/aspirateurs-industriels-pour-copeaux-de-tournage\/#primaryimage\",\"url\":\"https:\/\/www.vacportal.com\/wp-content\/uploads\/2024\/04\/Drehmaschinen-Drehspaene-Absaugung.jpg\",\"contentUrl\":\"https:\/\/www.vacportal.com\/wp-content\/uploads\/2024\/04\/Drehmaschinen-Drehspaene-Absaugung.jpg\",\"width\":2560,\"height\":480,\"caption\":\"Absauganlagen und Industriesauger f\u00fcr die Drehspaene-Absaugung an Drehmaschinen\"},{\"@type\":\"BreadcrumbList\",\"@id\":\"https:\/\/www.vacportal.com\/fr\/linstallation-aspiration-adaptee-a-chaque-exigence\/aspirateurs-industriels-pour-copeaux-de-tournage\/#breadcrumb\",\"itemListElement\":[{\"@type\":\"ListItem\",\"position\":1,\"name\":\"Home\",\"item\":\"https:\/\/www.vacportal.com\/fr\/\"},{\"@type\":\"ListItem\",\"position\":2,\"name\":\"L\u2019installation d\u2019aspiration adapt\u00e9e \u00e0 chaque exigence\",\"item\":\"https:\/\/www.vacportal.com\/fr\/linstallation-aspiration-adaptee-a-chaque-exigence\/\"},{\"@type\":\"ListItem\",\"position\":3,\"name\":\"Aspirateurs industriels pour copeaux de tournage\"}]},{\"@type\":\"WebSite\",\"@id\":\"https:\/\/www.vacportal.com\/fr\/#website\",\"url\":\"https:\/\/www.vacportal.com\/fr\/\",\"name\":\"Vacportal AG\",\"description\":\"Industrielle Absauganlagen und Industriesauger\",\"publisher\":{\"@id\":\"https:\/\/www.vacportal.com\/fr\/#organization\"},\"alternateName\":\"Vacportal\",\"potentialAction\":[{\"@type\":\"SearchAction\",\"target\":{\"@type\":\"EntryPoint\",\"urlTemplate\":\"https:\/\/www.vacportal.com\/fr\/?s={search_term_string}\"},\"query-input\":{\"@type\":\"PropertyValueSpecification\",\"valueRequired\":true,\"valueName\":\"search_term_string\"}}],\"inLanguage\":\"fr-FR\"},{\"@type\":\"Organization\",\"@id\":\"https:\/\/www.vacportal.com\/fr\/#organization\",\"name\":\"Vacportal AG\",\"url\":\"https:\/\/www.vacportal.com\/fr\/\",\"logo\":{\"@type\":\"ImageObject\",\"inLanguage\":\"fr-FR\",\"@id\":\"https:\/\/www.vacportal.com\/fr\/#\/schema\/logo\/image\/\",\"url\":\"https:\/\/www.vacportal.com\/wp-content\/uploads\/Vacportal-Logo_2024_de.png\",\"contentUrl\":\"https:\/\/www.vacportal.com\/wp-content\/uploads\/Vacportal-Logo_2024_de.png\",\"width\":946,\"height\":446,\"caption\":\"Vacportal AG\"},\"image\":{\"@id\":\"https:\/\/www.vacportal.com\/fr\/#\/schema\/logo\/image\/\"}}]}<\/script>\n<!-- \/ Yoast SEO Premium plugin. -->","yoast_head_json":{"title":"Aspirateurs industriels pour copeaux de tournage - Vacportal","description":"Vacportal","robots":{"index":"index","follow":"follow","max-snippet":"max-snippet:-1","max-image-preview":"max-image-preview:large","max-video-preview":"max-video-preview:-1"},"canonical":"https:\/\/www.vacportal.com\/fr\/linstallation-aspiration-adaptee-a-chaque-exigence\/aspirateurs-industriels-pour-copeaux-de-tournage\/","og_locale":"fr_FR","og_type":"article","og_title":"Aspirateurs industriels pour copeaux de tournage","og_description":"Vacportal","og_url":"https:\/\/www.vacportal.com\/fr\/linstallation-aspiration-adaptee-a-chaque-exigence\/aspirateurs-industriels-pour-copeaux-de-tournage\/","og_site_name":"Vacportal","article_modified_time":"2024-12-20T13:16:50+00:00","og_image":[{"width":2560,"height":480,"url":"https:\/\/www.vacportal.com\/wp-content\/uploads\/2024\/04\/Drehmaschinen-Drehspaene-Absaugung.jpg","type":"image\/jpeg"}],"twitter_card":"summary_large_image","twitter_misc":{"Dur\u00e9e de lecture estim\u00e9e":"2 minutes"},"schema":{"@context":"https:\/\/schema.org","@graph":[{"@type":"WebPage","@id":"https:\/\/www.vacportal.com\/fr\/linstallation-aspiration-adaptee-a-chaque-exigence\/aspirateurs-industriels-pour-copeaux-de-tournage\/","url":"https:\/\/www.vacportal.com\/fr\/linstallation-aspiration-adaptee-a-chaque-exigence\/aspirateurs-industriels-pour-copeaux-de-tournage\/","name":"Aspirateurs industriels pour copeaux de tournage - Vacportal","isPartOf":{"@id":"https:\/\/www.vacportal.com\/fr\/#website"},"primaryImageOfPage":{"@id":"https:\/\/www.vacportal.com\/fr\/linstallation-aspiration-adaptee-a-chaque-exigence\/aspirateurs-industriels-pour-copeaux-de-tournage\/#primaryimage"},"image":{"@id":"https:\/\/www.vacportal.com\/fr\/linstallation-aspiration-adaptee-a-chaque-exigence\/aspirateurs-industriels-pour-copeaux-de-tournage\/#primaryimage"},"thumbnailUrl":"https:\/\/www.vacportal.com\/wp-content\/uploads\/2024\/04\/Drehmaschinen-Drehspaene-Absaugung.jpg","datePublished":"2024-03-31T11:05:56+00:00","dateModified":"2024-12-20T13:16:50+00:00","description":"Vacportal","breadcrumb":{"@id":"https:\/\/www.vacportal.com\/fr\/linstallation-aspiration-adaptee-a-chaque-exigence\/aspirateurs-industriels-pour-copeaux-de-tournage\/#breadcrumb"},"inLanguage":"fr-FR","potentialAction":[{"@type":"ReadAction","target":["https:\/\/www.vacportal.com\/fr\/linstallation-aspiration-adaptee-a-chaque-exigence\/aspirateurs-industriels-pour-copeaux-de-tournage\/"]}]},{"@type":"ImageObject","inLanguage":"fr-FR","@id":"https:\/\/www.vacportal.com\/fr\/linstallation-aspiration-adaptee-a-chaque-exigence\/aspirateurs-industriels-pour-copeaux-de-tournage\/#primaryimage","url":"https:\/\/www.vacportal.com\/wp-content\/uploads\/2024\/04\/Drehmaschinen-Drehspaene-Absaugung.jpg","contentUrl":"https:\/\/www.vacportal.com\/wp-content\/uploads\/2024\/04\/Drehmaschinen-Drehspaene-Absaugung.jpg","width":2560,"height":480,"caption":"Absauganlagen und Industriesauger f\u00fcr die Drehspaene-Absaugung an Drehmaschinen"},{"@type":"BreadcrumbList","@id":"https:\/\/www.vacportal.com\/fr\/linstallation-aspiration-adaptee-a-chaque-exigence\/aspirateurs-industriels-pour-copeaux-de-tournage\/#breadcrumb","itemListElement":[{"@type":"ListItem","position":1,"name":"Home","item":"https:\/\/www.vacportal.com\/fr\/"},{"@type":"ListItem","position":2,"name":"L\u2019installation d\u2019aspiration adapt\u00e9e \u00e0 chaque exigence","item":"https:\/\/www.vacportal.com\/fr\/linstallation-aspiration-adaptee-a-chaque-exigence\/"},{"@type":"ListItem","position":3,"name":"Aspirateurs industriels pour copeaux de tournage"}]},{"@type":"WebSite","@id":"https:\/\/www.vacportal.com\/fr\/#website","url":"https:\/\/www.vacportal.com\/fr\/","name":"Vacportal AG","description":"Industrielle Absauganlagen und Industriesauger","publisher":{"@id":"https:\/\/www.vacportal.com\/fr\/#organization"},"alternateName":"Vacportal","potentialAction":[{"@type":"SearchAction","target":{"@type":"EntryPoint","urlTemplate":"https:\/\/www.vacportal.com\/fr\/?s={search_term_string}"},"query-input":{"@type":"PropertyValueSpecification","valueRequired":true,"valueName":"search_term_string"}}],"inLanguage":"fr-FR"},{"@type":"Organization","@id":"https:\/\/www.vacportal.com\/fr\/#organization","name":"Vacportal AG","url":"https:\/\/www.vacportal.com\/fr\/","logo":{"@type":"ImageObject","inLanguage":"fr-FR","@id":"https:\/\/www.vacportal.com\/fr\/#\/schema\/logo\/image\/","url":"https:\/\/www.vacportal.com\/wp-content\/uploads\/Vacportal-Logo_2024_de.png","contentUrl":"https:\/\/www.vacportal.com\/wp-content\/uploads\/Vacportal-Logo_2024_de.png","width":946,"height":446,"caption":"Vacportal AG"},"image":{"@id":"https:\/\/www.vacportal.com\/fr\/#\/schema\/logo\/image\/"}}]}},"_links":{"self":[{"href":"https:\/\/www.vacportal.com\/fr\/wp-json\/wp\/v2\/pages\/863","targetHints":{"allow":["GET"]}}],"collection":[{"href":"https:\/\/www.vacportal.com\/fr\/wp-json\/wp\/v2\/pages"}],"about":[{"href":"https:\/\/www.vacportal.com\/fr\/wp-json\/wp\/v2\/types\/page"}],"author":[{"embeddable":true,"href":"https:\/\/www.vacportal.com\/fr\/wp-json\/wp\/v2\/users\/1"}],"replies":[{"embeddable":true,"href":"https:\/\/www.vacportal.com\/fr\/wp-json\/wp\/v2\/comments?post=863"}],"version-history":[{"count":0,"href":"https:\/\/www.vacportal.com\/fr\/wp-json\/wp\/v2\/pages\/863\/revisions"}],"up":[{"embeddable":true,"href":"https:\/\/www.vacportal.com\/fr\/wp-json\/wp\/v2\/pages\/831"}],"wp:featuredmedia":[{"embeddable":true,"href":"https:\/\/www.vacportal.com\/fr\/wp-json\/wp\/v2\/media\/612"}],"wp:attachment":[{"href":"https:\/\/www.vacportal.com\/fr\/wp-json\/wp\/v2\/media?parent=863"}],"curies":[{"name":"wp","href":"https:\/\/api.w.org\/{rel}","templated":true}]}}