{"id":868,"date":"2024-03-29T16:15:26","date_gmt":"2024-03-29T16:15:26","guid":{"rendered":"http:\/\/vacportal:8080\/poudre-de-precoating\/"},"modified":"2024-12-10T14:29:37","modified_gmt":"2024-12-10T14:29:37","slug":"poudre-precoating","status":"publish","type":"page","link":"https:\/\/www.vacportal.com\/fr\/accessoires-installations-aspiration\/poudre-precoating\/","title":{"rendered":"Poudre de pr\u00e9coating"},"content":{"rendered":"\n<p>La poudre de pr\u00e9coating pour mati\u00e8res particuli\u00e8rement collantes permet de pr\u00e9venir l\u2019encrassement des milieux filtrants. La vaporisation de 75 \u00e0 150 g\/m2 de poudre est n\u00e9cessaire pour les cartouches filtrantes, contre 150 \u00e0 250 g\/m2 pour les filtres \u00e0 feutre aiguillet\u00e9. Lors de la premi\u00e8re utilisation, le d\u00e9colmatage du filtre doit \u00eatre d\u00e9sactiv\u00e9 pour les 3 \u00e0 5 heures de fonctionnement initial.<\/p>\n<div class=\"prodlist\">\n\n\n        <!--            <div>--><!--<\/div>-->\n\n                        <div class='uk-grid' uk-grid>\n\n                <div class=\"uk-width-1-3@m\">\n                    <div>\n                                                    <img decoding=\"async\" src=\"https:\/\/www.vacportal.com\/wp-content\/themes\/vacportal\/assets\/images\/products\/B000233-Precoating-Pulver.jpg\" title=\"Poudre de pr\u00e9coating 14 kg\" alt=\"Poudre de pr\u00e9coating 14 kg\" class=\"prodimg\" style=\"width:auto;max-height:500px;\" \/>\n                        \n                                                    <div style=\"font-size:13px;max-width: 600px;\">La poudre de pr\u00e9coating, silicate d'aluminium pour mati\u00e8res particuli\u00e8rement collantes.<\/div>\n                                            <\/div>\n                <\/div>\n\n\n\n\n                    <div class=\"uk-width-2-3@m \">\n                        \n                                \n\n                <div class=\"box productlistclick\" role=\"link\" tabindex=\"0\"  data-href=\"https:\/\/www.vacportal.com\/fr\/accessoires-installations-aspiration\/precoating-powder-14kg\/\">\n\n\n                    <h2 class=\"listcattitle\">\n                        <a href=\"https:\/\/www.vacportal.com\/fr\/accessoires-installations-aspiration\/precoating-powder-14kg\/\"\n                           title=\"Poudre de pr\u00e9coating 14 kg\">Poudre de pr\u00e9coating 14 kg<\/a>\n                    <\/h2>\n\n                    <div class=\"spec-list\">\n                        <ul><\/ul>\n                    <\/div>\n\n                    <div>\n                        <a href=\"https:\/\/www.vacportal.com\/fr\/accessoires-installations-aspiration\/precoating-powder-14kg\/\"\n                           class=\"customapp_startpage_link_02\"\n                           title=\"Poudre de pr\u00e9coating 14 kg\"><i class=\"fa fa-arrow-circle-right\"><\/i>vers Poudre de pr\u00e9coating 14 kg<\/a>\n                    <\/div>\n\n                <\/div>\n                            \n        \n        <\/div><!-- End Grid -->\n\n\n<\/div><!-- End Prodlist -->\n\n\n    <div class=\"contactbox\">\n        <div style=\"flex-grow:8;padding:20px;\">\n            T\u00e9l\u00e9phonez-nous sans engagement ou \u00e9crivez-nous un e-mail afin que nous puissions vous conseiller!\n            <br><br><b>Nous vous aidons volontiers.<\/b><br><br>T\u00e9l. +41 43 243 30 00<br>E-mail:            <script>document.write('<a class=\\\"contbox\\\" href=\\\"mailto:' + 'sales' + '@' + 'vacportal.com' +'\\\">' + 'sales' + '@' + 'vacportal.com' + '<\/a>');<\/script>\n        <\/div>\n\n        <div class=\"buttonarea\" style=\"flex-grow:2;padding:20px;text-align:right;\">\n            <button class=\"contactbutton\" onclick=\"window.location.href = '\/kontakt\/'\">FORMULAIRE DE CONTACT<\/button>\n        <\/div>\n    <\/div>\n\n\n\n\n","protected":false},"excerpt":{"rendered":"<p>La poudre de pr\u00e9coating pour mati\u00e8res particuli\u00e8rement collantes permet de pr\u00e9venir l\u2019encrassement des milieux filtrants. La vaporisation de 75 \u00e0 150 g\/m2 de poudre est n\u00e9cessaire pour les cartouches filtrantes, contre 150 \u00e0 250 g\/m2 pour les filtres \u00e0 feutre aiguillet\u00e9. Lors de la premi\u00e8re utilisation, le d\u00e9colmatage du filtre doit \u00eatre d\u00e9sactiv\u00e9 pour les [&hellip;]<\/p>\n","protected":false},"author":1,"featured_media":605,"parent":883,"menu_order":0,"comment_status":"closed","ping_status":"closed","template":"","meta":{"footnotes":""},"class_list":["post-868","page","type-page","status-publish","has-post-thumbnail","hentry"],"yoast_head":"<!-- This site is optimized with the Yoast SEO Premium plugin v27.1 (Yoast SEO v27.1.1) - https:\/\/yoast.com\/product\/yoast-seo-premium-wordpress\/ -->\n<title>Poudre de pr\u00e9coating - Vacportal<\/title>\n<meta name=\"description\" content=\"Vacportal\" \/>\n<meta name=\"robots\" content=\"index, follow, max-snippet:-1, max-image-preview:large, max-video-preview:-1\" \/>\n<link rel=\"canonical\" href=\"https:\/\/www.vacportal.com\/fr\/accessoires-installations-aspiration\/poudre-precoating\/\" \/>\n<meta property=\"og:locale\" content=\"fr_FR\" \/>\n<meta property=\"og:type\" content=\"article\" \/>\n<meta property=\"og:title\" content=\"Poudre de pr\u00e9coating\" \/>\n<meta property=\"og:description\" content=\"Vacportal\" \/>\n<meta property=\"og:url\" content=\"https:\/\/www.vacportal.com\/fr\/accessoires-installations-aspiration\/poudre-precoating\/\" \/>\n<meta property=\"og:site_name\" content=\"Vacportal\" \/>\n<meta property=\"article:modified_time\" content=\"2024-12-10T14:29:37+00:00\" \/>\n<meta property=\"og:image\" content=\"https:\/\/www.vacportal.com\/wp-content\/uploads\/2024\/04\/Precoating-Pulver.jpg\" \/>\n\t<meta property=\"og:image:width\" content=\"2560\" \/>\n\t<meta property=\"og:image:height\" content=\"480\" \/>\n\t<meta property=\"og:image:type\" content=\"image\/jpeg\" \/>\n<meta name=\"twitter:card\" content=\"summary_large_image\" \/>\n<script type=\"application\/ld+json\" class=\"yoast-schema-graph\">{\"@context\":\"https:\/\/schema.org\",\"@graph\":[{\"@type\":\"WebPage\",\"@id\":\"https:\/\/www.vacportal.com\/fr\/accessoires-installations-aspiration\/poudre-precoating\/\",\"url\":\"https:\/\/www.vacportal.com\/fr\/accessoires-installations-aspiration\/poudre-precoating\/\",\"name\":\"Poudre de pr\u00e9coating - Vacportal\",\"isPartOf\":{\"@id\":\"https:\/\/www.vacportal.com\/fr\/#website\"},\"primaryImageOfPage\":{\"@id\":\"https:\/\/www.vacportal.com\/fr\/accessoires-installations-aspiration\/poudre-precoating\/#primaryimage\"},\"image\":{\"@id\":\"https:\/\/www.vacportal.com\/fr\/accessoires-installations-aspiration\/poudre-precoating\/#primaryimage\"},\"thumbnailUrl\":\"https:\/\/www.vacportal.com\/wp-content\/uploads\/2024\/04\/Precoating-Pulver.jpg\",\"datePublished\":\"2024-03-29T16:15:26+00:00\",\"dateModified\":\"2024-12-10T14:29:37+00:00\",\"description\":\"Vacportal\",\"breadcrumb\":{\"@id\":\"https:\/\/www.vacportal.com\/fr\/accessoires-installations-aspiration\/poudre-precoating\/#breadcrumb\"},\"inLanguage\":\"fr-FR\",\"potentialAction\":[{\"@type\":\"ReadAction\",\"target\":[\"https:\/\/www.vacportal.com\/fr\/accessoires-installations-aspiration\/poudre-precoating\/\"]}]},{\"@type\":\"ImageObject\",\"inLanguage\":\"fr-FR\",\"@id\":\"https:\/\/www.vacportal.com\/fr\/accessoires-installations-aspiration\/poudre-precoating\/#primaryimage\",\"url\":\"https:\/\/www.vacportal.com\/wp-content\/uploads\/2024\/04\/Precoating-Pulver.jpg\",\"contentUrl\":\"https:\/\/www.vacportal.com\/wp-content\/uploads\/2024\/04\/Precoating-Pulver.jpg\",\"width\":2560,\"height\":480},{\"@type\":\"BreadcrumbList\",\"@id\":\"https:\/\/www.vacportal.com\/fr\/accessoires-installations-aspiration\/poudre-precoating\/#breadcrumb\",\"itemListElement\":[{\"@type\":\"ListItem\",\"position\":1,\"name\":\"Home\",\"item\":\"https:\/\/www.vacportal.com\/fr\/\"},{\"@type\":\"ListItem\",\"position\":2,\"name\":\"Accessoires pour installations d\u2019aspiration et aspirateurs industriels\",\"item\":\"https:\/\/www.vacportal.com\/fr\/accessoires-installations-aspiration\/\"},{\"@type\":\"ListItem\",\"position\":3,\"name\":\"Poudre de pr\u00e9coating\"}]},{\"@type\":\"WebSite\",\"@id\":\"https:\/\/www.vacportal.com\/fr\/#website\",\"url\":\"https:\/\/www.vacportal.com\/fr\/\",\"name\":\"Vacportal AG\",\"description\":\"Industrielle Absauganlagen und Industriesauger\",\"publisher\":{\"@id\":\"https:\/\/www.vacportal.com\/fr\/#organization\"},\"alternateName\":\"Vacportal\",\"potentialAction\":[{\"@type\":\"SearchAction\",\"target\":{\"@type\":\"EntryPoint\",\"urlTemplate\":\"https:\/\/www.vacportal.com\/fr\/?s={search_term_string}\"},\"query-input\":{\"@type\":\"PropertyValueSpecification\",\"valueRequired\":true,\"valueName\":\"search_term_string\"}}],\"inLanguage\":\"fr-FR\"},{\"@type\":\"Organization\",\"@id\":\"https:\/\/www.vacportal.com\/fr\/#organization\",\"name\":\"Vacportal AG\",\"url\":\"https:\/\/www.vacportal.com\/fr\/\",\"logo\":{\"@type\":\"ImageObject\",\"inLanguage\":\"fr-FR\",\"@id\":\"https:\/\/www.vacportal.com\/fr\/#\/schema\/logo\/image\/\",\"url\":\"https:\/\/www.vacportal.com\/wp-content\/uploads\/Vacportal-Logo_2024_de.png\",\"contentUrl\":\"https:\/\/www.vacportal.com\/wp-content\/uploads\/Vacportal-Logo_2024_de.png\",\"width\":946,\"height\":446,\"caption\":\"Vacportal AG\"},\"image\":{\"@id\":\"https:\/\/www.vacportal.com\/fr\/#\/schema\/logo\/image\/\"}}]}<\/script>\n<!-- \/ Yoast SEO Premium plugin. -->","yoast_head_json":{"title":"Poudre de pr\u00e9coating - Vacportal","description":"Vacportal","robots":{"index":"index","follow":"follow","max-snippet":"max-snippet:-1","max-image-preview":"max-image-preview:large","max-video-preview":"max-video-preview:-1"},"canonical":"https:\/\/www.vacportal.com\/fr\/accessoires-installations-aspiration\/poudre-precoating\/","og_locale":"fr_FR","og_type":"article","og_title":"Poudre de pr\u00e9coating","og_description":"Vacportal","og_url":"https:\/\/www.vacportal.com\/fr\/accessoires-installations-aspiration\/poudre-precoating\/","og_site_name":"Vacportal","article_modified_time":"2024-12-10T14:29:37+00:00","og_image":[{"width":2560,"height":480,"url":"https:\/\/www.vacportal.com\/wp-content\/uploads\/2024\/04\/Precoating-Pulver.jpg","type":"image\/jpeg"}],"twitter_card":"summary_large_image","schema":{"@context":"https:\/\/schema.org","@graph":[{"@type":"WebPage","@id":"https:\/\/www.vacportal.com\/fr\/accessoires-installations-aspiration\/poudre-precoating\/","url":"https:\/\/www.vacportal.com\/fr\/accessoires-installations-aspiration\/poudre-precoating\/","name":"Poudre de pr\u00e9coating - Vacportal","isPartOf":{"@id":"https:\/\/www.vacportal.com\/fr\/#website"},"primaryImageOfPage":{"@id":"https:\/\/www.vacportal.com\/fr\/accessoires-installations-aspiration\/poudre-precoating\/#primaryimage"},"image":{"@id":"https:\/\/www.vacportal.com\/fr\/accessoires-installations-aspiration\/poudre-precoating\/#primaryimage"},"thumbnailUrl":"https:\/\/www.vacportal.com\/wp-content\/uploads\/2024\/04\/Precoating-Pulver.jpg","datePublished":"2024-03-29T16:15:26+00:00","dateModified":"2024-12-10T14:29:37+00:00","description":"Vacportal","breadcrumb":{"@id":"https:\/\/www.vacportal.com\/fr\/accessoires-installations-aspiration\/poudre-precoating\/#breadcrumb"},"inLanguage":"fr-FR","potentialAction":[{"@type":"ReadAction","target":["https:\/\/www.vacportal.com\/fr\/accessoires-installations-aspiration\/poudre-precoating\/"]}]},{"@type":"ImageObject","inLanguage":"fr-FR","@id":"https:\/\/www.vacportal.com\/fr\/accessoires-installations-aspiration\/poudre-precoating\/#primaryimage","url":"https:\/\/www.vacportal.com\/wp-content\/uploads\/2024\/04\/Precoating-Pulver.jpg","contentUrl":"https:\/\/www.vacportal.com\/wp-content\/uploads\/2024\/04\/Precoating-Pulver.jpg","width":2560,"height":480},{"@type":"BreadcrumbList","@id":"https:\/\/www.vacportal.com\/fr\/accessoires-installations-aspiration\/poudre-precoating\/#breadcrumb","itemListElement":[{"@type":"ListItem","position":1,"name":"Home","item":"https:\/\/www.vacportal.com\/fr\/"},{"@type":"ListItem","position":2,"name":"Accessoires pour installations d\u2019aspiration et aspirateurs industriels","item":"https:\/\/www.vacportal.com\/fr\/accessoires-installations-aspiration\/"},{"@type":"ListItem","position":3,"name":"Poudre de pr\u00e9coating"}]},{"@type":"WebSite","@id":"https:\/\/www.vacportal.com\/fr\/#website","url":"https:\/\/www.vacportal.com\/fr\/","name":"Vacportal AG","description":"Industrielle Absauganlagen und Industriesauger","publisher":{"@id":"https:\/\/www.vacportal.com\/fr\/#organization"},"alternateName":"Vacportal","potentialAction":[{"@type":"SearchAction","target":{"@type":"EntryPoint","urlTemplate":"https:\/\/www.vacportal.com\/fr\/?s={search_term_string}"},"query-input":{"@type":"PropertyValueSpecification","valueRequired":true,"valueName":"search_term_string"}}],"inLanguage":"fr-FR"},{"@type":"Organization","@id":"https:\/\/www.vacportal.com\/fr\/#organization","name":"Vacportal AG","url":"https:\/\/www.vacportal.com\/fr\/","logo":{"@type":"ImageObject","inLanguage":"fr-FR","@id":"https:\/\/www.vacportal.com\/fr\/#\/schema\/logo\/image\/","url":"https:\/\/www.vacportal.com\/wp-content\/uploads\/Vacportal-Logo_2024_de.png","contentUrl":"https:\/\/www.vacportal.com\/wp-content\/uploads\/Vacportal-Logo_2024_de.png","width":946,"height":446,"caption":"Vacportal AG"},"image":{"@id":"https:\/\/www.vacportal.com\/fr\/#\/schema\/logo\/image\/"}}]}},"_links":{"self":[{"href":"https:\/\/www.vacportal.com\/fr\/wp-json\/wp\/v2\/pages\/868","targetHints":{"allow":["GET"]}}],"collection":[{"href":"https:\/\/www.vacportal.com\/fr\/wp-json\/wp\/v2\/pages"}],"about":[{"href":"https:\/\/www.vacportal.com\/fr\/wp-json\/wp\/v2\/types\/page"}],"author":[{"embeddable":true,"href":"https:\/\/www.vacportal.com\/fr\/wp-json\/wp\/v2\/users\/1"}],"replies":[{"embeddable":true,"href":"https:\/\/www.vacportal.com\/fr\/wp-json\/wp\/v2\/comments?post=868"}],"version-history":[{"count":0,"href":"https:\/\/www.vacportal.com\/fr\/wp-json\/wp\/v2\/pages\/868\/revisions"}],"up":[{"embeddable":true,"href":"https:\/\/www.vacportal.com\/fr\/wp-json\/wp\/v2\/pages\/883"}],"wp:featuredmedia":[{"embeddable":true,"href":"https:\/\/www.vacportal.com\/fr\/wp-json\/wp\/v2\/media\/605"}],"wp:attachment":[{"href":"https:\/\/www.vacportal.com\/fr\/wp-json\/wp\/v2\/media?parent=868"}],"curies":[{"name":"wp","href":"https:\/\/api.w.org\/{rel}","templated":true}]}}