{"id":873,"date":"2024-03-31T11:00:28","date_gmt":"2024-03-31T11:00:28","guid":{"rendered":"http:\/\/vacportal:8080\/materiau\/"},"modified":"2024-12-20T16:35:53","modified_gmt":"2024-12-20T16:35:53","slug":"materiau","status":"publish","type":"page","link":"https:\/\/www.vacportal.com\/fr\/materiau\/","title":{"rendered":"L\u2019installation d\u2019aspiration adapt\u00e9e \u00e0 chaque mat\u00e9riau"},"content":{"rendered":"\n<p>Les aspirateurs industriels et les installations d\u2019aspiration conviennent pour de nombreux mat\u00e9riaux comme la poussi\u00e8re, les copeaux, les fibres, la fum\u00e9e de laser, etc.<br>Suivant les mat\u00e9riaux, la quantit\u00e9 \u00e0 aspirer et la source de production, nos sp\u00e9cialistes Vacportal \u00e9valueront pour vous l\u2019ex\u00e9cution appropri\u00e9e.<br>C\u2019est avec plaisir que nous vous aiderons \u00e0 trouver l\u2019installation adapt\u00e9e aux mat\u00e9riaux \u00e0 aspirer.<\/p>\n\n\n\n<h2 class=\"wp-block-heading\">Vue d\u2019ensemble des mat\u00e9riaux pouvant \u00eatre aspir\u00e9s<\/h2>\n\n\n\n<p>Une installation d\u2019aspiration industrielle convient \u00e0 pratiquement tous les mat\u00e9riaux. En voici quelques exemples:<\/p>\n\n\n\n<ul class=\"wp-block-list speciallist\">\n<li><span>Poussi\u00e8re de pon\u00e7age de l\u2019acier<\/span><\/li>\n\n\n\n<li><span>Acier inoxydable<\/span><\/li>\n\n\n\n<li><span>Plastique<\/span><\/li>\n\n\n\n<li><span>Fum\u00e9e de laser<\/span><\/li>\n\n\n\n<li><span>D\u00e9chets<\/span><\/li>\n\n\n\n<li><span>Poussi\u00e8re de pierre<\/span><\/li>\n\n\n\n<li><span>Poussi\u00e8re de denr\u00e9es alimentaires<\/span><\/li>\n\n\n\n<li><span>Poussi\u00e8res chimiques<\/span><\/li>\n\n\n\n<li><span>Copeaux de m\u00e9tal<\/span><\/li>\n\n\n\n<li><span>Copeaux de plastique<\/span><\/li>\n\n\n\n<li><span>Poussi\u00e8re de c\u00e9ramique<\/span><\/li>\n\n\n\n<li><span>Fibres textiles<\/span><\/li>\n\n\n\n<li><span>M\u00e9taux non ferreux<\/span><\/li>\n<\/ul>\n\n\n\n<p><a href=\"https:\/\/www.vacportal.com\/fr\/installations-aspiration\/\">Vers les installations d\u2019aspiration<\/a><\/p>\n\n\n\n<p><a href=\"https:\/\/www.vacportal.com\/fr\/aspirateurs-industriels\/\">Vers les aspirateurs industriels<\/a><\/p>\n\n\n\n<h2 class=\"wp-block-heading\">Quelle installation d\u2019aspiration convient au mieux \u00e0 mon domaine d\u2019utilisation?<\/h2>\n\n\n\n<p>Vous aimeriez savoir quelle est l\u2019installation d\u2019aspiration ou l\u2019aspirateur industriel qui conviennent le mieux \u00e0 un mat\u00e9riau en particulier?<\/p>\n\n\n\n<p>Contactez-nous! Nos collaborateurs ont de longues ann\u00e9es d\u2019exp\u00e9rience \u00e0 leur actif et connaissent les caract\u00e9ristiques des diff\u00e9rentes installations en regard des mat\u00e9riaux trait\u00e9s.<\/p>\n\n\n\n\n    <div class=\"contactbox\">\n        <div style=\"flex-grow:8;padding:20px;\">\n            T\u00e9l\u00e9phonez-nous sans engagement ou \u00e9crivez-nous un e-mail afin que nous puissions vous conseiller!\n            <br><br><b>Nous vous aidons volontiers.<\/b><br><br>T\u00e9l. +41 43 243 30 00<br>E-mail:            <script>document.write('<a class=\\\"contbox\\\" href=\\\"mailto:' + 'sales' + '@' + 'vacportal.com' +'\\\">' + 'sales' + '@' + 'vacportal.com' + '<\/a>');<\/script>\n        <\/div>\n\n        <div class=\"buttonarea\" style=\"flex-grow:2;padding:20px;text-align:right;\">\n            <button class=\"contactbutton\" onclick=\"window.location.href = '\/kontakt\/'\">FORMULAIRE DE CONTACT<\/button>\n        <\/div>\n    <\/div>\n\n\n\n\n","protected":false},"excerpt":{"rendered":"<p>Les aspirateurs industriels et les installations d\u2019aspiration conviennent pour de nombreux mat\u00e9riaux comme la poussi\u00e8re, les copeaux, les fibres, la fum\u00e9e de laser, etc.Suivant les mat\u00e9riaux, la quantit\u00e9 \u00e0 aspirer et la source de production, nos sp\u00e9cialistes Vacportal \u00e9valueront pour vous l\u2019ex\u00e9cution appropri\u00e9e.C\u2019est avec plaisir que nous vous aiderons \u00e0 trouver l\u2019installation adapt\u00e9e aux mat\u00e9riaux [&hellip;]<\/p>\n","protected":false},"author":1,"featured_media":620,"parent":0,"menu_order":0,"comment_status":"closed","ping_status":"closed","template":"","meta":{"footnotes":""},"class_list":["post-873","page","type-page","status-publish","has-post-thumbnail","hentry"],"yoast_head":"<!-- This site is optimized with the Yoast SEO Premium plugin v27.1 (Yoast SEO v27.1.1) - https:\/\/yoast.com\/product\/yoast-seo-premium-wordpress\/ -->\n<title>L\u2019installation d\u2019aspiration adapt\u00e9e \u00e0 chaque mat\u00e9riau - Vacportal<\/title>\n<meta name=\"description\" content=\"Vacportal\" \/>\n<meta name=\"robots\" content=\"index, follow, max-snippet:-1, max-image-preview:large, max-video-preview:-1\" \/>\n<link rel=\"canonical\" href=\"https:\/\/www.vacportal.com\/fr\/materiau\/\" \/>\n<meta property=\"og:locale\" content=\"fr_FR\" \/>\n<meta property=\"og:type\" content=\"article\" \/>\n<meta property=\"og:title\" content=\"L\u2019installation d\u2019aspiration adapt\u00e9e \u00e0 chaque mat\u00e9riau\" \/>\n<meta property=\"og:description\" content=\"Vacportal\" \/>\n<meta property=\"og:url\" content=\"https:\/\/www.vacportal.com\/fr\/materiau\/\" \/>\n<meta property=\"og:site_name\" content=\"Vacportal\" \/>\n<meta property=\"article:modified_time\" content=\"2024-12-20T16:35:53+00:00\" \/>\n<meta property=\"og:image\" content=\"https:\/\/www.vacportal.com\/wp-content\/uploads\/2024\/04\/Materielien-Absauganlagen.jpg\" \/>\n\t<meta property=\"og:image:width\" content=\"2560\" \/>\n\t<meta property=\"og:image:height\" content=\"480\" \/>\n\t<meta property=\"og:image:type\" content=\"image\/jpeg\" \/>\n<meta name=\"twitter:card\" content=\"summary_large_image\" \/>\n<meta name=\"twitter:label1\" content=\"Dur\u00e9e de lecture estim\u00e9e\" \/>\n\t<meta name=\"twitter:data1\" content=\"2 minutes\" \/>\n<script type=\"application\/ld+json\" class=\"yoast-schema-graph\">{\"@context\":\"https:\/\/schema.org\",\"@graph\":[{\"@type\":\"WebPage\",\"@id\":\"https:\/\/www.vacportal.com\/fr\/materiau\/\",\"url\":\"https:\/\/www.vacportal.com\/fr\/materiau\/\",\"name\":\"L\u2019installation d\u2019aspiration adapt\u00e9e \u00e0 chaque mat\u00e9riau - Vacportal\",\"isPartOf\":{\"@id\":\"https:\/\/www.vacportal.com\/fr\/#website\"},\"primaryImageOfPage\":{\"@id\":\"https:\/\/www.vacportal.com\/fr\/materiau\/#primaryimage\"},\"image\":{\"@id\":\"https:\/\/www.vacportal.com\/fr\/materiau\/#primaryimage\"},\"thumbnailUrl\":\"https:\/\/www.vacportal.com\/wp-content\/uploads\/2024\/04\/Materielien-Absauganlagen.jpg\",\"datePublished\":\"2024-03-31T11:00:28+00:00\",\"dateModified\":\"2024-12-20T16:35:53+00:00\",\"description\":\"Vacportal\",\"breadcrumb\":{\"@id\":\"https:\/\/www.vacportal.com\/fr\/materiau\/#breadcrumb\"},\"inLanguage\":\"fr-FR\",\"potentialAction\":[{\"@type\":\"ReadAction\",\"target\":[\"https:\/\/www.vacportal.com\/fr\/materiau\/\"]}]},{\"@type\":\"ImageObject\",\"inLanguage\":\"fr-FR\",\"@id\":\"https:\/\/www.vacportal.com\/fr\/materiau\/#primaryimage\",\"url\":\"https:\/\/www.vacportal.com\/wp-content\/uploads\/2024\/04\/Materielien-Absauganlagen.jpg\",\"contentUrl\":\"https:\/\/www.vacportal.com\/wp-content\/uploads\/2024\/04\/Materielien-Absauganlagen.jpg\",\"width\":2560,\"height\":480,\"caption\":\"Absauganlagen und Industriesauger f\u00fcr unterschiedliche Materialien und St\u00e4ube\"},{\"@type\":\"BreadcrumbList\",\"@id\":\"https:\/\/www.vacportal.com\/fr\/materiau\/#breadcrumb\",\"itemListElement\":[{\"@type\":\"ListItem\",\"position\":1,\"name\":\"Home\",\"item\":\"https:\/\/www.vacportal.com\/fr\/\"},{\"@type\":\"ListItem\",\"position\":2,\"name\":\"L\u2019installation d\u2019aspiration adapt\u00e9e \u00e0 chaque mat\u00e9riau\"}]},{\"@type\":\"WebSite\",\"@id\":\"https:\/\/www.vacportal.com\/fr\/#website\",\"url\":\"https:\/\/www.vacportal.com\/fr\/\",\"name\":\"Vacportal AG\",\"description\":\"Industrielle Absauganlagen und Industriesauger\",\"publisher\":{\"@id\":\"https:\/\/www.vacportal.com\/fr\/#organization\"},\"alternateName\":\"Vacportal\",\"potentialAction\":[{\"@type\":\"SearchAction\",\"target\":{\"@type\":\"EntryPoint\",\"urlTemplate\":\"https:\/\/www.vacportal.com\/fr\/?s={search_term_string}\"},\"query-input\":{\"@type\":\"PropertyValueSpecification\",\"valueRequired\":true,\"valueName\":\"search_term_string\"}}],\"inLanguage\":\"fr-FR\"},{\"@type\":\"Organization\",\"@id\":\"https:\/\/www.vacportal.com\/fr\/#organization\",\"name\":\"Vacportal AG\",\"url\":\"https:\/\/www.vacportal.com\/fr\/\",\"logo\":{\"@type\":\"ImageObject\",\"inLanguage\":\"fr-FR\",\"@id\":\"https:\/\/www.vacportal.com\/fr\/#\/schema\/logo\/image\/\",\"url\":\"https:\/\/www.vacportal.com\/wp-content\/uploads\/Vacportal-Logo_2024_de.png\",\"contentUrl\":\"https:\/\/www.vacportal.com\/wp-content\/uploads\/Vacportal-Logo_2024_de.png\",\"width\":946,\"height\":446,\"caption\":\"Vacportal AG\"},\"image\":{\"@id\":\"https:\/\/www.vacportal.com\/fr\/#\/schema\/logo\/image\/\"}}]}<\/script>\n<!-- \/ Yoast SEO Premium plugin. -->","yoast_head_json":{"title":"L\u2019installation d\u2019aspiration adapt\u00e9e \u00e0 chaque mat\u00e9riau - Vacportal","description":"Vacportal","robots":{"index":"index","follow":"follow","max-snippet":"max-snippet:-1","max-image-preview":"max-image-preview:large","max-video-preview":"max-video-preview:-1"},"canonical":"https:\/\/www.vacportal.com\/fr\/materiau\/","og_locale":"fr_FR","og_type":"article","og_title":"L\u2019installation d\u2019aspiration adapt\u00e9e \u00e0 chaque mat\u00e9riau","og_description":"Vacportal","og_url":"https:\/\/www.vacportal.com\/fr\/materiau\/","og_site_name":"Vacportal","article_modified_time":"2024-12-20T16:35:53+00:00","og_image":[{"width":2560,"height":480,"url":"https:\/\/www.vacportal.com\/wp-content\/uploads\/2024\/04\/Materielien-Absauganlagen.jpg","type":"image\/jpeg"}],"twitter_card":"summary_large_image","twitter_misc":{"Dur\u00e9e de lecture estim\u00e9e":"2 minutes"},"schema":{"@context":"https:\/\/schema.org","@graph":[{"@type":"WebPage","@id":"https:\/\/www.vacportal.com\/fr\/materiau\/","url":"https:\/\/www.vacportal.com\/fr\/materiau\/","name":"L\u2019installation d\u2019aspiration adapt\u00e9e \u00e0 chaque mat\u00e9riau - Vacportal","isPartOf":{"@id":"https:\/\/www.vacportal.com\/fr\/#website"},"primaryImageOfPage":{"@id":"https:\/\/www.vacportal.com\/fr\/materiau\/#primaryimage"},"image":{"@id":"https:\/\/www.vacportal.com\/fr\/materiau\/#primaryimage"},"thumbnailUrl":"https:\/\/www.vacportal.com\/wp-content\/uploads\/2024\/04\/Materielien-Absauganlagen.jpg","datePublished":"2024-03-31T11:00:28+00:00","dateModified":"2024-12-20T16:35:53+00:00","description":"Vacportal","breadcrumb":{"@id":"https:\/\/www.vacportal.com\/fr\/materiau\/#breadcrumb"},"inLanguage":"fr-FR","potentialAction":[{"@type":"ReadAction","target":["https:\/\/www.vacportal.com\/fr\/materiau\/"]}]},{"@type":"ImageObject","inLanguage":"fr-FR","@id":"https:\/\/www.vacportal.com\/fr\/materiau\/#primaryimage","url":"https:\/\/www.vacportal.com\/wp-content\/uploads\/2024\/04\/Materielien-Absauganlagen.jpg","contentUrl":"https:\/\/www.vacportal.com\/wp-content\/uploads\/2024\/04\/Materielien-Absauganlagen.jpg","width":2560,"height":480,"caption":"Absauganlagen und Industriesauger f\u00fcr unterschiedliche Materialien und St\u00e4ube"},{"@type":"BreadcrumbList","@id":"https:\/\/www.vacportal.com\/fr\/materiau\/#breadcrumb","itemListElement":[{"@type":"ListItem","position":1,"name":"Home","item":"https:\/\/www.vacportal.com\/fr\/"},{"@type":"ListItem","position":2,"name":"L\u2019installation d\u2019aspiration adapt\u00e9e \u00e0 chaque mat\u00e9riau"}]},{"@type":"WebSite","@id":"https:\/\/www.vacportal.com\/fr\/#website","url":"https:\/\/www.vacportal.com\/fr\/","name":"Vacportal AG","description":"Industrielle Absauganlagen und Industriesauger","publisher":{"@id":"https:\/\/www.vacportal.com\/fr\/#organization"},"alternateName":"Vacportal","potentialAction":[{"@type":"SearchAction","target":{"@type":"EntryPoint","urlTemplate":"https:\/\/www.vacportal.com\/fr\/?s={search_term_string}"},"query-input":{"@type":"PropertyValueSpecification","valueRequired":true,"valueName":"search_term_string"}}],"inLanguage":"fr-FR"},{"@type":"Organization","@id":"https:\/\/www.vacportal.com\/fr\/#organization","name":"Vacportal AG","url":"https:\/\/www.vacportal.com\/fr\/","logo":{"@type":"ImageObject","inLanguage":"fr-FR","@id":"https:\/\/www.vacportal.com\/fr\/#\/schema\/logo\/image\/","url":"https:\/\/www.vacportal.com\/wp-content\/uploads\/Vacportal-Logo_2024_de.png","contentUrl":"https:\/\/www.vacportal.com\/wp-content\/uploads\/Vacportal-Logo_2024_de.png","width":946,"height":446,"caption":"Vacportal AG"},"image":{"@id":"https:\/\/www.vacportal.com\/fr\/#\/schema\/logo\/image\/"}}]}},"_links":{"self":[{"href":"https:\/\/www.vacportal.com\/fr\/wp-json\/wp\/v2\/pages\/873","targetHints":{"allow":["GET"]}}],"collection":[{"href":"https:\/\/www.vacportal.com\/fr\/wp-json\/wp\/v2\/pages"}],"about":[{"href":"https:\/\/www.vacportal.com\/fr\/wp-json\/wp\/v2\/types\/page"}],"author":[{"embeddable":true,"href":"https:\/\/www.vacportal.com\/fr\/wp-json\/wp\/v2\/users\/1"}],"replies":[{"embeddable":true,"href":"https:\/\/www.vacportal.com\/fr\/wp-json\/wp\/v2\/comments?post=873"}],"version-history":[{"count":0,"href":"https:\/\/www.vacportal.com\/fr\/wp-json\/wp\/v2\/pages\/873\/revisions"}],"wp:featuredmedia":[{"embeddable":true,"href":"https:\/\/www.vacportal.com\/fr\/wp-json\/wp\/v2\/media\/620"}],"wp:attachment":[{"href":"https:\/\/www.vacportal.com\/fr\/wp-json\/wp\/v2\/media?parent=873"}],"curies":[{"name":"wp","href":"https:\/\/api.w.org\/{rel}","templated":true}]}}