{"id":883,"date":"2024-03-29T16:02:16","date_gmt":"2024-03-29T16:02:16","guid":{"rendered":"http:\/\/vacportal:8080\/accessoires-pour-installations-daspiration-et-aspirateurs-industriels\/"},"modified":"2024-12-19T16:53:27","modified_gmt":"2024-12-19T16:53:27","slug":"accessoires-installations-aspiration","status":"publish","type":"page","link":"https:\/\/www.vacportal.com\/fr\/accessoires-installations-aspiration\/","title":{"rendered":"Accessoires pour installations d\u2019aspiration et aspirateurs industriels"},"content":{"rendered":"\n<p>Vacportal vous livre aussi des accessoires pour les solutions compl\u00e8tes d\u2019installations d\u2019aspiration et d\u2019aspirateurs industriels, \u00e0 une seule et m\u00eame adresse. L\u2019\u00e9ventail va des buses et des bras d\u2019aspiration aux dispositifs de r\u00e9glage en continu de la puissance, en passant par les pr\u00e9s\u00e9parateurs et les vannes \u00e0 guillotine pour la r\u00e9gulation, sans oublier les filtres HEPA ou au charbon actif, etc.<\/p>\n\n\n\n<p>Les finitions d\u00e9pendent pour l&rsquo;essentiel du lieu de l\u2019aspiration. En collaboration avec nos clients, nous \u00e9valuons les composants optimaux n\u00e9cessaires.<\/p>\n\n\n\n<p>L\u2019aspiration efficace dans votre entreprise est ainsi un succ\u00e8s sur toute la ligne.<\/p>\n\n\n\n<h3 class=\"wp-block-heading\">Liens directs vers les accessoires<\/h3>\n\n\n\n<ul class=\"wp-block-list\">\n<li><a href=\"https:\/\/www.vacportal.com\/fr\/accessoires-installations-aspiration\/tuyaux-pour-aspiration\/\">Tuyaux<\/a><\/li>\n\n\n\n<li>Buses d\u2019aspiration<\/li>\n\n\n\n<li>Entonnoirs d\u2019aspiration<\/li>\n\n\n\n<li><a href=\"https:\/\/www.vacportal.com\/fr\/accessoires-installations-aspiration\/bras-aspiration\/\">Bras d\u2019aspiration<\/a><\/li>\n\n\n\n<li><a href=\"https:\/\/www.vacportal.com\/fr\/accessoires-installations-aspiration\/preseparateur\/\">Pr\u00e9s\u00e9parateur<\/a><\/li>\n\n\n\n<li>Structure pour BigBag<\/li>\n\n\n\n<li><a href=\"https:\/\/www.vacportal.com\/fr\/accessoires-installations-aspiration\/vanne-a-guillotine\/\">Vanne \u00e0 guillotine<\/a><\/li>\n\n\n\n<li>Variateur de fr\u00e9quence<\/li>\n\n\n\n<li>Commandes \u00e0 distance<\/li>\n\n\n\n<li>Raccordements<\/li>\n\n\n\n<li>Distributeurs en Y<\/li>\n\n\n\n<li>Distributeurs multiples<\/li>\n\n\n\n<li>Filtres HEPA<\/li>\n\n\n\n<li>Filtres au charbon actif<\/li>\n<\/ul>\n\n\n\n\n    <div class=\"contactbox\">\n        <div style=\"flex-grow:8;padding:20px;\">\n            T\u00e9l\u00e9phonez-nous sans engagement ou \u00e9crivez-nous un e-mail afin que nous puissions vous conseiller!\n            <br><br><b>Nous vous aidons volontiers.<\/b><br><br>T\u00e9l. +41 43 243 30 00<br>E-mail:            <script>document.write('<a class=\\\"contbox\\\" href=\\\"mailto:' + 'sales' + '@' + 'vacportal.com' +'\\\">' + 'sales' + '@' + 'vacportal.com' + '<\/a>');<\/script>\n        <\/div>\n\n        <div class=\"buttonarea\" style=\"flex-grow:2;padding:20px;text-align:right;\">\n            <button class=\"contactbutton\" onclick=\"window.location.href = '\/kontakt\/'\">FORMULAIRE DE CONTACT<\/button>\n        <\/div>\n    <\/div>\n\n\n\n\n","protected":false},"excerpt":{"rendered":"<p>Vacportal vous livre aussi des accessoires pour les solutions compl\u00e8tes d\u2019installations d\u2019aspiration et d\u2019aspirateurs industriels, \u00e0 une seule et m\u00eame adresse. L\u2019\u00e9ventail va des buses et des bras d\u2019aspiration aux dispositifs de r\u00e9glage en continu de la puissance, en passant par les pr\u00e9s\u00e9parateurs et les vannes \u00e0 guillotine pour la r\u00e9gulation, sans oublier les filtres [&hellip;]<\/p>\n","protected":false},"author":1,"featured_media":602,"parent":0,"menu_order":0,"comment_status":"closed","ping_status":"closed","template":"","meta":{"footnotes":""},"class_list":["post-883","page","type-page","status-publish","has-post-thumbnail","hentry"],"yoast_head":"<!-- This site is optimized with the Yoast SEO Premium plugin v27.1 (Yoast SEO v27.1.1) - https:\/\/yoast.com\/product\/yoast-seo-premium-wordpress\/ -->\n<title>Accessoires pour installations d\u2019aspiration et aspirateurs industriels - Vacportal<\/title>\n<meta name=\"description\" content=\"Vacportal\" \/>\n<meta name=\"robots\" content=\"index, follow, max-snippet:-1, max-image-preview:large, max-video-preview:-1\" \/>\n<link rel=\"canonical\" href=\"https:\/\/www.vacportal.com\/fr\/accessoires-installations-aspiration\/\" \/>\n<meta property=\"og:locale\" content=\"fr_FR\" \/>\n<meta property=\"og:type\" content=\"article\" \/>\n<meta property=\"og:title\" content=\"Accessoires pour installations d\u2019aspiration et aspirateurs industriels\" \/>\n<meta property=\"og:description\" content=\"Vacportal\" \/>\n<meta property=\"og:url\" content=\"https:\/\/www.vacportal.com\/fr\/accessoires-installations-aspiration\/\" \/>\n<meta property=\"og:site_name\" content=\"Vacportal\" \/>\n<meta property=\"article:modified_time\" content=\"2024-12-19T16:53:27+00:00\" \/>\n<meta property=\"og:image\" content=\"https:\/\/www.vacportal.com\/wp-content\/uploads\/2024\/04\/Industriesauger-Zubehoer.jpg\" \/>\n\t<meta property=\"og:image:width\" content=\"2560\" \/>\n\t<meta property=\"og:image:height\" content=\"480\" \/>\n\t<meta property=\"og:image:type\" content=\"image\/jpeg\" \/>\n<meta name=\"twitter:card\" content=\"summary_large_image\" \/>\n<meta name=\"twitter:label1\" content=\"Dur\u00e9e de lecture estim\u00e9e\" \/>\n\t<meta name=\"twitter:data1\" content=\"1 minute\" \/>\n<script type=\"application\/ld+json\" class=\"yoast-schema-graph\">{\"@context\":\"https:\/\/schema.org\",\"@graph\":[{\"@type\":\"WebPage\",\"@id\":\"https:\/\/www.vacportal.com\/fr\/accessoires-installations-aspiration\/\",\"url\":\"https:\/\/www.vacportal.com\/fr\/accessoires-installations-aspiration\/\",\"name\":\"Accessoires pour installations d\u2019aspiration et aspirateurs industriels - Vacportal\",\"isPartOf\":{\"@id\":\"https:\/\/www.vacportal.com\/fr\/#website\"},\"primaryImageOfPage\":{\"@id\":\"https:\/\/www.vacportal.com\/fr\/accessoires-installations-aspiration\/#primaryimage\"},\"image\":{\"@id\":\"https:\/\/www.vacportal.com\/fr\/accessoires-installations-aspiration\/#primaryimage\"},\"thumbnailUrl\":\"https:\/\/www.vacportal.com\/wp-content\/uploads\/2024\/04\/Industriesauger-Zubehoer.jpg\",\"datePublished\":\"2024-03-29T16:02:16+00:00\",\"dateModified\":\"2024-12-19T16:53:27+00:00\",\"description\":\"Vacportal\",\"breadcrumb\":{\"@id\":\"https:\/\/www.vacportal.com\/fr\/accessoires-installations-aspiration\/#breadcrumb\"},\"inLanguage\":\"fr-FR\",\"potentialAction\":[{\"@type\":\"ReadAction\",\"target\":[\"https:\/\/www.vacportal.com\/fr\/accessoires-installations-aspiration\/\"]}]},{\"@type\":\"ImageObject\",\"inLanguage\":\"fr-FR\",\"@id\":\"https:\/\/www.vacportal.com\/fr\/accessoires-installations-aspiration\/#primaryimage\",\"url\":\"https:\/\/www.vacportal.com\/wp-content\/uploads\/2024\/04\/Industriesauger-Zubehoer.jpg\",\"contentUrl\":\"https:\/\/www.vacportal.com\/wp-content\/uploads\/2024\/04\/Industriesauger-Zubehoer.jpg\",\"width\":2560,\"height\":480},{\"@type\":\"BreadcrumbList\",\"@id\":\"https:\/\/www.vacportal.com\/fr\/accessoires-installations-aspiration\/#breadcrumb\",\"itemListElement\":[{\"@type\":\"ListItem\",\"position\":1,\"name\":\"Home\",\"item\":\"https:\/\/www.vacportal.com\/fr\/\"},{\"@type\":\"ListItem\",\"position\":2,\"name\":\"Accessoires pour installations d\u2019aspiration et aspirateurs industriels\"}]},{\"@type\":\"WebSite\",\"@id\":\"https:\/\/www.vacportal.com\/fr\/#website\",\"url\":\"https:\/\/www.vacportal.com\/fr\/\",\"name\":\"Vacportal AG\",\"description\":\"Industrielle Absauganlagen und Industriesauger\",\"publisher\":{\"@id\":\"https:\/\/www.vacportal.com\/fr\/#organization\"},\"alternateName\":\"Vacportal\",\"potentialAction\":[{\"@type\":\"SearchAction\",\"target\":{\"@type\":\"EntryPoint\",\"urlTemplate\":\"https:\/\/www.vacportal.com\/fr\/?s={search_term_string}\"},\"query-input\":{\"@type\":\"PropertyValueSpecification\",\"valueRequired\":true,\"valueName\":\"search_term_string\"}}],\"inLanguage\":\"fr-FR\"},{\"@type\":\"Organization\",\"@id\":\"https:\/\/www.vacportal.com\/fr\/#organization\",\"name\":\"Vacportal AG\",\"url\":\"https:\/\/www.vacportal.com\/fr\/\",\"logo\":{\"@type\":\"ImageObject\",\"inLanguage\":\"fr-FR\",\"@id\":\"https:\/\/www.vacportal.com\/fr\/#\/schema\/logo\/image\/\",\"url\":\"https:\/\/www.vacportal.com\/wp-content\/uploads\/Vacportal-Logo_2024_de.png\",\"contentUrl\":\"https:\/\/www.vacportal.com\/wp-content\/uploads\/Vacportal-Logo_2024_de.png\",\"width\":946,\"height\":446,\"caption\":\"Vacportal AG\"},\"image\":{\"@id\":\"https:\/\/www.vacportal.com\/fr\/#\/schema\/logo\/image\/\"}}]}<\/script>\n<!-- \/ Yoast SEO Premium plugin. -->","yoast_head_json":{"title":"Accessoires pour installations d\u2019aspiration et aspirateurs industriels - Vacportal","description":"Vacportal","robots":{"index":"index","follow":"follow","max-snippet":"max-snippet:-1","max-image-preview":"max-image-preview:large","max-video-preview":"max-video-preview:-1"},"canonical":"https:\/\/www.vacportal.com\/fr\/accessoires-installations-aspiration\/","og_locale":"fr_FR","og_type":"article","og_title":"Accessoires pour installations d\u2019aspiration et aspirateurs industriels","og_description":"Vacportal","og_url":"https:\/\/www.vacportal.com\/fr\/accessoires-installations-aspiration\/","og_site_name":"Vacportal","article_modified_time":"2024-12-19T16:53:27+00:00","og_image":[{"width":2560,"height":480,"url":"https:\/\/www.vacportal.com\/wp-content\/uploads\/2024\/04\/Industriesauger-Zubehoer.jpg","type":"image\/jpeg"}],"twitter_card":"summary_large_image","twitter_misc":{"Dur\u00e9e de lecture estim\u00e9e":"1 minute"},"schema":{"@context":"https:\/\/schema.org","@graph":[{"@type":"WebPage","@id":"https:\/\/www.vacportal.com\/fr\/accessoires-installations-aspiration\/","url":"https:\/\/www.vacportal.com\/fr\/accessoires-installations-aspiration\/","name":"Accessoires pour installations d\u2019aspiration et aspirateurs industriels - Vacportal","isPartOf":{"@id":"https:\/\/www.vacportal.com\/fr\/#website"},"primaryImageOfPage":{"@id":"https:\/\/www.vacportal.com\/fr\/accessoires-installations-aspiration\/#primaryimage"},"image":{"@id":"https:\/\/www.vacportal.com\/fr\/accessoires-installations-aspiration\/#primaryimage"},"thumbnailUrl":"https:\/\/www.vacportal.com\/wp-content\/uploads\/2024\/04\/Industriesauger-Zubehoer.jpg","datePublished":"2024-03-29T16:02:16+00:00","dateModified":"2024-12-19T16:53:27+00:00","description":"Vacportal","breadcrumb":{"@id":"https:\/\/www.vacportal.com\/fr\/accessoires-installations-aspiration\/#breadcrumb"},"inLanguage":"fr-FR","potentialAction":[{"@type":"ReadAction","target":["https:\/\/www.vacportal.com\/fr\/accessoires-installations-aspiration\/"]}]},{"@type":"ImageObject","inLanguage":"fr-FR","@id":"https:\/\/www.vacportal.com\/fr\/accessoires-installations-aspiration\/#primaryimage","url":"https:\/\/www.vacportal.com\/wp-content\/uploads\/2024\/04\/Industriesauger-Zubehoer.jpg","contentUrl":"https:\/\/www.vacportal.com\/wp-content\/uploads\/2024\/04\/Industriesauger-Zubehoer.jpg","width":2560,"height":480},{"@type":"BreadcrumbList","@id":"https:\/\/www.vacportal.com\/fr\/accessoires-installations-aspiration\/#breadcrumb","itemListElement":[{"@type":"ListItem","position":1,"name":"Home","item":"https:\/\/www.vacportal.com\/fr\/"},{"@type":"ListItem","position":2,"name":"Accessoires pour installations d\u2019aspiration et aspirateurs industriels"}]},{"@type":"WebSite","@id":"https:\/\/www.vacportal.com\/fr\/#website","url":"https:\/\/www.vacportal.com\/fr\/","name":"Vacportal AG","description":"Industrielle Absauganlagen und Industriesauger","publisher":{"@id":"https:\/\/www.vacportal.com\/fr\/#organization"},"alternateName":"Vacportal","potentialAction":[{"@type":"SearchAction","target":{"@type":"EntryPoint","urlTemplate":"https:\/\/www.vacportal.com\/fr\/?s={search_term_string}"},"query-input":{"@type":"PropertyValueSpecification","valueRequired":true,"valueName":"search_term_string"}}],"inLanguage":"fr-FR"},{"@type":"Organization","@id":"https:\/\/www.vacportal.com\/fr\/#organization","name":"Vacportal AG","url":"https:\/\/www.vacportal.com\/fr\/","logo":{"@type":"ImageObject","inLanguage":"fr-FR","@id":"https:\/\/www.vacportal.com\/fr\/#\/schema\/logo\/image\/","url":"https:\/\/www.vacportal.com\/wp-content\/uploads\/Vacportal-Logo_2024_de.png","contentUrl":"https:\/\/www.vacportal.com\/wp-content\/uploads\/Vacportal-Logo_2024_de.png","width":946,"height":446,"caption":"Vacportal AG"},"image":{"@id":"https:\/\/www.vacportal.com\/fr\/#\/schema\/logo\/image\/"}}]}},"_links":{"self":[{"href":"https:\/\/www.vacportal.com\/fr\/wp-json\/wp\/v2\/pages\/883","targetHints":{"allow":["GET"]}}],"collection":[{"href":"https:\/\/www.vacportal.com\/fr\/wp-json\/wp\/v2\/pages"}],"about":[{"href":"https:\/\/www.vacportal.com\/fr\/wp-json\/wp\/v2\/types\/page"}],"author":[{"embeddable":true,"href":"https:\/\/www.vacportal.com\/fr\/wp-json\/wp\/v2\/users\/1"}],"replies":[{"embeddable":true,"href":"https:\/\/www.vacportal.com\/fr\/wp-json\/wp\/v2\/comments?post=883"}],"version-history":[{"count":0,"href":"https:\/\/www.vacportal.com\/fr\/wp-json\/wp\/v2\/pages\/883\/revisions"}],"wp:featuredmedia":[{"embeddable":true,"href":"https:\/\/www.vacportal.com\/fr\/wp-json\/wp\/v2\/media\/602"}],"wp:attachment":[{"href":"https:\/\/www.vacportal.com\/fr\/wp-json\/wp\/v2\/media?parent=883"}],"curies":[{"name":"wp","href":"https:\/\/api.w.org\/{rel}","templated":true}]}}