{"id":894,"date":"2024-02-26T09:57:17","date_gmt":"2024-02-26T09:57:17","guid":{"rendered":"http:\/\/vacportal:8080\/aspirateurs-industriels-de-la-serie-p150-15-litres\/"},"modified":"2024-12-02T17:23:45","modified_gmt":"2024-12-02T17:23:45","slug":"aspirateurs-industriels-serie-p150-15litres","status":"publish","type":"page","link":"https:\/\/www.vacportal.com\/fr\/aspirateurs-industriels\/aspirateurs-industriels-serie-p150-15litres\/","title":{"rendered":"Aspirateurs industriels de la s\u00e9rie P150 15 litres"},"content":{"rendered":"\n<p>Les aspirateurs industriels de la s\u00e9rie P150 sont des appareils compacts qui s\u2019int\u00e8grent \u00e0 merveille aux installations d\u2019automatisation. Peu encombrants, ils conviennent \u00e0 une exploitation 24 h\/24. Le P150 est disponible en diff\u00e9rentes puissances. Il est en accord parfait avec son application et livre les meilleurs r\u00e9sultats possibles. Laissez-nous vous conseiller. Nous sommes \u00e0 votre disposition.<\/p>\n<div class=\"prodlist\">\n\n\n        <!--            <div>--><!--<\/div>-->\n\n                        <div class='uk-grid' uk-grid>\n\n                <div class=\"uk-width-1-3@m\">\n                    <div>\n                                                    <img decoding=\"async\" src=\"https:\/\/www.vacportal.com\/wp-content\/themes\/vacportal\/assets\/images\/products\/B000223-Industriesauger-P150-15.jpg\" title=\"Aspirateur Industriel P150-C2S07-15L\" alt=\"Aspirateur Industriel P150-C2S07-15L\" class=\"prodimg\" style=\"width:auto;max-height:500px;\" \/>\n                        \n                                                    <div style=\"font-size:13px;max-width: 600px;\">Aspirateur industriel compact produisant un vide d'air important et n\u00e9cessitant peu de place. Conteneur de 15 litres.<\/div>\n                                            <\/div>\n                <\/div>\n\n\n\n\n                    <div class=\"uk-width-2-3@m \">\n                        \n                                \n\n                <div class=\"box productlistclick\" role=\"link\" tabindex=\"0\"  data-href=\"https:\/\/www.vacportal.com\/fr\/aspirateurs-industriels\/aspirateur-industriel-p150-c2s07-15l\/\">\n\n\n                    <h2 class=\"listcattitle\">\n                        <a href=\"https:\/\/www.vacportal.com\/fr\/aspirateurs-industriels\/aspirateur-industriel-p150-c2s07-15l\/\"\n                           title=\"Aspirateur Industriel P150-C2S07-15L\">Aspirateur Industriel P150-C2S07-15L<\/a>\n                    <\/h2>\n\n                    <div class=\"spec-list\">\n                        <ul><li>Puissance:1.1[kW]<\/li>\n                            <li>D\u00e9bit d&#039;air max.:130[m\u00b3\/h]<\/li>\n                            <li>Vide d&#039;air max.:50[mbar]<\/li>\n                            <\/ul>\n                    <\/div>\n\n                    <div>\n                        <a href=\"https:\/\/www.vacportal.com\/fr\/aspirateurs-industriels\/aspirateur-industriel-p150-c2s07-15l\/\"\n                           class=\"customapp_startpage_link_02\"\n                           title=\"Aspirateur Industriel P150-C2S07-15L\"><i class=\"fa fa-arrow-circle-right\"><\/i>vers Aspirateur Industriel P150-C2S07-15L<\/a>\n                    <\/div>\n\n                <\/div>\n                            \n        \n\n                                \n\n                <div class=\"box productlistclick\" role=\"link\" tabindex=\"0\"  data-href=\"https:\/\/www.vacportal.com\/fr\/aspirateurs-industriels\/aspirateur-industriel-p150-c2s10-15l\/\">\n\n\n                    <h2 class=\"listcattitle\">\n                        <a href=\"https:\/\/www.vacportal.com\/fr\/aspirateurs-industriels\/aspirateur-industriel-p150-c2s10-15l\/\"\n                           title=\"Aspirateur Industriel P150-C2S10-15L\">Aspirateur Industriel P150-C2S10-15L<\/a>\n                    <\/h2>\n\n                    <div class=\"spec-list\">\n                        <ul><li>Puissance:1.1[kW]<\/li>\n                            <li>D\u00e9bit d&#039;air max.:160[m\u00b3\/h]<\/li>\n                            <li>Vide d&#039;air max.:65[mbar]<\/li>\n                            <\/ul>\n                    <\/div>\n\n                    <div>\n                        <a href=\"https:\/\/www.vacportal.com\/fr\/aspirateurs-industriels\/aspirateur-industriel-p150-c2s10-15l\/\"\n                           class=\"customapp_startpage_link_02\"\n                           title=\"Aspirateur Industriel P150-C2S10-15L\"><i class=\"fa fa-arrow-circle-right\"><\/i>vers Aspirateur Industriel P150-C2S10-15L<\/a>\n                    <\/div>\n\n                <\/div>\n                            \n        \n\n                                \n\n                <div class=\"box productlistclick\" role=\"link\" tabindex=\"0\"  data-href=\"https:\/\/www.vacportal.com\/fr\/aspirateurs-industriels\/aspirateur-industriel-p150-c2s20-15l\/\">\n\n\n                    <h2 class=\"listcattitle\">\n                        <a href=\"https:\/\/www.vacportal.com\/fr\/aspirateurs-industriels\/aspirateur-industriel-p150-c2s20-15l\/\"\n                           title=\"Aspirateur Industriel P150-C2S20-15L\">Aspirateur Industriel P150-C2S20-15L<\/a>\n                    <\/h2>\n\n                    <div class=\"spec-list\">\n                        <ul><li>Puissance:1.1[kW]<\/li>\n                            <li>D\u00e9bit d&#039;air max.:180[m\u00b3\/h]<\/li>\n                            <li>Vide d&#039;air max.:80[mbar]<\/li>\n                            <\/ul>\n                    <\/div>\n\n                    <div>\n                        <a href=\"https:\/\/www.vacportal.com\/fr\/aspirateurs-industriels\/aspirateur-industriel-p150-c2s20-15l\/\"\n                           class=\"customapp_startpage_link_02\"\n                           title=\"Aspirateur Industriel P150-C2S20-15L\"><i class=\"fa fa-arrow-circle-right\"><\/i>vers Aspirateur Industriel P150-C2S20-15L<\/a>\n                    <\/div>\n\n                <\/div>\n                            \n        \n\n                                \n\n                <div class=\"box productlistclick\" role=\"link\" tabindex=\"0\"  data-href=\"https:\/\/www.vacportal.com\/fr\/aspirateurs-industriels\/aspirateur-industriel-p150-c2s30-15l\/\">\n\n\n                    <h2 class=\"listcattitle\">\n                        <a href=\"https:\/\/www.vacportal.com\/fr\/aspirateurs-industriels\/aspirateur-industriel-p150-c2s30-15l\/\"\n                           title=\"Aspirateur Industriel P150-C2S30-15L\">Aspirateur Industriel P150-C2S30-15L<\/a>\n                    <\/h2>\n\n                    <div class=\"spec-list\">\n                        <ul><li>Puissance:1.1[kW]<\/li>\n                            <li>D\u00e9bit d&#039;air max.:250[m\u00b3\/h]<\/li>\n                            <li>Vide d&#039;air max.:130[mbar]<\/li>\n                            <\/ul>\n                    <\/div>\n\n                    <div>\n                        <a href=\"https:\/\/www.vacportal.com\/fr\/aspirateurs-industriels\/aspirateur-industriel-p150-c2s30-15l\/\"\n                           class=\"customapp_startpage_link_02\"\n                           title=\"Aspirateur Industriel P150-C2S30-15L\"><i class=\"fa fa-arrow-circle-right\"><\/i>vers Aspirateur Industriel P150-C2S30-15L<\/a>\n                    <\/div>\n\n                <\/div>\n                            \n        \n\n                                \n\n                <div class=\"box productlistclick\" role=\"link\" tabindex=\"0\"  data-href=\"https:\/\/www.vacportal.com\/fr\/aspirateurs-industriels\/aspirateur-industriel-p150-c3s10-15l\/\">\n\n\n                    <h2 class=\"listcattitle\">\n                        <a href=\"https:\/\/www.vacportal.com\/fr\/aspirateurs-industriels\/aspirateur-industriel-p150-c3s10-15l\/\"\n                           title=\"Aspirateur Industriel P150-C3S10-15L\">Aspirateur Industriel P150-C3S10-15L<\/a>\n                    <\/h2>\n\n                    <div class=\"spec-list\">\n                        <ul><li>Puissance:1.5[kW]<\/li>\n                            <li>D\u00e9bit d&#039;air max.:160[m\u00b3\/h]<\/li>\n                            <li>Vide d&#039;air max.:100[mbar]<\/li>\n                            <\/ul>\n                    <\/div>\n\n                    <div>\n                        <a href=\"https:\/\/www.vacportal.com\/fr\/aspirateurs-industriels\/aspirateur-industriel-p150-c3s10-15l\/\"\n                           class=\"customapp_startpage_link_02\"\n                           title=\"Aspirateur Industriel P150-C3S10-15L\"><i class=\"fa fa-arrow-circle-right\"><\/i>vers Aspirateur Industriel P150-C3S10-15L<\/a>\n                    <\/div>\n\n                <\/div>\n                            \n        \n\n                                \n\n                <div class=\"box productlistclick\" role=\"link\" tabindex=\"0\"  data-href=\"https:\/\/www.vacportal.com\/fr\/aspirateurs-industriels\/aspirateur-industriel-p150-c3s20-15l\/\">\n\n\n                    <h2 class=\"listcattitle\">\n                        <a href=\"https:\/\/www.vacportal.com\/fr\/aspirateurs-industriels\/aspirateur-industriel-p150-c3s20-15l\/\"\n                           title=\"Aspirateur Industriel P150-C3S20-15L\">Aspirateur Industriel P150-C3S20-15L<\/a>\n                    <\/h2>\n\n                    <div class=\"spec-list\">\n                        <ul><li>Puissance:1.5[kW]<\/li>\n                            <li>D\u00e9bit d&#039;air max.:250[m\u00b3\/h]<\/li>\n                            <li>Vide d&#039;air max.:130[mbar]<\/li>\n                            <\/ul>\n                    <\/div>\n\n                    <div>\n                        <a href=\"https:\/\/www.vacportal.com\/fr\/aspirateurs-industriels\/aspirateur-industriel-p150-c3s20-15l\/\"\n                           class=\"customapp_startpage_link_02\"\n                           title=\"Aspirateur Industriel P150-C3S20-15L\"><i class=\"fa fa-arrow-circle-right\"><\/i>vers Aspirateur Industriel P150-C3S20-15L<\/a>\n                    <\/div>\n\n                <\/div>\n                            \n        \n\n                                \n\n                <div class=\"box productlistclick\" role=\"link\" tabindex=\"0\"  data-href=\"https:\/\/www.vacportal.com\/fr\/aspirateurs-industriels\/aspirateur-industriel-p150-c3s30-15l\/\">\n\n\n                    <h2 class=\"listcattitle\">\n                        <a href=\"https:\/\/www.vacportal.com\/fr\/aspirateurs-industriels\/aspirateur-industriel-p150-c3s30-15l\/\"\n                           title=\"Aspirateur Industriel P150-C3S30-15L\">Aspirateur Industriel P150-C3S30-15L<\/a>\n                    <\/h2>\n\n                    <div class=\"spec-list\">\n                        <ul><li>Puissance:1.5[kW]<\/li>\n                            <li>D\u00e9bit d&#039;air max.:310[m\u00b3\/h]<\/li>\n                            <li>Vide d&#039;air max.:210[mbar]<\/li>\n                            <\/ul>\n                    <\/div>\n\n                    <div>\n                        <a href=\"https:\/\/www.vacportal.com\/fr\/aspirateurs-industriels\/aspirateur-industriel-p150-c3s30-15l\/\"\n                           class=\"customapp_startpage_link_02\"\n                           title=\"Aspirateur Industriel P150-C3S30-15L\"><i class=\"fa fa-arrow-circle-right\"><\/i>vers Aspirateur Industriel P150-C3S30-15L<\/a>\n                    <\/div>\n\n                <\/div>\n                            \n        \n        <\/div><!-- End Grid -->\n\n\n<\/div><!-- End Prodlist -->\n\n\n    <div class=\"contactbox\">\n        <div style=\"flex-grow:8;padding:20px;\">\n            T\u00e9l\u00e9phonez-nous sans engagement ou \u00e9crivez-nous un e-mail afin que nous puissions vous conseiller!\n            <br><br><b>Nous vous aidons volontiers.<\/b><br><br>T\u00e9l. +41 43 243 30 00<br>E-mail:            <script>document.write('<a class=\\\"contbox\\\" href=\\\"mailto:' + 'sales' + '@' + 'vacportal.com' +'\\\">' + 'sales' + '@' + 'vacportal.com' + '<\/a>');<\/script>\n        <\/div>\n\n        <div class=\"buttonarea\" style=\"flex-grow:2;padding:20px;text-align:right;\">\n            <button class=\"contactbutton\" onclick=\"window.location.href = '\/kontakt\/'\">FORMULAIRE DE CONTACT<\/button>\n        <\/div>\n    <\/div>\n\n\n\n\n","protected":false},"excerpt":{"rendered":"<p>Les aspirateurs industriels de la s\u00e9rie P150 sont des appareils compacts qui s\u2019int\u00e8grent \u00e0 merveille aux installations d\u2019automatisation. Peu encombrants, ils conviennent \u00e0 une exploitation 24 h\/24. Le P150 est disponible en diff\u00e9rentes puissances. Il est en accord parfait avec son application et livre les meilleurs r\u00e9sultats possibles. Laissez-nous vous conseiller. Nous sommes \u00e0 votre [&hellip;]<\/p>\n","protected":false},"author":1,"featured_media":2220,"parent":905,"menu_order":0,"comment_status":"closed","ping_status":"closed","template":"","meta":{"footnotes":""},"class_list":["post-894","page","type-page","status-publish","has-post-thumbnail","hentry"],"yoast_head":"<!-- This site is optimized with the Yoast SEO Premium plugin v27.1 (Yoast SEO v27.1.1) - https:\/\/yoast.com\/product\/yoast-seo-premium-wordpress\/ -->\n<title>Aspirateurs industriels de la s\u00e9rie P150 15 litres - Vacportal<\/title>\n<meta name=\"description\" content=\"Vacportal\" \/>\n<meta name=\"robots\" content=\"index, follow, max-snippet:-1, max-image-preview:large, max-video-preview:-1\" \/>\n<link rel=\"canonical\" href=\"https:\/\/www.vacportal.com\/fr\/aspirateurs-industriels\/aspirateurs-industriels-serie-p150-15litres\/\" \/>\n<meta property=\"og:locale\" content=\"fr_FR\" \/>\n<meta property=\"og:type\" content=\"article\" \/>\n<meta property=\"og:title\" content=\"Aspirateurs industriels de la s\u00e9rie P150 15 litres\" \/>\n<meta property=\"og:description\" content=\"Vacportal\" \/>\n<meta property=\"og:url\" content=\"https:\/\/www.vacportal.com\/fr\/aspirateurs-industriels\/aspirateurs-industriels-serie-p150-15litres\/\" \/>\n<meta property=\"og:site_name\" content=\"Vacportal\" \/>\n<meta property=\"article:modified_time\" content=\"2024-12-02T17:23:45+00:00\" \/>\n<meta property=\"og:image\" content=\"https:\/\/www.vacportal.com\/wp-content\/uploads\/2024\/04\/Industriesauger.jpg\" \/>\n\t<meta property=\"og:image:width\" content=\"2560\" \/>\n\t<meta property=\"og:image:height\" content=\"480\" \/>\n\t<meta property=\"og:image:type\" content=\"image\/jpeg\" \/>\n<meta name=\"twitter:card\" content=\"summary_large_image\" \/>\n<script type=\"application\/ld+json\" class=\"yoast-schema-graph\">{\"@context\":\"https:\/\/schema.org\",\"@graph\":[{\"@type\":\"WebPage\",\"@id\":\"https:\/\/www.vacportal.com\/fr\/aspirateurs-industriels\/aspirateurs-industriels-serie-p150-15litres\/\",\"url\":\"https:\/\/www.vacportal.com\/fr\/aspirateurs-industriels\/aspirateurs-industriels-serie-p150-15litres\/\",\"name\":\"Aspirateurs industriels de la s\u00e9rie P150 15 litres - Vacportal\",\"isPartOf\":{\"@id\":\"https:\/\/www.vacportal.com\/fr\/#website\"},\"primaryImageOfPage\":{\"@id\":\"https:\/\/www.vacportal.com\/fr\/aspirateurs-industriels\/aspirateurs-industriels-serie-p150-15litres\/#primaryimage\"},\"image\":{\"@id\":\"https:\/\/www.vacportal.com\/fr\/aspirateurs-industriels\/aspirateurs-industriels-serie-p150-15litres\/#primaryimage\"},\"thumbnailUrl\":\"https:\/\/www.vacportal.com\/wp-content\/uploads\/Industriesauger-Serie-P150.webp\",\"datePublished\":\"2024-02-26T09:57:17+00:00\",\"dateModified\":\"2024-12-02T17:23:45+00:00\",\"description\":\"Vacportal\",\"breadcrumb\":{\"@id\":\"https:\/\/www.vacportal.com\/fr\/aspirateurs-industriels\/aspirateurs-industriels-serie-p150-15litres\/#breadcrumb\"},\"inLanguage\":\"fr-FR\",\"potentialAction\":[{\"@type\":\"ReadAction\",\"target\":[\"https:\/\/www.vacportal.com\/fr\/aspirateurs-industriels\/aspirateurs-industriels-serie-p150-15litres\/\"]}]},{\"@type\":\"ImageObject\",\"inLanguage\":\"fr-FR\",\"@id\":\"https:\/\/www.vacportal.com\/fr\/aspirateurs-industriels\/aspirateurs-industriels-serie-p150-15litres\/#primaryimage\",\"url\":\"https:\/\/www.vacportal.com\/wp-content\/uploads\/Industriesauger-Serie-P150.webp\",\"contentUrl\":\"https:\/\/www.vacportal.com\/wp-content\/uploads\/Industriesauger-Serie-P150.webp\",\"width\":2560,\"height\":480,\"caption\":\"Aspirateurs industriels S\u00e9rie P150\"},{\"@type\":\"BreadcrumbList\",\"@id\":\"https:\/\/www.vacportal.com\/fr\/aspirateurs-industriels\/aspirateurs-industriels-serie-p150-15litres\/#breadcrumb\",\"itemListElement\":[{\"@type\":\"ListItem\",\"position\":1,\"name\":\"Home\",\"item\":\"https:\/\/www.vacportal.com\/fr\/\"},{\"@type\":\"ListItem\",\"position\":2,\"name\":\"Aspirateurs industriels\",\"item\":\"https:\/\/www.vacportal.com\/fr\/aspirateurs-industriels\/\"},{\"@type\":\"ListItem\",\"position\":3,\"name\":\"Aspirateurs industriels de la s\u00e9rie P150 15 litres\"}]},{\"@type\":\"WebSite\",\"@id\":\"https:\/\/www.vacportal.com\/fr\/#website\",\"url\":\"https:\/\/www.vacportal.com\/fr\/\",\"name\":\"Vacportal AG\",\"description\":\"Industrielle Absauganlagen und Industriesauger\",\"publisher\":{\"@id\":\"https:\/\/www.vacportal.com\/fr\/#organization\"},\"alternateName\":\"Vacportal\",\"potentialAction\":[{\"@type\":\"SearchAction\",\"target\":{\"@type\":\"EntryPoint\",\"urlTemplate\":\"https:\/\/www.vacportal.com\/fr\/?s={search_term_string}\"},\"query-input\":{\"@type\":\"PropertyValueSpecification\",\"valueRequired\":true,\"valueName\":\"search_term_string\"}}],\"inLanguage\":\"fr-FR\"},{\"@type\":\"Organization\",\"@id\":\"https:\/\/www.vacportal.com\/fr\/#organization\",\"name\":\"Vacportal AG\",\"url\":\"https:\/\/www.vacportal.com\/fr\/\",\"logo\":{\"@type\":\"ImageObject\",\"inLanguage\":\"fr-FR\",\"@id\":\"https:\/\/www.vacportal.com\/fr\/#\/schema\/logo\/image\/\",\"url\":\"https:\/\/www.vacportal.com\/wp-content\/uploads\/Vacportal-Logo_2024_de.png\",\"contentUrl\":\"https:\/\/www.vacportal.com\/wp-content\/uploads\/Vacportal-Logo_2024_de.png\",\"width\":946,\"height\":446,\"caption\":\"Vacportal AG\"},\"image\":{\"@id\":\"https:\/\/www.vacportal.com\/fr\/#\/schema\/logo\/image\/\"}}]}<\/script>\n<!-- \/ Yoast SEO Premium plugin. -->","yoast_head_json":{"title":"Aspirateurs industriels de la s\u00e9rie P150 15 litres - Vacportal","description":"Vacportal","robots":{"index":"index","follow":"follow","max-snippet":"max-snippet:-1","max-image-preview":"max-image-preview:large","max-video-preview":"max-video-preview:-1"},"canonical":"https:\/\/www.vacportal.com\/fr\/aspirateurs-industriels\/aspirateurs-industriels-serie-p150-15litres\/","og_locale":"fr_FR","og_type":"article","og_title":"Aspirateurs industriels de la s\u00e9rie P150 15 litres","og_description":"Vacportal","og_url":"https:\/\/www.vacportal.com\/fr\/aspirateurs-industriels\/aspirateurs-industriels-serie-p150-15litres\/","og_site_name":"Vacportal","article_modified_time":"2024-12-02T17:23:45+00:00","og_image":[{"width":2560,"height":480,"url":"https:\/\/www.vacportal.com\/wp-content\/uploads\/2024\/04\/Industriesauger.jpg","type":"image\/jpeg"}],"twitter_card":"summary_large_image","schema":{"@context":"https:\/\/schema.org","@graph":[{"@type":"WebPage","@id":"https:\/\/www.vacportal.com\/fr\/aspirateurs-industriels\/aspirateurs-industriels-serie-p150-15litres\/","url":"https:\/\/www.vacportal.com\/fr\/aspirateurs-industriels\/aspirateurs-industriels-serie-p150-15litres\/","name":"Aspirateurs industriels de la s\u00e9rie P150 15 litres - Vacportal","isPartOf":{"@id":"https:\/\/www.vacportal.com\/fr\/#website"},"primaryImageOfPage":{"@id":"https:\/\/www.vacportal.com\/fr\/aspirateurs-industriels\/aspirateurs-industriels-serie-p150-15litres\/#primaryimage"},"image":{"@id":"https:\/\/www.vacportal.com\/fr\/aspirateurs-industriels\/aspirateurs-industriels-serie-p150-15litres\/#primaryimage"},"thumbnailUrl":"https:\/\/www.vacportal.com\/wp-content\/uploads\/Industriesauger-Serie-P150.webp","datePublished":"2024-02-26T09:57:17+00:00","dateModified":"2024-12-02T17:23:45+00:00","description":"Vacportal","breadcrumb":{"@id":"https:\/\/www.vacportal.com\/fr\/aspirateurs-industriels\/aspirateurs-industriels-serie-p150-15litres\/#breadcrumb"},"inLanguage":"fr-FR","potentialAction":[{"@type":"ReadAction","target":["https:\/\/www.vacportal.com\/fr\/aspirateurs-industriels\/aspirateurs-industriels-serie-p150-15litres\/"]}]},{"@type":"ImageObject","inLanguage":"fr-FR","@id":"https:\/\/www.vacportal.com\/fr\/aspirateurs-industriels\/aspirateurs-industriels-serie-p150-15litres\/#primaryimage","url":"https:\/\/www.vacportal.com\/wp-content\/uploads\/Industriesauger-Serie-P150.webp","contentUrl":"https:\/\/www.vacportal.com\/wp-content\/uploads\/Industriesauger-Serie-P150.webp","width":2560,"height":480,"caption":"Aspirateurs industriels S\u00e9rie P150"},{"@type":"BreadcrumbList","@id":"https:\/\/www.vacportal.com\/fr\/aspirateurs-industriels\/aspirateurs-industriels-serie-p150-15litres\/#breadcrumb","itemListElement":[{"@type":"ListItem","position":1,"name":"Home","item":"https:\/\/www.vacportal.com\/fr\/"},{"@type":"ListItem","position":2,"name":"Aspirateurs industriels","item":"https:\/\/www.vacportal.com\/fr\/aspirateurs-industriels\/"},{"@type":"ListItem","position":3,"name":"Aspirateurs industriels de la s\u00e9rie P150 15 litres"}]},{"@type":"WebSite","@id":"https:\/\/www.vacportal.com\/fr\/#website","url":"https:\/\/www.vacportal.com\/fr\/","name":"Vacportal AG","description":"Industrielle Absauganlagen und Industriesauger","publisher":{"@id":"https:\/\/www.vacportal.com\/fr\/#organization"},"alternateName":"Vacportal","potentialAction":[{"@type":"SearchAction","target":{"@type":"EntryPoint","urlTemplate":"https:\/\/www.vacportal.com\/fr\/?s={search_term_string}"},"query-input":{"@type":"PropertyValueSpecification","valueRequired":true,"valueName":"search_term_string"}}],"inLanguage":"fr-FR"},{"@type":"Organization","@id":"https:\/\/www.vacportal.com\/fr\/#organization","name":"Vacportal AG","url":"https:\/\/www.vacportal.com\/fr\/","logo":{"@type":"ImageObject","inLanguage":"fr-FR","@id":"https:\/\/www.vacportal.com\/fr\/#\/schema\/logo\/image\/","url":"https:\/\/www.vacportal.com\/wp-content\/uploads\/Vacportal-Logo_2024_de.png","contentUrl":"https:\/\/www.vacportal.com\/wp-content\/uploads\/Vacportal-Logo_2024_de.png","width":946,"height":446,"caption":"Vacportal AG"},"image":{"@id":"https:\/\/www.vacportal.com\/fr\/#\/schema\/logo\/image\/"}}]}},"_links":{"self":[{"href":"https:\/\/www.vacportal.com\/fr\/wp-json\/wp\/v2\/pages\/894","targetHints":{"allow":["GET"]}}],"collection":[{"href":"https:\/\/www.vacportal.com\/fr\/wp-json\/wp\/v2\/pages"}],"about":[{"href":"https:\/\/www.vacportal.com\/fr\/wp-json\/wp\/v2\/types\/page"}],"author":[{"embeddable":true,"href":"https:\/\/www.vacportal.com\/fr\/wp-json\/wp\/v2\/users\/1"}],"replies":[{"embeddable":true,"href":"https:\/\/www.vacportal.com\/fr\/wp-json\/wp\/v2\/comments?post=894"}],"version-history":[{"count":0,"href":"https:\/\/www.vacportal.com\/fr\/wp-json\/wp\/v2\/pages\/894\/revisions"}],"up":[{"embeddable":true,"href":"https:\/\/www.vacportal.com\/fr\/wp-json\/wp\/v2\/pages\/905"}],"wp:featuredmedia":[{"embeddable":true,"href":"https:\/\/www.vacportal.com\/fr\/wp-json\/wp\/v2\/media\/2220"}],"wp:attachment":[{"href":"https:\/\/www.vacportal.com\/fr\/wp-json\/wp\/v2\/media?parent=894"}],"curies":[{"name":"wp","href":"https:\/\/api.w.org\/{rel}","templated":true}]}}